{"id":6229,"date":"2021-03-04T11:39:56","date_gmt":"2021-03-04T10:39:56","guid":{"rendered":"http:\/\/268709.w9.wedos.ws\/affiliate-katalog\/"},"modified":"2023-07-31T16:07:16","modified_gmt":"2023-07-31T14:07:16","slug":"%d0%bf%d0%b0%d1%80%d1%82%d0%bd%d0%b5%d1%80%d1%81%d1%8c%d0%bai-%d0%bf%d1%80%d0%be%d0%b3%d1%80%d0%b0%d0%bc%d0%b8","status":"publish","type":"page","link":"https:\/\/www.vivnetworks.com\/uk\/%d0%bf%d0%b0%d1%80%d1%82%d0%bd%d0%b5%d1%80%d1%81%d1%8c%d0%bai-%d0%bf%d1%80%d0%be%d0%b3%d1%80%d0%b0%d0%bc%d0%b8\/","title":{"rendered":""},"content":{"rendered":"\n<p>\u041f\u0430\u0440\u0442\u043d\u0435\u0440\u0441\u044c\u043a\u0430 \u043f\u0440\u043e\u0433\u0440\u0430\u043c\u0430: \u043f\u0440\u0438\u0454\u0434\u043d\u0443\u0439\u0442\u0435\u0441\u044c \u0434\u043e \u043d\u0430\u0439\u043d\u0430\u0434\u0456\u0439\u043d\u0456\u0448\u043e\u0457 \u043f\u0430\u0440\u0442\u043d\u0435\u0440\u0441\u044c\u043a\u043e\u0457 \u043c\u0435\u0440\u0435\u0436\u0456 \u0432 \u0427\u0435\u0441\u044c\u043a\u0456\u0439 \u0420\u0435\u0441\u043f\u0443\u0431\u043b\u0456\u0446\u0456! \u0423 \u0432\u0430\u0441 \u0454 \u0441\u0430\u0439\u0442 \u0430\u0431\u043e \u043f\u0456\u0434\u043f\u0438\u0441\u043d\u0438\u043a\u0438 \u0432 \u0441\u043e\u0446\u0456\u0430\u043b\u044c\u043d\u0438\u0445 \u043c\u0435\u0440\u0435\u0436\u0430\u0445? \u0417\u0430\u0440\u043e\u0431\u043b\u044f\u0439\u0442\u0435 \u0433\u0440\u043e\u0448\u0456 \u0437\u0430 \u0434\u043e\u043f\u043e\u043c\u043e\u0433\u043e\u044e \u043a\u043e\u043c\u0456\u0441\u0456\u0439\u043d\u043e\u0457 \u0441\u0438\u0441\u0442\u0435\u043c\u0438 \u0442\u0430 \u043e\u0442\u0440\u0438\u043c\u0443\u0439\u0442\u0435 \u0434\u043e \u0434\u0435\u0441\u044f\u0442\u043a\u0456\u0432 \u0442\u0438\u0441\u044f\u0447 \u0437\u0430 \u0434\u043e\u043f\u043e\u043c\u043e\u0433\u043e\u044e \u043f\u0430\u0440\u0442\u043d\u0435\u0440\u0441\u044c\u043a\u043e\u0433\u043e \u043c\u0430\u0440\u043a\u0435\u0442\u0438\u043d\u0433\u0443.<\/p>\n","protected":false},"excerpt":{"rendered":"<p>\u041f\u0430\u0440\u0442\u043d\u0435\u0440\u0441\u044c\u043a\u0430 \u043f\u0440\u043e\u0433\u0440\u0430\u043c\u0430: \u043f\u0440\u0438\u0454\u0434\u043d\u0443\u0439\u0442\u0435\u0441\u044c \u0434\u043e \u043d\u0430\u0439\u043d\u0430\u0434\u0456\u0439\u043d\u0456\u0448\u043e\u0457 \u043f\u0430\u0440\u0442\u043d\u0435\u0440\u0441\u044c\u043a\u043e\u0457 \u043c\u0435\u0440\u0435\u0436\u0456 \u0432 \u0427\u0435\u0441\u044c\u043a\u0456\u0439 \u0420\u0435\u0441\u043f\u0443\u0431\u043b\u0456\u0446\u0456! \u0423 \u0432\u0430\u0441 \u0454 \u0441\u0430\u0439\u0442 \u0430\u0431\u043e \u043f\u0456\u0434\u043f\u0438\u0441\u043d\u0438\u043a\u0438 \u0432 \u0441\u043e\u0446\u0456\u0430\u043b\u044c\u043d\u0438\u0445 \u043c\u0435\u0440\u0435\u0436\u0430\u0445? \u0417\u0430\u0440\u043e\u0431\u043b\u044f\u0439\u0442\u0435 [&hellip;]<\/p>\n","protected":false},"author":3,"featured_media":0,"parent":0,"menu_order":0,"comment_status":"closed","ping_status":"closed","template":"archive-advertiser.php","meta":{"_eb_attr":"","_uag_custom_page_level_css":"","footnotes":""},"yoast_head":"<!-- This site is optimized with the Yoast SEO Premium plugin v22.5 (Yoast SEO v22.5) - https:\/\/yoast.com\/wordpress\/plugins\/seo\/ -->\n<title>\u041f\u0430\u0440\u0442\u043d\u0435\u0440\u0441\u044c\u043a\u0438\u0439 \u043a\u0430\u0442\u0430\u043b\u043e\u0433 | VIVnetworks.com<\/title>\n<meta name=\"description\" content=\"\u041f\u0430\u0440\u0442\u043d\u0435\u0440\u0441\u044c\u043a\u0430 \u043f\u0440\u043e\u0433\u0440\u0430\u043c\u0430: \u043f\u0440\u0438\u0454\u0434\u043d\u0443\u0439\u0442\u0435\u0441\u044c \u0434\u043e \u043d\u0430\u0439\u043d\u0430\u0434\u0456\u0439\u043d\u0456\u0448\u043e\u0457 \u043f\u0430\u0440\u0442\u043d\u0435\u0440\u0441\u044c\u043a\u043e\u0457 \u043c\u0435\u0440\u0435\u0436\u0456 \u0432 \u0427\u0435\u0441\u044c\u043a\u0456\u0439 \u0420\u0435\u0441\u043f\u0443\u0431\u043b\u0456\u0446\u0456! \u0423 \u0432\u0430\u0441 \u0454 \u0441\u0430\u0439\u0442 \u0430\u0431\u043e \u043f\u0456\u0434\u043f\u0438\u0441\u043d\u0438\u043a\u0438 \u0432 \u0441\u043e\u0446\u0456\u0430\u043b\u044c\u043d\u0438\u0445\" \/>\n<meta name=\"robots\" content=\"index, follow, max-snippet:-1, max-image-preview:large, max-video-preview:-1\" \/>\n<link rel=\"canonical\" href=\"https:\/\/www.vivnetworks.com\/uk\/%d0%bf%d0%b0%d1%80%d1%82%d0%bd%d0%b5%d1%80%d1%81%d1%8c%d0%bai-%d0%bf%d1%80%d0%be%d0%b3%d1%80%d0%b0%d0%bc%d0%b8\/\" \/>\n<meta property=\"og:locale\" content=\"uk_UA\" \/>\n<meta property=\"og:type\" content=\"article\" \/>\n<meta property=\"og:description\" content=\"\u041f\u0430\u0440\u0442\u043d\u0435\u0440\u0441\u044c\u043a\u0430 \u043f\u0440\u043e\u0433\u0440\u0430\u043c\u0430: \u043f\u0440\u0438\u0454\u0434\u043d\u0443\u0439\u0442\u0435\u0441\u044c \u0434\u043e \u043d\u0430\u0439\u043d\u0430\u0434\u0456\u0439\u043d\u0456\u0448\u043e\u0457 \u043f\u0430\u0440\u0442\u043d\u0435\u0440\u0441\u044c\u043a\u043e\u0457 \u043c\u0435\u0440\u0435\u0436\u0456 \u0432 \u0427\u0435\u0441\u044c\u043a\u0456\u0439 \u0420\u0435\u0441\u043f\u0443\u0431\u043b\u0456\u0446\u0456! \u0423 \u0432\u0430\u0441 \u0454 \u0441\u0430\u0439\u0442 \u0430\u0431\u043e \u043f\u0456\u0434\u043f\u0438\u0441\u043d\u0438\u043a\u0438 \u0432 \u0441\u043e\u0446\u0456\u0430\u043b\u044c\u043d\u0438\u0445 \u043c\u0435\u0440\u0435\u0436\u0430\u0445? \u0417\u0430\u0440\u043e\u0431\u043b\u044f\u0439\u0442\u0435\" \/>\n<meta property=\"og:url\" content=\"https:\/\/www.vivnetworks.com\/uk\/%d0%bf%d0%b0%d1%80%d1%82%d0%bd%d0%b5%d1%80%d1%81%d1%8c%d0%bai-%d0%bf%d1%80%d0%be%d0%b3%d1%80%d0%b0%d0%bc%d0%b8\/\" \/>\n<meta property=\"og:site_name\" content=\"VIVnetworks.com\" \/>\n<meta property=\"article:modified_time\" content=\"2023-07-31T14:07:16+00:00\" \/>\n<meta property=\"og:image\" content=\"https:\/\/www.vivnetworks.com\/wp-content\/uploads\/2022\/01\/Logo-VIVnetworks-400x200-1.png\" \/>\n\t<meta property=\"og:image:width\" content=\"400\" \/>\n\t<meta property=\"og:image:height\" content=\"200\" \/>\n\t<meta property=\"og:image:type\" content=\"image\/png\" \/>\n<meta name=\"twitter:card\" content=\"summary_large_image\" \/>\n<meta name=\"twitter:label1\" content=\"\u041f\u0440\u0438\u0431\u043b. \u0447\u0430\u0441 \u0447\u0438\u0442\u0430\u043d\u043d\u044f\" \/>\n\t<meta name=\"twitter:data1\" content=\"1 \u0445\u0432\u0438\u043b\u0438\u043d\u0430\" \/>\n<script type=\"application\/ld+json\" class=\"yoast-schema-graph\">{\"@context\":\"https:\/\/schema.org\",\"@graph\":[{\"@type\":\"WebPage\",\"@id\":\"https:\/\/www.vivnetworks.com\/uk\/%d0%bf%d0%b0%d1%80%d1%82%d0%bd%d0%b5%d1%80%d1%81%d1%8c%d0%bai-%d0%bf%d1%80%d0%be%d0%b3%d1%80%d0%b0%d0%bc%d0%b8\/\",\"url\":\"https:\/\/www.vivnetworks.com\/uk\/%d0%bf%d0%b0%d1%80%d1%82%d0%bd%d0%b5%d1%80%d1%81%d1%8c%d0%bai-%d0%bf%d1%80%d0%be%d0%b3%d1%80%d0%b0%d0%bc%d0%b8\/\",\"name\":\"\u041f\u0430\u0440\u0442\u043d\u0435\u0440\u0441\u044c\u043a\u0438\u0439 \u043a\u0430\u0442\u0430\u043b\u043e\u0433 | VIVnetworks.com\",\"isPartOf\":{\"@id\":\"https:\/\/www.vivnetworks.com\/uk\/#website\"},\"datePublished\":\"2021-03-04T10:39:56+00:00\",\"dateModified\":\"2023-07-31T14:07:16+00:00\",\"description\":\"\u041f\u0430\u0440\u0442\u043d\u0435\u0440\u0441\u044c\u043a\u0430 \u043f\u0440\u043e\u0433\u0440\u0430\u043c\u0430: \u043f\u0440\u0438\u0454\u0434\u043d\u0443\u0439\u0442\u0435\u0441\u044c \u0434\u043e \u043d\u0430\u0439\u043d\u0430\u0434\u0456\u0439\u043d\u0456\u0448\u043e\u0457 \u043f\u0430\u0440\u0442\u043d\u0435\u0440\u0441\u044c\u043a\u043e\u0457 \u043c\u0435\u0440\u0435\u0436\u0456 \u0432 \u0427\u0435\u0441\u044c\u043a\u0456\u0439 \u0420\u0435\u0441\u043f\u0443\u0431\u043b\u0456\u0446\u0456! \u0423 \u0432\u0430\u0441 \u0454 \u0441\u0430\u0439\u0442 \u0430\u0431\u043e \u043f\u0456\u0434\u043f\u0438\u0441\u043d\u0438\u043a\u0438 \u0432 \u0441\u043e\u0446\u0456\u0430\u043b\u044c\u043d\u0438\u0445\",\"inLanguage\":\"uk\",\"potentialAction\":[{\"@type\":\"ReadAction\",\"target\":[\"https:\/\/www.vivnetworks.com\/uk\/%d0%bf%d0%b0%d1%80%d1%82%d0%bd%d0%b5%d1%80%d1%81%d1%8c%d0%bai-%d0%bf%d1%80%d0%be%d0%b3%d1%80%d0%b0%d0%bc%d0%b8\/\"]}]},{\"@type\":\"WebSite\",\"@id\":\"https:\/\/www.vivnetworks.com\/uk\/#website\",\"url\":\"https:\/\/www.vivnetworks.com\/uk\/\",\"name\":\"VIVnetworks.com\",\"description\":\"Nejv\u00fdkonn\u011bj\u0161\u00ed affiliate s\u00ed\u0165 v CEE\",\"publisher\":{\"@id\":\"https:\/\/www.vivnetworks.com\/uk\/#organization\"},\"potentialAction\":[{\"@type\":\"SearchAction\",\"target\":{\"@type\":\"EntryPoint\",\"urlTemplate\":\"https:\/\/www.vivnetworks.com\/uk\/?s={search_term_string}\"},\"query-input\":\"required name=search_term_string\"}],\"inLanguage\":\"uk\"},{\"@type\":\"Organization\",\"@id\":\"https:\/\/www.vivnetworks.com\/uk\/#organization\",\"name\":\"VIVnetworks.com s.r.o.\",\"url\":\"https:\/\/www.vivnetworks.com\/uk\/\",\"logo\":{\"@type\":\"ImageObject\",\"inLanguage\":\"uk\",\"@id\":\"https:\/\/www.vivnetworks.com\/uk\/#\/schema\/logo\/image\/\",\"url\":\"https:\/\/www.vivnetworks.com\/wp-content\/uploads\/2022\/01\/Logo-VIVnetworks-400x200-1.png\",\"contentUrl\":\"https:\/\/www.vivnetworks.com\/wp-content\/uploads\/2022\/01\/Logo-VIVnetworks-400x200-1.png\",\"width\":400,\"height\":200,\"caption\":\"VIVnetworks.com s.r.o.\"},\"image\":{\"@id\":\"https:\/\/www.vivnetworks.com\/uk\/#\/schema\/logo\/image\/\"}}]}<\/script>\n<!-- \/ Yoast SEO Premium plugin. -->","yoast_head_json":{"title":"\u041f\u0430\u0440\u0442\u043d\u0435\u0440\u0441\u044c\u043a\u0438\u0439 \u043a\u0430\u0442\u0430\u043b\u043e\u0433 | VIVnetworks.com","description":"\u041f\u0430\u0440\u0442\u043d\u0435\u0440\u0441\u044c\u043a\u0430 \u043f\u0440\u043e\u0433\u0440\u0430\u043c\u0430: \u043f\u0440\u0438\u0454\u0434\u043d\u0443\u0439\u0442\u0435\u0441\u044c \u0434\u043e \u043d\u0430\u0439\u043d\u0430\u0434\u0456\u0439\u043d\u0456\u0448\u043e\u0457 \u043f\u0430\u0440\u0442\u043d\u0435\u0440\u0441\u044c\u043a\u043e\u0457 \u043c\u0435\u0440\u0435\u0436\u0456 \u0432 \u0427\u0435\u0441\u044c\u043a\u0456\u0439 \u0420\u0435\u0441\u043f\u0443\u0431\u043b\u0456\u0446\u0456! \u0423 \u0432\u0430\u0441 \u0454 \u0441\u0430\u0439\u0442 \u0430\u0431\u043e \u043f\u0456\u0434\u043f\u0438\u0441\u043d\u0438\u043a\u0438 \u0432 \u0441\u043e\u0446\u0456\u0430\u043b\u044c\u043d\u0438\u0445","robots":{"index":"index","follow":"follow","max-snippet":"max-snippet:-1","max-image-preview":"max-image-preview:large","max-video-preview":"max-video-preview:-1"},"canonical":"https:\/\/www.vivnetworks.com\/uk\/%d0%bf%d0%b0%d1%80%d1%82%d0%bd%d0%b5%d1%80%d1%81%d1%8c%d0%bai-%d0%bf%d1%80%d0%be%d0%b3%d1%80%d0%b0%d0%bc%d0%b8\/","og_locale":"uk_UA","og_type":"article","og_description":"\u041f\u0430\u0440\u0442\u043d\u0435\u0440\u0441\u044c\u043a\u0430 \u043f\u0440\u043e\u0433\u0440\u0430\u043c\u0430: \u043f\u0440\u0438\u0454\u0434\u043d\u0443\u0439\u0442\u0435\u0441\u044c \u0434\u043e \u043d\u0430\u0439\u043d\u0430\u0434\u0456\u0439\u043d\u0456\u0448\u043e\u0457 \u043f\u0430\u0440\u0442\u043d\u0435\u0440\u0441\u044c\u043a\u043e\u0457 \u043c\u0435\u0440\u0435\u0436\u0456 \u0432 \u0427\u0435\u0441\u044c\u043a\u0456\u0439 \u0420\u0435\u0441\u043f\u0443\u0431\u043b\u0456\u0446\u0456! \u0423 \u0432\u0430\u0441 \u0454 \u0441\u0430\u0439\u0442 \u0430\u0431\u043e \u043f\u0456\u0434\u043f\u0438\u0441\u043d\u0438\u043a\u0438 \u0432 \u0441\u043e\u0446\u0456\u0430\u043b\u044c\u043d\u0438\u0445 \u043c\u0435\u0440\u0435\u0436\u0430\u0445? \u0417\u0430\u0440\u043e\u0431\u043b\u044f\u0439\u0442\u0435","og_url":"https:\/\/www.vivnetworks.com\/uk\/%d0%bf%d0%b0%d1%80%d1%82%d0%bd%d0%b5%d1%80%d1%81%d1%8c%d0%bai-%d0%bf%d1%80%d0%be%d0%b3%d1%80%d0%b0%d0%bc%d0%b8\/","og_site_name":"VIVnetworks.com","article_modified_time":"2023-07-31T14:07:16+00:00","og_image":[{"width":400,"height":200,"url":"https:\/\/www.vivnetworks.com\/wp-content\/uploads\/2022\/01\/Logo-VIVnetworks-400x200-1.png","type":"image\/png"}],"twitter_card":"summary_large_image","twitter_misc":{"\u041f\u0440\u0438\u0431\u043b. \u0447\u0430\u0441 \u0447\u0438\u0442\u0430\u043d\u043d\u044f":"1 \u0445\u0432\u0438\u043b\u0438\u043d\u0430"},"schema":{"@context":"https:\/\/schema.org","@graph":[{"@type":"WebPage","@id":"https:\/\/www.vivnetworks.com\/uk\/%d0%bf%d0%b0%d1%80%d1%82%d0%bd%d0%b5%d1%80%d1%81%d1%8c%d0%bai-%d0%bf%d1%80%d0%be%d0%b3%d1%80%d0%b0%d0%bc%d0%b8\/","url":"https:\/\/www.vivnetworks.com\/uk\/%d0%bf%d0%b0%d1%80%d1%82%d0%bd%d0%b5%d1%80%d1%81%d1%8c%d0%bai-%d0%bf%d1%80%d0%be%d0%b3%d1%80%d0%b0%d0%bc%d0%b8\/","name":"\u041f\u0430\u0440\u0442\u043d\u0435\u0440\u0441\u044c\u043a\u0438\u0439 \u043a\u0430\u0442\u0430\u043b\u043e\u0433 | VIVnetworks.com","isPartOf":{"@id":"https:\/\/www.vivnetworks.com\/uk\/#website"},"datePublished":"2021-03-04T10:39:56+00:00","dateModified":"2023-07-31T14:07:16+00:00","description":"\u041f\u0430\u0440\u0442\u043d\u0435\u0440\u0441\u044c\u043a\u0430 \u043f\u0440\u043e\u0433\u0440\u0430\u043c\u0430: \u043f\u0440\u0438\u0454\u0434\u043d\u0443\u0439\u0442\u0435\u0441\u044c \u0434\u043e \u043d\u0430\u0439\u043d\u0430\u0434\u0456\u0439\u043d\u0456\u0448\u043e\u0457 \u043f\u0430\u0440\u0442\u043d\u0435\u0440\u0441\u044c\u043a\u043e\u0457 \u043c\u0435\u0440\u0435\u0436\u0456 \u0432 \u0427\u0435\u0441\u044c\u043a\u0456\u0439 \u0420\u0435\u0441\u043f\u0443\u0431\u043b\u0456\u0446\u0456! \u0423 \u0432\u0430\u0441 \u0454 \u0441\u0430\u0439\u0442 \u0430\u0431\u043e \u043f\u0456\u0434\u043f\u0438\u0441\u043d\u0438\u043a\u0438 \u0432 \u0441\u043e\u0446\u0456\u0430\u043b\u044c\u043d\u0438\u0445","inLanguage":"uk","potentialAction":[{"@type":"ReadAction","target":["https:\/\/www.vivnetworks.com\/uk\/%d0%bf%d0%b0%d1%80%d1%82%d0%bd%d0%b5%d1%80%d1%81%d1%8c%d0%bai-%d0%bf%d1%80%d0%be%d0%b3%d1%80%d0%b0%d0%bc%d0%b8\/"]}]},{"@type":"WebSite","@id":"https:\/\/www.vivnetworks.com\/uk\/#website","url":"https:\/\/www.vivnetworks.com\/uk\/","name":"VIVnetworks.com","description":"Nejv\u00fdkonn\u011bj\u0161\u00ed affiliate s\u00ed\u0165 v CEE","publisher":{"@id":"https:\/\/www.vivnetworks.com\/uk\/#organization"},"potentialAction":[{"@type":"SearchAction","target":{"@type":"EntryPoint","urlTemplate":"https:\/\/www.vivnetworks.com\/uk\/?s={search_term_string}"},"query-input":"required name=search_term_string"}],"inLanguage":"uk"},{"@type":"Organization","@id":"https:\/\/www.vivnetworks.com\/uk\/#organization","name":"VIVnetworks.com s.r.o.","url":"https:\/\/www.vivnetworks.com\/uk\/","logo":{"@type":"ImageObject","inLanguage":"uk","@id":"https:\/\/www.vivnetworks.com\/uk\/#\/schema\/logo\/image\/","url":"https:\/\/www.vivnetworks.com\/wp-content\/uploads\/2022\/01\/Logo-VIVnetworks-400x200-1.png","contentUrl":"https:\/\/www.vivnetworks.com\/wp-content\/uploads\/2022\/01\/Logo-VIVnetworks-400x200-1.png","width":400,"height":200,"caption":"VIVnetworks.com s.r.o."},"image":{"@id":"https:\/\/www.vivnetworks.com\/uk\/#\/schema\/logo\/image\/"}}]}},"uagb_featured_image_src":{"full":false,"thumbnail":false,"medium":false,"medium_large":false,"large":false,"1536x1536":false,"2048x2048":false},"uagb_author_info":{"display_name":"VIVnetworks.com","author_link":"https:\/\/www.vivnetworks.com\/uk\/author\/admin\/"},"uagb_comment_info":0,"uagb_excerpt":"\u041f\u0430\u0440\u0442\u043d\u0435\u0440\u0441\u044c\u043a\u0430 \u043f\u0440\u043e\u0433\u0440\u0430\u043c\u0430: \u043f\u0440\u0438\u0454\u0434\u043d\u0443\u0439\u0442\u0435\u0441\u044c \u0434\u043e \u043d\u0430\u0439\u043d\u0430\u0434\u0456\u0439\u043d\u0456\u0448\u043e\u0457 \u043f\u0430\u0440\u0442\u043d\u0435\u0440\u0441\u044c\u043a\u043e\u0457 \u043c\u0435\u0440\u0435\u0436\u0456 \u0432 \u0427\u0435\u0441\u044c\u043a\u0456\u0439 \u0420\u0435\u0441\u043f\u0443\u0431\u043b\u0456\u0446\u0456! \u0423 \u0432\u0430\u0441 \u0454 \u0441\u0430\u0439\u0442 \u0430\u0431\u043e \u043f\u0456\u0434\u043f\u0438\u0441\u043d\u0438\u043a\u0438 \u0432 \u0441\u043e\u0446\u0456\u0430\u043b\u044c\u043d\u0438\u0445 \u043c\u0435\u0440\u0435\u0436\u0430\u0445? \u0417\u0430\u0440\u043e\u0431\u043b\u044f\u0439\u0442\u0435 [&hellip;]","_links":{"self":[{"href":"https:\/\/www.vivnetworks.com\/uk\/wp-json\/wp\/v2\/pages\/6229"}],"collection":[{"href":"https:\/\/www.vivnetworks.com\/uk\/wp-json\/wp\/v2\/pages"}],"about":[{"href":"https:\/\/www.vivnetworks.com\/uk\/wp-json\/wp\/v2\/types\/page"}],"author":[{"embeddable":true,"href":"https:\/\/www.vivnetworks.com\/uk\/wp-json\/wp\/v2\/users\/3"}],"replies":[{"embeddable":true,"href":"https:\/\/www.vivnetworks.com\/uk\/wp-json\/wp\/v2\/comments?post=6229"}],"version-history":[{"count":4,"href":"https:\/\/www.vivnetworks.com\/uk\/wp-json\/wp\/v2\/pages\/6229\/revisions"}],"predecessor-version":[{"id":34466,"href":"https:\/\/www.vivnetworks.com\/uk\/wp-json\/wp\/v2\/pages\/6229\/revisions\/34466"}],"wp:attachment":[{"href":"https:\/\/www.vivnetworks.com\/uk\/wp-json\/wp\/v2\/media?parent=6229"}],"curies":[{"name":"wp","href":"https:\/\/api.w.org\/{rel}","templated":true}]}}