{"id":5840,"date":"2021-02-15T20:14:22","date_gmt":"2021-02-15T19:14:22","guid":{"rendered":"http:\/\/268709.w9.wedos.ws\/stante-se-affiliate-inzerentem\/"},"modified":"2023-10-29T23:08:04","modified_gmt":"2023-10-29T22:08:04","slug":"%d1%81%d1%82%d0%b0%d1%82%d0%b8-%d0%bf%d0%b0%d1%80%d1%82%d0%bd%d0%b5%d1%80%d1%81%d1%8c%d0%ba%d0%b8%d0%bc-%d1%80%d0%b5%d0%ba%d0%bb%d0%b0%d0%bc%d0%be%d0%b4%d0%b0%d0%b2%d1%86%d0%b5%d0%bc","status":"publish","type":"page","link":"https:\/\/www.vivnetworks.com\/uk\/%d1%81%d1%82%d0%b0%d1%82%d0%b8-%d0%bf%d0%b0%d1%80%d1%82%d0%bd%d0%b5%d1%80%d1%81%d1%8c%d0%ba%d0%b8%d0%bc-%d1%80%d0%b5%d0%ba%d0%bb%d0%b0%d0%bc%d0%be%d0%b4%d0%b0%d0%b2%d1%86%d0%b5%d0%bc\/","title":{"rendered":"\u0421\u0442\u0430\u043d\u044c\u0442\u0435 \u0430\u0444\u0456\u043b\u0456\u0439\u043e\u0432\u0430\u043d\u0438\u043c \u0440\u0435\u043a\u043b\u0430\u043c\u043e\u0434\u0430\u0432\u0446\u0435\u043c"},"content":{"rendered":"\n<pre id=\"tw-target-text\" class=\"wp-block-preformatted\"><\/pre>\n\n\n\n<p id=\"tw-target-text\">\u0420\u0435\u043a\u043b\u0430\u043c\u043e\u0434\u0430\u0432\u0446\u0435\u043c \u0443 \u043d\u0430\u0448\u0456\u0439 \u043c\u0435\u0440\u0435\u0436\u0456 \u043c\u043e\u0436\u0435 \u0431\u0443\u0442\u0438 \u0431\u0443\u0434\u044c-\u0445\u0442\u043e, \u0445\u0442\u043e \u0432\u0438\u043a\u043e\u0440\u0438\u0441\u0442\u043e\u0432\u0443\u0454 \u0432\u0435\u0431-\u0441\u0430\u0439\u0442 \u0434\u043b\u044f \u043f\u0440\u043e\u0434\u0430\u0436\u0443, \u0437\u0430\u043c\u043e\u0432\u043b\u0435\u043d\u043d\u044f \u0430\u0431\u043e \u043d\u0430\u0432\u0456\u0442\u044c \u0437\u0430\u043f\u043e\u0432\u043d\u0435\u043d\u043d\u044f \u043a\u043e\u043d\u0442\u0430\u043a\u0442\u043d\u043e\u0457 \u0444\u043e\u0440\u043c\u0438.<\/p>\n\n\n\n<div class=\"wpcf7 no-js\" id=\"wpcf7-f39143-o1\" lang=\"uk\" dir=\"ltr\">\n<div class=\"screen-reader-response\"><p role=\"status\" aria-live=\"polite\" aria-atomic=\"true\"><\/p> <ul><\/ul><\/div>\n<form action=\"\/uk\/wp-json\/wp\/v2\/pages\/5840#wpcf7-f39143-o1\" method=\"post\" class=\"wpcf7-form init\" aria-label=\"\u041a\u043e\u043d\u0442\u0430\u043a\u0442\u043d\u0430 \u0444\u043e\u0440\u043c\u0430\" novalidate=\"novalidate\" data-status=\"init\">\n<div style=\"display: none;\">\n<input type=\"hidden\" name=\"_wpcf7\" value=\"39143\" \/>\n<input type=\"hidden\" name=\"_wpcf7_version\" value=\"5.9.3\" \/>\n<input type=\"hidden\" name=\"_wpcf7_locale\" value=\"uk\" \/>\n<input type=\"hidden\" name=\"_wpcf7_unit_tag\" value=\"wpcf7-f39143-o1\" \/>\n<input type=\"hidden\" name=\"_wpcf7_container_post\" value=\"0\" \/>\n<input type=\"hidden\" name=\"_wpcf7_posted_data_hash\" value=\"\" \/>\n<\/div>\n<p><label> \u0412\u0430\u0448\u0435 \u0456\u043c'\u044f<br \/>\n<span class=\"wpcf7-form-control-wrap\" data-name=\"your-name\"><input size=\"40\" class=\"wpcf7-form-control wpcf7-text wpcf7-validates-as-required\" aria-required=\"true\" aria-invalid=\"false\" placeholder=\"\u0406\u043c&#039;\u044f \u0442\u0430 \u041f\u0440\u0456\u0437\u0432\u0438\u0449\u0435\" value=\"\" type=\"text\" name=\"your-name\" \/><\/span> <\/label>\n<\/p>\n<p><label> \u0412\u0430\u0448 e-mail<br \/>\n<span class=\"wpcf7-form-control-wrap\" data-name=\"your-email\"><input size=\"40\" class=\"wpcf7-form-control wpcf7-email wpcf7-validates-as-required wpcf7-text wpcf7-validates-as-email\" aria-required=\"true\" aria-invalid=\"false\" placeholder=\"pryklad@email.ua\" value=\"\" type=\"email\" name=\"your-email\" \/><\/span> <\/label>\n<\/p>\n<p><label> \u0412\u0430\u0448 \u0442\u0435\u043b\u0435\u0444\u043e\u043d<br \/>\n<span class=\"wpcf7-form-control-wrap\" data-name=\"your-tel\"><input size=\"40\" class=\"wpcf7-form-control wpcf7-tel wpcf7-text wpcf7-validates-as-tel\" aria-invalid=\"false\" placeholder=\"T\u0435\u043b\u0435\u0444\u043e\u043d\" value=\"\" type=\"tel\" name=\"your-tel\" \/><\/span> <\/label>\n<\/p>\n<p><label> C\u0442\u043e\u0440\u0456\u043d\u043a\u0430 \u043e\u043d\u043b\u0430\u0439\u043d-\u043c\u0430\u0433\u0430\u0437\u0438\u043d\u0443<br \/>\n<span class=\"wpcf7-form-control-wrap\" data-name=\"your-url\"><input size=\"40\" class=\"wpcf7-form-control wpcf7-text\" aria-invalid=\"false\" placeholder=\"eshop.ua\" value=\"\" type=\"text\" name=\"your-url\" \/><\/span> <\/label>\n<\/p>\n<p><label> \u0412\u0430\u0448\u0435 \u043f\u043e\u0432\u0456\u0434\u043e\u043c\u043b\u0435\u043d\u043d\u044f (\u0437\u0430 \u0431\u0430\u0436\u0430\u043d\u043d\u044f\u043c)<br \/>\n<span class=\"wpcf7-form-control-wrap\" data-name=\"your-message\"><textarea cols=\"40\" rows=\"10\" class=\"wpcf7-form-control wpcf7-textarea\" aria-invalid=\"false\" placeholder=\"\u041f\u0440\u0438\u0441\u043a\u043e\u0440\u0456\u0442\u044c \u043e\u0431\u0440\u043e\u0431\u043a\u0443 \u0432\u0430\u0448\u043e\u0433\u043e \u0437\u0430\u043f\u0438\u0442\u0443, \u043d\u0430\u043f\u0440\u0438\u043a\u043b\u0430\u0434, \u0432\u043a\u0430\u0437\u0430\u0432\u0448\u0438 \u0441\u0435\u0440\u0435\u0434\u043d\u044c\u043e\u043c\u0456\u0441\u044f\u0447\u043d\u0443 \u0432\u0456\u0434\u0432\u0456\u0434\u0443\u0432\u0430\u043d\u0456\u0441\u0442\u044c \u0456\u043d\u0442\u0435\u0440\u043d\u0435\u0442-\u043c\u0430\u0433\u0430\u0437\u0438\u043d\u0443, \u043e\u0431\u0441\u044f\u0433 \u043e\u0431\u043e\u0440\u043e\u0442\u0443 \u0430\u0431\u043e \u043a\u0456\u043b\u044c\u043a\u0456\u0441\u0442\u044c \u0437\u0430\u043c\u043e\u0432\u043b\u0435\u043d\u044c \u043d\u0430 \u043c\u0456\u0441\u044f\u0446\u044c...\" name=\"your-message\"><\/textarea><\/span> <\/label>\n<\/p>\n<center><div id=\"cf7sr-69e377918ed06\" class=\"cf7sr-g-recaptcha\" data-theme=\"light\" data-type=\"image\" data-size=\"normal\" data-sitekey=\"6Lej3H0lAAAAAPu_7rE_2JGaneUoxYtnD6WTg2P6\"><\/div><span class=\"wpcf7-form-control-wrap cf7sr-recaptcha\" data-name=\"cf7sr-recaptcha\"><input type=\"hidden\" name=\"cf7sr-recaptcha\" value=\"\" class=\"wpcf7-form-control\"><\/span>\n<\/center>\n<p><input class=\"wpcf7-form-control wpcf7-submit has-spinner\" type=\"submit\" value=\"\u0412\u0456\u0434\u043f\u0440\u0430\u0432\u0438\u0442\u0438 \u0437\u0430\u044f\u0432\u043a\u0443\" \/>\n<\/p><div class=\"wpcf7-response-output\" aria-hidden=\"true\"><\/div>\n<\/form>\n<\/div>\n\n\n\n\n<p><\/p>\n","protected":false},"excerpt":{"rendered":"<p>\u0420\u0435\u043a\u043b\u0430\u043c\u043e\u0434\u0430\u0432\u0446\u0435\u043c \u0443 \u043d\u0430\u0448\u0456\u0439 \u043c\u0435\u0440\u0435\u0436\u0456 \u043c\u043e\u0436\u0435 \u0431\u0443\u0442\u0438 \u0431\u0443\u0434\u044c-\u0445\u0442\u043e, \u0445\u0442\u043e \u0432\u0438\u043a\u043e\u0440\u0438\u0441\u0442\u043e\u0432\u0443\u0454 \u0432\u0435\u0431-\u0441\u0430\u0439\u0442 \u0434\u043b\u044f \u043f\u0440\u043e\u0434\u0430\u0436\u0443, \u0437\u0430\u043c\u043e\u0432\u043b\u0435\u043d\u043d\u044f \u0430\u0431\u043e \u043d\u0430\u0432\u0456\u0442\u044c \u0437\u0430\u043f\u043e\u0432\u043d\u0435\u043d\u043d\u044f \u043a\u043e\u043d\u0442\u0430\u043a\u0442\u043d\u043e\u0457 \u0444\u043e\u0440\u043c\u0438.<\/p>\n","protected":false},"author":3,"featured_media":0,"parent":0,"menu_order":0,"comment_status":"closed","ping_status":"closed","template":"","meta":{"_eb_attr":"","_uag_custom_page_level_css":"","footnotes":""},"yoast_head":"<!-- This site is optimized with the Yoast SEO Premium plugin v22.5 (Yoast SEO v22.5) - https:\/\/yoast.com\/wordpress\/plugins\/seo\/ -->\n<title>\u0421\u0442\u0430\u0442\u0438 \u043f\u0430\u0440\u0442\u043d\u0435\u0440\u0441\u044c\u043a\u0438\u043c \u0440\u0435\u043a\u043b\u0430\u043c\u043e\u0434\u0430\u0432\u0446\u0435\u043c | VIVnetworks.com<\/title>\n<meta name=\"description\" content=\"\u044f\u043a \u0437\u0430\u043b\u0443\u0447\u0430\u0442\u0438 \u043a\u043b\u0456\u0454\u043d\u0442\u0456\u0432. \u041c\u0438 \u0430\u043a\u0442\u0438\u0432\u043d\u043e \u0432\u0435\u0434\u0435\u043c\u043e \u043f\u043e\u043d\u0430\u0434 1 250 \u043a\u0430\u043c\u043f\u0430\u043d\u0456\u0439 \u0456 \u0434\u043e\u043f\u043e\u043c\u0430\u0433\u0430\u0454\u043c\u043e \u043d\u0430\u0448\u0438\u043c \u0440\u0435\u043a\u043b\u0430\u043c\u043e\u0434\u0430\u0432\u0446\u044f\u043c \u0434\u043e\u0441\u044f\u0433\u0442\u0438 \u043c\u0430\u0441\u0448\u0442\u0430\u0431\u043e\u0432\u0430\u043d\u043e\u0433\u043e\" \/>\n<meta name=\"robots\" content=\"index, follow, max-snippet:-1, max-image-preview:large, max-video-preview:-1\" \/>\n<link rel=\"canonical\" href=\"https:\/\/www.vivnetworks.com\/uk\/%d1%81%d1%82%d0%b0%d1%82%d0%b8-%d0%bf%d0%b0%d1%80%d1%82%d0%bd%d0%b5%d1%80%d1%81%d1%8c%d0%ba%d0%b8%d0%bc-%d1%80%d0%b5%d0%ba%d0%bb%d0%b0%d0%bc%d0%be%d0%b4%d0%b0%d0%b2%d1%86%d0%b5%d0%bc\/\" \/>\n<meta property=\"og:locale\" content=\"uk_UA\" \/>\n<meta property=\"og:type\" content=\"article\" \/>\n<meta property=\"og:title\" content=\"\u0421\u0442\u0430\u043d\u044c\u0442\u0435 \u0430\u0444\u0456\u043b\u0456\u0439\u043e\u0432\u0430\u043d\u0438\u043c \u0440\u0435\u043a\u043b\u0430\u043c\u043e\u0434\u0430\u0432\u0446\u0435\u043c\" \/>\n<meta property=\"og:description\" content=\"\u0420\u0435\u043a\u043b\u0430\u043c\u043e\u0434\u0430\u0432\u0446\u0435\u043c \u0443 \u043d\u0430\u0448\u0456\u0439 \u043c\u0435\u0440\u0435\u0436\u0456 \u043c\u043e\u0436\u0435 \u0431\u0443\u0442\u0438 \u0431\u0443\u0434\u044c-\u0445\u0442\u043e, \u0445\u0442\u043e \u0432\u0438\u043a\u043e\u0440\u0438\u0441\u0442\u043e\u0432\u0443\u0454 \u0432\u0435\u0431-\u0441\u0430\u0439\u0442 \u0434\u043b\u044f \u043f\u0440\u043e\u0434\u0430\u0436\u0443, \u0437\u0430\u043c\u043e\u0432\u043b\u0435\u043d\u043d\u044f \u0430\u0431\u043e \u043d\u0430\u0432\u0456\u0442\u044c \u0437\u0430\u043f\u043e\u0432\u043d\u0435\u043d\u043d\u044f \u043a\u043e\u043d\u0442\u0430\u043a\u0442\u043d\u043e\u0457 \u0444\u043e\u0440\u043c\u0438.\" \/>\n<meta property=\"og:url\" content=\"https:\/\/www.vivnetworks.com\/uk\/%d1%81%d1%82%d0%b0%d1%82%d0%b8-%d0%bf%d0%b0%d1%80%d1%82%d0%bd%d0%b5%d1%80%d1%81%d1%8c%d0%ba%d0%b8%d0%bc-%d1%80%d0%b5%d0%ba%d0%bb%d0%b0%d0%bc%d0%be%d0%b4%d0%b0%d0%b2%d1%86%d0%b5%d0%bc\/\" \/>\n<meta property=\"og:site_name\" content=\"VIVnetworks.com\" \/>\n<meta property=\"article:modified_time\" content=\"2023-10-29T22:08:04+00:00\" \/>\n<meta property=\"og:image\" content=\"https:\/\/www.vivnetworks.com\/wp-content\/uploads\/2022\/01\/Logo-VIVnetworks-400x200-1.png\" \/>\n\t<meta property=\"og:image:width\" content=\"400\" \/>\n\t<meta property=\"og:image:height\" content=\"200\" \/>\n\t<meta property=\"og:image:type\" content=\"image\/png\" \/>\n<meta name=\"twitter:card\" content=\"summary_large_image\" \/>\n<meta name=\"twitter:label1\" content=\"\u041f\u0440\u0438\u0431\u043b. \u0447\u0430\u0441 \u0447\u0438\u0442\u0430\u043d\u043d\u044f\" \/>\n\t<meta name=\"twitter:data1\" content=\"1 \u0445\u0432\u0438\u043b\u0438\u043d\u0430\" \/>\n<script type=\"application\/ld+json\" class=\"yoast-schema-graph\">{\"@context\":\"https:\/\/schema.org\",\"@graph\":[{\"@type\":\"WebPage\",\"@id\":\"https:\/\/www.vivnetworks.com\/uk\/%d1%81%d1%82%d0%b0%d1%82%d0%b8-%d0%bf%d0%b0%d1%80%d1%82%d0%bd%d0%b5%d1%80%d1%81%d1%8c%d0%ba%d0%b8%d0%bc-%d1%80%d0%b5%d0%ba%d0%bb%d0%b0%d0%bc%d0%be%d0%b4%d0%b0%d0%b2%d1%86%d0%b5%d0%bc\/\",\"url\":\"https:\/\/www.vivnetworks.com\/uk\/%d1%81%d1%82%d0%b0%d1%82%d0%b8-%d0%bf%d0%b0%d1%80%d1%82%d0%bd%d0%b5%d1%80%d1%81%d1%8c%d0%ba%d0%b8%d0%bc-%d1%80%d0%b5%d0%ba%d0%bb%d0%b0%d0%bc%d0%be%d0%b4%d0%b0%d0%b2%d1%86%d0%b5%d0%bc\/\",\"name\":\"\u0421\u0442\u0430\u0442\u0438 \u043f\u0430\u0440\u0442\u043d\u0435\u0440\u0441\u044c\u043a\u0438\u043c \u0440\u0435\u043a\u043b\u0430\u043c\u043e\u0434\u0430\u0432\u0446\u0435\u043c | VIVnetworks.com\",\"isPartOf\":{\"@id\":\"https:\/\/www.vivnetworks.com\/uk\/#website\"},\"datePublished\":\"2021-02-15T19:14:22+00:00\",\"dateModified\":\"2023-10-29T22:08:04+00:00\",\"description\":\"\u044f\u043a \u0437\u0430\u043b\u0443\u0447\u0430\u0442\u0438 \u043a\u043b\u0456\u0454\u043d\u0442\u0456\u0432. \u041c\u0438 \u0430\u043a\u0442\u0438\u0432\u043d\u043e \u0432\u0435\u0434\u0435\u043c\u043e \u043f\u043e\u043d\u0430\u0434 1 250 \u043a\u0430\u043c\u043f\u0430\u043d\u0456\u0439 \u0456 \u0434\u043e\u043f\u043e\u043c\u0430\u0433\u0430\u0454\u043c\u043e \u043d\u0430\u0448\u0438\u043c \u0440\u0435\u043a\u043b\u0430\u043c\u043e\u0434\u0430\u0432\u0446\u044f\u043c \u0434\u043e\u0441\u044f\u0433\u0442\u0438 \u043c\u0430\u0441\u0448\u0442\u0430\u0431\u043e\u0432\u0430\u043d\u043e\u0433\u043e\",\"breadcrumb\":{\"@id\":\"https:\/\/www.vivnetworks.com\/uk\/%d1%81%d1%82%d0%b0%d1%82%d0%b8-%d0%bf%d0%b0%d1%80%d1%82%d0%bd%d0%b5%d1%80%d1%81%d1%8c%d0%ba%d0%b8%d0%bc-%d1%80%d0%b5%d0%ba%d0%bb%d0%b0%d0%bc%d0%be%d0%b4%d0%b0%d0%b2%d1%86%d0%b5%d0%bc\/#breadcrumb\"},\"inLanguage\":\"uk\",\"potentialAction\":[{\"@type\":\"ReadAction\",\"target\":[\"https:\/\/www.vivnetworks.com\/uk\/%d1%81%d1%82%d0%b0%d1%82%d0%b8-%d0%bf%d0%b0%d1%80%d1%82%d0%bd%d0%b5%d1%80%d1%81%d1%8c%d0%ba%d0%b8%d0%bc-%d1%80%d0%b5%d0%ba%d0%bb%d0%b0%d0%bc%d0%be%d0%b4%d0%b0%d0%b2%d1%86%d0%b5%d0%bc\/\"]}]},{\"@type\":\"BreadcrumbList\",\"@id\":\"https:\/\/www.vivnetworks.com\/uk\/%d1%81%d1%82%d0%b0%d1%82%d0%b8-%d0%bf%d0%b0%d1%80%d1%82%d0%bd%d0%b5%d1%80%d1%81%d1%8c%d0%ba%d0%b8%d0%bc-%d1%80%d0%b5%d0%ba%d0%bb%d0%b0%d0%bc%d0%be%d0%b4%d0%b0%d0%b2%d1%86%d0%b5%d0%bc\/#breadcrumb\",\"itemListElement\":[{\"@type\":\"ListItem\",\"position\":1,\"name\":\"Dom\u016f\",\"item\":\"https:\/\/www.vivnetworks.com\/uk\/\"},{\"@type\":\"ListItem\",\"position\":2,\"name\":\"\u0421\u0442\u0430\u043d\u044c\u0442\u0435 \u0430\u0444\u0456\u043b\u0456\u0439\u043e\u0432\u0430\u043d\u0438\u043c \u0440\u0435\u043a\u043b\u0430\u043c\u043e\u0434\u0430\u0432\u0446\u0435\u043c\"}]},{\"@type\":\"WebSite\",\"@id\":\"https:\/\/www.vivnetworks.com\/uk\/#website\",\"url\":\"https:\/\/www.vivnetworks.com\/uk\/\",\"name\":\"VIVnetworks.com\",\"description\":\"Nejv\u00fdkonn\u011bj\u0161\u00ed affiliate s\u00ed\u0165 v CEE\",\"publisher\":{\"@id\":\"https:\/\/www.vivnetworks.com\/uk\/#organization\"},\"potentialAction\":[{\"@type\":\"SearchAction\",\"target\":{\"@type\":\"EntryPoint\",\"urlTemplate\":\"https:\/\/www.vivnetworks.com\/uk\/?s={search_term_string}\"},\"query-input\":\"required name=search_term_string\"}],\"inLanguage\":\"uk\"},{\"@type\":\"Organization\",\"@id\":\"https:\/\/www.vivnetworks.com\/uk\/#organization\",\"name\":\"VIVnetworks.com s.r.o.\",\"url\":\"https:\/\/www.vivnetworks.com\/uk\/\",\"logo\":{\"@type\":\"ImageObject\",\"inLanguage\":\"uk\",\"@id\":\"https:\/\/www.vivnetworks.com\/uk\/#\/schema\/logo\/image\/\",\"url\":\"https:\/\/www.vivnetworks.com\/wp-content\/uploads\/2022\/01\/Logo-VIVnetworks-400x200-1.png\",\"contentUrl\":\"https:\/\/www.vivnetworks.com\/wp-content\/uploads\/2022\/01\/Logo-VIVnetworks-400x200-1.png\",\"width\":400,\"height\":200,\"caption\":\"VIVnetworks.com s.r.o.\"},\"image\":{\"@id\":\"https:\/\/www.vivnetworks.com\/uk\/#\/schema\/logo\/image\/\"}}]}<\/script>\n<!-- \/ Yoast SEO Premium plugin. -->","yoast_head_json":{"title":"\u0421\u0442\u0430\u0442\u0438 \u043f\u0430\u0440\u0442\u043d\u0435\u0440\u0441\u044c\u043a\u0438\u043c \u0440\u0435\u043a\u043b\u0430\u043c\u043e\u0434\u0430\u0432\u0446\u0435\u043c | VIVnetworks.com","description":"\u044f\u043a \u0437\u0430\u043b\u0443\u0447\u0430\u0442\u0438 \u043a\u043b\u0456\u0454\u043d\u0442\u0456\u0432. \u041c\u0438 \u0430\u043a\u0442\u0438\u0432\u043d\u043e \u0432\u0435\u0434\u0435\u043c\u043e \u043f\u043e\u043d\u0430\u0434 1 250 \u043a\u0430\u043c\u043f\u0430\u043d\u0456\u0439 \u0456 \u0434\u043e\u043f\u043e\u043c\u0430\u0433\u0430\u0454\u043c\u043e \u043d\u0430\u0448\u0438\u043c \u0440\u0435\u043a\u043b\u0430\u043c\u043e\u0434\u0430\u0432\u0446\u044f\u043c \u0434\u043e\u0441\u044f\u0433\u0442\u0438 \u043c\u0430\u0441\u0448\u0442\u0430\u0431\u043e\u0432\u0430\u043d\u043e\u0433\u043e","robots":{"index":"index","follow":"follow","max-snippet":"max-snippet:-1","max-image-preview":"max-image-preview:large","max-video-preview":"max-video-preview:-1"},"canonical":"https:\/\/www.vivnetworks.com\/uk\/%d1%81%d1%82%d0%b0%d1%82%d0%b8-%d0%bf%d0%b0%d1%80%d1%82%d0%bd%d0%b5%d1%80%d1%81%d1%8c%d0%ba%d0%b8%d0%bc-%d1%80%d0%b5%d0%ba%d0%bb%d0%b0%d0%bc%d0%be%d0%b4%d0%b0%d0%b2%d1%86%d0%b5%d0%bc\/","og_locale":"uk_UA","og_type":"article","og_title":"\u0421\u0442\u0430\u043d\u044c\u0442\u0435 \u0430\u0444\u0456\u043b\u0456\u0439\u043e\u0432\u0430\u043d\u0438\u043c \u0440\u0435\u043a\u043b\u0430\u043c\u043e\u0434\u0430\u0432\u0446\u0435\u043c","og_description":"\u0420\u0435\u043a\u043b\u0430\u043c\u043e\u0434\u0430\u0432\u0446\u0435\u043c \u0443 \u043d\u0430\u0448\u0456\u0439 \u043c\u0435\u0440\u0435\u0436\u0456 \u043c\u043e\u0436\u0435 \u0431\u0443\u0442\u0438 \u0431\u0443\u0434\u044c-\u0445\u0442\u043e, \u0445\u0442\u043e \u0432\u0438\u043a\u043e\u0440\u0438\u0441\u0442\u043e\u0432\u0443\u0454 \u0432\u0435\u0431-\u0441\u0430\u0439\u0442 \u0434\u043b\u044f \u043f\u0440\u043e\u0434\u0430\u0436\u0443, \u0437\u0430\u043c\u043e\u0432\u043b\u0435\u043d\u043d\u044f \u0430\u0431\u043e \u043d\u0430\u0432\u0456\u0442\u044c \u0437\u0430\u043f\u043e\u0432\u043d\u0435\u043d\u043d\u044f \u043a\u043e\u043d\u0442\u0430\u043a\u0442\u043d\u043e\u0457 \u0444\u043e\u0440\u043c\u0438.","og_url":"https:\/\/www.vivnetworks.com\/uk\/%d1%81%d1%82%d0%b0%d1%82%d0%b8-%d0%bf%d0%b0%d1%80%d1%82%d0%bd%d0%b5%d1%80%d1%81%d1%8c%d0%ba%d0%b8%d0%bc-%d1%80%d0%b5%d0%ba%d0%bb%d0%b0%d0%bc%d0%be%d0%b4%d0%b0%d0%b2%d1%86%d0%b5%d0%bc\/","og_site_name":"VIVnetworks.com","article_modified_time":"2023-10-29T22:08:04+00:00","og_image":[{"width":400,"height":200,"url":"https:\/\/www.vivnetworks.com\/wp-content\/uploads\/2022\/01\/Logo-VIVnetworks-400x200-1.png","type":"image\/png"}],"twitter_card":"summary_large_image","twitter_misc":{"\u041f\u0440\u0438\u0431\u043b. \u0447\u0430\u0441 \u0447\u0438\u0442\u0430\u043d\u043d\u044f":"1 \u0445\u0432\u0438\u043b\u0438\u043d\u0430"},"schema":{"@context":"https:\/\/schema.org","@graph":[{"@type":"WebPage","@id":"https:\/\/www.vivnetworks.com\/uk\/%d1%81%d1%82%d0%b0%d1%82%d0%b8-%d0%bf%d0%b0%d1%80%d1%82%d0%bd%d0%b5%d1%80%d1%81%d1%8c%d0%ba%d0%b8%d0%bc-%d1%80%d0%b5%d0%ba%d0%bb%d0%b0%d0%bc%d0%be%d0%b4%d0%b0%d0%b2%d1%86%d0%b5%d0%bc\/","url":"https:\/\/www.vivnetworks.com\/uk\/%d1%81%d1%82%d0%b0%d1%82%d0%b8-%d0%bf%d0%b0%d1%80%d1%82%d0%bd%d0%b5%d1%80%d1%81%d1%8c%d0%ba%d0%b8%d0%bc-%d1%80%d0%b5%d0%ba%d0%bb%d0%b0%d0%bc%d0%be%d0%b4%d0%b0%d0%b2%d1%86%d0%b5%d0%bc\/","name":"\u0421\u0442\u0430\u0442\u0438 \u043f\u0430\u0440\u0442\u043d\u0435\u0440\u0441\u044c\u043a\u0438\u043c \u0440\u0435\u043a\u043b\u0430\u043c\u043e\u0434\u0430\u0432\u0446\u0435\u043c | VIVnetworks.com","isPartOf":{"@id":"https:\/\/www.vivnetworks.com\/uk\/#website"},"datePublished":"2021-02-15T19:14:22+00:00","dateModified":"2023-10-29T22:08:04+00:00","description":"\u044f\u043a \u0437\u0430\u043b\u0443\u0447\u0430\u0442\u0438 \u043a\u043b\u0456\u0454\u043d\u0442\u0456\u0432. \u041c\u0438 \u0430\u043a\u0442\u0438\u0432\u043d\u043e \u0432\u0435\u0434\u0435\u043c\u043e \u043f\u043e\u043d\u0430\u0434 1 250 \u043a\u0430\u043c\u043f\u0430\u043d\u0456\u0439 \u0456 \u0434\u043e\u043f\u043e\u043c\u0430\u0433\u0430\u0454\u043c\u043e \u043d\u0430\u0448\u0438\u043c \u0440\u0435\u043a\u043b\u0430\u043c\u043e\u0434\u0430\u0432\u0446\u044f\u043c \u0434\u043e\u0441\u044f\u0433\u0442\u0438 \u043c\u0430\u0441\u0448\u0442\u0430\u0431\u043e\u0432\u0430\u043d\u043e\u0433\u043e","breadcrumb":{"@id":"https:\/\/www.vivnetworks.com\/uk\/%d1%81%d1%82%d0%b0%d1%82%d0%b8-%d0%bf%d0%b0%d1%80%d1%82%d0%bd%d0%b5%d1%80%d1%81%d1%8c%d0%ba%d0%b8%d0%bc-%d1%80%d0%b5%d0%ba%d0%bb%d0%b0%d0%bc%d0%be%d0%b4%d0%b0%d0%b2%d1%86%d0%b5%d0%bc\/#breadcrumb"},"inLanguage":"uk","potentialAction":[{"@type":"ReadAction","target":["https:\/\/www.vivnetworks.com\/uk\/%d1%81%d1%82%d0%b0%d1%82%d0%b8-%d0%bf%d0%b0%d1%80%d1%82%d0%bd%d0%b5%d1%80%d1%81%d1%8c%d0%ba%d0%b8%d0%bc-%d1%80%d0%b5%d0%ba%d0%bb%d0%b0%d0%bc%d0%be%d0%b4%d0%b0%d0%b2%d1%86%d0%b5%d0%bc\/"]}]},{"@type":"BreadcrumbList","@id":"https:\/\/www.vivnetworks.com\/uk\/%d1%81%d1%82%d0%b0%d1%82%d0%b8-%d0%bf%d0%b0%d1%80%d1%82%d0%bd%d0%b5%d1%80%d1%81%d1%8c%d0%ba%d0%b8%d0%bc-%d1%80%d0%b5%d0%ba%d0%bb%d0%b0%d0%bc%d0%be%d0%b4%d0%b0%d0%b2%d1%86%d0%b5%d0%bc\/#breadcrumb","itemListElement":[{"@type":"ListItem","position":1,"name":"Dom\u016f","item":"https:\/\/www.vivnetworks.com\/uk\/"},{"@type":"ListItem","position":2,"name":"\u0421\u0442\u0430\u043d\u044c\u0442\u0435 \u0430\u0444\u0456\u043b\u0456\u0439\u043e\u0432\u0430\u043d\u0438\u043c \u0440\u0435\u043a\u043b\u0430\u043c\u043e\u0434\u0430\u0432\u0446\u0435\u043c"}]},{"@type":"WebSite","@id":"https:\/\/www.vivnetworks.com\/uk\/#website","url":"https:\/\/www.vivnetworks.com\/uk\/","name":"VIVnetworks.com","description":"Nejv\u00fdkonn\u011bj\u0161\u00ed affiliate s\u00ed\u0165 v CEE","publisher":{"@id":"https:\/\/www.vivnetworks.com\/uk\/#organization"},"potentialAction":[{"@type":"SearchAction","target":{"@type":"EntryPoint","urlTemplate":"https:\/\/www.vivnetworks.com\/uk\/?s={search_term_string}"},"query-input":"required name=search_term_string"}],"inLanguage":"uk"},{"@type":"Organization","@id":"https:\/\/www.vivnetworks.com\/uk\/#organization","name":"VIVnetworks.com s.r.o.","url":"https:\/\/www.vivnetworks.com\/uk\/","logo":{"@type":"ImageObject","inLanguage":"uk","@id":"https:\/\/www.vivnetworks.com\/uk\/#\/schema\/logo\/image\/","url":"https:\/\/www.vivnetworks.com\/wp-content\/uploads\/2022\/01\/Logo-VIVnetworks-400x200-1.png","contentUrl":"https:\/\/www.vivnetworks.com\/wp-content\/uploads\/2022\/01\/Logo-VIVnetworks-400x200-1.png","width":400,"height":200,"caption":"VIVnetworks.com s.r.o."},"image":{"@id":"https:\/\/www.vivnetworks.com\/uk\/#\/schema\/logo\/image\/"}}]}},"uagb_featured_image_src":{"full":false,"thumbnail":false,"medium":false,"medium_large":false,"large":false,"1536x1536":false,"2048x2048":false},"uagb_author_info":{"display_name":"VIVnetworks.com","author_link":"https:\/\/www.vivnetworks.com\/uk\/author\/admin\/"},"uagb_comment_info":0,"uagb_excerpt":"\u0420\u0435\u043a\u043b\u0430\u043c\u043e\u0434\u0430\u0432\u0446\u0435\u043c \u0443 \u043d\u0430\u0448\u0456\u0439 \u043c\u0435\u0440\u0435\u0436\u0456 \u043c\u043e\u0436\u0435 \u0431\u0443\u0442\u0438 \u0431\u0443\u0434\u044c-\u0445\u0442\u043e, \u0445\u0442\u043e \u0432\u0438\u043a\u043e\u0440\u0438\u0441\u0442\u043e\u0432\u0443\u0454 \u0432\u0435\u0431-\u0441\u0430\u0439\u0442 \u0434\u043b\u044f \u043f\u0440\u043e\u0434\u0430\u0436\u0443, \u0437\u0430\u043c\u043e\u0432\u043b\u0435\u043d\u043d\u044f \u0430\u0431\u043e \u043d\u0430\u0432\u0456\u0442\u044c \u0437\u0430\u043f\u043e\u0432\u043d\u0435\u043d\u043d\u044f \u043a\u043e\u043d\u0442\u0430\u043a\u0442\u043d\u043e\u0457 \u0444\u043e\u0440\u043c\u0438.","_links":{"self":[{"href":"https:\/\/www.vivnetworks.com\/uk\/wp-json\/wp\/v2\/pages\/5840"}],"collection":[{"href":"https:\/\/www.vivnetworks.com\/uk\/wp-json\/wp\/v2\/pages"}],"about":[{"href":"https:\/\/www.vivnetworks.com\/uk\/wp-json\/wp\/v2\/types\/page"}],"author":[{"embeddable":true,"href":"https:\/\/www.vivnetworks.com\/uk\/wp-json\/wp\/v2\/users\/3"}],"replies":[{"embeddable":true,"href":"https:\/\/www.vivnetworks.com\/uk\/wp-json\/wp\/v2\/comments?post=5840"}],"version-history":[{"count":5,"href":"https:\/\/www.vivnetworks.com\/uk\/wp-json\/wp\/v2\/pages\/5840\/revisions"}],"predecessor-version":[{"id":39144,"href":"https:\/\/www.vivnetworks.com\/uk\/wp-json\/wp\/v2\/pages\/5840\/revisions\/39144"}],"wp:attachment":[{"href":"https:\/\/www.vivnetworks.com\/uk\/wp-json\/wp\/v2\/media?parent=5840"}],"curies":[{"name":"wp","href":"https:\/\/api.w.org\/{rel}","templated":true}]}}