{"id":11445,"date":"2021-06-10T16:07:00","date_gmt":"2021-06-10T14:07:00","guid":{"rendered":"https:\/\/www.vivnetworks.com\/mail-out\/"},"modified":"2021-07-13T15:03:16","modified_gmt":"2021-07-13T13:03:16","slug":"mail-out","status":"publish","type":"page","link":"https:\/\/www.vivnetworks.com\/uk\/mail-out\/","title":{"rendered":"\u0412\u0438 \u0441\u043a\u0430\u0441\u0443\u0432\u0430\u043b\u0438 \u043f\u0456\u0434\u043f\u0438\u0441\u043a\u0443 \u043d\u0430 \u0440\u043e\u0437\u0441\u0438\u043b\u043a\u0443"},"content":{"rendered":"\n<p><\/p>\n\n\n\n<p id=\"tw-target-text\">                                                        \u0414\u044f\u043a\u0443\u0454\u043c\u043e \u0437\u0430 \u0437\u0432\u2019\u044f\u0437\u043e\u043a \u0437 \u0432\u0430\u043c\u0438, \u0456 \u043c\u0438 \u0441\u043f\u043e\u0434\u0456\u0432\u0430\u0454\u043c\u043e\u0441\u044c \u043f\u043e\u0431\u0430\u0447\u0438\u0442\u0438 \u0432\u0430\u0441 \u0437\u043d\u043e\u0432\u0443<\/p>\n\n\n\n<p><\/p>\n\n\n\n<p class=\"has-text-align-center\">\u0412\u0430\u0448 <a href=\"https:\/\/www.vivnetworks.com\/uk\/\">VIVnetworks.com<\/a><\/p>\n","protected":false},"excerpt":{"rendered":"<p>\u0414\u044f\u043a\u0443\u0454\u043c\u043e \u0437\u0430 \u0437\u0432\u2019\u044f\u0437\u043e\u043a \u0437 \u0432\u0430\u043c\u0438, \u0456 \u043c\u0438 \u0441\u043f\u043e\u0434\u0456\u0432\u0430\u0454\u043c\u043e\u0441\u044c \u043f\u043e\u0431\u0430\u0447\u0438\u0442\u0438 \u0432\u0430\u0441 \u0437\u043d\u043e\u0432\u0443 \u0412\u0430\u0448 VIVnetworks.com<\/p>\n","protected":false},"author":3,"featured_media":0,"parent":0,"menu_order":0,"comment_status":"closed","ping_status":"closed","template":"","meta":{"_eb_attr":"","_uag_custom_page_level_css":"","footnotes":""},"yoast_head":"<!-- This site is optimized with the Yoast SEO Premium plugin v22.5 (Yoast SEO v22.5) - https:\/\/yoast.com\/wordpress\/plugins\/seo\/ -->\n<title>\u0412\u0438 \u0441\u043a\u0430\u0441\u0443\u0432\u0430\u043b\u0438 \u043f\u0456\u0434\u043f\u0438\u0441\u043a\u0443 \u043d\u0430 \u0440\u043e\u0437\u0441\u0438\u043b\u043a\u0443 | VIVnetworks.com<\/title>\n<meta name=\"robots\" content=\"index, follow, max-snippet:-1, max-image-preview:large, max-video-preview:-1\" \/>\n<link rel=\"canonical\" href=\"https:\/\/www.vivnetworks.com\/uk\/mail-out\/\" \/>\n<meta property=\"og:locale\" content=\"uk_UA\" \/>\n<meta property=\"og:type\" content=\"article\" \/>\n<meta property=\"og:title\" content=\"\u0412\u0438 \u0441\u043a\u0430\u0441\u0443\u0432\u0430\u043b\u0438 \u043f\u0456\u0434\u043f\u0438\u0441\u043a\u0443 \u043d\u0430 \u0440\u043e\u0437\u0441\u0438\u043b\u043a\u0443\" \/>\n<meta property=\"og:description\" content=\"\u0414\u044f\u043a\u0443\u0454\u043c\u043e \u0437\u0430 \u0437\u0432\u2019\u044f\u0437\u043e\u043a \u0437 \u0432\u0430\u043c\u0438, \u0456 \u043c\u0438 \u0441\u043f\u043e\u0434\u0456\u0432\u0430\u0454\u043c\u043e\u0441\u044c \u043f\u043e\u0431\u0430\u0447\u0438\u0442\u0438 \u0432\u0430\u0441 \u0437\u043d\u043e\u0432\u0443    \u0412\u0430\u0448 VIVnetworks.com\" \/>\n<meta property=\"og:url\" content=\"https:\/\/www.vivnetworks.com\/uk\/mail-out\/\" \/>\n<meta property=\"og:site_name\" content=\"VIVnetworks.com\" \/>\n<meta property=\"article:modified_time\" content=\"2021-07-13T13:03:16+00:00\" \/>\n<meta property=\"og:image\" content=\"https:\/\/www.vivnetworks.com\/wp-content\/uploads\/2022\/01\/Logo-VIVnetworks-400x200-1.png\" \/>\n\t<meta property=\"og:image:width\" content=\"400\" \/>\n\t<meta property=\"og:image:height\" content=\"200\" \/>\n\t<meta property=\"og:image:type\" content=\"image\/png\" \/>\n<meta name=\"twitter:card\" content=\"summary_large_image\" \/>\n<meta name=\"twitter:label1\" content=\"\u041f\u0440\u0438\u0431\u043b. \u0447\u0430\u0441 \u0447\u0438\u0442\u0430\u043d\u043d\u044f\" \/>\n\t<meta name=\"twitter:data1\" content=\"1 \u0445\u0432\u0438\u043b\u0438\u043d\u0430\" \/>\n<script type=\"application\/ld+json\" class=\"yoast-schema-graph\">{\"@context\":\"https:\/\/schema.org\",\"@graph\":[{\"@type\":\"WebPage\",\"@id\":\"https:\/\/www.vivnetworks.com\/uk\/mail-out\/\",\"url\":\"https:\/\/www.vivnetworks.com\/uk\/mail-out\/\",\"name\":\"\u0412\u0438 \u0441\u043a\u0430\u0441\u0443\u0432\u0430\u043b\u0438 \u043f\u0456\u0434\u043f\u0438\u0441\u043a\u0443 \u043d\u0430 \u0440\u043e\u0437\u0441\u0438\u043b\u043a\u0443 | VIVnetworks.com\",\"isPartOf\":{\"@id\":\"https:\/\/www.vivnetworks.com\/uk\/#website\"},\"datePublished\":\"2021-06-10T14:07:00+00:00\",\"dateModified\":\"2021-07-13T13:03:16+00:00\",\"breadcrumb\":{\"@id\":\"https:\/\/www.vivnetworks.com\/uk\/mail-out\/#breadcrumb\"},\"inLanguage\":\"uk\",\"potentialAction\":[{\"@type\":\"ReadAction\",\"target\":[\"https:\/\/www.vivnetworks.com\/uk\/mail-out\/\"]}]},{\"@type\":\"BreadcrumbList\",\"@id\":\"https:\/\/www.vivnetworks.com\/uk\/mail-out\/#breadcrumb\",\"itemListElement\":[{\"@type\":\"ListItem\",\"position\":1,\"name\":\"Dom\u016f\",\"item\":\"https:\/\/www.vivnetworks.com\/uk\/\"},{\"@type\":\"ListItem\",\"position\":2,\"name\":\"\u0412\u0438 \u0441\u043a\u0430\u0441\u0443\u0432\u0430\u043b\u0438 \u043f\u0456\u0434\u043f\u0438\u0441\u043a\u0443 \u043d\u0430 \u0440\u043e\u0437\u0441\u0438\u043b\u043a\u0443\"}]},{\"@type\":\"WebSite\",\"@id\":\"https:\/\/www.vivnetworks.com\/uk\/#website\",\"url\":\"https:\/\/www.vivnetworks.com\/uk\/\",\"name\":\"VIVnetworks.com\",\"description\":\"Nejv\u00fdkonn\u011bj\u0161\u00ed affiliate s\u00ed\u0165 v CEE\",\"publisher\":{\"@id\":\"https:\/\/www.vivnetworks.com\/uk\/#organization\"},\"potentialAction\":[{\"@type\":\"SearchAction\",\"target\":{\"@type\":\"EntryPoint\",\"urlTemplate\":\"https:\/\/www.vivnetworks.com\/uk\/?s={search_term_string}\"},\"query-input\":\"required name=search_term_string\"}],\"inLanguage\":\"uk\"},{\"@type\":\"Organization\",\"@id\":\"https:\/\/www.vivnetworks.com\/uk\/#organization\",\"name\":\"VIVnetworks.com s.r.o.\",\"url\":\"https:\/\/www.vivnetworks.com\/uk\/\",\"logo\":{\"@type\":\"ImageObject\",\"inLanguage\":\"uk\",\"@id\":\"https:\/\/www.vivnetworks.com\/uk\/#\/schema\/logo\/image\/\",\"url\":\"https:\/\/www.vivnetworks.com\/wp-content\/uploads\/2022\/01\/Logo-VIVnetworks-400x200-1.png\",\"contentUrl\":\"https:\/\/www.vivnetworks.com\/wp-content\/uploads\/2022\/01\/Logo-VIVnetworks-400x200-1.png\",\"width\":400,\"height\":200,\"caption\":\"VIVnetworks.com s.r.o.\"},\"image\":{\"@id\":\"https:\/\/www.vivnetworks.com\/uk\/#\/schema\/logo\/image\/\"}}]}<\/script>\n<!-- \/ Yoast SEO Premium plugin. -->","yoast_head_json":{"title":"\u0412\u0438 \u0441\u043a\u0430\u0441\u0443\u0432\u0430\u043b\u0438 \u043f\u0456\u0434\u043f\u0438\u0441\u043a\u0443 \u043d\u0430 \u0440\u043e\u0437\u0441\u0438\u043b\u043a\u0443 | VIVnetworks.com","robots":{"index":"index","follow":"follow","max-snippet":"max-snippet:-1","max-image-preview":"max-image-preview:large","max-video-preview":"max-video-preview:-1"},"canonical":"https:\/\/www.vivnetworks.com\/uk\/mail-out\/","og_locale":"uk_UA","og_type":"article","og_title":"\u0412\u0438 \u0441\u043a\u0430\u0441\u0443\u0432\u0430\u043b\u0438 \u043f\u0456\u0434\u043f\u0438\u0441\u043a\u0443 \u043d\u0430 \u0440\u043e\u0437\u0441\u0438\u043b\u043a\u0443","og_description":"\u0414\u044f\u043a\u0443\u0454\u043c\u043e \u0437\u0430 \u0437\u0432\u2019\u044f\u0437\u043e\u043a \u0437 \u0432\u0430\u043c\u0438, \u0456 \u043c\u0438 \u0441\u043f\u043e\u0434\u0456\u0432\u0430\u0454\u043c\u043e\u0441\u044c \u043f\u043e\u0431\u0430\u0447\u0438\u0442\u0438 \u0432\u0430\u0441 \u0437\u043d\u043e\u0432\u0443    \u0412\u0430\u0448 VIVnetworks.com","og_url":"https:\/\/www.vivnetworks.com\/uk\/mail-out\/","og_site_name":"VIVnetworks.com","article_modified_time":"2021-07-13T13:03:16+00:00","og_image":[{"width":400,"height":200,"url":"https:\/\/www.vivnetworks.com\/wp-content\/uploads\/2022\/01\/Logo-VIVnetworks-400x200-1.png","type":"image\/png"}],"twitter_card":"summary_large_image","twitter_misc":{"\u041f\u0440\u0438\u0431\u043b. \u0447\u0430\u0441 \u0447\u0438\u0442\u0430\u043d\u043d\u044f":"1 \u0445\u0432\u0438\u043b\u0438\u043d\u0430"},"schema":{"@context":"https:\/\/schema.org","@graph":[{"@type":"WebPage","@id":"https:\/\/www.vivnetworks.com\/uk\/mail-out\/","url":"https:\/\/www.vivnetworks.com\/uk\/mail-out\/","name":"\u0412\u0438 \u0441\u043a\u0430\u0441\u0443\u0432\u0430\u043b\u0438 \u043f\u0456\u0434\u043f\u0438\u0441\u043a\u0443 \u043d\u0430 \u0440\u043e\u0437\u0441\u0438\u043b\u043a\u0443 | VIVnetworks.com","isPartOf":{"@id":"https:\/\/www.vivnetworks.com\/uk\/#website"},"datePublished":"2021-06-10T14:07:00+00:00","dateModified":"2021-07-13T13:03:16+00:00","breadcrumb":{"@id":"https:\/\/www.vivnetworks.com\/uk\/mail-out\/#breadcrumb"},"inLanguage":"uk","potentialAction":[{"@type":"ReadAction","target":["https:\/\/www.vivnetworks.com\/uk\/mail-out\/"]}]},{"@type":"BreadcrumbList","@id":"https:\/\/www.vivnetworks.com\/uk\/mail-out\/#breadcrumb","itemListElement":[{"@type":"ListItem","position":1,"name":"Dom\u016f","item":"https:\/\/www.vivnetworks.com\/uk\/"},{"@type":"ListItem","position":2,"name":"\u0412\u0438 \u0441\u043a\u0430\u0441\u0443\u0432\u0430\u043b\u0438 \u043f\u0456\u0434\u043f\u0438\u0441\u043a\u0443 \u043d\u0430 \u0440\u043e\u0437\u0441\u0438\u043b\u043a\u0443"}]},{"@type":"WebSite","@id":"https:\/\/www.vivnetworks.com\/uk\/#website","url":"https:\/\/www.vivnetworks.com\/uk\/","name":"VIVnetworks.com","description":"Nejv\u00fdkonn\u011bj\u0161\u00ed affiliate s\u00ed\u0165 v CEE","publisher":{"@id":"https:\/\/www.vivnetworks.com\/uk\/#organization"},"potentialAction":[{"@type":"SearchAction","target":{"@type":"EntryPoint","urlTemplate":"https:\/\/www.vivnetworks.com\/uk\/?s={search_term_string}"},"query-input":"required name=search_term_string"}],"inLanguage":"uk"},{"@type":"Organization","@id":"https:\/\/www.vivnetworks.com\/uk\/#organization","name":"VIVnetworks.com s.r.o.","url":"https:\/\/www.vivnetworks.com\/uk\/","logo":{"@type":"ImageObject","inLanguage":"uk","@id":"https:\/\/www.vivnetworks.com\/uk\/#\/schema\/logo\/image\/","url":"https:\/\/www.vivnetworks.com\/wp-content\/uploads\/2022\/01\/Logo-VIVnetworks-400x200-1.png","contentUrl":"https:\/\/www.vivnetworks.com\/wp-content\/uploads\/2022\/01\/Logo-VIVnetworks-400x200-1.png","width":400,"height":200,"caption":"VIVnetworks.com s.r.o."},"image":{"@id":"https:\/\/www.vivnetworks.com\/uk\/#\/schema\/logo\/image\/"}}]}},"uagb_featured_image_src":{"full":false,"thumbnail":false,"medium":false,"medium_large":false,"large":false,"1536x1536":false,"2048x2048":false},"uagb_author_info":{"display_name":"VIVnetworks.com","author_link":"https:\/\/www.vivnetworks.com\/uk\/author\/admin\/"},"uagb_comment_info":0,"uagb_excerpt":"\u0414\u044f\u043a\u0443\u0454\u043c\u043e \u0437\u0430 \u0437\u0432\u2019\u044f\u0437\u043e\u043a \u0437 \u0432\u0430\u043c\u0438, \u0456 \u043c\u0438 \u0441\u043f\u043e\u0434\u0456\u0432\u0430\u0454\u043c\u043e\u0441\u044c \u043f\u043e\u0431\u0430\u0447\u0438\u0442\u0438 \u0432\u0430\u0441 \u0437\u043d\u043e\u0432\u0443 \u0412\u0430\u0448 VIVnetworks.com","_links":{"self":[{"href":"https:\/\/www.vivnetworks.com\/uk\/wp-json\/wp\/v2\/pages\/11445"}],"collection":[{"href":"https:\/\/www.vivnetworks.com\/uk\/wp-json\/wp\/v2\/pages"}],"about":[{"href":"https:\/\/www.vivnetworks.com\/uk\/wp-json\/wp\/v2\/types\/page"}],"author":[{"embeddable":true,"href":"https:\/\/www.vivnetworks.com\/uk\/wp-json\/wp\/v2\/users\/3"}],"replies":[{"embeddable":true,"href":"https:\/\/www.vivnetworks.com\/uk\/wp-json\/wp\/v2\/comments?post=11445"}],"version-history":[{"count":1,"href":"https:\/\/www.vivnetworks.com\/uk\/wp-json\/wp\/v2\/pages\/11445\/revisions"}],"predecessor-version":[{"id":11455,"href":"https:\/\/www.vivnetworks.com\/uk\/wp-json\/wp\/v2\/pages\/11445\/revisions\/11455"}],"wp:attachment":[{"href":"https:\/\/www.vivnetworks.com\/uk\/wp-json\/wp\/v2\/media?parent=11445"}],"curies":[{"name":"wp","href":"https:\/\/api.w.org\/{rel}","templated":true}]}}