{"id":11443,"date":"2021-06-10T16:07:00","date_gmt":"2021-06-10T14:07:00","guid":{"rendered":"https:\/\/www.vivnetworks.com\/mail-out\/"},"modified":"2021-07-14T07:02:28","modified_gmt":"2021-07-14T05:02:28","slug":"mail-out","status":"publish","type":"page","link":"https:\/\/www.vivnetworks.com\/sr\/mail-out\/","title":{"rendered":"Odjavljeni ste sa primanja na\u0161ih newlettera"},"content":{"rendered":"\n<p class=\"has-text-align-center\">Hvala vam \u0161to smo sa vama mogli biti u kontaktu i nadamo se da \u0107emo se opet sresti.<\/p>\n\n\n\n<p><\/p>\n\n\n\n<p class=\"has-text-align-center\">Va\u0161 <a href=\"https:\/\/www.vivnetworks.com\/sr\/\">VIVnetworks.com<\/a><\/p>\n","protected":false},"excerpt":{"rendered":"<p>Hvala vam \u0161to smo sa vama mogli biti u kontaktu i nadamo se da \u0107emo se opet sresti. Va\u0161 VIVnetworks.com<\/p>\n","protected":false},"author":3,"featured_media":0,"parent":0,"menu_order":0,"comment_status":"closed","ping_status":"closed","template":"","meta":{"_eb_attr":"","_uag_custom_page_level_css":"","footnotes":""},"yoast_head":"<!-- This site is optimized with the Yoast SEO Premium plugin v22.5 (Yoast SEO v22.5) - https:\/\/yoast.com\/wordpress\/plugins\/seo\/ -->\n<title>Odjavljeni ste sa primanja na\u0161ih newlettera | VIVnetworks.com<\/title>\n<meta name=\"robots\" content=\"index, follow, max-snippet:-1, max-image-preview:large, max-video-preview:-1\" \/>\n<link rel=\"canonical\" href=\"https:\/\/www.vivnetworks.com\/sr\/mail-out\/\" \/>\n<meta property=\"og:locale\" content=\"sr_RS\" \/>\n<meta property=\"og:type\" content=\"article\" \/>\n<meta property=\"og:title\" content=\"Odjavljeni ste sa primanja na\u0161ih newlettera\" \/>\n<meta property=\"og:description\" content=\"Hvala vam \u0161to smo sa vama mogli biti u kontaktu i nadamo se da \u0107emo se opet sresti.    Va\u0161 VIVnetworks.com\" \/>\n<meta property=\"og:url\" content=\"https:\/\/www.vivnetworks.com\/sr\/mail-out\/\" \/>\n<meta property=\"og:site_name\" content=\"VIVnetworks.com\" \/>\n<meta property=\"article:modified_time\" content=\"2021-07-14T05:02:28+00:00\" \/>\n<meta property=\"og:image\" content=\"https:\/\/www.vivnetworks.com\/wp-content\/uploads\/2022\/01\/Logo-VIVnetworks-400x200-1.png\" \/>\n\t<meta property=\"og:image:width\" content=\"400\" \/>\n\t<meta property=\"og:image:height\" content=\"200\" \/>\n\t<meta property=\"og:image:type\" content=\"image\/png\" \/>\n<meta name=\"twitter:card\" content=\"summary_large_image\" \/>\n<meta name=\"twitter:label1\" content=\"\u041f\u0440\u043e\u0446\u0435\u045a\u0435\u043d\u043e \u0432\u0440\u0435\u043c\u0435 \u0447\u0438\u0442\u0430\u045a\u0430\" \/>\n\t<meta name=\"twitter:data1\" content=\"1 \u043c\u0438\u043d\u0443\u0442\" \/>\n<script type=\"application\/ld+json\" class=\"yoast-schema-graph\">{\"@context\":\"https:\/\/schema.org\",\"@graph\":[{\"@type\":\"WebPage\",\"@id\":\"https:\/\/www.vivnetworks.com\/sr\/mail-out\/\",\"url\":\"https:\/\/www.vivnetworks.com\/sr\/mail-out\/\",\"name\":\"Odjavljeni ste sa primanja na\u0161ih newlettera | VIVnetworks.com\",\"isPartOf\":{\"@id\":\"https:\/\/www.vivnetworks.com\/sr\/#website\"},\"datePublished\":\"2021-06-10T14:07:00+00:00\",\"dateModified\":\"2021-07-14T05:02:28+00:00\",\"breadcrumb\":{\"@id\":\"https:\/\/www.vivnetworks.com\/sr\/mail-out\/#breadcrumb\"},\"inLanguage\":\"sr-RS\",\"potentialAction\":[{\"@type\":\"ReadAction\",\"target\":[\"https:\/\/www.vivnetworks.com\/sr\/mail-out\/\"]}]},{\"@type\":\"BreadcrumbList\",\"@id\":\"https:\/\/www.vivnetworks.com\/sr\/mail-out\/#breadcrumb\",\"itemListElement\":[{\"@type\":\"ListItem\",\"position\":1,\"name\":\"Dom\u016f\",\"item\":\"https:\/\/www.vivnetworks.com\/sr\/\"},{\"@type\":\"ListItem\",\"position\":2,\"name\":\"Odjavljeni ste sa primanja na\u0161ih newlettera\"}]},{\"@type\":\"WebSite\",\"@id\":\"https:\/\/www.vivnetworks.com\/sr\/#website\",\"url\":\"https:\/\/www.vivnetworks.com\/sr\/\",\"name\":\"VIVnetworks.com\",\"description\":\"Nejv\u00fdkonn\u011bj\u0161\u00ed affiliate s\u00ed\u0165 v CEE\",\"publisher\":{\"@id\":\"https:\/\/www.vivnetworks.com\/sr\/#organization\"},\"potentialAction\":[{\"@type\":\"SearchAction\",\"target\":{\"@type\":\"EntryPoint\",\"urlTemplate\":\"https:\/\/www.vivnetworks.com\/sr\/?s={search_term_string}\"},\"query-input\":\"required name=search_term_string\"}],\"inLanguage\":\"sr-RS\"},{\"@type\":\"Organization\",\"@id\":\"https:\/\/www.vivnetworks.com\/sr\/#organization\",\"name\":\"VIVnetworks.com s.r.o.\",\"url\":\"https:\/\/www.vivnetworks.com\/sr\/\",\"logo\":{\"@type\":\"ImageObject\",\"inLanguage\":\"sr-RS\",\"@id\":\"https:\/\/www.vivnetworks.com\/sr\/#\/schema\/logo\/image\/\",\"url\":\"https:\/\/www.vivnetworks.com\/wp-content\/uploads\/2022\/01\/Logo-VIVnetworks-400x200-1.png\",\"contentUrl\":\"https:\/\/www.vivnetworks.com\/wp-content\/uploads\/2022\/01\/Logo-VIVnetworks-400x200-1.png\",\"width\":400,\"height\":200,\"caption\":\"VIVnetworks.com s.r.o.\"},\"image\":{\"@id\":\"https:\/\/www.vivnetworks.com\/sr\/#\/schema\/logo\/image\/\"}}]}<\/script>\n<!-- \/ Yoast SEO Premium plugin. -->","yoast_head_json":{"title":"Odjavljeni ste sa primanja na\u0161ih newlettera | VIVnetworks.com","robots":{"index":"index","follow":"follow","max-snippet":"max-snippet:-1","max-image-preview":"max-image-preview:large","max-video-preview":"max-video-preview:-1"},"canonical":"https:\/\/www.vivnetworks.com\/sr\/mail-out\/","og_locale":"sr_RS","og_type":"article","og_title":"Odjavljeni ste sa primanja na\u0161ih newlettera","og_description":"Hvala vam \u0161to smo sa vama mogli biti u kontaktu i nadamo se da \u0107emo se opet sresti.    Va\u0161 VIVnetworks.com","og_url":"https:\/\/www.vivnetworks.com\/sr\/mail-out\/","og_site_name":"VIVnetworks.com","article_modified_time":"2021-07-14T05:02:28+00:00","og_image":[{"width":400,"height":200,"url":"https:\/\/www.vivnetworks.com\/wp-content\/uploads\/2022\/01\/Logo-VIVnetworks-400x200-1.png","type":"image\/png"}],"twitter_card":"summary_large_image","twitter_misc":{"\u041f\u0440\u043e\u0446\u0435\u045a\u0435\u043d\u043e \u0432\u0440\u0435\u043c\u0435 \u0447\u0438\u0442\u0430\u045a\u0430":"1 \u043c\u0438\u043d\u0443\u0442"},"schema":{"@context":"https:\/\/schema.org","@graph":[{"@type":"WebPage","@id":"https:\/\/www.vivnetworks.com\/sr\/mail-out\/","url":"https:\/\/www.vivnetworks.com\/sr\/mail-out\/","name":"Odjavljeni ste sa primanja na\u0161ih newlettera | VIVnetworks.com","isPartOf":{"@id":"https:\/\/www.vivnetworks.com\/sr\/#website"},"datePublished":"2021-06-10T14:07:00+00:00","dateModified":"2021-07-14T05:02:28+00:00","breadcrumb":{"@id":"https:\/\/www.vivnetworks.com\/sr\/mail-out\/#breadcrumb"},"inLanguage":"sr-RS","potentialAction":[{"@type":"ReadAction","target":["https:\/\/www.vivnetworks.com\/sr\/mail-out\/"]}]},{"@type":"BreadcrumbList","@id":"https:\/\/www.vivnetworks.com\/sr\/mail-out\/#breadcrumb","itemListElement":[{"@type":"ListItem","position":1,"name":"Dom\u016f","item":"https:\/\/www.vivnetworks.com\/sr\/"},{"@type":"ListItem","position":2,"name":"Odjavljeni ste sa primanja na\u0161ih newlettera"}]},{"@type":"WebSite","@id":"https:\/\/www.vivnetworks.com\/sr\/#website","url":"https:\/\/www.vivnetworks.com\/sr\/","name":"VIVnetworks.com","description":"Nejv\u00fdkonn\u011bj\u0161\u00ed affiliate s\u00ed\u0165 v CEE","publisher":{"@id":"https:\/\/www.vivnetworks.com\/sr\/#organization"},"potentialAction":[{"@type":"SearchAction","target":{"@type":"EntryPoint","urlTemplate":"https:\/\/www.vivnetworks.com\/sr\/?s={search_term_string}"},"query-input":"required name=search_term_string"}],"inLanguage":"sr-RS"},{"@type":"Organization","@id":"https:\/\/www.vivnetworks.com\/sr\/#organization","name":"VIVnetworks.com s.r.o.","url":"https:\/\/www.vivnetworks.com\/sr\/","logo":{"@type":"ImageObject","inLanguage":"sr-RS","@id":"https:\/\/www.vivnetworks.com\/sr\/#\/schema\/logo\/image\/","url":"https:\/\/www.vivnetworks.com\/wp-content\/uploads\/2022\/01\/Logo-VIVnetworks-400x200-1.png","contentUrl":"https:\/\/www.vivnetworks.com\/wp-content\/uploads\/2022\/01\/Logo-VIVnetworks-400x200-1.png","width":400,"height":200,"caption":"VIVnetworks.com s.r.o."},"image":{"@id":"https:\/\/www.vivnetworks.com\/sr\/#\/schema\/logo\/image\/"}}]}},"uagb_featured_image_src":{"full":false,"thumbnail":false,"medium":false,"medium_large":false,"large":false,"1536x1536":false,"2048x2048":false},"uagb_author_info":{"display_name":"VIVnetworks.com","author_link":"https:\/\/www.vivnetworks.com\/sr\/author\/admin\/"},"uagb_comment_info":0,"uagb_excerpt":"Hvala vam \u0161to smo sa vama mogli biti u kontaktu i nadamo se da \u0107emo se opet sresti. Va\u0161 VIVnetworks.com","_links":{"self":[{"href":"https:\/\/www.vivnetworks.com\/sr\/wp-json\/wp\/v2\/pages\/11443"}],"collection":[{"href":"https:\/\/www.vivnetworks.com\/sr\/wp-json\/wp\/v2\/pages"}],"about":[{"href":"https:\/\/www.vivnetworks.com\/sr\/wp-json\/wp\/v2\/types\/page"}],"author":[{"embeddable":true,"href":"https:\/\/www.vivnetworks.com\/sr\/wp-json\/wp\/v2\/users\/3"}],"replies":[{"embeddable":true,"href":"https:\/\/www.vivnetworks.com\/sr\/wp-json\/wp\/v2\/comments?post=11443"}],"version-history":[{"count":1,"href":"https:\/\/www.vivnetworks.com\/sr\/wp-json\/wp\/v2\/pages\/11443\/revisions"}],"predecessor-version":[{"id":11467,"href":"https:\/\/www.vivnetworks.com\/sr\/wp-json\/wp\/v2\/pages\/11443\/revisions\/11467"}],"wp:attachment":[{"href":"https:\/\/www.vivnetworks.com\/sr\/wp-json\/wp\/v2\/media?parent=11443"}],"curies":[{"name":"wp","href":"https:\/\/api.w.org\/{rel}","templated":true}]}}