{"id":5959,"date":"2021-02-15T20:16:14","date_gmt":"2021-02-15T19:16:14","guid":{"rendered":"http:\/\/268709.w9.wedos.ws\/o-nas\/"},"modified":"2026-01-05T13:26:17","modified_gmt":"2026-01-05T12:26:17","slug":"o-nas","status":"publish","type":"page","link":"https:\/\/www.vivnetworks.com\/sk\/o-nas\/","title":{"rendered":"VIVnetworks.com s.r.o."},"content":{"rendered":"\n<div class=\"wp-block-group\"><div class=\"wp-block-group__inner-container is-layout-flow wp-block-group-is-layout-flow\">\n<div class=\"wp-block-columns is-layout-flex wp-container-core-columns-is-layout-1 wp-block-columns-is-layout-flex\">\n<div class=\"wp-block-column is-layout-flow wp-block-column-is-layout-flow\">\n<h2 class=\"wp-block-heading\" id=\"h-o-spolocnosti\">O spolo\u010dnosti<\/h2>\n\n\n\n<p>Pom\u00e1hame e-shopom zvy\u0161ova\u0165 po\u010det objedn\u00e1vok a z\u00edskava\u0165 nov\u00fdch z\u00e1kazn\u00edkov.<\/p>\n\n\n\n<p>Vyu\u017e\u00edvame na to affiliate marketing, ktor\u00fd cez 16 rokov tvor\u00edme a edukujeme affiliate sc\u00e9nu. Pou\u017e\u00edvame najv\u00e4\u010d\u0161iu a najspo\u013eahlivej\u0161iu technol\u00f3giu <a href=\"http:\/\/cj.com\">CJ.com<\/a> a garantujeme 100% transparentnos\u0165 a bezpe\u010dnos\u0165.<\/p>\n\n\n\n<p><a href=\"https:\/\/www.vivnetworks.com\/sk\/\">VIVnetworks.com<\/a> je s\u00fa\u010das\u0165ou Publicis Groupe a CJ.com a je l\u00edder v CEE regi\u00f3ne (strednej a v\u00fdchodnej Eur\u00f3pe).<\/p>\n<\/div>\n\n\n\n<div class=\"wp-block-column is-layout-flow wp-block-column-is-layout-flow\" style=\"flex-basis:15%\"><\/div>\n\n\n\n<div class=\"wp-block-column is-layout-flow wp-block-column-is-layout-flow\">\n<h2 class=\"wp-block-heading\" id=\"h-kontakt\">Kontakt<\/h2>\n\n\n\n<p class=\"has-dark-color has-text-color\"><strong><a href=\"tel:+420734447050\">+420 734 447 050<\/a><\/strong> (po\u2013p\u00e1: 8:30\u201317:30)<\/p>\n\n\n\n<p>Technick\u00e1 podpora: <strong><a href=\"mailto:support@vivnetworks.com\">support@vivnetworks.com<\/a><\/strong><br>Oddelenie predaja: <a href=\"mailto:sales@vivnetworks.com\"><strong>sales@vivnetworks.com<\/strong><\/a><\/p>\n\n\n\n<div class=\"wp-block-contact-form-7-contact-form-selector\">\n<div class=\"wpcf7 no-js\" id=\"wpcf7-f13250-o1\" lang=\"sk-SK\" dir=\"ltr\">\n<div class=\"screen-reader-response\"><p role=\"status\" aria-live=\"polite\" aria-atomic=\"true\"><\/p> <ul><\/ul><\/div>\n<form action=\"\/sk\/wp-json\/wp\/v2\/pages\/5959#wpcf7-f13250-o1\" method=\"post\" class=\"wpcf7-form init\" aria-label=\"Kontaktn\u00fd formul\u00e1r\" novalidate=\"novalidate\" data-status=\"init\">\n<div style=\"display: none;\">\n<input type=\"hidden\" name=\"_wpcf7\" value=\"13250\" \/>\n<input type=\"hidden\" name=\"_wpcf7_version\" value=\"5.9.3\" \/>\n<input type=\"hidden\" name=\"_wpcf7_locale\" value=\"sk_SK\" \/>\n<input type=\"hidden\" name=\"_wpcf7_unit_tag\" value=\"wpcf7-f13250-o1\" \/>\n<input type=\"hidden\" name=\"_wpcf7_container_post\" value=\"0\" \/>\n<input type=\"hidden\" name=\"_wpcf7_posted_data_hash\" value=\"\" \/>\n<\/div>\n<p><label> Va\u0161e meno<br \/>\n<span class=\"wpcf7-form-control-wrap\" data-name=\"your-name\"><input size=\"40\" class=\"wpcf7-form-control wpcf7-text wpcf7-validates-as-required\" aria-required=\"true\" aria-invalid=\"false\" value=\"\" type=\"text\" name=\"your-name\" \/><\/span> <\/label>\n<\/p>\n<p><label> V\u00e1\u0161 e-mail<br \/>\n<span class=\"wpcf7-form-control-wrap\" data-name=\"your-email\"><input size=\"40\" class=\"wpcf7-form-control wpcf7-email wpcf7-validates-as-required wpcf7-text wpcf7-validates-as-email\" aria-required=\"true\" aria-invalid=\"false\" value=\"\" type=\"email\" name=\"your-email\" \/><\/span> <\/label>\n<\/p>\n<p><label> Va\u0161a spr\u00e1va (volite\u013en\u00e9)<br \/>\n<span class=\"wpcf7-form-control-wrap\" data-name=\"your-message\"><textarea cols=\"40\" rows=\"10\" class=\"wpcf7-form-control wpcf7-textarea\" aria-invalid=\"false\" name=\"your-message\"><\/textarea><\/span> <\/label><br \/>\n\t<center><div id=\"cf7sr-69e360fab52f5\" class=\"cf7sr-g-recaptcha\" data-theme=\"light\" data-type=\"image\" data-size=\"normal\" data-sitekey=\"6Lej3H0lAAAAAPu_7rE_2JGaneUoxYtnD6WTg2P6\"><\/div><span class=\"wpcf7-form-control-wrap cf7sr-recaptcha\" data-name=\"cf7sr-recaptcha\"><input type=\"hidden\" name=\"cf7sr-recaptcha\" value=\"\" class=\"wpcf7-form-control\"><\/span>\n\t<\/center><br \/>\n<input class=\"wpcf7-form-control wpcf7-submit has-spinner\" type=\"submit\" value=\"Odosla\u0165\" \/>\n<\/p><div class=\"wpcf7-response-output\" aria-hidden=\"true\"><\/div>\n<\/form>\n<\/div>\n<\/div>\n<\/div>\n<\/div>\n<\/div><\/div>\n\n\n\n<div class=\"wp-block-group has-light-grey-background-color has-background\"><div class=\"wp-block-group__inner-container is-layout-flow wp-block-group-is-layout-flow\">\n<div class=\"wp-block-columns is-layout-flex wp-container-core-columns-is-layout-2 wp-block-columns-is-layout-flex\">\n<div class=\"wp-block-column is-layout-flow wp-block-column-is-layout-flow\">\n<p>S\u00eddlo spolo\u010dnosti a<br>kancel\u00e1rie<\/p>\n\n\n\n<p>VIVnetworks.com s.r.o.<br>Jungmannovo n\u00e1mestie 753\/18<br>110 00 Praha 1<br>\u010cesk\u00e1 republika<\/p>\n\n\n\n<p class=\"has-text-align-left\">I\u010c: <meta charset=\"utf-8\">28957733<br>VAT: CZ28957733<\/p>\n<\/div>\n\n\n\n<div class=\"wp-block-column is-layout-flow wp-block-column-is-layout-flow\">\n<iframe src=\"https:\/\/www.google.com\/maps\/embed?pb=!1m14!1m8!1m3!1d10240.742688892498!2d14.4220328!3d50.0828105!3m2!1i1024!2i768!4f13.1!3m3!1m2!1s0x0%3A0x1050aff7a059e349!2sVIV%20NETworks%20s.r.o.!5e0!3m2!1scs!2scz!4v1612469498418!5m2!1scs!2scz\" width=\"100%\" height=\"100%\" min-height=\"300px\" frameborder=\"0\" style=\"border:0;\" allowfullscreen=\"\" aria-hidden=\"false\" tabindex=\"0\"><\/iframe>\n<\/div>\n<\/div>\n<\/div><\/div>\n\n\n\n<div class=\"wp-block-getwid-section alignfull alignfull getwid-section-content-custom-width\" style=\"margin-bottom:0px\"><div class=\"wp-block-getwid-section__wrapper getwid-padding-left-medium getwid-padding-right-medium\" style=\"padding-top:0px;padding-bottom:0px\"><div class=\"wp-block-getwid-section__inner-wrapper\" style=\"max-width:1140px\"><div class=\"wp-block-getwid-section__background-holder\"><div class=\"wp-block-getwid-section__background\"><\/div><div class=\"wp-block-getwid-section__foreground\"><\/div><\/div><div class=\"wp-block-getwid-section__content\"><div class=\"wp-block-getwid-section__inner-content\">\n<div class=\"wp-block-columns has-4-columns is-layout-flex wp-container-core-columns-is-layout-3 wp-block-columns-is-layout-flex\">\n<div class=\"wp-block-column is-layout-flow wp-block-column-is-layout-flow\">\n<div class=\"wp-block-getwid-person is-image-cropped\"><div class=\"wp-block-getwid-person__image\"><img decoding=\"async\" width=\"768\" height=\"768\" src=\"https:\/\/www.vivnetworks.com\/wp-content\/uploads\/2022\/06\/Mirko-Zapletal-768x768.png\" class=\"wp-image-21894\" srcset=\"https:\/\/www.vivnetworks.com\/wp-content\/uploads\/2022\/06\/Mirko-Zapletal-768x768.png 768w, https:\/\/www.vivnetworks.com\/wp-content\/uploads\/2022\/06\/Mirko-Zapletal-300x300.png 300w, https:\/\/www.vivnetworks.com\/wp-content\/uploads\/2022\/06\/Mirko-Zapletal-1024x1024.png 1024w, https:\/\/www.vivnetworks.com\/wp-content\/uploads\/2022\/06\/Mirko-Zapletal-150x150.png 150w, https:\/\/www.vivnetworks.com\/wp-content\/uploads\/2022\/06\/Mirko-Zapletal-1536x1536.png 1536w, https:\/\/www.vivnetworks.com\/wp-content\/uploads\/2022\/06\/Mirko-Zapletal-2048x2048.png 2048w, https:\/\/www.vivnetworks.com\/wp-content\/uploads\/2022\/06\/Mirko-Zapletal-75x75.png 75w\" sizes=\"(max-width: 768px) 100vw, 768px\" \/><\/div><div class=\"wp-block-getwid-person__content-wrapper\"><span class=\"wp-block-getwid-person__title\">Mirko Zapletal<\/span><span class=\"wp-block-getwid-person__subtitle\">Sales Director<\/span><p class=\"wp-block-getwid-person__content\"><a href=\"mailto:mirko.zapletal@vivnetworks.com\">mirko.zapletal@vivnetworks.com<\/a><br><a href=\"tel:+420725258519\">+420 725 258 519<\/a><\/p>\n\n<div class=\"wp-block-getwid-social-links has-large-spacing\"><ul class=\"wp-block-getwid-social-links__list getwid-justify-content-center\"><li class=\"wp-block-getwid-social-links__item\"><a class=\"wp-block-getwid-social-links__link\" href=\"https:\/\/www.linkedin.com\/in\/mirko-zapletal-vivnetworks\/\" target=\"_blank\" rel=\"noreferrer noopener\"><span class=\"wp-block-getwid-social-links__wrapper has-text-color\" style=\"color:#000000\"><i class=\"fab fa-linkedin\"><\/i><\/span><\/a><\/li><li class=\"wp-block-getwid-social-links__item\"><a class=\"wp-block-getwid-social-links__link\" href=\"https:\/\/www.youtube.com\/user\/VIVnetworks2013\" target=\"_blank\" rel=\"noreferrer noopener\"><span class=\"wp-block-getwid-social-links__wrapper has-text-color\" style=\"color:#000000\"><i class=\"fab fa-youtube\"><\/i><\/span><\/a><\/li><\/ul><\/div>\n\n<\/div><\/div>\n<\/div>\n\n\n\n<div class=\"wp-block-column is-layout-flow wp-block-column-is-layout-flow\"><\/div>\n\n\n\n<div class=\"wp-block-column is-layout-flow wp-block-column-is-layout-flow\"><\/div>\n<\/div>\n<\/div><\/div><\/div><\/div><\/div>\n","protected":false},"excerpt":{"rendered":"<p>O spolo\u010dnosti Pom\u00e1hame e-shopom zvy\u0161ova\u0165 po\u010det objedn\u00e1vok a z\u00edskava\u0165 nov\u00fdch z\u00e1kazn\u00edkov. Vyu\u017e\u00edvame na to affiliate marketing, ktor\u00fd cez 16 rokov [&hellip;]<\/p>\n","protected":false},"author":3,"featured_media":0,"parent":0,"menu_order":0,"comment_status":"closed","ping_status":"closed","template":"","meta":{"_eb_attr":"","_uag_custom_page_level_css":"","footnotes":""},"yoast_head":"<!-- This site is optimized with the Yoast SEO Premium plugin v22.5 (Yoast SEO v22.5) - https:\/\/yoast.com\/wordpress\/plugins\/seo\/ -->\n<title>VIVnetworks.com s.r.o. | VIVnetworks.com<\/title>\n<meta name=\"description\" content=\"Pom\u00e1hame e-shopom navy\u0161ova\u0165 po\u010det objedn\u00e1vok a z\u00edskava\u0165 nov\u00fdch z\u00e1kazn\u00edkov. Vyu\u017e\u00edvame na to affiliate marketing, ktor\u00fd cez 16 rokov tvor\u00edme.\" \/>\n<meta name=\"robots\" content=\"index, follow, max-snippet:-1, max-image-preview:large, max-video-preview:-1\" \/>\n<link rel=\"canonical\" href=\"https:\/\/www.vivnetworks.com\/sk\/o-nas\/\" \/>\n<meta property=\"og:locale\" content=\"sk_SK\" \/>\n<meta property=\"og:type\" content=\"article\" \/>\n<meta property=\"og:title\" content=\"VIVnetworks.com s.r.o.\" \/>\n<meta property=\"og:description\" content=\"O spolo\u010dnosti Pom\u00e1hame e-shopom zvy\u0161ova\u0165 po\u010det objedn\u00e1vok a z\u00edskava\u0165 nov\u00fdch z\u00e1kazn\u00edkov. Vyu\u017e\u00edvame na to affiliate marketing, ktor\u00fd cez 16 rokov tvor\u00edme a\" \/>\n<meta property=\"og:url\" content=\"https:\/\/www.vivnetworks.com\/sk\/o-nas\/\" \/>\n<meta property=\"og:site_name\" content=\"VIVnetworks.com\" \/>\n<meta property=\"article:modified_time\" content=\"2026-01-05T12:26:17+00:00\" \/>\n<meta property=\"og:image\" content=\"https:\/\/www.vivnetworks.com\/wp-content\/uploads\/2022\/06\/Mirko-Zapletal-768x768.png\" \/>\n<meta name=\"twitter:card\" content=\"summary_large_image\" \/>\n<meta name=\"twitter:label1\" content=\"Predpokladan\u00fd \u010das \u010d\u00edtania\" \/>\n\t<meta name=\"twitter:data1\" content=\"1 min\u00fata\" \/>\n<script type=\"application\/ld+json\" class=\"yoast-schema-graph\">{\"@context\":\"https:\/\/schema.org\",\"@graph\":[{\"@type\":\"WebPage\",\"@id\":\"https:\/\/www.vivnetworks.com\/sk\/o-nas\/\",\"url\":\"https:\/\/www.vivnetworks.com\/sk\/o-nas\/\",\"name\":\"VIVnetworks.com s.r.o. | VIVnetworks.com\",\"isPartOf\":{\"@id\":\"https:\/\/www.vivnetworks.com\/sk\/#website\"},\"primaryImageOfPage\":{\"@id\":\"https:\/\/www.vivnetworks.com\/sk\/o-nas\/#primaryimage\"},\"image\":{\"@id\":\"https:\/\/www.vivnetworks.com\/sk\/o-nas\/#primaryimage\"},\"thumbnailUrl\":\"https:\/\/www.vivnetworks.com\/wp-content\/uploads\/2022\/06\/Mirko-Zapletal-768x768.png\",\"datePublished\":\"2021-02-15T19:16:14+00:00\",\"dateModified\":\"2026-01-05T12:26:17+00:00\",\"description\":\"Pom\u00e1hame e-shopom navy\u0161ova\u0165 po\u010det objedn\u00e1vok a z\u00edskava\u0165 nov\u00fdch z\u00e1kazn\u00edkov. Vyu\u017e\u00edvame na to affiliate marketing, ktor\u00fd cez 16 rokov tvor\u00edme.\",\"breadcrumb\":{\"@id\":\"https:\/\/www.vivnetworks.com\/sk\/o-nas\/#breadcrumb\"},\"inLanguage\":\"sk-SK\",\"potentialAction\":[{\"@type\":\"ReadAction\",\"target\":[\"https:\/\/www.vivnetworks.com\/sk\/o-nas\/\"]}]},{\"@type\":\"ImageObject\",\"inLanguage\":\"sk-SK\",\"@id\":\"https:\/\/www.vivnetworks.com\/sk\/o-nas\/#primaryimage\",\"url\":\"https:\/\/www.vivnetworks.com\/wp-content\/uploads\/2022\/06\/Mirko-Zapletal-768x768.png\",\"contentUrl\":\"https:\/\/www.vivnetworks.com\/wp-content\/uploads\/2022\/06\/Mirko-Zapletal-768x768.png\"},{\"@type\":\"BreadcrumbList\",\"@id\":\"https:\/\/www.vivnetworks.com\/sk\/o-nas\/#breadcrumb\",\"itemListElement\":[{\"@type\":\"ListItem\",\"position\":1,\"name\":\"Dom\u016f\",\"item\":\"https:\/\/www.vivnetworks.com\/sk\/\"},{\"@type\":\"ListItem\",\"position\":2,\"name\":\"VIVnetworks.com s.r.o.\"}]},{\"@type\":\"WebSite\",\"@id\":\"https:\/\/www.vivnetworks.com\/sk\/#website\",\"url\":\"https:\/\/www.vivnetworks.com\/sk\/\",\"name\":\"VIVnetworks.com\",\"description\":\"Nejv\u00fdkonn\u011bj\u0161\u00ed affiliate s\u00ed\u0165 v CEE\",\"publisher\":{\"@id\":\"https:\/\/www.vivnetworks.com\/sk\/#organization\"},\"potentialAction\":[{\"@type\":\"SearchAction\",\"target\":{\"@type\":\"EntryPoint\",\"urlTemplate\":\"https:\/\/www.vivnetworks.com\/sk\/?s={search_term_string}\"},\"query-input\":\"required name=search_term_string\"}],\"inLanguage\":\"sk-SK\"},{\"@type\":\"Organization\",\"@id\":\"https:\/\/www.vivnetworks.com\/sk\/#organization\",\"name\":\"VIVnetworks.com s.r.o.\",\"url\":\"https:\/\/www.vivnetworks.com\/sk\/\",\"logo\":{\"@type\":\"ImageObject\",\"inLanguage\":\"sk-SK\",\"@id\":\"https:\/\/www.vivnetworks.com\/sk\/#\/schema\/logo\/image\/\",\"url\":\"https:\/\/www.vivnetworks.com\/wp-content\/uploads\/2022\/01\/Logo-VIVnetworks-400x200-1.png\",\"contentUrl\":\"https:\/\/www.vivnetworks.com\/wp-content\/uploads\/2022\/01\/Logo-VIVnetworks-400x200-1.png\",\"width\":400,\"height\":200,\"caption\":\"VIVnetworks.com s.r.o.\"},\"image\":{\"@id\":\"https:\/\/www.vivnetworks.com\/sk\/#\/schema\/logo\/image\/\"}}]}<\/script>\n<!-- \/ Yoast SEO Premium plugin. -->","yoast_head_json":{"title":"VIVnetworks.com s.r.o. | VIVnetworks.com","description":"Pom\u00e1hame e-shopom navy\u0161ova\u0165 po\u010det objedn\u00e1vok a z\u00edskava\u0165 nov\u00fdch z\u00e1kazn\u00edkov. Vyu\u017e\u00edvame na to affiliate marketing, ktor\u00fd cez 16 rokov tvor\u00edme.","robots":{"index":"index","follow":"follow","max-snippet":"max-snippet:-1","max-image-preview":"max-image-preview:large","max-video-preview":"max-video-preview:-1"},"canonical":"https:\/\/www.vivnetworks.com\/sk\/o-nas\/","og_locale":"sk_SK","og_type":"article","og_title":"VIVnetworks.com s.r.o.","og_description":"O spolo\u010dnosti Pom\u00e1hame e-shopom zvy\u0161ova\u0165 po\u010det objedn\u00e1vok a z\u00edskava\u0165 nov\u00fdch z\u00e1kazn\u00edkov. Vyu\u017e\u00edvame na to affiliate marketing, ktor\u00fd cez 16 rokov tvor\u00edme a","og_url":"https:\/\/www.vivnetworks.com\/sk\/o-nas\/","og_site_name":"VIVnetworks.com","article_modified_time":"2026-01-05T12:26:17+00:00","og_image":[{"url":"https:\/\/www.vivnetworks.com\/wp-content\/uploads\/2022\/06\/Mirko-Zapletal-768x768.png"}],"twitter_card":"summary_large_image","twitter_misc":{"Predpokladan\u00fd \u010das \u010d\u00edtania":"1 min\u00fata"},"schema":{"@context":"https:\/\/schema.org","@graph":[{"@type":"WebPage","@id":"https:\/\/www.vivnetworks.com\/sk\/o-nas\/","url":"https:\/\/www.vivnetworks.com\/sk\/o-nas\/","name":"VIVnetworks.com s.r.o. | VIVnetworks.com","isPartOf":{"@id":"https:\/\/www.vivnetworks.com\/sk\/#website"},"primaryImageOfPage":{"@id":"https:\/\/www.vivnetworks.com\/sk\/o-nas\/#primaryimage"},"image":{"@id":"https:\/\/www.vivnetworks.com\/sk\/o-nas\/#primaryimage"},"thumbnailUrl":"https:\/\/www.vivnetworks.com\/wp-content\/uploads\/2022\/06\/Mirko-Zapletal-768x768.png","datePublished":"2021-02-15T19:16:14+00:00","dateModified":"2026-01-05T12:26:17+00:00","description":"Pom\u00e1hame e-shopom navy\u0161ova\u0165 po\u010det objedn\u00e1vok a z\u00edskava\u0165 nov\u00fdch z\u00e1kazn\u00edkov. Vyu\u017e\u00edvame na to affiliate marketing, ktor\u00fd cez 16 rokov tvor\u00edme.","breadcrumb":{"@id":"https:\/\/www.vivnetworks.com\/sk\/o-nas\/#breadcrumb"},"inLanguage":"sk-SK","potentialAction":[{"@type":"ReadAction","target":["https:\/\/www.vivnetworks.com\/sk\/o-nas\/"]}]},{"@type":"ImageObject","inLanguage":"sk-SK","@id":"https:\/\/www.vivnetworks.com\/sk\/o-nas\/#primaryimage","url":"https:\/\/www.vivnetworks.com\/wp-content\/uploads\/2022\/06\/Mirko-Zapletal-768x768.png","contentUrl":"https:\/\/www.vivnetworks.com\/wp-content\/uploads\/2022\/06\/Mirko-Zapletal-768x768.png"},{"@type":"BreadcrumbList","@id":"https:\/\/www.vivnetworks.com\/sk\/o-nas\/#breadcrumb","itemListElement":[{"@type":"ListItem","position":1,"name":"Dom\u016f","item":"https:\/\/www.vivnetworks.com\/sk\/"},{"@type":"ListItem","position":2,"name":"VIVnetworks.com s.r.o."}]},{"@type":"WebSite","@id":"https:\/\/www.vivnetworks.com\/sk\/#website","url":"https:\/\/www.vivnetworks.com\/sk\/","name":"VIVnetworks.com","description":"Nejv\u00fdkonn\u011bj\u0161\u00ed affiliate s\u00ed\u0165 v CEE","publisher":{"@id":"https:\/\/www.vivnetworks.com\/sk\/#organization"},"potentialAction":[{"@type":"SearchAction","target":{"@type":"EntryPoint","urlTemplate":"https:\/\/www.vivnetworks.com\/sk\/?s={search_term_string}"},"query-input":"required name=search_term_string"}],"inLanguage":"sk-SK"},{"@type":"Organization","@id":"https:\/\/www.vivnetworks.com\/sk\/#organization","name":"VIVnetworks.com s.r.o.","url":"https:\/\/www.vivnetworks.com\/sk\/","logo":{"@type":"ImageObject","inLanguage":"sk-SK","@id":"https:\/\/www.vivnetworks.com\/sk\/#\/schema\/logo\/image\/","url":"https:\/\/www.vivnetworks.com\/wp-content\/uploads\/2022\/01\/Logo-VIVnetworks-400x200-1.png","contentUrl":"https:\/\/www.vivnetworks.com\/wp-content\/uploads\/2022\/01\/Logo-VIVnetworks-400x200-1.png","width":400,"height":200,"caption":"VIVnetworks.com s.r.o."},"image":{"@id":"https:\/\/www.vivnetworks.com\/sk\/#\/schema\/logo\/image\/"}}]}},"uagb_featured_image_src":{"full":false,"thumbnail":false,"medium":false,"medium_large":false,"large":false,"1536x1536":false,"2048x2048":false},"uagb_author_info":{"display_name":"VIVnetworks.com","author_link":"https:\/\/www.vivnetworks.com\/sk\/author\/admin\/"},"uagb_comment_info":0,"uagb_excerpt":"O spolo\u010dnosti Pom\u00e1hame e-shopom zvy\u0161ova\u0165 po\u010det objedn\u00e1vok a z\u00edskava\u0165 nov\u00fdch z\u00e1kazn\u00edkov. Vyu\u017e\u00edvame na to affiliate marketing, ktor\u00fd cez 16 rokov [&hellip;]","_links":{"self":[{"href":"https:\/\/www.vivnetworks.com\/sk\/wp-json\/wp\/v2\/pages\/5959"}],"collection":[{"href":"https:\/\/www.vivnetworks.com\/sk\/wp-json\/wp\/v2\/pages"}],"about":[{"href":"https:\/\/www.vivnetworks.com\/sk\/wp-json\/wp\/v2\/types\/page"}],"author":[{"embeddable":true,"href":"https:\/\/www.vivnetworks.com\/sk\/wp-json\/wp\/v2\/users\/3"}],"replies":[{"embeddable":true,"href":"https:\/\/www.vivnetworks.com\/sk\/wp-json\/wp\/v2\/comments?post=5959"}],"version-history":[{"count":62,"href":"https:\/\/www.vivnetworks.com\/sk\/wp-json\/wp\/v2\/pages\/5959\/revisions"}],"predecessor-version":[{"id":64630,"href":"https:\/\/www.vivnetworks.com\/sk\/wp-json\/wp\/v2\/pages\/5959\/revisions\/64630"}],"wp:attachment":[{"href":"https:\/\/www.vivnetworks.com\/sk\/wp-json\/wp\/v2\/media?parent=5959"}],"curies":[{"name":"wp","href":"https:\/\/api.w.org\/{rel}","templated":true}]}}