{"id":5947,"date":"2021-02-15T20:15:32","date_gmt":"2021-02-15T19:15:32","guid":{"rendered":"http:\/\/268709.w9.wedos.ws\/404-not-found\/"},"modified":"2023-02-20T10:00:32","modified_gmt":"2023-02-20T09:00:32","slug":"404-not-found","status":"publish","type":"page","link":"https:\/\/www.vivnetworks.com\/sk\/404-not-found\/","title":{"rendered":"Str\u00e1nka nen\u00e1jden\u00e1"},"content":{"rendered":"","protected":false},"excerpt":{"rendered":"","protected":false},"author":3,"featured_media":0,"parent":0,"menu_order":0,"comment_status":"closed","ping_status":"closed","template":"","meta":{"_eb_attr":"","_uag_custom_page_level_css":"","footnotes":""},"yoast_head":"<!-- This site is optimized with the Yoast SEO Premium plugin v22.5 (Yoast SEO v22.5) - https:\/\/yoast.com\/wordpress\/plugins\/seo\/ -->\n<title>Str\u00e1nka nen\u00e1jden\u00e1 | VIVnetworks.com<\/title>\n<meta name=\"robots\" content=\"index, follow, max-snippet:-1, max-image-preview:large, max-video-preview:-1\" \/>\n<link rel=\"canonical\" href=\"https:\/\/www.vivnetworks.com\/sk\/404-not-found\/\" \/>\n<meta property=\"og:locale\" content=\"sk_SK\" \/>\n<meta property=\"og:type\" content=\"article\" \/>\n<meta property=\"og:title\" content=\"Str\u00e1nka nen\u00e1jden\u00e1\" \/>\n<meta property=\"og:url\" content=\"https:\/\/www.vivnetworks.com\/sk\/404-not-found\/\" \/>\n<meta property=\"og:site_name\" content=\"VIVnetworks.com\" \/>\n<meta property=\"article:modified_time\" content=\"2023-02-20T09:00:32+00:00\" \/>\n<meta property=\"og:image\" content=\"https:\/\/www.vivnetworks.com\/wp-content\/uploads\/2022\/01\/Logo-VIVnetworks-400x200-1.png\" \/>\n\t<meta property=\"og:image:width\" content=\"400\" \/>\n\t<meta property=\"og:image:height\" content=\"200\" \/>\n\t<meta property=\"og:image:type\" content=\"image\/png\" \/>\n<meta name=\"twitter:card\" content=\"summary_large_image\" \/>\n<script type=\"application\/ld+json\" class=\"yoast-schema-graph\">{\"@context\":\"https:\/\/schema.org\",\"@graph\":[{\"@type\":\"WebPage\",\"@id\":\"https:\/\/www.vivnetworks.com\/sk\/404-not-found\/\",\"url\":\"https:\/\/www.vivnetworks.com\/sk\/404-not-found\/\",\"name\":\"Str\u00e1nka nen\u00e1jden\u00e1 | VIVnetworks.com\",\"isPartOf\":{\"@id\":\"https:\/\/www.vivnetworks.com\/sk\/#website\"},\"datePublished\":\"2021-02-15T19:15:32+00:00\",\"dateModified\":\"2023-02-20T09:00:32+00:00\",\"breadcrumb\":{\"@id\":\"https:\/\/www.vivnetworks.com\/sk\/404-not-found\/#breadcrumb\"},\"inLanguage\":\"sk-SK\",\"potentialAction\":[{\"@type\":\"ReadAction\",\"target\":[\"https:\/\/www.vivnetworks.com\/sk\/404-not-found\/\"]}]},{\"@type\":\"BreadcrumbList\",\"@id\":\"https:\/\/www.vivnetworks.com\/sk\/404-not-found\/#breadcrumb\",\"itemListElement\":[{\"@type\":\"ListItem\",\"position\":1,\"name\":\"Dom\u016f\",\"item\":\"https:\/\/www.vivnetworks.com\/sk\/\"},{\"@type\":\"ListItem\",\"position\":2,\"name\":\"Str\u00e1nka nen\u00e1jden\u00e1\"}]},{\"@type\":\"WebSite\",\"@id\":\"https:\/\/www.vivnetworks.com\/sk\/#website\",\"url\":\"https:\/\/www.vivnetworks.com\/sk\/\",\"name\":\"VIVnetworks.com\",\"description\":\"Nejv\u00fdkonn\u011bj\u0161\u00ed affiliate s\u00ed\u0165 v CEE\",\"publisher\":{\"@id\":\"https:\/\/www.vivnetworks.com\/sk\/#organization\"},\"potentialAction\":[{\"@type\":\"SearchAction\",\"target\":{\"@type\":\"EntryPoint\",\"urlTemplate\":\"https:\/\/www.vivnetworks.com\/sk\/?s={search_term_string}\"},\"query-input\":\"required name=search_term_string\"}],\"inLanguage\":\"sk-SK\"},{\"@type\":\"Organization\",\"@id\":\"https:\/\/www.vivnetworks.com\/sk\/#organization\",\"name\":\"VIVnetworks.com s.r.o.\",\"url\":\"https:\/\/www.vivnetworks.com\/sk\/\",\"logo\":{\"@type\":\"ImageObject\",\"inLanguage\":\"sk-SK\",\"@id\":\"https:\/\/www.vivnetworks.com\/sk\/#\/schema\/logo\/image\/\",\"url\":\"https:\/\/www.vivnetworks.com\/wp-content\/uploads\/2022\/01\/Logo-VIVnetworks-400x200-1.png\",\"contentUrl\":\"https:\/\/www.vivnetworks.com\/wp-content\/uploads\/2022\/01\/Logo-VIVnetworks-400x200-1.png\",\"width\":400,\"height\":200,\"caption\":\"VIVnetworks.com s.r.o.\"},\"image\":{\"@id\":\"https:\/\/www.vivnetworks.com\/sk\/#\/schema\/logo\/image\/\"}}]}<\/script>\n<!-- \/ Yoast SEO Premium plugin. -->","yoast_head_json":{"title":"Str\u00e1nka nen\u00e1jden\u00e1 | VIVnetworks.com","robots":{"index":"index","follow":"follow","max-snippet":"max-snippet:-1","max-image-preview":"max-image-preview:large","max-video-preview":"max-video-preview:-1"},"canonical":"https:\/\/www.vivnetworks.com\/sk\/404-not-found\/","og_locale":"sk_SK","og_type":"article","og_title":"Str\u00e1nka nen\u00e1jden\u00e1","og_url":"https:\/\/www.vivnetworks.com\/sk\/404-not-found\/","og_site_name":"VIVnetworks.com","article_modified_time":"2023-02-20T09:00:32+00:00","og_image":[{"width":400,"height":200,"url":"https:\/\/www.vivnetworks.com\/wp-content\/uploads\/2022\/01\/Logo-VIVnetworks-400x200-1.png","type":"image\/png"}],"twitter_card":"summary_large_image","schema":{"@context":"https:\/\/schema.org","@graph":[{"@type":"WebPage","@id":"https:\/\/www.vivnetworks.com\/sk\/404-not-found\/","url":"https:\/\/www.vivnetworks.com\/sk\/404-not-found\/","name":"Str\u00e1nka nen\u00e1jden\u00e1 | VIVnetworks.com","isPartOf":{"@id":"https:\/\/www.vivnetworks.com\/sk\/#website"},"datePublished":"2021-02-15T19:15:32+00:00","dateModified":"2023-02-20T09:00:32+00:00","breadcrumb":{"@id":"https:\/\/www.vivnetworks.com\/sk\/404-not-found\/#breadcrumb"},"inLanguage":"sk-SK","potentialAction":[{"@type":"ReadAction","target":["https:\/\/www.vivnetworks.com\/sk\/404-not-found\/"]}]},{"@type":"BreadcrumbList","@id":"https:\/\/www.vivnetworks.com\/sk\/404-not-found\/#breadcrumb","itemListElement":[{"@type":"ListItem","position":1,"name":"Dom\u016f","item":"https:\/\/www.vivnetworks.com\/sk\/"},{"@type":"ListItem","position":2,"name":"Str\u00e1nka nen\u00e1jden\u00e1"}]},{"@type":"WebSite","@id":"https:\/\/www.vivnetworks.com\/sk\/#website","url":"https:\/\/www.vivnetworks.com\/sk\/","name":"VIVnetworks.com","description":"Nejv\u00fdkonn\u011bj\u0161\u00ed affiliate s\u00ed\u0165 v CEE","publisher":{"@id":"https:\/\/www.vivnetworks.com\/sk\/#organization"},"potentialAction":[{"@type":"SearchAction","target":{"@type":"EntryPoint","urlTemplate":"https:\/\/www.vivnetworks.com\/sk\/?s={search_term_string}"},"query-input":"required name=search_term_string"}],"inLanguage":"sk-SK"},{"@type":"Organization","@id":"https:\/\/www.vivnetworks.com\/sk\/#organization","name":"VIVnetworks.com s.r.o.","url":"https:\/\/www.vivnetworks.com\/sk\/","logo":{"@type":"ImageObject","inLanguage":"sk-SK","@id":"https:\/\/www.vivnetworks.com\/sk\/#\/schema\/logo\/image\/","url":"https:\/\/www.vivnetworks.com\/wp-content\/uploads\/2022\/01\/Logo-VIVnetworks-400x200-1.png","contentUrl":"https:\/\/www.vivnetworks.com\/wp-content\/uploads\/2022\/01\/Logo-VIVnetworks-400x200-1.png","width":400,"height":200,"caption":"VIVnetworks.com s.r.o."},"image":{"@id":"https:\/\/www.vivnetworks.com\/sk\/#\/schema\/logo\/image\/"}}]}},"uagb_featured_image_src":{"full":false,"thumbnail":false,"medium":false,"medium_large":false,"large":false,"1536x1536":false,"2048x2048":false},"uagb_author_info":{"display_name":"VIVnetworks.com","author_link":"https:\/\/www.vivnetworks.com\/sk\/author\/admin\/"},"uagb_comment_info":0,"uagb_excerpt":null,"_links":{"self":[{"href":"https:\/\/www.vivnetworks.com\/sk\/wp-json\/wp\/v2\/pages\/5947"}],"collection":[{"href":"https:\/\/www.vivnetworks.com\/sk\/wp-json\/wp\/v2\/pages"}],"about":[{"href":"https:\/\/www.vivnetworks.com\/sk\/wp-json\/wp\/v2\/types\/page"}],"author":[{"embeddable":true,"href":"https:\/\/www.vivnetworks.com\/sk\/wp-json\/wp\/v2\/users\/3"}],"replies":[{"embeddable":true,"href":"https:\/\/www.vivnetworks.com\/sk\/wp-json\/wp\/v2\/comments?post=5947"}],"version-history":[{"count":1,"href":"https:\/\/www.vivnetworks.com\/sk\/wp-json\/wp\/v2\/pages\/5947\/revisions"}],"predecessor-version":[{"id":28820,"href":"https:\/\/www.vivnetworks.com\/sk\/wp-json\/wp\/v2\/pages\/5947\/revisions\/28820"}],"wp:attachment":[{"href":"https:\/\/www.vivnetworks.com\/sk\/wp-json\/wp\/v2\/media?parent=5947"}],"curies":[{"name":"wp","href":"https:\/\/api.w.org\/{rel}","templated":true}]}}