{"id":17979,"date":"2022-03-01T09:56:57","date_gmt":"2022-03-01T08:56:57","guid":{"rendered":"https:\/\/www.vivnetworks.com\/testovaci-222-stranka\/"},"modified":"2022-03-01T09:58:35","modified_gmt":"2022-03-01T08:58:35","slug":"testovaci-222-stranka","status":"publish","type":"page","link":"https:\/\/www.vivnetworks.com\/sk\/testovaci-222-stranka\/","title":{"rendered":"testovaci 222 <span class=\"has-green-color\">stranka<\/span>"},"content":{"rendered":"\n<ul><li><\/li><\/ul>\n\n\n\r\n\t\t<div class=\"wp-block-getwid-recent-posts has-layout-grid has-cropped-images\">\r\n\t\t\t<div class=\"wp-block-getwid-recent-posts__wrapper getwid-columns getwid-columns-3\">\r\n\t\t\t\t\r\n<article id=\"post-66063\" class=\"wp-block-getwid-recent-posts__post\">\r\n    <div class=\"wp-block-getwid-recent-posts__post-wrapper\">\r\n                    <div class=\"wp-block-getwid-recent-posts__post-thumbnail\">\r\n                <a href=\"https:\/\/www.vivnetworks.com\/sk\/vysledky-affiliate-siete-cj-vivnetworks-za-januar-a-februar-2026\/\"><img decoding=\"async\" width=\"640\" height=\"361\" src=\"https:\/\/www.vivnetworks.com\/wp-content\/uploads\/2026\/03\/SK-Blog-_-Vysledky-leden-a-unor-2026-768x433.png\" class=\"attachment-medium_large size-medium_large wp-post-image\" alt=\"V\u00fdsledky affiliate siete CJ | VIVnetworks za janu\u00e1r a febru\u00e1r 2026\" srcset=\"https:\/\/www.vivnetworks.com\/wp-content\/uploads\/2026\/03\/SK-Blog-_-Vysledky-leden-a-unor-2026-768x433.png 768w, https:\/\/www.vivnetworks.com\/wp-content\/uploads\/2026\/03\/SK-Blog-_-Vysledky-leden-a-unor-2026-300x169.png 300w, https:\/\/www.vivnetworks.com\/wp-content\/uploads\/2026\/03\/SK-Blog-_-Vysledky-leden-a-unor-2026-1024x577.png 1024w, https:\/\/www.vivnetworks.com\/wp-content\/uploads\/2026\/03\/SK-Blog-_-Vysledky-leden-a-unor-2026-1536x865.png 1536w, https:\/\/www.vivnetworks.com\/wp-content\/uploads\/2026\/03\/SK-Blog-_-Vysledky-leden-a-unor-2026.png 1924w\" sizes=\"(max-width: 640px) 100vw, 640px\" \/><\/a>\r\n            <\/div>\r\n                            <div class=\"wp-block-getwid-recent-posts__content-wrapper\">\r\n                                    <header class=\"wp-block-getwid-recent-posts__entry-header\">\r\n                                                    <h3 class=\"wp-block-getwid-recent-posts__post-title\"><a href=\"https:\/\/www.vivnetworks.com\/sk\/vysledky-affiliate-siete-cj-vivnetworks-za-januar-a-februar-2026\/\">V\u00fdsledky affiliate siete CJ | VIVnetworks za janu\u00e1r a febru\u00e1r 2026<\/a><\/h3>                                                                    <\/header>\r\n                                \r\n                                    <footer class=\"wp-block-getwid-recent-posts__entry-footer\">\r\n                                                    <p class=\"wp-block-getwid-recent-posts__post-categories\">\r\n                                <a href=\"https:\/\/www.vivnetworks.com\/sk\/category\/viv-networks-sk\/\" rel=\"category tag\">VIVnetworks<\/a>                            <\/p>\r\n                                                                    <\/footer>\r\n                            <\/div>\r\n            <\/div>\r\n<\/article>\r\n\r\n<article id=\"post-39319\" class=\"wp-block-getwid-recent-posts__post\">\r\n    <div class=\"wp-block-getwid-recent-posts__post-wrapper\">\r\n                    <div class=\"wp-block-getwid-recent-posts__post-thumbnail\">\r\n                <a href=\"https:\/\/www.vivnetworks.com\/sk\/10-sposobov-ako-zdielat-affiliate-odkazy-a-zarabat-tak-uspesne-na-socialnych-sietach\/\"><img decoding=\"async\" width=\"640\" height=\"360\" src=\"https:\/\/www.vivnetworks.com\/wp-content\/uploads\/2023\/10\/SK-Blog-_-10-zpusobu-jak-sdilet-affiliate-odkazy-a-vydelavat-tak-uspesne-na-socialnich-sitich-768x432.png\" class=\"attachment-medium_large size-medium_large wp-post-image\" alt=\"10 sp\u00f4sobov, ako zdie\u013ea\u0165 affiliate odkazy a zar\u00e1ba\u0165 tak \u00faspe\u0161ne na soci\u00e1lnych sie\u0165ach\" srcset=\"https:\/\/www.vivnetworks.com\/wp-content\/uploads\/2023\/10\/SK-Blog-_-10-zpusobu-jak-sdilet-affiliate-odkazy-a-vydelavat-tak-uspesne-na-socialnich-sitich-768x432.png 768w, https:\/\/www.vivnetworks.com\/wp-content\/uploads\/2023\/10\/SK-Blog-_-10-zpusobu-jak-sdilet-affiliate-odkazy-a-vydelavat-tak-uspesne-na-socialnich-sitich-300x169.png 300w, https:\/\/www.vivnetworks.com\/wp-content\/uploads\/2023\/10\/SK-Blog-_-10-zpusobu-jak-sdilet-affiliate-odkazy-a-vydelavat-tak-uspesne-na-socialnich-sitich-1024x576.png 1024w, https:\/\/www.vivnetworks.com\/wp-content\/uploads\/2023\/10\/SK-Blog-_-10-zpusobu-jak-sdilet-affiliate-odkazy-a-vydelavat-tak-uspesne-na-socialnich-sitich-1536x864.png 1536w, https:\/\/www.vivnetworks.com\/wp-content\/uploads\/2023\/10\/SK-Blog-_-10-zpusobu-jak-sdilet-affiliate-odkazy-a-vydelavat-tak-uspesne-na-socialnich-sitich.png 1920w\" sizes=\"(max-width: 640px) 100vw, 640px\" \/><\/a>\r\n            <\/div>\r\n                            <div class=\"wp-block-getwid-recent-posts__content-wrapper\">\r\n                                    <header class=\"wp-block-getwid-recent-posts__entry-header\">\r\n                                                    <h3 class=\"wp-block-getwid-recent-posts__post-title\"><a href=\"https:\/\/www.vivnetworks.com\/sk\/10-sposobov-ako-zdielat-affiliate-odkazy-a-zarabat-tak-uspesne-na-socialnych-sietach\/\">10 sp\u00f4sobov, ako zdie\u013ea\u0165 affiliate odkazy a zar\u00e1ba\u0165 tak \u00faspe\u0161ne na soci\u00e1lnych sie\u0165ach<\/a><\/h3>                                                                    <\/header>\r\n                                \r\n                                    <footer class=\"wp-block-getwid-recent-posts__entry-footer\">\r\n                                                    <p class=\"wp-block-getwid-recent-posts__post-categories\">\r\n                                <a href=\"https:\/\/www.vivnetworks.com\/sk\/category\/vivnetworks-7\/\" rel=\"category tag\">VIVnetworks<\/a>, <a href=\"https:\/\/www.vivnetworks.com\/sk\/category\/aktualne-clanky\/\" rel=\"category tag\">Aktu\u00e1lne \u010dl\u00e1nky<\/a>                            <\/p>\r\n                                                                    <\/footer>\r\n                            <\/div>\r\n            <\/div>\r\n<\/article>\r\n\r\n<article id=\"post-64693\" class=\"wp-block-getwid-recent-posts__post\">\r\n    <div class=\"wp-block-getwid-recent-posts__post-wrapper\">\r\n                    <div class=\"wp-block-getwid-recent-posts__post-thumbnail\">\r\n                <a href=\"https:\/\/www.vivnetworks.com\/sk\/prezentacia-affiliate-marketingu-na-hernim-festivalu\/\"><img decoding=\"async\" width=\"640\" height=\"361\" src=\"https:\/\/www.vivnetworks.com\/wp-content\/uploads\/2025\/12\/SK-Blog-_-CJ-_-VIVnetworks-na-Hernom-festivale-768x433.png\" class=\"attachment-medium_large size-medium_large wp-post-image\" alt=\"CJ VIV Networks na Hernom festivale: Prezent\u00e1cia affiliate marketingu, novej spolupr\u00e1ce a s\u00fa\u0165a\u017e o ceny na\u0161ich inzerentov\" srcset=\"https:\/\/www.vivnetworks.com\/wp-content\/uploads\/2025\/12\/SK-Blog-_-CJ-_-VIVnetworks-na-Hernom-festivale-768x433.png 768w, https:\/\/www.vivnetworks.com\/wp-content\/uploads\/2025\/12\/SK-Blog-_-CJ-_-VIVnetworks-na-Hernom-festivale-300x169.png 300w, https:\/\/www.vivnetworks.com\/wp-content\/uploads\/2025\/12\/SK-Blog-_-CJ-_-VIVnetworks-na-Hernom-festivale-1024x577.png 1024w, https:\/\/www.vivnetworks.com\/wp-content\/uploads\/2025\/12\/SK-Blog-_-CJ-_-VIVnetworks-na-Hernom-festivale-1536x865.png 1536w, https:\/\/www.vivnetworks.com\/wp-content\/uploads\/2025\/12\/SK-Blog-_-CJ-_-VIVnetworks-na-Hernom-festivale.png 1924w\" sizes=\"(max-width: 640px) 100vw, 640px\" \/><\/a>\r\n            <\/div>\r\n                            <div class=\"wp-block-getwid-recent-posts__content-wrapper\">\r\n                                    <header class=\"wp-block-getwid-recent-posts__entry-header\">\r\n                                                    <h3 class=\"wp-block-getwid-recent-posts__post-title\"><a href=\"https:\/\/www.vivnetworks.com\/sk\/prezentacia-affiliate-marketingu-na-hernim-festivalu\/\">CJ VIV Networks na Hernom festivale: Prezent\u00e1cia affiliate marketingu, novej spolupr\u00e1ce a s\u00fa\u0165a\u017e o ceny na\u0161ich inzerentov<\/a><\/h3>                                                                    <\/header>\r\n                                \r\n                                    <footer class=\"wp-block-getwid-recent-posts__entry-footer\">\r\n                                                    <p class=\"wp-block-getwid-recent-posts__post-categories\">\r\n                                <a href=\"https:\/\/www.vivnetworks.com\/sk\/category\/viv-networks-sk\/\" rel=\"category tag\">VIVnetworks<\/a>                            <\/p>\r\n                                                                    <\/footer>\r\n                            <\/div>\r\n            <\/div>\r\n<\/article>\r\n\t\t\t<\/div>\r\n\t\t<\/div>\r\n\t\t","protected":false},"excerpt":{"rendered":"","protected":false},"author":58,"featured_media":0,"parent":0,"menu_order":0,"comment_status":"closed","ping_status":"closed","template":"","meta":{"_eb_attr":"","_uag_custom_page_level_css":"","footnotes":""},"yoast_head":"<!-- This site is optimized with the Yoast SEO Premium plugin v22.5 (Yoast SEO v22.5) - https:\/\/yoast.com\/wordpress\/plugins\/seo\/ -->\n<title>testovaci 222 [stranka] | VIVnetworks.com<\/title>\n<meta name=\"robots\" content=\"index, follow, max-snippet:-1, max-image-preview:large, max-video-preview:-1\" \/>\n<link rel=\"canonical\" href=\"https:\/\/www.vivnetworks.com\/sk\/testovaci-222-stranka\/\" \/>\n<meta property=\"og:locale\" content=\"sk_SK\" \/>\n<meta property=\"og:type\" content=\"article\" \/>\n<meta property=\"og:title\" content=\"testovaci 222 [stranka]\" \/>\n<meta property=\"og:url\" content=\"https:\/\/www.vivnetworks.com\/sk\/testovaci-222-stranka\/\" \/>\n<meta property=\"og:site_name\" content=\"VIVnetworks.com\" \/>\n<meta property=\"article:modified_time\" content=\"2022-03-01T08:58:35+00:00\" \/>\n<meta property=\"og:image\" content=\"https:\/\/www.vivnetworks.com\/wp-content\/uploads\/2022\/01\/Logo-VIVnetworks-400x200-1.png\" \/>\n\t<meta property=\"og:image:width\" content=\"400\" \/>\n\t<meta property=\"og:image:height\" content=\"200\" \/>\n\t<meta property=\"og:image:type\" content=\"image\/png\" \/>\n<meta name=\"twitter:card\" content=\"summary_large_image\" \/>\n<script type=\"application\/ld+json\" class=\"yoast-schema-graph\">{\"@context\":\"https:\/\/schema.org\",\"@graph\":[{\"@type\":\"WebPage\",\"@id\":\"https:\/\/www.vivnetworks.com\/sk\/testovaci-222-stranka\/\",\"url\":\"https:\/\/www.vivnetworks.com\/sk\/testovaci-222-stranka\/\",\"name\":\"testovaci 222 [stranka] | VIVnetworks.com\",\"isPartOf\":{\"@id\":\"https:\/\/www.vivnetworks.com\/sk\/#website\"},\"datePublished\":\"2022-03-01T08:56:57+00:00\",\"dateModified\":\"2022-03-01T08:58:35+00:00\",\"breadcrumb\":{\"@id\":\"https:\/\/www.vivnetworks.com\/sk\/testovaci-222-stranka\/#breadcrumb\"},\"inLanguage\":\"sk-SK\",\"potentialAction\":[{\"@type\":\"ReadAction\",\"target\":[\"https:\/\/www.vivnetworks.com\/sk\/testovaci-222-stranka\/\"]}]},{\"@type\":\"BreadcrumbList\",\"@id\":\"https:\/\/www.vivnetworks.com\/sk\/testovaci-222-stranka\/#breadcrumb\",\"itemListElement\":[{\"@type\":\"ListItem\",\"position\":1,\"name\":\"Dom\u016f\",\"item\":\"https:\/\/www.vivnetworks.com\/sk\/\"},{\"@type\":\"ListItem\",\"position\":2,\"name\":\"testovaci 222 stranka\"}]},{\"@type\":\"WebSite\",\"@id\":\"https:\/\/www.vivnetworks.com\/sk\/#website\",\"url\":\"https:\/\/www.vivnetworks.com\/sk\/\",\"name\":\"VIVnetworks.com\",\"description\":\"Nejv\u00fdkonn\u011bj\u0161\u00ed affiliate s\u00ed\u0165 v CEE\",\"publisher\":{\"@id\":\"https:\/\/www.vivnetworks.com\/sk\/#organization\"},\"potentialAction\":[{\"@type\":\"SearchAction\",\"target\":{\"@type\":\"EntryPoint\",\"urlTemplate\":\"https:\/\/www.vivnetworks.com\/sk\/?s={search_term_string}\"},\"query-input\":\"required name=search_term_string\"}],\"inLanguage\":\"sk-SK\"},{\"@type\":\"Organization\",\"@id\":\"https:\/\/www.vivnetworks.com\/sk\/#organization\",\"name\":\"VIVnetworks.com s.r.o.\",\"url\":\"https:\/\/www.vivnetworks.com\/sk\/\",\"logo\":{\"@type\":\"ImageObject\",\"inLanguage\":\"sk-SK\",\"@id\":\"https:\/\/www.vivnetworks.com\/sk\/#\/schema\/logo\/image\/\",\"url\":\"https:\/\/www.vivnetworks.com\/wp-content\/uploads\/2022\/01\/Logo-VIVnetworks-400x200-1.png\",\"contentUrl\":\"https:\/\/www.vivnetworks.com\/wp-content\/uploads\/2022\/01\/Logo-VIVnetworks-400x200-1.png\",\"width\":400,\"height\":200,\"caption\":\"VIVnetworks.com s.r.o.\"},\"image\":{\"@id\":\"https:\/\/www.vivnetworks.com\/sk\/#\/schema\/logo\/image\/\"}}]}<\/script>\n<!-- \/ Yoast SEO Premium plugin. -->","yoast_head_json":{"title":"testovaci 222 [stranka] | VIVnetworks.com","robots":{"index":"index","follow":"follow","max-snippet":"max-snippet:-1","max-image-preview":"max-image-preview:large","max-video-preview":"max-video-preview:-1"},"canonical":"https:\/\/www.vivnetworks.com\/sk\/testovaci-222-stranka\/","og_locale":"sk_SK","og_type":"article","og_title":"testovaci 222 [stranka]","og_url":"https:\/\/www.vivnetworks.com\/sk\/testovaci-222-stranka\/","og_site_name":"VIVnetworks.com","article_modified_time":"2022-03-01T08:58:35+00:00","og_image":[{"width":400,"height":200,"url":"https:\/\/www.vivnetworks.com\/wp-content\/uploads\/2022\/01\/Logo-VIVnetworks-400x200-1.png","type":"image\/png"}],"twitter_card":"summary_large_image","schema":{"@context":"https:\/\/schema.org","@graph":[{"@type":"WebPage","@id":"https:\/\/www.vivnetworks.com\/sk\/testovaci-222-stranka\/","url":"https:\/\/www.vivnetworks.com\/sk\/testovaci-222-stranka\/","name":"testovaci 222 [stranka] | VIVnetworks.com","isPartOf":{"@id":"https:\/\/www.vivnetworks.com\/sk\/#website"},"datePublished":"2022-03-01T08:56:57+00:00","dateModified":"2022-03-01T08:58:35+00:00","breadcrumb":{"@id":"https:\/\/www.vivnetworks.com\/sk\/testovaci-222-stranka\/#breadcrumb"},"inLanguage":"sk-SK","potentialAction":[{"@type":"ReadAction","target":["https:\/\/www.vivnetworks.com\/sk\/testovaci-222-stranka\/"]}]},{"@type":"BreadcrumbList","@id":"https:\/\/www.vivnetworks.com\/sk\/testovaci-222-stranka\/#breadcrumb","itemListElement":[{"@type":"ListItem","position":1,"name":"Dom\u016f","item":"https:\/\/www.vivnetworks.com\/sk\/"},{"@type":"ListItem","position":2,"name":"testovaci 222 stranka"}]},{"@type":"WebSite","@id":"https:\/\/www.vivnetworks.com\/sk\/#website","url":"https:\/\/www.vivnetworks.com\/sk\/","name":"VIVnetworks.com","description":"Nejv\u00fdkonn\u011bj\u0161\u00ed affiliate s\u00ed\u0165 v CEE","publisher":{"@id":"https:\/\/www.vivnetworks.com\/sk\/#organization"},"potentialAction":[{"@type":"SearchAction","target":{"@type":"EntryPoint","urlTemplate":"https:\/\/www.vivnetworks.com\/sk\/?s={search_term_string}"},"query-input":"required name=search_term_string"}],"inLanguage":"sk-SK"},{"@type":"Organization","@id":"https:\/\/www.vivnetworks.com\/sk\/#organization","name":"VIVnetworks.com s.r.o.","url":"https:\/\/www.vivnetworks.com\/sk\/","logo":{"@type":"ImageObject","inLanguage":"sk-SK","@id":"https:\/\/www.vivnetworks.com\/sk\/#\/schema\/logo\/image\/","url":"https:\/\/www.vivnetworks.com\/wp-content\/uploads\/2022\/01\/Logo-VIVnetworks-400x200-1.png","contentUrl":"https:\/\/www.vivnetworks.com\/wp-content\/uploads\/2022\/01\/Logo-VIVnetworks-400x200-1.png","width":400,"height":200,"caption":"VIVnetworks.com s.r.o."},"image":{"@id":"https:\/\/www.vivnetworks.com\/sk\/#\/schema\/logo\/image\/"}}]}},"uagb_featured_image_src":{"full":false,"thumbnail":false,"medium":false,"medium_large":false,"large":false,"1536x1536":false,"2048x2048":false},"uagb_author_info":{"display_name":"David \u0160tromajer","author_link":"https:\/\/www.vivnetworks.com\/sk\/author\/david-stromajer\/"},"uagb_comment_info":0,"uagb_excerpt":null,"_links":{"self":[{"href":"https:\/\/www.vivnetworks.com\/sk\/wp-json\/wp\/v2\/pages\/17979"}],"collection":[{"href":"https:\/\/www.vivnetworks.com\/sk\/wp-json\/wp\/v2\/pages"}],"about":[{"href":"https:\/\/www.vivnetworks.com\/sk\/wp-json\/wp\/v2\/types\/page"}],"author":[{"embeddable":true,"href":"https:\/\/www.vivnetworks.com\/sk\/wp-json\/wp\/v2\/users\/58"}],"replies":[{"embeddable":true,"href":"https:\/\/www.vivnetworks.com\/sk\/wp-json\/wp\/v2\/comments?post=17979"}],"version-history":[{"count":5,"href":"https:\/\/www.vivnetworks.com\/sk\/wp-json\/wp\/v2\/pages\/17979\/revisions"}],"predecessor-version":[{"id":17984,"href":"https:\/\/www.vivnetworks.com\/sk\/wp-json\/wp\/v2\/pages\/17979\/revisions\/17984"}],"wp:attachment":[{"href":"https:\/\/www.vivnetworks.com\/sk\/wp-json\/wp\/v2\/media?parent=17979"}],"curies":[{"name":"wp","href":"https:\/\/api.w.org\/{rel}","templated":true}]}}