{"id":5956,"date":"2021-02-15T20:16:14","date_gmt":"2021-02-15T19:16:14","guid":{"rendered":"http:\/\/268709.w9.wedos.ws\/o-nas\/"},"modified":"2026-01-05T13:08:15","modified_gmt":"2026-01-05T12:08:15","slug":"despre-noi","status":"publish","type":"page","link":"https:\/\/www.vivnetworks.com\/ro\/despre-noi\/","title":{"rendered":"VIVnetworks.com s.r.o."},"content":{"rendered":"\n<div class=\"wp-block-group\"><div class=\"wp-block-group__inner-container is-layout-flow wp-block-group-is-layout-flow\">\n<div class=\"wp-block-columns is-layout-flex wp-container-core-columns-is-layout-1 wp-block-columns-is-layout-flex\">\n<div class=\"wp-block-column is-layout-flow wp-block-column-is-layout-flow\">\n<h2 class=\"wp-block-heading\" id=\"h-despre-companie\">Despre companie<\/h2>\n\n\n\n<p id=\"tw-target-text\">Ajut\u0103m magazinele electronice s\u0103 \u00ee\u0219i creasc\u0103 num\u0103rul de comenzi \u0219i s\u0103 atrag\u0103 clien\u021bi noi.<br><br>Facem acest lucru prin intermediul marketingului afiliat, pe care \u00eel perfec\u021bion\u0103m \u0219i \u00eel \u00eenv\u0103\u021b\u0103m de peste 16 ani. Folosim cea mai mare \u0219i mai avansat\u0103 tehnologie de afiliere CJ.com, care ofer\u0103 100% transparen\u021b\u0103 \u0219i securitate.<br><br><strong><a href=\"https:\/\/www.vivnetworks.com\/ro\/\" target=\"_blank\" rel=\"noreferrer noopener\">VIVnetworks.com<\/a>, parte din Publicis Groupe \u0219i CJ.com, este lider \u00een regiunea CEE (Europa Central\u0103 \u0219i de Est).<\/strong><\/p>\n\n\n\n<p><\/p>\n<\/div>\n\n\n\n<div class=\"wp-block-column is-layout-flow wp-block-column-is-layout-flow\" style=\"flex-basis:15%\"><\/div>\n\n\n\n<div class=\"wp-block-column is-layout-flow wp-block-column-is-layout-flow\">\n<h2 class=\"wp-block-heading\" id=\"h-contacte\">Contacte<\/h2>\n\n\n\n<p class=\"has-dark-color has-text-color\"><strong><a href=\"tel:+420734447050\">+420 734 447 050<\/a><\/strong> (luni\u2013vineri : 8:30\u201317:30)<\/p>\n\n\n\n<p>Asisten\u021b\u0103 tehnic\u0103: <strong><a href=\"mailto:support@vivnetworks.com\">support@vivnetworks.com<\/a><\/strong><br>Departamentul de v\u00e2nz\u0103ri: <strong><a href=\"mailto:sales@vivnetworks.com\">sales@vivnetworks.com<\/a><\/strong><\/p>\n\n\n\n<div class=\"wp-block-contact-form-7-contact-form-selector\">\n<div class=\"wpcf7 no-js\" id=\"wpcf7-f13247-o1\" lang=\"ro-RO\" dir=\"ltr\">\n<div class=\"screen-reader-response\"><p role=\"status\" aria-live=\"polite\" aria-atomic=\"true\"><\/p> <ul><\/ul><\/div>\n<form action=\"\/ro\/wp-json\/wp\/v2\/pages\/5956#wpcf7-f13247-o1\" method=\"post\" class=\"wpcf7-form init\" aria-label=\"Formular de contact\" novalidate=\"novalidate\" data-status=\"init\">\n<div style=\"display: none;\">\n<input type=\"hidden\" name=\"_wpcf7\" value=\"13247\" \/>\n<input type=\"hidden\" name=\"_wpcf7_version\" value=\"5.9.3\" \/>\n<input type=\"hidden\" name=\"_wpcf7_locale\" value=\"ro_RO\" \/>\n<input type=\"hidden\" name=\"_wpcf7_unit_tag\" value=\"wpcf7-f13247-o1\" \/>\n<input type=\"hidden\" name=\"_wpcf7_container_post\" value=\"0\" \/>\n<input type=\"hidden\" name=\"_wpcf7_posted_data_hash\" value=\"\" \/>\n<\/div>\n<p><label> Numele dumneavoastr\u0103<br \/>\n<span class=\"wpcf7-form-control-wrap\" data-name=\"your-name\"><input size=\"40\" class=\"wpcf7-form-control wpcf7-text wpcf7-validates-as-required\" aria-required=\"true\" aria-invalid=\"false\" value=\"\" type=\"text\" name=\"your-name\" \/><\/span> <\/label>\n<\/p>\n<p><label> E-mailul dumneavoastr\u0103<br \/>\n<span class=\"wpcf7-form-control-wrap\" data-name=\"your-email\"><input size=\"40\" class=\"wpcf7-form-control wpcf7-email wpcf7-validates-as-required wpcf7-text wpcf7-validates-as-email\" aria-required=\"true\" aria-invalid=\"false\" value=\"\" type=\"email\" name=\"your-email\" \/><\/span> <\/label>\n<\/p>\n<p><label> Mesajul dumneavoastr\u0103 (op\u021bional)<br \/>\n<span class=\"wpcf7-form-control-wrap\" data-name=\"your-message\"><textarea cols=\"40\" rows=\"10\" class=\"wpcf7-form-control wpcf7-textarea\" aria-invalid=\"false\" name=\"your-message\"><\/textarea><\/span> <\/label><br \/>\n\t<center><div id=\"cf7sr-69e345d61f5c8\" class=\"cf7sr-g-recaptcha\" data-theme=\"light\" data-type=\"image\" data-size=\"normal\" data-sitekey=\"6Lej3H0lAAAAAPu_7rE_2JGaneUoxYtnD6WTg2P6\"><\/div><span class=\"wpcf7-form-control-wrap cf7sr-recaptcha\" data-name=\"cf7sr-recaptcha\"><input type=\"hidden\" name=\"cf7sr-recaptcha\" value=\"\" class=\"wpcf7-form-control\"><\/span>\n\t<\/center><br \/>\n<input class=\"wpcf7-form-control wpcf7-submit has-spinner\" type=\"submit\" value=\"Trimite\" \/>\n<\/p><div class=\"wpcf7-response-output\" aria-hidden=\"true\"><\/div>\n<\/form>\n<\/div>\n<\/div>\n<\/div>\n<\/div>\n<\/div><\/div>\n\n\n\n<div class=\"wp-block-group has-light-grey-background-color has-background\"><div class=\"wp-block-group__inner-container is-layout-flow wp-block-group-is-layout-flow\">\n<div class=\"wp-block-columns is-layout-flex wp-container-core-columns-is-layout-2 wp-block-columns-is-layout-flex\">\n<div class=\"wp-block-column is-layout-flow wp-block-column-is-layout-flow\">\n<h2 class=\"wp-block-heading\" id=\"h-sediul-companiei-\u0219i-oficiile\">Sediul companiei \u0219i oficiile <\/h2>\n\n\n\n<p>VIVnetworks.com s.r.o.<br>Jungmannovo n\u00e1m\u011bst\u00ed 753\/18<br>110 00 Praha 1<br>\u010cesk\u00e1 republika<\/p>\n\n\n\n<p>I\u010c: 28957733<br>VAT: CZ28957733<\/p>\n<\/div>\n\n\n\n<div class=\"wp-block-column is-layout-flow wp-block-column-is-layout-flow\">\n<iframe src=\"https:\/\/www.google.com\/maps\/embed?pb=!1m14!1m8!1m3!1d10240.742688892498!2d14.4220328!3d50.0828105!3m2!1i1024!2i768!4f13.1!3m3!1m2!1s0x0%3A0x1050aff7a059e349!2sVIV%20NETworks%20s.r.o.!5e0!3m2!1scs!2scz!4v1612469498418!5m2!1scs!2scz\" width=\"100%\" height=\"100%\" min-height=\"300px\" frameborder=\"0\" style=\"border:0;\" allowfullscreen=\"\" aria-hidden=\"false\" tabindex=\"0\"><\/iframe>\n<\/div>\n<\/div>\n<\/div><\/div>\n\n\n\n<div class=\"wp-block-getwid-section alignfull alignfull getwid-section-content-custom-width\" style=\"margin-bottom:0px\"><div class=\"wp-block-getwid-section__wrapper getwid-padding-left-medium getwid-padding-right-medium\" style=\"padding-top:0px;padding-bottom:0px\"><div class=\"wp-block-getwid-section__inner-wrapper\" style=\"max-width:1140px\"><div class=\"wp-block-getwid-section__background-holder\"><div class=\"wp-block-getwid-section__background\"><\/div><div class=\"wp-block-getwid-section__foreground\"><\/div><\/div><div class=\"wp-block-getwid-section__content\"><div class=\"wp-block-getwid-section__inner-content\">\n<div class=\"wp-block-columns has-4-columns is-layout-flex wp-container-core-columns-is-layout-3 wp-block-columns-is-layout-flex\">\n<div class=\"wp-block-column is-layout-flow wp-block-column-is-layout-flow\">\n<div class=\"wp-block-getwid-person is-image-cropped\"><div class=\"wp-block-getwid-person__image\"><img decoding=\"async\" width=\"4000\" height=\"4000\" src=\"https:\/\/www.vivnetworks.com\/wp-content\/uploads\/2022\/07\/Radu-na-web.png\" alt=\"Radu Cojocariu VIVnetworks\" class=\"wp-image-23045\" srcset=\"https:\/\/www.vivnetworks.com\/wp-content\/uploads\/2022\/07\/Radu-na-web.png 4000w, https:\/\/www.vivnetworks.com\/wp-content\/uploads\/2022\/07\/Radu-na-web-300x300.png 300w, https:\/\/www.vivnetworks.com\/wp-content\/uploads\/2022\/07\/Radu-na-web-1024x1024.png 1024w, https:\/\/www.vivnetworks.com\/wp-content\/uploads\/2022\/07\/Radu-na-web-150x150.png 150w, https:\/\/www.vivnetworks.com\/wp-content\/uploads\/2022\/07\/Radu-na-web-768x768.png 768w, https:\/\/www.vivnetworks.com\/wp-content\/uploads\/2022\/07\/Radu-na-web-1536x1536.png 1536w, https:\/\/www.vivnetworks.com\/wp-content\/uploads\/2022\/07\/Radu-na-web-2048x2048.png 2048w, https:\/\/www.vivnetworks.com\/wp-content\/uploads\/2022\/07\/Radu-na-web-75x75.png 75w\" sizes=\"(max-width: 4000px) 100vw, 4000px\" \/><\/div><div class=\"wp-block-getwid-person__content-wrapper\"><span class=\"wp-block-getwid-person__title\">Radu&nbsp;Cojocariu<\/span><span class=\"wp-block-getwid-person__subtitle\">Independent Business Consultant Romania<\/span><p class=\"wp-block-getwid-person__content\"><a href=\"mailto:martin.chadima@vivnetworks.com\"><\/a><a href=\"mailto:radu.cojocariu@vivnetworks.com\" target=\"_blank\" rel=\"noreferrer noopener\">radu.cojocariu@vivnetworks.com<\/a>  <br><a href=\"tel:+40739435680\"><\/a><a>+40 739 435 680<\/a><\/p>\n<div class=\"wp-block-getwid-social-links has-large-spacing\"><ul class=\"wp-block-getwid-social-links__list getwid-justify-content-center\"><li class=\"wp-block-getwid-social-links__item\"><a class=\"wp-block-getwid-social-links__link\" href=\"https:\/\/www.linkedin.com\/in\/radu-cojocariu\/\" target=\"_blank\" rel=\"noreferrer noopener\"><span class=\"wp-block-getwid-social-links__wrapper has-text-color\" style=\"color:#000000\"><i class=\"fab fa-linkedin\"><\/i><\/span><\/a><\/li><li class=\"wp-block-getwid-social-links__item\"><a class=\"wp-block-getwid-social-links__link\" href=\"https:\/\/www.youtube.com\/user\/VIVnetworks2013\" target=\"_blank\" rel=\"noreferrer noopener\"><span class=\"wp-block-getwid-social-links__wrapper has-text-color\" style=\"color:#000000\"><i class=\"fab fa-youtube\"><\/i><\/span><\/a><\/li><\/ul><\/div>\n<\/div><\/div>\n<\/div>\n\n\n\n<div class=\"wp-block-column is-layout-flow wp-block-column-is-layout-flow\"><\/div>\n\n\n\n<div class=\"wp-block-column is-layout-flow wp-block-column-is-layout-flow\"><\/div>\n<\/div>\n<\/div><\/div><\/div><\/div><\/div>\n","protected":false},"excerpt":{"rendered":"<p>Despre companie Ajut\u0103m magazinele electronice s\u0103 \u00ee\u0219i creasc\u0103 num\u0103rul de comenzi \u0219i s\u0103 atrag\u0103 clien\u021bi noi. Facem acest lucru prin [&hellip;]<\/p>\n","protected":false},"author":3,"featured_media":0,"parent":0,"menu_order":0,"comment_status":"closed","ping_status":"closed","template":"","meta":{"_eb_attr":"","_uag_custom_page_level_css":"","footnotes":""},"yoast_head":"<!-- This site is optimized with the Yoast SEO Premium plugin v22.5 (Yoast SEO v22.5) - https:\/\/yoast.com\/wordpress\/plugins\/seo\/ -->\n<title>VIVnetworks.com s.r.o. | VIVnetworks.com<\/title>\n<meta name=\"description\" content=\"Contribuim la cre\u0219terea num\u0103rului de comenzi \u0219i la atragerea de noi clien\u021bi pentru e-shop-urile partenere. Realiz\u0103m acest lucru prin\" \/>\n<meta name=\"robots\" content=\"index, follow, max-snippet:-1, max-image-preview:large, max-video-preview:-1\" \/>\n<link rel=\"canonical\" href=\"https:\/\/www.vivnetworks.com\/ro\/despre-noi\/\" \/>\n<meta property=\"og:locale\" content=\"ro_RO\" \/>\n<meta property=\"og:type\" content=\"article\" \/>\n<meta property=\"og:title\" content=\"VIVnetworks.com s.r.o.\" \/>\n<meta property=\"og:description\" content=\"Despre companie Ajut\u0103m magazinele electronice s\u0103 \u00ee\u0219i creasc\u0103 num\u0103rul de comenzi \u0219i s\u0103 atrag\u0103 clien\u021bi noi.Facem acest lucru prin intermediul marketingului\" \/>\n<meta property=\"og:url\" content=\"https:\/\/www.vivnetworks.com\/ro\/despre-noi\/\" \/>\n<meta property=\"og:site_name\" content=\"VIVnetworks.com\" \/>\n<meta property=\"article:modified_time\" content=\"2026-01-05T12:08:15+00:00\" \/>\n<meta property=\"og:image\" content=\"https:\/\/www.vivnetworks.com\/wp-content\/uploads\/2022\/07\/Radu-na-web.png\" \/>\n<meta name=\"twitter:card\" content=\"summary_large_image\" \/>\n<meta name=\"twitter:label1\" content=\"Timp estimat pentru citire\" \/>\n\t<meta name=\"twitter:data1\" content=\"1 minut\" \/>\n<script type=\"application\/ld+json\" class=\"yoast-schema-graph\">{\"@context\":\"https:\/\/schema.org\",\"@graph\":[{\"@type\":\"WebPage\",\"@id\":\"https:\/\/www.vivnetworks.com\/ro\/despre-noi\/\",\"url\":\"https:\/\/www.vivnetworks.com\/ro\/despre-noi\/\",\"name\":\"VIVnetworks.com s.r.o. | VIVnetworks.com\",\"isPartOf\":{\"@id\":\"https:\/\/www.vivnetworks.com\/ro\/#website\"},\"primaryImageOfPage\":{\"@id\":\"https:\/\/www.vivnetworks.com\/ro\/despre-noi\/#primaryimage\"},\"image\":{\"@id\":\"https:\/\/www.vivnetworks.com\/ro\/despre-noi\/#primaryimage\"},\"thumbnailUrl\":\"https:\/\/www.vivnetworks.com\/wp-content\/uploads\/2022\/07\/Radu-na-web.png\",\"datePublished\":\"2021-02-15T19:16:14+00:00\",\"dateModified\":\"2026-01-05T12:08:15+00:00\",\"description\":\"Contribuim la cre\u0219terea num\u0103rului de comenzi \u0219i la atragerea de noi clien\u021bi pentru e-shop-urile partenere. Realiz\u0103m acest lucru prin\",\"breadcrumb\":{\"@id\":\"https:\/\/www.vivnetworks.com\/ro\/despre-noi\/#breadcrumb\"},\"inLanguage\":\"ro-RO\",\"potentialAction\":[{\"@type\":\"ReadAction\",\"target\":[\"https:\/\/www.vivnetworks.com\/ro\/despre-noi\/\"]}]},{\"@type\":\"ImageObject\",\"inLanguage\":\"ro-RO\",\"@id\":\"https:\/\/www.vivnetworks.com\/ro\/despre-noi\/#primaryimage\",\"url\":\"https:\/\/www.vivnetworks.com\/wp-content\/uploads\/2022\/07\/Radu-na-web.png\",\"contentUrl\":\"https:\/\/www.vivnetworks.com\/wp-content\/uploads\/2022\/07\/Radu-na-web.png\"},{\"@type\":\"BreadcrumbList\",\"@id\":\"https:\/\/www.vivnetworks.com\/ro\/despre-noi\/#breadcrumb\",\"itemListElement\":[{\"@type\":\"ListItem\",\"position\":1,\"name\":\"Dom\u016f\",\"item\":\"https:\/\/www.vivnetworks.com\/ro\/\"},{\"@type\":\"ListItem\",\"position\":2,\"name\":\"VIVnetworks.com s.r.o.\"}]},{\"@type\":\"WebSite\",\"@id\":\"https:\/\/www.vivnetworks.com\/ro\/#website\",\"url\":\"https:\/\/www.vivnetworks.com\/ro\/\",\"name\":\"VIVnetworks.com\",\"description\":\"Nejv\u00fdkonn\u011bj\u0161\u00ed affiliate s\u00ed\u0165 v CEE\",\"publisher\":{\"@id\":\"https:\/\/www.vivnetworks.com\/ro\/#organization\"},\"potentialAction\":[{\"@type\":\"SearchAction\",\"target\":{\"@type\":\"EntryPoint\",\"urlTemplate\":\"https:\/\/www.vivnetworks.com\/ro\/?s={search_term_string}\"},\"query-input\":\"required name=search_term_string\"}],\"inLanguage\":\"ro-RO\"},{\"@type\":\"Organization\",\"@id\":\"https:\/\/www.vivnetworks.com\/ro\/#organization\",\"name\":\"VIVnetworks.com s.r.o.\",\"url\":\"https:\/\/www.vivnetworks.com\/ro\/\",\"logo\":{\"@type\":\"ImageObject\",\"inLanguage\":\"ro-RO\",\"@id\":\"https:\/\/www.vivnetworks.com\/ro\/#\/schema\/logo\/image\/\",\"url\":\"https:\/\/www.vivnetworks.com\/wp-content\/uploads\/2022\/01\/Logo-VIVnetworks-400x200-1.png\",\"contentUrl\":\"https:\/\/www.vivnetworks.com\/wp-content\/uploads\/2022\/01\/Logo-VIVnetworks-400x200-1.png\",\"width\":400,\"height\":200,\"caption\":\"VIVnetworks.com s.r.o.\"},\"image\":{\"@id\":\"https:\/\/www.vivnetworks.com\/ro\/#\/schema\/logo\/image\/\"}}]}<\/script>\n<!-- \/ Yoast SEO Premium plugin. -->","yoast_head_json":{"title":"VIVnetworks.com s.r.o. | VIVnetworks.com","description":"Contribuim la cre\u0219terea num\u0103rului de comenzi \u0219i la atragerea de noi clien\u021bi pentru e-shop-urile partenere. Realiz\u0103m acest lucru prin","robots":{"index":"index","follow":"follow","max-snippet":"max-snippet:-1","max-image-preview":"max-image-preview:large","max-video-preview":"max-video-preview:-1"},"canonical":"https:\/\/www.vivnetworks.com\/ro\/despre-noi\/","og_locale":"ro_RO","og_type":"article","og_title":"VIVnetworks.com s.r.o.","og_description":"Despre companie Ajut\u0103m magazinele electronice s\u0103 \u00ee\u0219i creasc\u0103 num\u0103rul de comenzi \u0219i s\u0103 atrag\u0103 clien\u021bi noi.Facem acest lucru prin intermediul marketingului","og_url":"https:\/\/www.vivnetworks.com\/ro\/despre-noi\/","og_site_name":"VIVnetworks.com","article_modified_time":"2026-01-05T12:08:15+00:00","og_image":[{"url":"https:\/\/www.vivnetworks.com\/wp-content\/uploads\/2022\/07\/Radu-na-web.png"}],"twitter_card":"summary_large_image","twitter_misc":{"Timp estimat pentru citire":"1 minut"},"schema":{"@context":"https:\/\/schema.org","@graph":[{"@type":"WebPage","@id":"https:\/\/www.vivnetworks.com\/ro\/despre-noi\/","url":"https:\/\/www.vivnetworks.com\/ro\/despre-noi\/","name":"VIVnetworks.com s.r.o. | VIVnetworks.com","isPartOf":{"@id":"https:\/\/www.vivnetworks.com\/ro\/#website"},"primaryImageOfPage":{"@id":"https:\/\/www.vivnetworks.com\/ro\/despre-noi\/#primaryimage"},"image":{"@id":"https:\/\/www.vivnetworks.com\/ro\/despre-noi\/#primaryimage"},"thumbnailUrl":"https:\/\/www.vivnetworks.com\/wp-content\/uploads\/2022\/07\/Radu-na-web.png","datePublished":"2021-02-15T19:16:14+00:00","dateModified":"2026-01-05T12:08:15+00:00","description":"Contribuim la cre\u0219terea num\u0103rului de comenzi \u0219i la atragerea de noi clien\u021bi pentru e-shop-urile partenere. Realiz\u0103m acest lucru prin","breadcrumb":{"@id":"https:\/\/www.vivnetworks.com\/ro\/despre-noi\/#breadcrumb"},"inLanguage":"ro-RO","potentialAction":[{"@type":"ReadAction","target":["https:\/\/www.vivnetworks.com\/ro\/despre-noi\/"]}]},{"@type":"ImageObject","inLanguage":"ro-RO","@id":"https:\/\/www.vivnetworks.com\/ro\/despre-noi\/#primaryimage","url":"https:\/\/www.vivnetworks.com\/wp-content\/uploads\/2022\/07\/Radu-na-web.png","contentUrl":"https:\/\/www.vivnetworks.com\/wp-content\/uploads\/2022\/07\/Radu-na-web.png"},{"@type":"BreadcrumbList","@id":"https:\/\/www.vivnetworks.com\/ro\/despre-noi\/#breadcrumb","itemListElement":[{"@type":"ListItem","position":1,"name":"Dom\u016f","item":"https:\/\/www.vivnetworks.com\/ro\/"},{"@type":"ListItem","position":2,"name":"VIVnetworks.com s.r.o."}]},{"@type":"WebSite","@id":"https:\/\/www.vivnetworks.com\/ro\/#website","url":"https:\/\/www.vivnetworks.com\/ro\/","name":"VIVnetworks.com","description":"Nejv\u00fdkonn\u011bj\u0161\u00ed affiliate s\u00ed\u0165 v CEE","publisher":{"@id":"https:\/\/www.vivnetworks.com\/ro\/#organization"},"potentialAction":[{"@type":"SearchAction","target":{"@type":"EntryPoint","urlTemplate":"https:\/\/www.vivnetworks.com\/ro\/?s={search_term_string}"},"query-input":"required name=search_term_string"}],"inLanguage":"ro-RO"},{"@type":"Organization","@id":"https:\/\/www.vivnetworks.com\/ro\/#organization","name":"VIVnetworks.com s.r.o.","url":"https:\/\/www.vivnetworks.com\/ro\/","logo":{"@type":"ImageObject","inLanguage":"ro-RO","@id":"https:\/\/www.vivnetworks.com\/ro\/#\/schema\/logo\/image\/","url":"https:\/\/www.vivnetworks.com\/wp-content\/uploads\/2022\/01\/Logo-VIVnetworks-400x200-1.png","contentUrl":"https:\/\/www.vivnetworks.com\/wp-content\/uploads\/2022\/01\/Logo-VIVnetworks-400x200-1.png","width":400,"height":200,"caption":"VIVnetworks.com s.r.o."},"image":{"@id":"https:\/\/www.vivnetworks.com\/ro\/#\/schema\/logo\/image\/"}}]}},"uagb_featured_image_src":{"full":false,"thumbnail":false,"medium":false,"medium_large":false,"large":false,"1536x1536":false,"2048x2048":false},"uagb_author_info":{"display_name":"VIVnetworks.com","author_link":"https:\/\/www.vivnetworks.com\/ro\/author\/admin\/"},"uagb_comment_info":0,"uagb_excerpt":"Despre companie Ajut\u0103m magazinele electronice s\u0103 \u00ee\u0219i creasc\u0103 num\u0103rul de comenzi \u0219i s\u0103 atrag\u0103 clien\u021bi noi. Facem acest lucru prin [&hellip;]","_links":{"self":[{"href":"https:\/\/www.vivnetworks.com\/ro\/wp-json\/wp\/v2\/pages\/5956"}],"collection":[{"href":"https:\/\/www.vivnetworks.com\/ro\/wp-json\/wp\/v2\/pages"}],"about":[{"href":"https:\/\/www.vivnetworks.com\/ro\/wp-json\/wp\/v2\/types\/page"}],"author":[{"embeddable":true,"href":"https:\/\/www.vivnetworks.com\/ro\/wp-json\/wp\/v2\/users\/3"}],"replies":[{"embeddable":true,"href":"https:\/\/www.vivnetworks.com\/ro\/wp-json\/wp\/v2\/comments?post=5956"}],"version-history":[{"count":48,"href":"https:\/\/www.vivnetworks.com\/ro\/wp-json\/wp\/v2\/pages\/5956\/revisions"}],"predecessor-version":[{"id":64617,"href":"https:\/\/www.vivnetworks.com\/ro\/wp-json\/wp\/v2\/pages\/5956\/revisions\/64617"}],"wp:attachment":[{"href":"https:\/\/www.vivnetworks.com\/ro\/wp-json\/wp\/v2\/media?parent=5956"}],"curies":[{"name":"wp","href":"https:\/\/api.w.org\/{rel}","templated":true}]}}