{"id":11441,"date":"2021-06-10T16:07:00","date_gmt":"2021-06-10T14:07:00","guid":{"rendered":"https:\/\/www.vivnetworks.com\/mail-out\/"},"modified":"2021-07-13T15:07:13","modified_gmt":"2021-07-13T13:07:13","slug":"mail-out","status":"publish","type":"page","link":"https:\/\/www.vivnetworks.com\/ro\/mail-out\/","title":{"rendered":"A\u021bi fost deconectat de la newsletter"},"content":{"rendered":"\n<p id=\"tw-target-text\">                                                                          V\u0103 mul\u021bumim c\u0103 am fost \u00een leg\u0103tur\u0103 cu dvs. \u0219i sper\u0103m s\u0103 v\u0103 revedem.<\/p>\n\n\n\n<p><\/p>\n\n\n\n<p class=\"has-text-align-center\"> <a href=\"https:\/\/www.vivnetworks.com\/ro\/\">VIVnetworks.com<\/a><\/p>\n","protected":false},"excerpt":{"rendered":"<p>V\u0103 mul\u021bumim c\u0103 am fost \u00een leg\u0103tur\u0103 cu dvs. \u0219i sper\u0103m s\u0103 v\u0103 revedem. VIVnetworks.com<\/p>\n","protected":false},"author":3,"featured_media":0,"parent":0,"menu_order":0,"comment_status":"closed","ping_status":"closed","template":"","meta":{"_eb_attr":"","_uag_custom_page_level_css":"","footnotes":""},"yoast_head":"<!-- This site is optimized with the Yoast SEO Premium plugin v22.5 (Yoast SEO v22.5) - https:\/\/yoast.com\/wordpress\/plugins\/seo\/ -->\n<title>A\u021bi fost deconectat de la newsletter | VIVnetworks.com<\/title>\n<meta name=\"robots\" content=\"index, follow, max-snippet:-1, max-image-preview:large, max-video-preview:-1\" \/>\n<link rel=\"canonical\" href=\"https:\/\/www.vivnetworks.com\/ro\/mail-out\/\" \/>\n<meta property=\"og:locale\" content=\"ro_RO\" \/>\n<meta property=\"og:type\" content=\"article\" \/>\n<meta property=\"og:title\" content=\"A\u021bi fost deconectat de la newsletter\" \/>\n<meta property=\"og:description\" content=\"V\u0103 mul\u021bumim c\u0103 am fost \u00een leg\u0103tur\u0103 cu dvs. \u0219i sper\u0103m s\u0103 v\u0103 revedem.     VIVnetworks.com\" \/>\n<meta property=\"og:url\" content=\"https:\/\/www.vivnetworks.com\/ro\/mail-out\/\" \/>\n<meta property=\"og:site_name\" content=\"VIVnetworks.com\" \/>\n<meta property=\"article:modified_time\" content=\"2021-07-13T13:07:13+00:00\" \/>\n<meta property=\"og:image\" content=\"https:\/\/www.vivnetworks.com\/wp-content\/uploads\/2022\/01\/Logo-VIVnetworks-400x200-1.png\" \/>\n\t<meta property=\"og:image:width\" content=\"400\" \/>\n\t<meta property=\"og:image:height\" content=\"200\" \/>\n\t<meta property=\"og:image:type\" content=\"image\/png\" \/>\n<meta name=\"twitter:card\" content=\"summary_large_image\" \/>\n<meta name=\"twitter:label1\" content=\"Timp estimat pentru citire\" \/>\n\t<meta name=\"twitter:data1\" content=\"1 minut\" \/>\n<script type=\"application\/ld+json\" class=\"yoast-schema-graph\">{\"@context\":\"https:\/\/schema.org\",\"@graph\":[{\"@type\":\"WebPage\",\"@id\":\"https:\/\/www.vivnetworks.com\/ro\/mail-out\/\",\"url\":\"https:\/\/www.vivnetworks.com\/ro\/mail-out\/\",\"name\":\"A\u021bi fost deconectat de la newsletter | VIVnetworks.com\",\"isPartOf\":{\"@id\":\"https:\/\/www.vivnetworks.com\/ro\/#website\"},\"datePublished\":\"2021-06-10T14:07:00+00:00\",\"dateModified\":\"2021-07-13T13:07:13+00:00\",\"breadcrumb\":{\"@id\":\"https:\/\/www.vivnetworks.com\/ro\/mail-out\/#breadcrumb\"},\"inLanguage\":\"ro-RO\",\"potentialAction\":[{\"@type\":\"ReadAction\",\"target\":[\"https:\/\/www.vivnetworks.com\/ro\/mail-out\/\"]}]},{\"@type\":\"BreadcrumbList\",\"@id\":\"https:\/\/www.vivnetworks.com\/ro\/mail-out\/#breadcrumb\",\"itemListElement\":[{\"@type\":\"ListItem\",\"position\":1,\"name\":\"Dom\u016f\",\"item\":\"https:\/\/www.vivnetworks.com\/ro\/\"},{\"@type\":\"ListItem\",\"position\":2,\"name\":\"A\u021bi fost deconectat de la newsletter\"}]},{\"@type\":\"WebSite\",\"@id\":\"https:\/\/www.vivnetworks.com\/ro\/#website\",\"url\":\"https:\/\/www.vivnetworks.com\/ro\/\",\"name\":\"VIVnetworks.com\",\"description\":\"Nejv\u00fdkonn\u011bj\u0161\u00ed affiliate s\u00ed\u0165 v CEE\",\"publisher\":{\"@id\":\"https:\/\/www.vivnetworks.com\/ro\/#organization\"},\"potentialAction\":[{\"@type\":\"SearchAction\",\"target\":{\"@type\":\"EntryPoint\",\"urlTemplate\":\"https:\/\/www.vivnetworks.com\/ro\/?s={search_term_string}\"},\"query-input\":\"required name=search_term_string\"}],\"inLanguage\":\"ro-RO\"},{\"@type\":\"Organization\",\"@id\":\"https:\/\/www.vivnetworks.com\/ro\/#organization\",\"name\":\"VIVnetworks.com s.r.o.\",\"url\":\"https:\/\/www.vivnetworks.com\/ro\/\",\"logo\":{\"@type\":\"ImageObject\",\"inLanguage\":\"ro-RO\",\"@id\":\"https:\/\/www.vivnetworks.com\/ro\/#\/schema\/logo\/image\/\",\"url\":\"https:\/\/www.vivnetworks.com\/wp-content\/uploads\/2022\/01\/Logo-VIVnetworks-400x200-1.png\",\"contentUrl\":\"https:\/\/www.vivnetworks.com\/wp-content\/uploads\/2022\/01\/Logo-VIVnetworks-400x200-1.png\",\"width\":400,\"height\":200,\"caption\":\"VIVnetworks.com s.r.o.\"},\"image\":{\"@id\":\"https:\/\/www.vivnetworks.com\/ro\/#\/schema\/logo\/image\/\"}}]}<\/script>\n<!-- \/ Yoast SEO Premium plugin. -->","yoast_head_json":{"title":"A\u021bi fost deconectat de la newsletter | VIVnetworks.com","robots":{"index":"index","follow":"follow","max-snippet":"max-snippet:-1","max-image-preview":"max-image-preview:large","max-video-preview":"max-video-preview:-1"},"canonical":"https:\/\/www.vivnetworks.com\/ro\/mail-out\/","og_locale":"ro_RO","og_type":"article","og_title":"A\u021bi fost deconectat de la newsletter","og_description":"V\u0103 mul\u021bumim c\u0103 am fost \u00een leg\u0103tur\u0103 cu dvs. \u0219i sper\u0103m s\u0103 v\u0103 revedem.     VIVnetworks.com","og_url":"https:\/\/www.vivnetworks.com\/ro\/mail-out\/","og_site_name":"VIVnetworks.com","article_modified_time":"2021-07-13T13:07:13+00:00","og_image":[{"width":400,"height":200,"url":"https:\/\/www.vivnetworks.com\/wp-content\/uploads\/2022\/01\/Logo-VIVnetworks-400x200-1.png","type":"image\/png"}],"twitter_card":"summary_large_image","twitter_misc":{"Timp estimat pentru citire":"1 minut"},"schema":{"@context":"https:\/\/schema.org","@graph":[{"@type":"WebPage","@id":"https:\/\/www.vivnetworks.com\/ro\/mail-out\/","url":"https:\/\/www.vivnetworks.com\/ro\/mail-out\/","name":"A\u021bi fost deconectat de la newsletter | VIVnetworks.com","isPartOf":{"@id":"https:\/\/www.vivnetworks.com\/ro\/#website"},"datePublished":"2021-06-10T14:07:00+00:00","dateModified":"2021-07-13T13:07:13+00:00","breadcrumb":{"@id":"https:\/\/www.vivnetworks.com\/ro\/mail-out\/#breadcrumb"},"inLanguage":"ro-RO","potentialAction":[{"@type":"ReadAction","target":["https:\/\/www.vivnetworks.com\/ro\/mail-out\/"]}]},{"@type":"BreadcrumbList","@id":"https:\/\/www.vivnetworks.com\/ro\/mail-out\/#breadcrumb","itemListElement":[{"@type":"ListItem","position":1,"name":"Dom\u016f","item":"https:\/\/www.vivnetworks.com\/ro\/"},{"@type":"ListItem","position":2,"name":"A\u021bi fost deconectat de la newsletter"}]},{"@type":"WebSite","@id":"https:\/\/www.vivnetworks.com\/ro\/#website","url":"https:\/\/www.vivnetworks.com\/ro\/","name":"VIVnetworks.com","description":"Nejv\u00fdkonn\u011bj\u0161\u00ed affiliate s\u00ed\u0165 v CEE","publisher":{"@id":"https:\/\/www.vivnetworks.com\/ro\/#organization"},"potentialAction":[{"@type":"SearchAction","target":{"@type":"EntryPoint","urlTemplate":"https:\/\/www.vivnetworks.com\/ro\/?s={search_term_string}"},"query-input":"required name=search_term_string"}],"inLanguage":"ro-RO"},{"@type":"Organization","@id":"https:\/\/www.vivnetworks.com\/ro\/#organization","name":"VIVnetworks.com s.r.o.","url":"https:\/\/www.vivnetworks.com\/ro\/","logo":{"@type":"ImageObject","inLanguage":"ro-RO","@id":"https:\/\/www.vivnetworks.com\/ro\/#\/schema\/logo\/image\/","url":"https:\/\/www.vivnetworks.com\/wp-content\/uploads\/2022\/01\/Logo-VIVnetworks-400x200-1.png","contentUrl":"https:\/\/www.vivnetworks.com\/wp-content\/uploads\/2022\/01\/Logo-VIVnetworks-400x200-1.png","width":400,"height":200,"caption":"VIVnetworks.com s.r.o."},"image":{"@id":"https:\/\/www.vivnetworks.com\/ro\/#\/schema\/logo\/image\/"}}]}},"uagb_featured_image_src":{"full":false,"thumbnail":false,"medium":false,"medium_large":false,"large":false,"1536x1536":false,"2048x2048":false},"uagb_author_info":{"display_name":"VIVnetworks.com","author_link":"https:\/\/www.vivnetworks.com\/ro\/author\/admin\/"},"uagb_comment_info":0,"uagb_excerpt":"V\u0103 mul\u021bumim c\u0103 am fost \u00een leg\u0103tur\u0103 cu dvs. \u0219i sper\u0103m s\u0103 v\u0103 revedem. VIVnetworks.com","_links":{"self":[{"href":"https:\/\/www.vivnetworks.com\/ro\/wp-json\/wp\/v2\/pages\/11441"}],"collection":[{"href":"https:\/\/www.vivnetworks.com\/ro\/wp-json\/wp\/v2\/pages"}],"about":[{"href":"https:\/\/www.vivnetworks.com\/ro\/wp-json\/wp\/v2\/types\/page"}],"author":[{"embeddable":true,"href":"https:\/\/www.vivnetworks.com\/ro\/wp-json\/wp\/v2\/users\/3"}],"replies":[{"embeddable":true,"href":"https:\/\/www.vivnetworks.com\/ro\/wp-json\/wp\/v2\/comments?post=11441"}],"version-history":[{"count":1,"href":"https:\/\/www.vivnetworks.com\/ro\/wp-json\/wp\/v2\/pages\/11441\/revisions"}],"predecessor-version":[{"id":11457,"href":"https:\/\/www.vivnetworks.com\/ro\/wp-json\/wp\/v2\/pages\/11441\/revisions\/11457"}],"wp:attachment":[{"href":"https:\/\/www.vivnetworks.com\/ro\/wp-json\/wp\/v2\/media?parent=11441"}],"curies":[{"name":"wp","href":"https:\/\/api.w.org\/{rel}","templated":true}]}}