{"id":6224,"date":"2021-03-04T11:39:56","date_gmt":"2021-03-04T10:39:56","guid":{"rendered":"http:\/\/268709.w9.wedos.ws\/affiliate-katalog\/"},"modified":"2023-07-31T09:42:28","modified_gmt":"2023-07-31T07:42:28","slug":"katalog-afiliacyjny","status":"publish","type":"page","link":"https:\/\/www.vivnetworks.com\/pl\/katalog-afiliacyjny\/","title":{"rendered":"Katalog partnerski"},"content":{"rendered":"\n<p>Program afiliacyjny: <a href=\"https:\/\/www.vivnetworks.com\/pl\/marketing-afiliacyjny-dla-wydawcow\/\" target=\"_blank\" rel=\"noreferrer noopener\">Zarejestruj si\u0119<\/a> w najbardziej niezawodnej sieci afiliacyjnej w Czechach! Masz w\u0142asn\u0105 stron\u0119 internetow\u0105 lub obserwuj\u0105 ci\u0119 w mediach spo\u0142eczno\u015bciowych? Zarabiaj pieni\u0105dze dzi\u0119ki systemowi prowizyjnemu i zarabiaj nawet dziesi\u0105tki tysi\u0119cy dzi\u0119ki marketingowi afiliacyjnemu.<\/p>\n\n\n\n<figure class=\"wp-block-image size-full\"><a href=\"https:\/\/www.sephora.cz\"><img decoding=\"async\" width=\"150\" height=\"40\" src=\"https:\/\/www.vivnetworks.com\/wp-content\/uploads\/2018\/07\/logo150_2.png\" alt=\"Sephora logo\" class=\"wp-image-34160\"\/><\/a><\/figure>\n","protected":false},"excerpt":{"rendered":"<p>Program afiliacyjny: Zarejestruj si\u0119 w najbardziej niezawodnej sieci afiliacyjnej w Czechach! Masz w\u0142asn\u0105 stron\u0119 internetow\u0105 lub obserwuj\u0105 ci\u0119 w mediach [&hellip;]<\/p>\n","protected":false},"author":3,"featured_media":0,"parent":0,"menu_order":0,"comment_status":"closed","ping_status":"closed","template":"archive-advertiser.php","meta":{"_eb_attr":"","_uag_custom_page_level_css":"","footnotes":""},"yoast_head":"<!-- This site is optimized with the Yoast SEO Premium plugin v22.5 (Yoast SEO v22.5) - https:\/\/yoast.com\/wordpress\/plugins\/seo\/ -->\n<title>Katalog partnerski | VIVnetworks.com Sp. z o.o.<\/title>\n<meta name=\"description\" content=\"Program afiliacyjny: Zarejestruj si\u0119 w najbardziej niezawodnej sieci afiliacyjnej w Czechach! Masz w\u0142asn\u0105 stron\u0119 internetow\u0105 lub obserwuj\u0105 ci\u0119\" \/>\n<meta name=\"robots\" content=\"index, follow, max-snippet:-1, max-image-preview:large, max-video-preview:-1\" \/>\n<link rel=\"canonical\" href=\"https:\/\/www.vivnetworks.com\/pl\/katalog-afiliacyjny\/\" \/>\n<meta property=\"og:locale\" content=\"pl_PL\" \/>\n<meta property=\"og:type\" content=\"article\" \/>\n<meta property=\"og:title\" content=\"Katalog partnerski\" \/>\n<meta property=\"og:description\" content=\"Program afiliacyjny: Zarejestruj si\u0119 w najbardziej niezawodnej sieci afiliacyjnej w Czechach! Masz w\u0142asn\u0105 stron\u0119 internetow\u0105 lub obserwuj\u0105 ci\u0119 w mediach\" \/>\n<meta property=\"og:url\" content=\"https:\/\/www.vivnetworks.com\/pl\/katalog-afiliacyjny\/\" \/>\n<meta property=\"og:site_name\" content=\"VIVnetworks.com Sp. z o.o.\" \/>\n<meta property=\"article:modified_time\" content=\"2023-07-31T07:42:28+00:00\" \/>\n<meta property=\"og:image\" content=\"https:\/\/www.vivnetworks.com\/wp-content\/uploads\/2018\/07\/logo150_2.png\" \/>\n<meta name=\"twitter:card\" content=\"summary_large_image\" \/>\n<meta name=\"twitter:label1\" content=\"Szacowany czas czytania\" \/>\n\t<meta name=\"twitter:data1\" content=\"1 minuta\" \/>\n<script type=\"application\/ld+json\" class=\"yoast-schema-graph\">{\"@context\":\"https:\/\/schema.org\",\"@graph\":[{\"@type\":\"WebPage\",\"@id\":\"https:\/\/www.vivnetworks.com\/pl\/katalog-afiliacyjny\/\",\"url\":\"https:\/\/www.vivnetworks.com\/pl\/katalog-afiliacyjny\/\",\"name\":\"Katalog partnerski | VIVnetworks.com Sp. z o.o.\",\"isPartOf\":{\"@id\":\"https:\/\/www.vivnetworks.com\/pl\/#website\"},\"primaryImageOfPage\":{\"@id\":\"https:\/\/www.vivnetworks.com\/pl\/katalog-afiliacyjny\/#primaryimage\"},\"image\":{\"@id\":\"https:\/\/www.vivnetworks.com\/pl\/katalog-afiliacyjny\/#primaryimage\"},\"thumbnailUrl\":\"https:\/\/www.vivnetworks.com\/wp-content\/uploads\/2018\/07\/logo150_2.png\",\"datePublished\":\"2021-03-04T10:39:56+00:00\",\"dateModified\":\"2023-07-31T07:42:28+00:00\",\"description\":\"Program afiliacyjny: Zarejestruj si\u0119 w najbardziej niezawodnej sieci afiliacyjnej w Czechach! Masz w\u0142asn\u0105 stron\u0119 internetow\u0105 lub obserwuj\u0105 ci\u0119\",\"breadcrumb\":{\"@id\":\"https:\/\/www.vivnetworks.com\/pl\/katalog-afiliacyjny\/#breadcrumb\"},\"inLanguage\":\"pl-PL\",\"potentialAction\":[{\"@type\":\"ReadAction\",\"target\":[\"https:\/\/www.vivnetworks.com\/pl\/katalog-afiliacyjny\/\"]}]},{\"@type\":\"ImageObject\",\"inLanguage\":\"pl-PL\",\"@id\":\"https:\/\/www.vivnetworks.com\/pl\/katalog-afiliacyjny\/#primaryimage\",\"url\":\"https:\/\/www.vivnetworks.com\/wp-content\/uploads\/2018\/07\/logo150_2.png\",\"contentUrl\":\"https:\/\/www.vivnetworks.com\/wp-content\/uploads\/2018\/07\/logo150_2.png\"},{\"@type\":\"BreadcrumbList\",\"@id\":\"https:\/\/www.vivnetworks.com\/pl\/katalog-afiliacyjny\/#breadcrumb\",\"itemListElement\":[{\"@type\":\"ListItem\",\"position\":1,\"name\":\"Dom\u016f\",\"item\":\"https:\/\/www.vivnetworks.com\/pl\/\"},{\"@type\":\"ListItem\",\"position\":2,\"name\":\"Katalog partnerski\"}]},{\"@type\":\"WebSite\",\"@id\":\"https:\/\/www.vivnetworks.com\/pl\/#website\",\"url\":\"https:\/\/www.vivnetworks.com\/pl\/\",\"name\":\"VIVnetworks.com Sp. z o.o.\",\"description\":\"Nejv\u00fdkonn\u011bj\u0161\u00ed affiliate s\u00ed\u0165 v CEE\",\"publisher\":{\"@id\":\"https:\/\/www.vivnetworks.com\/pl\/#organization\"},\"potentialAction\":[{\"@type\":\"SearchAction\",\"target\":{\"@type\":\"EntryPoint\",\"urlTemplate\":\"https:\/\/www.vivnetworks.com\/pl\/?s={search_term_string}\"},\"query-input\":\"required name=search_term_string\"}],\"inLanguage\":\"pl-PL\"},{\"@type\":\"Organization\",\"@id\":\"https:\/\/www.vivnetworks.com\/pl\/#organization\",\"name\":\"VIVnetworks.com Sp. z o.o.\",\"url\":\"https:\/\/www.vivnetworks.com\/pl\/\",\"logo\":{\"@type\":\"ImageObject\",\"inLanguage\":\"pl-PL\",\"@id\":\"https:\/\/www.vivnetworks.com\/pl\/#\/schema\/logo\/image\/\",\"url\":\"https:\/\/www.vivnetworks.com\/wp-content\/uploads\/2022\/01\/Logo-VIVnetworks-400x200-1.png\",\"contentUrl\":\"https:\/\/www.vivnetworks.com\/wp-content\/uploads\/2022\/01\/Logo-VIVnetworks-400x200-1.png\",\"width\":400,\"height\":200,\"caption\":\"VIVnetworks.com Sp. z o.o.\"},\"image\":{\"@id\":\"https:\/\/www.vivnetworks.com\/pl\/#\/schema\/logo\/image\/\"}}]}<\/script>\n<!-- \/ Yoast SEO Premium plugin. -->","yoast_head_json":{"title":"Katalog partnerski | VIVnetworks.com Sp. z o.o.","description":"Program afiliacyjny: Zarejestruj si\u0119 w najbardziej niezawodnej sieci afiliacyjnej w Czechach! Masz w\u0142asn\u0105 stron\u0119 internetow\u0105 lub obserwuj\u0105 ci\u0119","robots":{"index":"index","follow":"follow","max-snippet":"max-snippet:-1","max-image-preview":"max-image-preview:large","max-video-preview":"max-video-preview:-1"},"canonical":"https:\/\/www.vivnetworks.com\/pl\/katalog-afiliacyjny\/","og_locale":"pl_PL","og_type":"article","og_title":"Katalog partnerski","og_description":"Program afiliacyjny: Zarejestruj si\u0119 w najbardziej niezawodnej sieci afiliacyjnej w Czechach! Masz w\u0142asn\u0105 stron\u0119 internetow\u0105 lub obserwuj\u0105 ci\u0119 w mediach","og_url":"https:\/\/www.vivnetworks.com\/pl\/katalog-afiliacyjny\/","og_site_name":"VIVnetworks.com Sp. z o.o.","article_modified_time":"2023-07-31T07:42:28+00:00","og_image":[{"url":"https:\/\/www.vivnetworks.com\/wp-content\/uploads\/2018\/07\/logo150_2.png"}],"twitter_card":"summary_large_image","twitter_misc":{"Szacowany czas czytania":"1 minuta"},"schema":{"@context":"https:\/\/schema.org","@graph":[{"@type":"WebPage","@id":"https:\/\/www.vivnetworks.com\/pl\/katalog-afiliacyjny\/","url":"https:\/\/www.vivnetworks.com\/pl\/katalog-afiliacyjny\/","name":"Katalog partnerski | VIVnetworks.com Sp. z o.o.","isPartOf":{"@id":"https:\/\/www.vivnetworks.com\/pl\/#website"},"primaryImageOfPage":{"@id":"https:\/\/www.vivnetworks.com\/pl\/katalog-afiliacyjny\/#primaryimage"},"image":{"@id":"https:\/\/www.vivnetworks.com\/pl\/katalog-afiliacyjny\/#primaryimage"},"thumbnailUrl":"https:\/\/www.vivnetworks.com\/wp-content\/uploads\/2018\/07\/logo150_2.png","datePublished":"2021-03-04T10:39:56+00:00","dateModified":"2023-07-31T07:42:28+00:00","description":"Program afiliacyjny: Zarejestruj si\u0119 w najbardziej niezawodnej sieci afiliacyjnej w Czechach! Masz w\u0142asn\u0105 stron\u0119 internetow\u0105 lub obserwuj\u0105 ci\u0119","breadcrumb":{"@id":"https:\/\/www.vivnetworks.com\/pl\/katalog-afiliacyjny\/#breadcrumb"},"inLanguage":"pl-PL","potentialAction":[{"@type":"ReadAction","target":["https:\/\/www.vivnetworks.com\/pl\/katalog-afiliacyjny\/"]}]},{"@type":"ImageObject","inLanguage":"pl-PL","@id":"https:\/\/www.vivnetworks.com\/pl\/katalog-afiliacyjny\/#primaryimage","url":"https:\/\/www.vivnetworks.com\/wp-content\/uploads\/2018\/07\/logo150_2.png","contentUrl":"https:\/\/www.vivnetworks.com\/wp-content\/uploads\/2018\/07\/logo150_2.png"},{"@type":"BreadcrumbList","@id":"https:\/\/www.vivnetworks.com\/pl\/katalog-afiliacyjny\/#breadcrumb","itemListElement":[{"@type":"ListItem","position":1,"name":"Dom\u016f","item":"https:\/\/www.vivnetworks.com\/pl\/"},{"@type":"ListItem","position":2,"name":"Katalog partnerski"}]},{"@type":"WebSite","@id":"https:\/\/www.vivnetworks.com\/pl\/#website","url":"https:\/\/www.vivnetworks.com\/pl\/","name":"VIVnetworks.com Sp. z o.o.","description":"Nejv\u00fdkonn\u011bj\u0161\u00ed affiliate s\u00ed\u0165 v CEE","publisher":{"@id":"https:\/\/www.vivnetworks.com\/pl\/#organization"},"potentialAction":[{"@type":"SearchAction","target":{"@type":"EntryPoint","urlTemplate":"https:\/\/www.vivnetworks.com\/pl\/?s={search_term_string}"},"query-input":"required name=search_term_string"}],"inLanguage":"pl-PL"},{"@type":"Organization","@id":"https:\/\/www.vivnetworks.com\/pl\/#organization","name":"VIVnetworks.com Sp. z o.o.","url":"https:\/\/www.vivnetworks.com\/pl\/","logo":{"@type":"ImageObject","inLanguage":"pl-PL","@id":"https:\/\/www.vivnetworks.com\/pl\/#\/schema\/logo\/image\/","url":"https:\/\/www.vivnetworks.com\/wp-content\/uploads\/2022\/01\/Logo-VIVnetworks-400x200-1.png","contentUrl":"https:\/\/www.vivnetworks.com\/wp-content\/uploads\/2022\/01\/Logo-VIVnetworks-400x200-1.png","width":400,"height":200,"caption":"VIVnetworks.com Sp. z o.o."},"image":{"@id":"https:\/\/www.vivnetworks.com\/pl\/#\/schema\/logo\/image\/"}}]}},"uagb_featured_image_src":{"full":false,"thumbnail":false,"medium":false,"medium_large":false,"large":false,"1536x1536":false,"2048x2048":false},"uagb_author_info":{"display_name":"VIVnetworks.com","author_link":"https:\/\/www.vivnetworks.com\/pl\/author\/admin\/"},"uagb_comment_info":0,"uagb_excerpt":"Program afiliacyjny: Zarejestruj si\u0119 w najbardziej niezawodnej sieci afiliacyjnej w Czechach! Masz w\u0142asn\u0105 stron\u0119 internetow\u0105 lub obserwuj\u0105 ci\u0119 w mediach [&hellip;]","_links":{"self":[{"href":"https:\/\/www.vivnetworks.com\/pl\/wp-json\/wp\/v2\/pages\/6224"}],"collection":[{"href":"https:\/\/www.vivnetworks.com\/pl\/wp-json\/wp\/v2\/pages"}],"about":[{"href":"https:\/\/www.vivnetworks.com\/pl\/wp-json\/wp\/v2\/types\/page"}],"author":[{"embeddable":true,"href":"https:\/\/www.vivnetworks.com\/pl\/wp-json\/wp\/v2\/users\/3"}],"replies":[{"embeddable":true,"href":"https:\/\/www.vivnetworks.com\/pl\/wp-json\/wp\/v2\/comments?post=6224"}],"version-history":[{"count":7,"href":"https:\/\/www.vivnetworks.com\/pl\/wp-json\/wp\/v2\/pages\/6224\/revisions"}],"predecessor-version":[{"id":34390,"href":"https:\/\/www.vivnetworks.com\/pl\/wp-json\/wp\/v2\/pages\/6224\/revisions\/34390"}],"wp:attachment":[{"href":"https:\/\/www.vivnetworks.com\/pl\/wp-json\/wp\/v2\/media?parent=6224"}],"curies":[{"name":"wp","href":"https:\/\/api.w.org\/{rel}","templated":true}]}}