{"id":5835,"date":"2021-02-15T20:14:22","date_gmt":"2021-02-15T19:14:22","guid":{"rendered":"http:\/\/268709.w9.wedos.ws\/stante-se-affiliate-inzerentem\/"},"modified":"2023-10-29T22:58:43","modified_gmt":"2023-10-29T21:58:43","slug":"zostan-reklamodawca-afiliacyjnym","status":"publish","type":"page","link":"https:\/\/www.vivnetworks.com\/pl\/zostan-reklamodawca-afiliacyjnym\/","title":{"rendered":"Zosta\u0144 reklamodawc\u0105"},"content":{"rendered":"\n<p>Reklamodawc\u0105 w naszej sieci mo\u017ce by\u0107 ka\u017cdy, kto korzysta ze strony internetowej w celu sprzeda\u017cy, umieszczenia, a nawet wype\u0142nienia formularza kontaktowego<\/p>\n\n\n\n<div class=\"wpcf7 no-js\" id=\"wpcf7-f39135-o1\" lang=\"pl-PL\" dir=\"ltr\">\n<div class=\"screen-reader-response\"><p role=\"status\" aria-live=\"polite\" aria-atomic=\"true\"><\/p> <ul><\/ul><\/div>\n<form action=\"\/pl\/wp-json\/wp\/v2\/pages\/5835#wpcf7-f39135-o1\" method=\"post\" class=\"wpcf7-form init\" aria-label=\"Formularz kontaktowy\" novalidate=\"novalidate\" data-status=\"init\">\n<div style=\"display: none;\">\n<input type=\"hidden\" name=\"_wpcf7\" value=\"39135\" \/>\n<input type=\"hidden\" name=\"_wpcf7_version\" value=\"5.9.3\" \/>\n<input type=\"hidden\" name=\"_wpcf7_locale\" value=\"pl_PL\" \/>\n<input type=\"hidden\" name=\"_wpcf7_unit_tag\" value=\"wpcf7-f39135-o1\" \/>\n<input type=\"hidden\" name=\"_wpcf7_container_post\" value=\"0\" \/>\n<input type=\"hidden\" name=\"_wpcf7_posted_data_hash\" value=\"\" \/>\n<\/div>\n<p><label> Twoje imi\u0119 i nazwisko<br \/>\n<span class=\"wpcf7-form-control-wrap\" data-name=\"your-name\"><input size=\"40\" class=\"wpcf7-form-control wpcf7-text wpcf7-validates-as-required\" aria-required=\"true\" aria-invalid=\"false\" placeholder=\"Imi\u0119 Nazwisko\" value=\"\" type=\"text\" name=\"your-name\" \/><\/span> <\/label>\n<\/p>\n<p><label> Tw\u00f3j adres e-mail<br \/>\n<span class=\"wpcf7-form-control-wrap\" data-name=\"your-email\"><input size=\"40\" class=\"wpcf7-form-control wpcf7-email wpcf7-validates-as-required wpcf7-text wpcf7-validates-as-email\" aria-required=\"true\" aria-invalid=\"false\" placeholder=\"przyk\u0142ad@email.pl\" value=\"\" type=\"email\" name=\"your-email\" \/><\/span> <\/label>\n<\/p>\n<p><label> Tw\u00f3j numer telefonu<br \/>\n<span class=\"wpcf7-form-control-wrap\" data-name=\"your-tel\"><input size=\"40\" class=\"wpcf7-form-control wpcf7-tel wpcf7-text wpcf7-validates-as-tel\" aria-invalid=\"false\" placeholder=\"Numer telefonu\" value=\"\" type=\"tel\" name=\"your-tel\" \/><\/span> <\/label>\n<\/p>\n<p><label> Strona sklepu internetowego<br \/>\n<span class=\"wpcf7-form-control-wrap\" data-name=\"your-url\"><input size=\"40\" class=\"wpcf7-form-control wpcf7-text\" aria-invalid=\"false\" placeholder=\"eshop.pl\" value=\"\" type=\"text\" name=\"your-url\" \/><\/span> <\/label>\n<\/p>\n<p><label> Twoja wiadomo\u015b\u0107 (opcjonalnie)<br \/>\n<span class=\"wpcf7-form-control-wrap\" data-name=\"your-message\"><textarea cols=\"40\" rows=\"10\" class=\"wpcf7-form-control wpcf7-textarea\" aria-invalid=\"false\" placeholder=\"Przyspiesz rozpatrzenie Twojego wniosku, podaj\u0105c np. miesi\u0119czny ruch w sklepie internetowym, obr\u00f3t lub liczb\u0119 miesi\u0119cznych zam\u00f3wie\u0144...\" name=\"your-message\"><\/textarea><\/span> <\/label>\n<\/p>\n<center><div id=\"cf7sr-69e5023e813d3\" class=\"cf7sr-g-recaptcha\" data-theme=\"light\" data-type=\"image\" data-size=\"normal\" data-sitekey=\"6Lej3H0lAAAAAPu_7rE_2JGaneUoxYtnD6WTg2P6\"><\/div><span class=\"wpcf7-form-control-wrap cf7sr-recaptcha\" data-name=\"cf7sr-recaptcha\"><input type=\"hidden\" name=\"cf7sr-recaptcha\" value=\"\" class=\"wpcf7-form-control\"><\/span>\n<\/center>\n<p><input class=\"wpcf7-form-control wpcf7-submit has-spinner\" type=\"submit\" value=\"Wy\u015blij zapytanie\" \/>\n<\/p><div class=\"wpcf7-response-output\" aria-hidden=\"true\"><\/div>\n<\/form>\n<\/div>\n\n\n\n\n<p><\/p>\n","protected":false},"excerpt":{"rendered":"<p>Reklamodawc\u0105 w naszej sieci mo\u017ce by\u0107 ka\u017cdy, kto korzysta ze strony internetowej w celu sprzeda\u017cy, umieszczenia, a nawet wype\u0142nienia formularza [&hellip;]<\/p>\n","protected":false},"author":3,"featured_media":0,"parent":0,"menu_order":0,"comment_status":"closed","ping_status":"closed","template":"","meta":{"_eb_attr":"","_uag_custom_page_level_css":"","footnotes":""},"yoast_head":"<!-- This site is optimized with the Yoast SEO Premium plugin v22.5 (Yoast SEO v22.5) - https:\/\/yoast.com\/wordpress\/plugins\/seo\/ -->\n<title>Zosta\u0144 reklamodawc\u0105 afiliacyjnym | VIVnetworks.com Sp. z o.o.<\/title>\n<meta name=\"description\" content=\"Jak pozyska\u0107 klient\u00f3w? Aktywnie zarz\u0105dzamy ponad 1250 kampaniami i pomagamy naszym reklamodawcom osi\u0105gn\u0105\u0107 skalowalny i d\u0142ugoterminowy wzrost.\" \/>\n<meta name=\"robots\" content=\"index, follow, max-snippet:-1, max-image-preview:large, max-video-preview:-1\" \/>\n<link rel=\"canonical\" href=\"https:\/\/www.vivnetworks.com\/pl\/zostan-reklamodawca-afiliacyjnym\/\" \/>\n<meta property=\"og:locale\" content=\"pl_PL\" \/>\n<meta property=\"og:type\" content=\"article\" \/>\n<meta property=\"og:title\" content=\"Zosta\u0144 reklamodawc\u0105\" \/>\n<meta property=\"og:description\" content=\"Reklamodawc\u0105 w naszej sieci mo\u017ce by\u0107 ka\u017cdy, kto korzysta ze strony internetowej w celu sprzeda\u017cy, umieszczenia, a nawet wype\u0142nienia formularza kontaktowego\" \/>\n<meta property=\"og:url\" content=\"https:\/\/www.vivnetworks.com\/pl\/zostan-reklamodawca-afiliacyjnym\/\" \/>\n<meta property=\"og:site_name\" content=\"VIVnetworks.com Sp. z o.o.\" \/>\n<meta property=\"article:modified_time\" content=\"2023-10-29T21:58:43+00:00\" \/>\n<meta property=\"og:image\" content=\"https:\/\/www.vivnetworks.com\/wp-content\/uploads\/2022\/01\/Logo-VIVnetworks-400x200-1.png\" \/>\n\t<meta property=\"og:image:width\" content=\"400\" \/>\n\t<meta property=\"og:image:height\" content=\"200\" \/>\n\t<meta property=\"og:image:type\" content=\"image\/png\" \/>\n<meta name=\"twitter:card\" content=\"summary_large_image\" \/>\n<meta name=\"twitter:label1\" content=\"Szacowany czas czytania\" \/>\n\t<meta name=\"twitter:data1\" content=\"1 minuta\" \/>\n<script type=\"application\/ld+json\" class=\"yoast-schema-graph\">{\"@context\":\"https:\/\/schema.org\",\"@graph\":[{\"@type\":\"WebPage\",\"@id\":\"https:\/\/www.vivnetworks.com\/pl\/zostan-reklamodawca-afiliacyjnym\/\",\"url\":\"https:\/\/www.vivnetworks.com\/pl\/zostan-reklamodawca-afiliacyjnym\/\",\"name\":\"Zosta\u0144 reklamodawc\u0105 afiliacyjnym | VIVnetworks.com Sp. z o.o.\",\"isPartOf\":{\"@id\":\"https:\/\/www.vivnetworks.com\/pl\/#website\"},\"datePublished\":\"2021-02-15T19:14:22+00:00\",\"dateModified\":\"2023-10-29T21:58:43+00:00\",\"description\":\"Jak pozyska\u0107 klient\u00f3w? Aktywnie zarz\u0105dzamy ponad 1250 kampaniami i pomagamy naszym reklamodawcom osi\u0105gn\u0105\u0107 skalowalny i d\u0142ugoterminowy wzrost.\",\"breadcrumb\":{\"@id\":\"https:\/\/www.vivnetworks.com\/pl\/zostan-reklamodawca-afiliacyjnym\/#breadcrumb\"},\"inLanguage\":\"pl-PL\",\"potentialAction\":[{\"@type\":\"ReadAction\",\"target\":[\"https:\/\/www.vivnetworks.com\/pl\/zostan-reklamodawca-afiliacyjnym\/\"]}]},{\"@type\":\"BreadcrumbList\",\"@id\":\"https:\/\/www.vivnetworks.com\/pl\/zostan-reklamodawca-afiliacyjnym\/#breadcrumb\",\"itemListElement\":[{\"@type\":\"ListItem\",\"position\":1,\"name\":\"Dom\u016f\",\"item\":\"https:\/\/www.vivnetworks.com\/pl\/\"},{\"@type\":\"ListItem\",\"position\":2,\"name\":\"Zosta\u0144 reklamodawc\u0105\"}]},{\"@type\":\"WebSite\",\"@id\":\"https:\/\/www.vivnetworks.com\/pl\/#website\",\"url\":\"https:\/\/www.vivnetworks.com\/pl\/\",\"name\":\"VIVnetworks.com Sp. z o.o.\",\"description\":\"Nejv\u00fdkonn\u011bj\u0161\u00ed affiliate s\u00ed\u0165 v CEE\",\"publisher\":{\"@id\":\"https:\/\/www.vivnetworks.com\/pl\/#organization\"},\"potentialAction\":[{\"@type\":\"SearchAction\",\"target\":{\"@type\":\"EntryPoint\",\"urlTemplate\":\"https:\/\/www.vivnetworks.com\/pl\/?s={search_term_string}\"},\"query-input\":\"required name=search_term_string\"}],\"inLanguage\":\"pl-PL\"},{\"@type\":\"Organization\",\"@id\":\"https:\/\/www.vivnetworks.com\/pl\/#organization\",\"name\":\"VIVnetworks.com Sp. z o.o.\",\"url\":\"https:\/\/www.vivnetworks.com\/pl\/\",\"logo\":{\"@type\":\"ImageObject\",\"inLanguage\":\"pl-PL\",\"@id\":\"https:\/\/www.vivnetworks.com\/pl\/#\/schema\/logo\/image\/\",\"url\":\"https:\/\/www.vivnetworks.com\/wp-content\/uploads\/2022\/01\/Logo-VIVnetworks-400x200-1.png\",\"contentUrl\":\"https:\/\/www.vivnetworks.com\/wp-content\/uploads\/2022\/01\/Logo-VIVnetworks-400x200-1.png\",\"width\":400,\"height\":200,\"caption\":\"VIVnetworks.com Sp. z o.o.\"},\"image\":{\"@id\":\"https:\/\/www.vivnetworks.com\/pl\/#\/schema\/logo\/image\/\"}}]}<\/script>\n<!-- \/ Yoast SEO Premium plugin. -->","yoast_head_json":{"title":"Zosta\u0144 reklamodawc\u0105 afiliacyjnym | VIVnetworks.com Sp. z o.o.","description":"Jak pozyska\u0107 klient\u00f3w? Aktywnie zarz\u0105dzamy ponad 1250 kampaniami i pomagamy naszym reklamodawcom osi\u0105gn\u0105\u0107 skalowalny i d\u0142ugoterminowy wzrost.","robots":{"index":"index","follow":"follow","max-snippet":"max-snippet:-1","max-image-preview":"max-image-preview:large","max-video-preview":"max-video-preview:-1"},"canonical":"https:\/\/www.vivnetworks.com\/pl\/zostan-reklamodawca-afiliacyjnym\/","og_locale":"pl_PL","og_type":"article","og_title":"Zosta\u0144 reklamodawc\u0105","og_description":"Reklamodawc\u0105 w naszej sieci mo\u017ce by\u0107 ka\u017cdy, kto korzysta ze strony internetowej w celu sprzeda\u017cy, umieszczenia, a nawet wype\u0142nienia formularza kontaktowego","og_url":"https:\/\/www.vivnetworks.com\/pl\/zostan-reklamodawca-afiliacyjnym\/","og_site_name":"VIVnetworks.com Sp. z o.o.","article_modified_time":"2023-10-29T21:58:43+00:00","og_image":[{"width":400,"height":200,"url":"https:\/\/www.vivnetworks.com\/wp-content\/uploads\/2022\/01\/Logo-VIVnetworks-400x200-1.png","type":"image\/png"}],"twitter_card":"summary_large_image","twitter_misc":{"Szacowany czas czytania":"1 minuta"},"schema":{"@context":"https:\/\/schema.org","@graph":[{"@type":"WebPage","@id":"https:\/\/www.vivnetworks.com\/pl\/zostan-reklamodawca-afiliacyjnym\/","url":"https:\/\/www.vivnetworks.com\/pl\/zostan-reklamodawca-afiliacyjnym\/","name":"Zosta\u0144 reklamodawc\u0105 afiliacyjnym | VIVnetworks.com Sp. z o.o.","isPartOf":{"@id":"https:\/\/www.vivnetworks.com\/pl\/#website"},"datePublished":"2021-02-15T19:14:22+00:00","dateModified":"2023-10-29T21:58:43+00:00","description":"Jak pozyska\u0107 klient\u00f3w? Aktywnie zarz\u0105dzamy ponad 1250 kampaniami i pomagamy naszym reklamodawcom osi\u0105gn\u0105\u0107 skalowalny i d\u0142ugoterminowy wzrost.","breadcrumb":{"@id":"https:\/\/www.vivnetworks.com\/pl\/zostan-reklamodawca-afiliacyjnym\/#breadcrumb"},"inLanguage":"pl-PL","potentialAction":[{"@type":"ReadAction","target":["https:\/\/www.vivnetworks.com\/pl\/zostan-reklamodawca-afiliacyjnym\/"]}]},{"@type":"BreadcrumbList","@id":"https:\/\/www.vivnetworks.com\/pl\/zostan-reklamodawca-afiliacyjnym\/#breadcrumb","itemListElement":[{"@type":"ListItem","position":1,"name":"Dom\u016f","item":"https:\/\/www.vivnetworks.com\/pl\/"},{"@type":"ListItem","position":2,"name":"Zosta\u0144 reklamodawc\u0105"}]},{"@type":"WebSite","@id":"https:\/\/www.vivnetworks.com\/pl\/#website","url":"https:\/\/www.vivnetworks.com\/pl\/","name":"VIVnetworks.com Sp. z o.o.","description":"Nejv\u00fdkonn\u011bj\u0161\u00ed affiliate s\u00ed\u0165 v CEE","publisher":{"@id":"https:\/\/www.vivnetworks.com\/pl\/#organization"},"potentialAction":[{"@type":"SearchAction","target":{"@type":"EntryPoint","urlTemplate":"https:\/\/www.vivnetworks.com\/pl\/?s={search_term_string}"},"query-input":"required name=search_term_string"}],"inLanguage":"pl-PL"},{"@type":"Organization","@id":"https:\/\/www.vivnetworks.com\/pl\/#organization","name":"VIVnetworks.com Sp. z o.o.","url":"https:\/\/www.vivnetworks.com\/pl\/","logo":{"@type":"ImageObject","inLanguage":"pl-PL","@id":"https:\/\/www.vivnetworks.com\/pl\/#\/schema\/logo\/image\/","url":"https:\/\/www.vivnetworks.com\/wp-content\/uploads\/2022\/01\/Logo-VIVnetworks-400x200-1.png","contentUrl":"https:\/\/www.vivnetworks.com\/wp-content\/uploads\/2022\/01\/Logo-VIVnetworks-400x200-1.png","width":400,"height":200,"caption":"VIVnetworks.com Sp. z o.o."},"image":{"@id":"https:\/\/www.vivnetworks.com\/pl\/#\/schema\/logo\/image\/"}}]}},"uagb_featured_image_src":{"full":false,"thumbnail":false,"medium":false,"medium_large":false,"large":false,"1536x1536":false,"2048x2048":false},"uagb_author_info":{"display_name":"VIVnetworks.com","author_link":"https:\/\/www.vivnetworks.com\/pl\/author\/admin\/"},"uagb_comment_info":0,"uagb_excerpt":"Reklamodawc\u0105 w naszej sieci mo\u017ce by\u0107 ka\u017cdy, kto korzysta ze strony internetowej w celu sprzeda\u017cy, umieszczenia, a nawet wype\u0142nienia formularza [&hellip;]","_links":{"self":[{"href":"https:\/\/www.vivnetworks.com\/pl\/wp-json\/wp\/v2\/pages\/5835"}],"collection":[{"href":"https:\/\/www.vivnetworks.com\/pl\/wp-json\/wp\/v2\/pages"}],"about":[{"href":"https:\/\/www.vivnetworks.com\/pl\/wp-json\/wp\/v2\/types\/page"}],"author":[{"embeddable":true,"href":"https:\/\/www.vivnetworks.com\/pl\/wp-json\/wp\/v2\/users\/3"}],"replies":[{"embeddable":true,"href":"https:\/\/www.vivnetworks.com\/pl\/wp-json\/wp\/v2\/comments?post=5835"}],"version-history":[{"count":7,"href":"https:\/\/www.vivnetworks.com\/pl\/wp-json\/wp\/v2\/pages\/5835\/revisions"}],"predecessor-version":[{"id":39136,"href":"https:\/\/www.vivnetworks.com\/pl\/wp-json\/wp\/v2\/pages\/5835\/revisions\/39136"}],"wp:attachment":[{"href":"https:\/\/www.vivnetworks.com\/pl\/wp-json\/wp\/v2\/media?parent=5835"}],"curies":[{"name":"wp","href":"https:\/\/api.w.org\/{rel}","templated":true}]}}