{"id":18789,"date":"2022-03-23T13:46:23","date_gmt":"2022-03-23T12:46:23","guid":{"rendered":"https:\/\/www.vivnetworks.com\/?page_id=18789"},"modified":"2023-02-20T09:45:37","modified_gmt":"2023-02-20T08:45:37","slug":"kwatera-glowna","status":"publish","type":"page","link":"https:\/\/www.vivnetworks.com\/pl\/kwatera-glowna\/","title":{"rendered":"Kwatera g\u0142\u00f3wna"},"content":{"rendered":"\n<p>VIV NETWORKS SP Z O O<br>Ul. Mogilska 40\/13<br>31-546 Krak\u00f3w, Polska<\/p>\n\n\n\n<p>NIP: 6793107841<br>REGON: 360738876<br>KRS: 0000542693<\/p>\n","protected":false},"excerpt":{"rendered":"<p>VIV NETWORKS SP Z O OUl. Mogilska 40\/1331-546 Krak\u00f3w, Polska NIP: 6793107841REGON: 360738876KRS: 0000542693<\/p>\n","protected":false},"author":58,"featured_media":0,"parent":0,"menu_order":0,"comment_status":"closed","ping_status":"closed","template":"","meta":{"_eb_attr":"","_uag_custom_page_level_css":"","footnotes":""},"yoast_head":"<!-- This site is optimized with the Yoast SEO Premium plugin v22.5 (Yoast SEO v22.5) - https:\/\/yoast.com\/wordpress\/plugins\/seo\/ -->\n<title>Kwatera g\u0142\u00f3wna | VIVnetworks.com Sp. z o.o.<\/title>\n<meta name=\"robots\" content=\"index, follow, max-snippet:-1, max-image-preview:large, max-video-preview:-1\" \/>\n<link rel=\"canonical\" href=\"https:\/\/www.vivnetworks.com\/pl\/kwatera-glowna\/\" \/>\n<meta property=\"og:locale\" content=\"pl_PL\" \/>\n<meta property=\"og:type\" content=\"article\" \/>\n<meta property=\"og:title\" content=\"Kwatera g\u0142\u00f3wna\" \/>\n<meta property=\"og:description\" content=\"VIV NETWORKS SP Z O OUl. Mogilska 40\/1331-546 Krak\u00f3w, Polska  NIP: 6793107841REGON: 360738876KRS: 0000542693\" \/>\n<meta property=\"og:url\" content=\"https:\/\/www.vivnetworks.com\/pl\/kwatera-glowna\/\" \/>\n<meta property=\"og:site_name\" content=\"VIVnetworks.com Sp. z o.o.\" \/>\n<meta property=\"article:modified_time\" content=\"2023-02-20T08:45:37+00:00\" \/>\n<meta property=\"og:image\" content=\"https:\/\/www.vivnetworks.com\/wp-content\/uploads\/2022\/01\/Logo-VIVnetworks-400x200-1.png\" \/>\n\t<meta property=\"og:image:width\" content=\"400\" \/>\n\t<meta property=\"og:image:height\" content=\"200\" \/>\n\t<meta property=\"og:image:type\" content=\"image\/png\" \/>\n<meta name=\"twitter:card\" content=\"summary_large_image\" \/>\n<meta name=\"twitter:label1\" content=\"Szacowany czas czytania\" \/>\n\t<meta name=\"twitter:data1\" content=\"1 minuta\" \/>\n<script type=\"application\/ld+json\" class=\"yoast-schema-graph\">{\"@context\":\"https:\/\/schema.org\",\"@graph\":[{\"@type\":\"WebPage\",\"@id\":\"https:\/\/www.vivnetworks.com\/pl\/kwatera-glowna\/\",\"url\":\"https:\/\/www.vivnetworks.com\/pl\/kwatera-glowna\/\",\"name\":\"Kwatera g\u0142\u00f3wna | VIVnetworks.com Sp. z o.o.\",\"isPartOf\":{\"@id\":\"https:\/\/www.vivnetworks.com\/pl\/#website\"},\"datePublished\":\"2022-03-23T12:46:23+00:00\",\"dateModified\":\"2023-02-20T08:45:37+00:00\",\"breadcrumb\":{\"@id\":\"https:\/\/www.vivnetworks.com\/pl\/kwatera-glowna\/#breadcrumb\"},\"inLanguage\":\"pl-PL\",\"potentialAction\":[{\"@type\":\"ReadAction\",\"target\":[\"https:\/\/www.vivnetworks.com\/pl\/kwatera-glowna\/\"]}]},{\"@type\":\"BreadcrumbList\",\"@id\":\"https:\/\/www.vivnetworks.com\/pl\/kwatera-glowna\/#breadcrumb\",\"itemListElement\":[{\"@type\":\"ListItem\",\"position\":1,\"name\":\"Dom\u016f\",\"item\":\"https:\/\/www.vivnetworks.com\/pl\/\"},{\"@type\":\"ListItem\",\"position\":2,\"name\":\"Kwatera g\u0142\u00f3wna\"}]},{\"@type\":\"WebSite\",\"@id\":\"https:\/\/www.vivnetworks.com\/pl\/#website\",\"url\":\"https:\/\/www.vivnetworks.com\/pl\/\",\"name\":\"VIVnetworks.com Sp. z o.o.\",\"description\":\"Nejv\u00fdkonn\u011bj\u0161\u00ed affiliate s\u00ed\u0165 v CEE\",\"publisher\":{\"@id\":\"https:\/\/www.vivnetworks.com\/pl\/#organization\"},\"potentialAction\":[{\"@type\":\"SearchAction\",\"target\":{\"@type\":\"EntryPoint\",\"urlTemplate\":\"https:\/\/www.vivnetworks.com\/pl\/?s={search_term_string}\"},\"query-input\":\"required name=search_term_string\"}],\"inLanguage\":\"pl-PL\"},{\"@type\":\"Organization\",\"@id\":\"https:\/\/www.vivnetworks.com\/pl\/#organization\",\"name\":\"VIVnetworks.com Sp. z o.o.\",\"url\":\"https:\/\/www.vivnetworks.com\/pl\/\",\"logo\":{\"@type\":\"ImageObject\",\"inLanguage\":\"pl-PL\",\"@id\":\"https:\/\/www.vivnetworks.com\/pl\/#\/schema\/logo\/image\/\",\"url\":\"https:\/\/www.vivnetworks.com\/wp-content\/uploads\/2022\/01\/Logo-VIVnetworks-400x200-1.png\",\"contentUrl\":\"https:\/\/www.vivnetworks.com\/wp-content\/uploads\/2022\/01\/Logo-VIVnetworks-400x200-1.png\",\"width\":400,\"height\":200,\"caption\":\"VIVnetworks.com Sp. z o.o.\"},\"image\":{\"@id\":\"https:\/\/www.vivnetworks.com\/pl\/#\/schema\/logo\/image\/\"}}]}<\/script>\n<!-- \/ Yoast SEO Premium plugin. -->","yoast_head_json":{"title":"Kwatera g\u0142\u00f3wna | VIVnetworks.com Sp. z o.o.","robots":{"index":"index","follow":"follow","max-snippet":"max-snippet:-1","max-image-preview":"max-image-preview:large","max-video-preview":"max-video-preview:-1"},"canonical":"https:\/\/www.vivnetworks.com\/pl\/kwatera-glowna\/","og_locale":"pl_PL","og_type":"article","og_title":"Kwatera g\u0142\u00f3wna","og_description":"VIV NETWORKS SP Z O OUl. Mogilska 40\/1331-546 Krak\u00f3w, Polska  NIP: 6793107841REGON: 360738876KRS: 0000542693","og_url":"https:\/\/www.vivnetworks.com\/pl\/kwatera-glowna\/","og_site_name":"VIVnetworks.com Sp. z o.o.","article_modified_time":"2023-02-20T08:45:37+00:00","og_image":[{"width":400,"height":200,"url":"https:\/\/www.vivnetworks.com\/wp-content\/uploads\/2022\/01\/Logo-VIVnetworks-400x200-1.png","type":"image\/png"}],"twitter_card":"summary_large_image","twitter_misc":{"Szacowany czas czytania":"1 minuta"},"schema":{"@context":"https:\/\/schema.org","@graph":[{"@type":"WebPage","@id":"https:\/\/www.vivnetworks.com\/pl\/kwatera-glowna\/","url":"https:\/\/www.vivnetworks.com\/pl\/kwatera-glowna\/","name":"Kwatera g\u0142\u00f3wna | VIVnetworks.com Sp. z o.o.","isPartOf":{"@id":"https:\/\/www.vivnetworks.com\/pl\/#website"},"datePublished":"2022-03-23T12:46:23+00:00","dateModified":"2023-02-20T08:45:37+00:00","breadcrumb":{"@id":"https:\/\/www.vivnetworks.com\/pl\/kwatera-glowna\/#breadcrumb"},"inLanguage":"pl-PL","potentialAction":[{"@type":"ReadAction","target":["https:\/\/www.vivnetworks.com\/pl\/kwatera-glowna\/"]}]},{"@type":"BreadcrumbList","@id":"https:\/\/www.vivnetworks.com\/pl\/kwatera-glowna\/#breadcrumb","itemListElement":[{"@type":"ListItem","position":1,"name":"Dom\u016f","item":"https:\/\/www.vivnetworks.com\/pl\/"},{"@type":"ListItem","position":2,"name":"Kwatera g\u0142\u00f3wna"}]},{"@type":"WebSite","@id":"https:\/\/www.vivnetworks.com\/pl\/#website","url":"https:\/\/www.vivnetworks.com\/pl\/","name":"VIVnetworks.com Sp. z o.o.","description":"Nejv\u00fdkonn\u011bj\u0161\u00ed affiliate s\u00ed\u0165 v CEE","publisher":{"@id":"https:\/\/www.vivnetworks.com\/pl\/#organization"},"potentialAction":[{"@type":"SearchAction","target":{"@type":"EntryPoint","urlTemplate":"https:\/\/www.vivnetworks.com\/pl\/?s={search_term_string}"},"query-input":"required name=search_term_string"}],"inLanguage":"pl-PL"},{"@type":"Organization","@id":"https:\/\/www.vivnetworks.com\/pl\/#organization","name":"VIVnetworks.com Sp. z o.o.","url":"https:\/\/www.vivnetworks.com\/pl\/","logo":{"@type":"ImageObject","inLanguage":"pl-PL","@id":"https:\/\/www.vivnetworks.com\/pl\/#\/schema\/logo\/image\/","url":"https:\/\/www.vivnetworks.com\/wp-content\/uploads\/2022\/01\/Logo-VIVnetworks-400x200-1.png","contentUrl":"https:\/\/www.vivnetworks.com\/wp-content\/uploads\/2022\/01\/Logo-VIVnetworks-400x200-1.png","width":400,"height":200,"caption":"VIVnetworks.com Sp. z o.o."},"image":{"@id":"https:\/\/www.vivnetworks.com\/pl\/#\/schema\/logo\/image\/"}}]}},"uagb_featured_image_src":{"full":false,"thumbnail":false,"medium":false,"medium_large":false,"large":false,"1536x1536":false,"2048x2048":false},"uagb_author_info":{"display_name":"David \u0160tromajer","author_link":"https:\/\/www.vivnetworks.com\/pl\/author\/david-stromajer\/"},"uagb_comment_info":0,"uagb_excerpt":"VIV NETWORKS SP Z O OUl. Mogilska 40\/1331-546 Krak\u00f3w, Polska NIP: 6793107841REGON: 360738876KRS: 0000542693","_links":{"self":[{"href":"https:\/\/www.vivnetworks.com\/pl\/wp-json\/wp\/v2\/pages\/18789"}],"collection":[{"href":"https:\/\/www.vivnetworks.com\/pl\/wp-json\/wp\/v2\/pages"}],"about":[{"href":"https:\/\/www.vivnetworks.com\/pl\/wp-json\/wp\/v2\/types\/page"}],"author":[{"embeddable":true,"href":"https:\/\/www.vivnetworks.com\/pl\/wp-json\/wp\/v2\/users\/58"}],"replies":[{"embeddable":true,"href":"https:\/\/www.vivnetworks.com\/pl\/wp-json\/wp\/v2\/comments?post=18789"}],"version-history":[{"count":2,"href":"https:\/\/www.vivnetworks.com\/pl\/wp-json\/wp\/v2\/pages\/18789\/revisions"}],"predecessor-version":[{"id":28811,"href":"https:\/\/www.vivnetworks.com\/pl\/wp-json\/wp\/v2\/pages\/18789\/revisions\/28811"}],"wp:attachment":[{"href":"https:\/\/www.vivnetworks.com\/pl\/wp-json\/wp\/v2\/media?parent=18789"}],"curies":[{"name":"wp","href":"https:\/\/api.w.org\/{rel}","templated":true}]}}