{"id":13235,"date":"2021-02-15T20:16:14","date_gmt":"2021-02-15T19:16:14","guid":{"rendered":"https:\/\/www.vivnetworks.com\/o-nas\/"},"modified":"2026-01-05T12:02:47","modified_gmt":"2026-01-05T11:02:47","slug":"o-nas","status":"publish","type":"page","link":"https:\/\/www.vivnetworks.com\/pl\/o-nas\/","title":{"rendered":"VIVnetworks.com s.r.o."},"content":{"rendered":"\n<div class=\"wp-block-group\"><div class=\"wp-block-group__inner-container is-layout-flow wp-block-group-is-layout-flow\">\n<div class=\"wp-block-columns is-layout-flex wp-container-core-columns-is-layout-1 wp-block-columns-is-layout-flex\">\n<div class=\"wp-block-column is-layout-flow wp-block-column-is-layout-flow\">\n<h2 class=\"wp-block-heading\" id=\"h-o-firmie\">O firmie<\/h2>\n\n\n\n<p>Pomagamy sklepom internetowym zwi\u0119ksza\u0107 liczb\u0119 zam\u00f3wie\u0144 i zdobywa\u0107 nowych klient\u00f3w.<br><br>Korzystamy z marketingu afiliacyjnego, kt\u00f3ry tworzymy od ponad 16 lat jednocze\u015bnie edukuj\u0105c przy tym scen\u0119 afiliacyjn\u0105. Wykorzystuj\u0105c najbardziej zaawansowan\u0105 technologi\u0119 <a href=\"http:\/\/cj.com\">CJ<\/a> Affiliate, zapewniamy 100% przejrzysto\u015bci i bezpiecze\u0144stwa.<br><a href=\"https:\/\/www.vivnetworks.com\/pl\/\" target=\"_blank\" rel=\"noreferrer noopener\"><br><strong>VIVnetworks.com<\/strong><\/a><strong> jest cz\u0119\u015bci\u0105 Publicis Groupe i CJ.com oraz jest liderem w regionie CEE (Europy \u015arodkowo-Wschodniej).<\/strong><\/p>\n<\/div>\n\n\n\n<div class=\"wp-block-column is-layout-flow wp-block-column-is-layout-flow\" style=\"flex-basis:15%\"><\/div>\n\n\n\n<div class=\"wp-block-column is-layout-flow wp-block-column-is-layout-flow\">\n<h2 class=\"wp-block-heading\" id=\"h-kontakt\">Kontakt<\/h2>\n\n\n\n<p class=\"has-dark-color has-text-color\"><strong><a href=\"tel:+48537673915\">+48 537 673 915<\/a><\/strong> (Poniedzia\u0142ek &#8211; pi\u0105tek: 8:30\u201317:30)<\/p>\n\n\n\n<p class=\"has-dark-color has-text-color\">Pomoc techniczna: <a href=\"mailto:support@vivnetworks.com\"><strong>support@vivnetworks.com<\/strong><\/a><br>Dzia\u0142 sprzeda\u017cy: <a href=\"mailto:sales@vivnetworks.com\"><strong>sales@vivnetworks.com<\/strong><\/a><\/p>\n\n\n\n<div class=\"wp-block-contact-form-7-contact-form-selector\">\n<div class=\"wpcf7 no-js\" id=\"wpcf7-f13246-o1\" lang=\"pl-PL\" dir=\"ltr\">\n<div class=\"screen-reader-response\"><p role=\"status\" aria-live=\"polite\" aria-atomic=\"true\"><\/p> <ul><\/ul><\/div>\n<form action=\"\/pl\/wp-json\/wp\/v2\/pages\/13235#wpcf7-f13246-o1\" method=\"post\" class=\"wpcf7-form init\" aria-label=\"Formularz kontaktowy\" novalidate=\"novalidate\" data-status=\"init\">\n<div style=\"display: none;\">\n<input type=\"hidden\" name=\"_wpcf7\" value=\"13246\" \/>\n<input type=\"hidden\" name=\"_wpcf7_version\" value=\"5.9.3\" \/>\n<input type=\"hidden\" name=\"_wpcf7_locale\" value=\"pl_PL\" \/>\n<input type=\"hidden\" name=\"_wpcf7_unit_tag\" value=\"wpcf7-f13246-o1\" \/>\n<input type=\"hidden\" name=\"_wpcf7_container_post\" value=\"0\" \/>\n<input type=\"hidden\" name=\"_wpcf7_posted_data_hash\" value=\"\" \/>\n<\/div>\n<p><label> Twoje imi\u0119<br \/>\n<span class=\"wpcf7-form-control-wrap\" data-name=\"your-name\"><input size=\"40\" class=\"wpcf7-form-control wpcf7-text wpcf7-validates-as-required\" aria-required=\"true\" aria-invalid=\"false\" value=\"\" type=\"text\" name=\"your-name\" \/><\/span> <\/label>\n<\/p>\n<p><label> Tw\u00f3j email<br \/>\n<span class=\"wpcf7-form-control-wrap\" data-name=\"your-email\"><input size=\"40\" class=\"wpcf7-form-control wpcf7-email wpcf7-validates-as-required wpcf7-text wpcf7-validates-as-email\" aria-required=\"true\" aria-invalid=\"false\" value=\"\" type=\"email\" name=\"your-email\" \/><\/span> <\/label>\n<\/p>\n<p><label> Twoja wiadomo\u015b\u0107 (opcjonalnie)<br \/>\n<span class=\"wpcf7-form-control-wrap\" data-name=\"your-message\"><textarea cols=\"40\" rows=\"10\" class=\"wpcf7-form-control wpcf7-textarea\" aria-invalid=\"false\" name=\"your-message\"><\/textarea><\/span> <\/label><br \/>\n\t<center><div id=\"cf7sr-69e4e8aa58d17\" class=\"cf7sr-g-recaptcha\" data-theme=\"light\" data-type=\"image\" data-size=\"normal\" data-sitekey=\"6Lej3H0lAAAAAPu_7rE_2JGaneUoxYtnD6WTg2P6\"><\/div><span class=\"wpcf7-form-control-wrap cf7sr-recaptcha\" data-name=\"cf7sr-recaptcha\"><input type=\"hidden\" name=\"cf7sr-recaptcha\" value=\"\" class=\"wpcf7-form-control\"><\/span>\n\t<\/center><br \/>\n<input class=\"wpcf7-form-control wpcf7-submit has-spinner\" type=\"submit\" value=\"Wy\u015blij\" \/>\n<\/p><div class=\"wpcf7-response-output\" aria-hidden=\"true\"><\/div>\n<\/form>\n<\/div>\n<\/div>\n<\/div>\n<\/div>\n<\/div><\/div>\n\n\n\n<div class=\"wp-block-group has-light-grey-background-color has-background\"><div class=\"wp-block-group__inner-container is-layout-flow wp-block-group-is-layout-flow\">\n<div class=\"wp-block-columns is-layout-flex wp-container-core-columns-is-layout-2 wp-block-columns-is-layout-flex\">\n<div class=\"wp-block-column is-layout-flow wp-block-column-is-layout-flow\">\n<h2 class=\"wp-block-heading has-text-align-left\" id=\"h-siedziba-firmy\">Siedziba firmy<\/h2>\n\n\n\n<p class=\"has-text-align-left\">PGP HUB Sp. z.o.o.<br>UL. DOMANIEWSKA 44A<br>02-672 WARSZAWA<br>POLSKA<\/p>\n\n\n\n<p class=\"has-text-align-left\">I\u010c: <meta charset=\"utf-8\"><\/meta>5252219137<br>VAT: PL5252219137<\/p>\n<\/div>\n\n\n\n<div class=\"wp-block-column is-layout-flow wp-block-column-is-layout-flow\">\n<iframe src=\"https:\/\/www.google.com\/maps\/embed?pb=!1m18!1m12!1m3!1d2446.2502010436547!2d20.99716687691133!3d52.18432466102751!2m3!1f0!2f0!3f0!3m2!1i1024!2i768!4f13.1!3m3!1m2!1s0x47193328a033c20f%3A0x72831fbbe9ac43e4!2sDomaniewska%2044A%2C%2002-672%20Warszawa%2C%20Poland!5e0!3m2!1sen!2scz!4v1752067719615!5m2!1sen!2scz\" width=\"600\" height=\"450\" style=\"border:0;\" allowfullscreen=\"\" loading=\"lazy\" referrerpolicy=\"no-referrer-when-downgrade\"><\/iframe>\n<\/div>\n<\/div>\n<\/div><\/div>\n\n\n\n<div class=\"wp-block-group\"><div class=\"wp-block-group__inner-container is-layout-flow wp-block-group-is-layout-flow\">\n<div class=\"wp-block-getwid-section alignfull alignfull getwid-section-content-custom-width\" style=\"margin-bottom:0px\"><div class=\"wp-block-getwid-section__wrapper getwid-padding-left-medium getwid-padding-right-medium\" style=\"padding-top:0px;padding-bottom:0px\"><div class=\"wp-block-getwid-section__inner-wrapper\" style=\"max-width:1140px\"><div class=\"wp-block-getwid-section__background-holder\"><div class=\"wp-block-getwid-section__background\"><\/div><div class=\"wp-block-getwid-section__foreground\"><\/div><\/div><div class=\"wp-block-getwid-section__content\"><div class=\"wp-block-getwid-section__inner-content\">\n<div class=\"wp-block-columns has-4-columns is-layout-flex wp-container-core-columns-is-layout-3 wp-block-columns-is-layout-flex\">\n<div class=\"wp-block-column is-layout-flow wp-block-column-is-layout-flow\"><\/div>\n\n\n\n<div class=\"wp-block-column is-layout-flow wp-block-column-is-layout-flow\"><\/div>\n\n\n\n<div class=\"wp-block-column is-layout-flow wp-block-column-is-layout-flow\"><\/div>\n<\/div>\n<\/div><\/div><\/div><\/div><\/div>\n<\/div><\/div>\n","protected":false},"excerpt":{"rendered":"<p>O firmie Pomagamy sklepom internetowym zwi\u0119ksza\u0107 liczb\u0119 zam\u00f3wie\u0144 i zdobywa\u0107 nowych klient\u00f3w. Korzystamy z marketingu afiliacyjnego, kt\u00f3ry tworzymy od ponad [&hellip;]<\/p>\n","protected":false},"author":3,"featured_media":0,"parent":0,"menu_order":0,"comment_status":"closed","ping_status":"closed","template":"","meta":{"_eb_attr":"","_uag_custom_page_level_css":"","footnotes":""},"yoast_head":"<!-- This site is optimized with the Yoast SEO Premium plugin v22.5 (Yoast SEO v22.5) - https:\/\/yoast.com\/wordpress\/plugins\/seo\/ -->\n<title>VIVnetworks.com s.r.o. | Najwi\u0119ksza sie\u0107 affiliacyjna w CEE<\/title>\n<meta name=\"description\" content=\"Pomagamy sklepom internetowym w zwi\u0119kszaniu liczby zam\u00f3wie\u0144 i zdobywaniu nowych klient\u00f3w. VIVnetworks marketing afiliacyjny\" \/>\n<meta name=\"robots\" content=\"index, follow, max-snippet:-1, max-image-preview:large, max-video-preview:-1\" \/>\n<link rel=\"canonical\" href=\"https:\/\/www.vivnetworks.com\/pl\/o-nas\/\" \/>\n<meta property=\"og:locale\" content=\"pl_PL\" \/>\n<meta property=\"og:type\" content=\"article\" \/>\n<meta property=\"og:title\" content=\"VIVnetworks.com s.r.o.\" \/>\n<meta property=\"og:description\" content=\"O firmie Pomagamy sklepom internetowym zwi\u0119ksza\u0107 liczb\u0119 zam\u00f3wie\u0144 i zdobywa\u0107 nowych klient\u00f3w.Korzystamy z marketingu afiliacyjnego, kt\u00f3ry tworzymy od ponad\" \/>\n<meta property=\"og:url\" content=\"https:\/\/www.vivnetworks.com\/pl\/o-nas\/\" \/>\n<meta property=\"og:site_name\" content=\"VIVnetworks.com Sp. z o.o.\" \/>\n<meta property=\"article:modified_time\" content=\"2026-01-05T11:02:47+00:00\" \/>\n<meta property=\"og:image\" content=\"https:\/\/www.vivnetworks.com\/wp-content\/uploads\/2022\/01\/Logo-VIVnetworks-400x200-1.png\" \/>\n\t<meta property=\"og:image:width\" content=\"400\" \/>\n\t<meta property=\"og:image:height\" content=\"200\" \/>\n\t<meta property=\"og:image:type\" content=\"image\/png\" \/>\n<meta name=\"twitter:card\" content=\"summary_large_image\" \/>\n<meta name=\"twitter:label1\" content=\"Szacowany czas czytania\" \/>\n\t<meta name=\"twitter:data1\" content=\"1 minuta\" \/>\n<script type=\"application\/ld+json\" class=\"yoast-schema-graph\">{\"@context\":\"https:\/\/schema.org\",\"@graph\":[{\"@type\":\"WebPage\",\"@id\":\"https:\/\/www.vivnetworks.com\/pl\/o-nas\/\",\"url\":\"https:\/\/www.vivnetworks.com\/pl\/o-nas\/\",\"name\":\"VIVnetworks.com s.r.o. | Najwi\u0119ksza sie\u0107 affiliacyjna w CEE\",\"isPartOf\":{\"@id\":\"https:\/\/www.vivnetworks.com\/pl\/#website\"},\"datePublished\":\"2021-02-15T19:16:14+00:00\",\"dateModified\":\"2026-01-05T11:02:47+00:00\",\"description\":\"Pomagamy sklepom internetowym w zwi\u0119kszaniu liczby zam\u00f3wie\u0144 i zdobywaniu nowych klient\u00f3w. VIVnetworks marketing afiliacyjny\",\"breadcrumb\":{\"@id\":\"https:\/\/www.vivnetworks.com\/pl\/o-nas\/#breadcrumb\"},\"inLanguage\":\"pl-PL\",\"potentialAction\":[{\"@type\":\"ReadAction\",\"target\":[\"https:\/\/www.vivnetworks.com\/pl\/o-nas\/\"]}]},{\"@type\":\"BreadcrumbList\",\"@id\":\"https:\/\/www.vivnetworks.com\/pl\/o-nas\/#breadcrumb\",\"itemListElement\":[{\"@type\":\"ListItem\",\"position\":1,\"name\":\"Dom\u016f\",\"item\":\"https:\/\/www.vivnetworks.com\/pl\/\"},{\"@type\":\"ListItem\",\"position\":2,\"name\":\"VIVnetworks.com s.r.o.\"}]},{\"@type\":\"WebSite\",\"@id\":\"https:\/\/www.vivnetworks.com\/pl\/#website\",\"url\":\"https:\/\/www.vivnetworks.com\/pl\/\",\"name\":\"VIVnetworks.com Sp. z o.o.\",\"description\":\"Nejv\u00fdkonn\u011bj\u0161\u00ed affiliate s\u00ed\u0165 v CEE\",\"publisher\":{\"@id\":\"https:\/\/www.vivnetworks.com\/pl\/#organization\"},\"potentialAction\":[{\"@type\":\"SearchAction\",\"target\":{\"@type\":\"EntryPoint\",\"urlTemplate\":\"https:\/\/www.vivnetworks.com\/pl\/?s={search_term_string}\"},\"query-input\":\"required name=search_term_string\"}],\"inLanguage\":\"pl-PL\"},{\"@type\":\"Organization\",\"@id\":\"https:\/\/www.vivnetworks.com\/pl\/#organization\",\"name\":\"VIVnetworks.com Sp. z o.o.\",\"url\":\"https:\/\/www.vivnetworks.com\/pl\/\",\"logo\":{\"@type\":\"ImageObject\",\"inLanguage\":\"pl-PL\",\"@id\":\"https:\/\/www.vivnetworks.com\/pl\/#\/schema\/logo\/image\/\",\"url\":\"https:\/\/www.vivnetworks.com\/wp-content\/uploads\/2022\/01\/Logo-VIVnetworks-400x200-1.png\",\"contentUrl\":\"https:\/\/www.vivnetworks.com\/wp-content\/uploads\/2022\/01\/Logo-VIVnetworks-400x200-1.png\",\"width\":400,\"height\":200,\"caption\":\"VIVnetworks.com Sp. z o.o.\"},\"image\":{\"@id\":\"https:\/\/www.vivnetworks.com\/pl\/#\/schema\/logo\/image\/\"}}]}<\/script>\n<!-- \/ Yoast SEO Premium plugin. -->","yoast_head_json":{"title":"VIVnetworks.com s.r.o. | Najwi\u0119ksza sie\u0107 affiliacyjna w CEE","description":"Pomagamy sklepom internetowym w zwi\u0119kszaniu liczby zam\u00f3wie\u0144 i zdobywaniu nowych klient\u00f3w. VIVnetworks marketing afiliacyjny","robots":{"index":"index","follow":"follow","max-snippet":"max-snippet:-1","max-image-preview":"max-image-preview:large","max-video-preview":"max-video-preview:-1"},"canonical":"https:\/\/www.vivnetworks.com\/pl\/o-nas\/","og_locale":"pl_PL","og_type":"article","og_title":"VIVnetworks.com s.r.o.","og_description":"O firmie Pomagamy sklepom internetowym zwi\u0119ksza\u0107 liczb\u0119 zam\u00f3wie\u0144 i zdobywa\u0107 nowych klient\u00f3w.Korzystamy z marketingu afiliacyjnego, kt\u00f3ry tworzymy od ponad","og_url":"https:\/\/www.vivnetworks.com\/pl\/o-nas\/","og_site_name":"VIVnetworks.com Sp. z o.o.","article_modified_time":"2026-01-05T11:02:47+00:00","og_image":[{"width":400,"height":200,"url":"https:\/\/www.vivnetworks.com\/wp-content\/uploads\/2022\/01\/Logo-VIVnetworks-400x200-1.png","type":"image\/png"}],"twitter_card":"summary_large_image","twitter_misc":{"Szacowany czas czytania":"1 minuta"},"schema":{"@context":"https:\/\/schema.org","@graph":[{"@type":"WebPage","@id":"https:\/\/www.vivnetworks.com\/pl\/o-nas\/","url":"https:\/\/www.vivnetworks.com\/pl\/o-nas\/","name":"VIVnetworks.com s.r.o. | Najwi\u0119ksza sie\u0107 affiliacyjna w CEE","isPartOf":{"@id":"https:\/\/www.vivnetworks.com\/pl\/#website"},"datePublished":"2021-02-15T19:16:14+00:00","dateModified":"2026-01-05T11:02:47+00:00","description":"Pomagamy sklepom internetowym w zwi\u0119kszaniu liczby zam\u00f3wie\u0144 i zdobywaniu nowych klient\u00f3w. VIVnetworks marketing afiliacyjny","breadcrumb":{"@id":"https:\/\/www.vivnetworks.com\/pl\/o-nas\/#breadcrumb"},"inLanguage":"pl-PL","potentialAction":[{"@type":"ReadAction","target":["https:\/\/www.vivnetworks.com\/pl\/o-nas\/"]}]},{"@type":"BreadcrumbList","@id":"https:\/\/www.vivnetworks.com\/pl\/o-nas\/#breadcrumb","itemListElement":[{"@type":"ListItem","position":1,"name":"Dom\u016f","item":"https:\/\/www.vivnetworks.com\/pl\/"},{"@type":"ListItem","position":2,"name":"VIVnetworks.com s.r.o."}]},{"@type":"WebSite","@id":"https:\/\/www.vivnetworks.com\/pl\/#website","url":"https:\/\/www.vivnetworks.com\/pl\/","name":"VIVnetworks.com Sp. z o.o.","description":"Nejv\u00fdkonn\u011bj\u0161\u00ed affiliate s\u00ed\u0165 v CEE","publisher":{"@id":"https:\/\/www.vivnetworks.com\/pl\/#organization"},"potentialAction":[{"@type":"SearchAction","target":{"@type":"EntryPoint","urlTemplate":"https:\/\/www.vivnetworks.com\/pl\/?s={search_term_string}"},"query-input":"required name=search_term_string"}],"inLanguage":"pl-PL"},{"@type":"Organization","@id":"https:\/\/www.vivnetworks.com\/pl\/#organization","name":"VIVnetworks.com Sp. z o.o.","url":"https:\/\/www.vivnetworks.com\/pl\/","logo":{"@type":"ImageObject","inLanguage":"pl-PL","@id":"https:\/\/www.vivnetworks.com\/pl\/#\/schema\/logo\/image\/","url":"https:\/\/www.vivnetworks.com\/wp-content\/uploads\/2022\/01\/Logo-VIVnetworks-400x200-1.png","contentUrl":"https:\/\/www.vivnetworks.com\/wp-content\/uploads\/2022\/01\/Logo-VIVnetworks-400x200-1.png","width":400,"height":200,"caption":"VIVnetworks.com Sp. z o.o."},"image":{"@id":"https:\/\/www.vivnetworks.com\/pl\/#\/schema\/logo\/image\/"}}]}},"uagb_featured_image_src":{"full":false,"thumbnail":false,"medium":false,"medium_large":false,"large":false,"1536x1536":false,"2048x2048":false},"uagb_author_info":{"display_name":"VIVnetworks.com","author_link":"https:\/\/www.vivnetworks.com\/pl\/author\/admin\/"},"uagb_comment_info":0,"uagb_excerpt":"O firmie Pomagamy sklepom internetowym zwi\u0119ksza\u0107 liczb\u0119 zam\u00f3wie\u0144 i zdobywa\u0107 nowych klient\u00f3w. Korzystamy z marketingu afiliacyjnego, kt\u00f3ry tworzymy od ponad [&hellip;]","_links":{"self":[{"href":"https:\/\/www.vivnetworks.com\/pl\/wp-json\/wp\/v2\/pages\/13235"}],"collection":[{"href":"https:\/\/www.vivnetworks.com\/pl\/wp-json\/wp\/v2\/pages"}],"about":[{"href":"https:\/\/www.vivnetworks.com\/pl\/wp-json\/wp\/v2\/types\/page"}],"author":[{"embeddable":true,"href":"https:\/\/www.vivnetworks.com\/pl\/wp-json\/wp\/v2\/users\/3"}],"replies":[{"embeddable":true,"href":"https:\/\/www.vivnetworks.com\/pl\/wp-json\/wp\/v2\/comments?post=13235"}],"version-history":[{"count":34,"href":"https:\/\/www.vivnetworks.com\/pl\/wp-json\/wp\/v2\/pages\/13235\/revisions"}],"predecessor-version":[{"id":64590,"href":"https:\/\/www.vivnetworks.com\/pl\/wp-json\/wp\/v2\/pages\/13235\/revisions\/64590"}],"wp:attachment":[{"href":"https:\/\/www.vivnetworks.com\/pl\/wp-json\/wp\/v2\/media?parent=13235"}],"curies":[{"name":"wp","href":"https:\/\/api.w.org\/{rel}","templated":true}]}}