{"id":6081,"date":"2021-02-15T20:16:14","date_gmt":"2021-02-15T19:16:14","guid":{"rendered":"http:\/\/268709.w9.wedos.ws\/o-nas\/"},"modified":"2026-01-05T13:21:09","modified_gmt":"2026-01-05T12:21:09","slug":"chi-siamo","status":"publish","type":"page","link":"https:\/\/www.vivnetworks.com\/it\/chi-siamo\/","title":{"rendered":"VIVnetworks.com s.r.o."},"content":{"rendered":"\n<div class=\"wp-block-group\"><div class=\"wp-block-group__inner-container is-layout-flow wp-block-group-is-layout-flow\">\n<div class=\"wp-block-columns is-layout-flex wp-container-core-columns-is-layout-1 wp-block-columns-is-layout-flex\">\n<div class=\"wp-block-column is-layout-flow wp-block-column-is-layout-flow\">\n<h2 class=\"wp-block-heading\" id=\"h-chi-siamo\">Chi siamo<\/h2>\n\n\n\n<p>Aiutiamo gli e-shop ad aumentare il numero di ordini e ad acquisire nuovi clienti.<br><br>Per questo utilizziamo il marketing di affiliazione, che creiamo e istruiamo la scena dell&#8217;affiliazione da oltre 16 anni. Utilizziamo la tecnologia pi\u00f9 grande e affidabile di <a href=\"http:\/\/cj.com\" target=\"_blank\" rel=\"noreferrer noopener\">CJ.com<\/a> e garantiamo trasparenza e sicurezza al 100%.<br><br><strong><a href=\"https:\/\/www.vivnetworks.com\/it\/\" target=\"_blank\" rel=\"noreferrer noopener\">VIVnetworks.com<\/a> fa parte di Publicis Groupe e CJ.com ed \u00e8 leader nella regione CEE (Europa centrale e orientale).<\/strong><br><\/p>\n<\/div>\n\n\n\n<div class=\"wp-block-column is-layout-flow wp-block-column-is-layout-flow\" style=\"flex-basis:15%\"><\/div>\n\n\n\n<div class=\"wp-block-column is-layout-flow wp-block-column-is-layout-flow\">\n<h2 class=\"wp-block-heading\" id=\"h-contatto\">Contatto<\/h2>\n\n\n\n<p class=\"has-dark-color has-text-color\"><strong><a href=\"tel:+420734447050\">+420 734 447 050<\/a><\/strong> (lunedi\u2013venerdi: 8:30\u201316:30)<\/p>\n\n\n\n<p>Assistenza tecnica: <strong><a href=\"mailto:support@vivnetworks.com\">support@vivnetworks.com<\/a><\/strong><br>Ufficio commerciale: <strong><a href=\"mailto:sales@vivnetworks.com\">sales@vivnetworks.com<\/a><\/strong><\/p>\n\n\n\n<div class=\"wp-block-contact-form-7-contact-form-selector\">\n<div class=\"wpcf7 no-js\" id=\"wpcf7-f13245-o1\" lang=\"it-IT\" dir=\"ltr\">\n<div class=\"screen-reader-response\"><p role=\"status\" aria-live=\"polite\" aria-atomic=\"true\"><\/p> <ul><\/ul><\/div>\n<form action=\"\/it\/wp-json\/wp\/v2\/pages\/6081#wpcf7-f13245-o1\" method=\"post\" class=\"wpcf7-form init\" aria-label=\"Modulo di contatto\" novalidate=\"novalidate\" data-status=\"init\">\n<div style=\"display: none;\">\n<input type=\"hidden\" name=\"_wpcf7\" value=\"13245\" \/>\n<input type=\"hidden\" name=\"_wpcf7_version\" value=\"5.9.3\" \/>\n<input type=\"hidden\" name=\"_wpcf7_locale\" value=\"it_IT\" \/>\n<input type=\"hidden\" name=\"_wpcf7_unit_tag\" value=\"wpcf7-f13245-o1\" \/>\n<input type=\"hidden\" name=\"_wpcf7_container_post\" value=\"0\" \/>\n<input type=\"hidden\" name=\"_wpcf7_posted_data_hash\" value=\"\" \/>\n<\/div>\n<p><label> Il tuo nome<br \/>\n<span class=\"wpcf7-form-control-wrap\" data-name=\"your-name\"><input size=\"40\" class=\"wpcf7-form-control wpcf7-text wpcf7-validates-as-required\" aria-required=\"true\" aria-invalid=\"false\" value=\"\" type=\"text\" name=\"your-name\" \/><\/span> <\/label>\n<\/p>\n<p><label> la tua email<br \/>\n<span class=\"wpcf7-form-control-wrap\" data-name=\"your-email\"><input size=\"40\" class=\"wpcf7-form-control wpcf7-email wpcf7-validates-as-required wpcf7-text wpcf7-validates-as-email\" aria-required=\"true\" aria-invalid=\"false\" value=\"\" type=\"email\" name=\"your-email\" \/><\/span> <\/label>\n<\/p>\n<p><label> Il tuo messaggio (facoltativo)<br \/>\n<span class=\"wpcf7-form-control-wrap\" data-name=\"your-message\"><textarea cols=\"40\" rows=\"10\" class=\"wpcf7-form-control wpcf7-textarea\" aria-invalid=\"false\" name=\"your-message\"><\/textarea><\/span> <\/label><br \/>\n\t<center><div id=\"cf7sr-69e345e46648a\" class=\"cf7sr-g-recaptcha\" data-theme=\"light\" data-type=\"image\" data-size=\"normal\" data-sitekey=\"6Lej3H0lAAAAAPu_7rE_2JGaneUoxYtnD6WTg2P6\"><\/div><span class=\"wpcf7-form-control-wrap cf7sr-recaptcha\" data-name=\"cf7sr-recaptcha\"><input type=\"hidden\" name=\"cf7sr-recaptcha\" value=\"\" class=\"wpcf7-form-control\"><\/span>\n\t<\/center><br \/>\n<input class=\"wpcf7-form-control wpcf7-submit has-spinner\" type=\"submit\" value=\"Inviare\" \/>\n<\/p><div class=\"wpcf7-response-output\" aria-hidden=\"true\"><\/div>\n<\/form>\n<\/div>\n<\/div>\n<\/div>\n<\/div>\n<\/div><\/div>\n\n\n\n<div class=\"wp-block-group has-light-grey-background-color has-background\"><div class=\"wp-block-group__inner-container is-layout-flow wp-block-group-is-layout-flow\">\n<div class=\"wp-block-columns is-layout-flex wp-container-core-columns-is-layout-2 wp-block-columns-is-layout-flex\">\n<div class=\"wp-block-column is-layout-flow wp-block-column-is-layout-flow\">\n<h2 class=\"wp-block-heading\" id=\"h-sede-della-societa-e-l-ufficio\">Sede della societa&#8217; e l&#8217;ufficio<\/h2>\n\n\n\n<p>VIVnetworks.com s.r.o.<br>Jungmannovo n\u00e1m\u011bst\u00ed 753\/18<br>110 00 Praha 1<br>\u010cesk\u00e1 republika<\/p>\n\n\n\n<p>I\u010c: 28957733<br>VAT: CZ28957733<\/p>\n<\/div>\n\n\n\n<div class=\"wp-block-column is-layout-flow wp-block-column-is-layout-flow\">\n<iframe src=\"https:\/\/www.google.com\/maps\/embed?pb=!1m14!1m8!1m3!1d10240.742688892498!2d14.4220328!3d50.0828105!3m2!1i1024!2i768!4f13.1!3m3!1m2!1s0x0%3A0x1050aff7a059e349!2sVIV%20NETworks%20s.r.o.!5e0!3m2!1scs!2scz!4v1612469498418!5m2!1scs!2scz\" width=\"100%\" height=\"100%\" min-height=\"300px\" frameborder=\"0\" style=\"border:0;\" allowfullscreen=\"\" aria-hidden=\"false\" tabindex=\"0\"><\/iframe>\n<\/div>\n<\/div>\n<\/div><\/div>\n\n\n\n<div class=\"wp-block-group\"><div class=\"wp-block-group__inner-container is-layout-flow wp-block-group-is-layout-flow\">\n<div class=\"wp-block-columns is-layout-flex wp-container-core-columns-is-layout-3 wp-block-columns-is-layout-flex\">\n<div class=\"wp-block-column is-layout-flow wp-block-column-is-layout-flow\">\n<div class=\"wp-block-block-team-member eb-team-member-container\"><div class=\"eb-team-member-column\" style=\"margin:0px 0px 0px 0px;padding:0px 0px 0px 0px;box-shadow:0px 0px 0px 0px #000000;border:0px solid #000000\"><div style=\"margin:0 auto;height:100px;width:100px;border-radius:50%;background-size:cover;background-position:center;background-image:url(https:\/\/www.vivnetworks.com\/wp-content\/uploads\/2022\/06\/Mirko-Zapletal.jpg);display:block\"><\/div><div style=\"text-align:center\"><h3 class=\"eb-member-name\" style=\"color:#4b4b4b;font-size:24px;font-weight:normal\">Mirko Zapletal \ud83c\uddec\ud83c\udde7<\/h3><h4 class=\"eb-member-job-title\" style=\"color:#4a5059;font-size:18px;font-weight:normal\">Sales Director<\/h4><p class=\"eb-member-job-details\" style=\"color:#9f9f9f;font-size:18px;font-weight:normal\"><a href=\"mailto:mirko.zapletal@vivnetworks.com\">mirko.zapletal@vivnetworks.com<\/a><br><a href=\"tel:+420725258519\">+420 725 258 519<\/a><\/p><div class=\"profile-container\" style=\"font-size:32px;display:flex;justify-content:center\"><\/div><\/div><\/div><\/div>\n<\/div>\n\n\n\n<div class=\"wp-block-column is-layout-flow wp-block-column-is-layout-flow\">\n<div class=\"wp-block-block-team-member eb-team-member-container\"><div class=\"eb-team-member-column\" style=\"margin:0px 0px 0px 0px;padding:0px 0px 0px 0px;box-shadow:0px 0px 0px 0px #000000;border:0px solid #000000\"><div style=\"margin:0 auto;height:100px;width:100px;border-radius:50%;background-size:cover;background-position:center;background-image:url(https:\/\/www.vivnetworks.com\/wp-content\/uploads\/2022\/06\/Magdalena-Vojtova.jpg);display:block\"><\/div><div style=\"text-align:center\"><h3 class=\"eb-member-name\" style=\"color:#4b4b4b;font-size:24px;font-weight:normal\">Magdalena Hulov\u00e1 \ud83c\uddec\ud83c\udde7<\/h3><h4 class=\"eb-member-job-title\" style=\"color:#4a5059;font-size:18px;font-weight:normal\">Affiliate Account Director<\/h4><p class=\"eb-member-job-details\" style=\"color:#9f9f9f;font-size:18px;font-weight:normal\"><a href=\"mailto:magdalena.hulova@vivnetworks.com\">magdalena.hulova@vivnetworks.com<\/a><br><a href=\"tel:+420724325809\"><\/a><a href=\"tel:+420724325809\">+420 724 325 809<\/a><\/p><div class=\"profile-container\" style=\"font-size:32px;display:flex;justify-content:center\"><\/div><\/div><\/div><\/div>\n<\/div>\n<\/div>\n<\/div><\/div>\n\n\n\n\n","protected":false},"excerpt":{"rendered":"<p>Chi siamo Aiutiamo gli e-shop ad aumentare il numero di ordini e ad acquisire nuovi clienti. Per questo utilizziamo il [&hellip;]<\/p>\n","protected":false},"author":3,"featured_media":0,"parent":0,"menu_order":0,"comment_status":"closed","ping_status":"closed","template":"","meta":{"_eb_attr":"","_uag_custom_page_level_css":"","footnotes":""},"yoast_head":"<!-- This site is optimized with the Yoast SEO Premium plugin v22.5 (Yoast SEO v22.5) - https:\/\/yoast.com\/wordpress\/plugins\/seo\/ -->\n<title>VIVnetworks.com s.r.o. | VIVnetworks.com<\/title>\n<meta name=\"description\" content=\"Aiutiamo gli e-shop ad aumentare il numero di ordini e ad acquisire nuovi clienti. Per questo utilizziamo il marketing di affiliazione\" \/>\n<meta name=\"robots\" content=\"index, follow, max-snippet:-1, max-image-preview:large, max-video-preview:-1\" \/>\n<link rel=\"canonical\" href=\"https:\/\/www.vivnetworks.com\/it\/chi-siamo\/\" \/>\n<meta property=\"og:locale\" content=\"it_IT\" \/>\n<meta property=\"og:type\" content=\"article\" \/>\n<meta property=\"og:title\" content=\"VIVnetworks.com s.r.o.\" \/>\n<meta property=\"og:description\" content=\"Chi siamo Aiutiamo gli e-shop ad aumentare il numero di ordini e ad acquisire nuovi clienti.Per questo utilizziamo il marketing di affiliazione, che\" \/>\n<meta property=\"og:url\" content=\"https:\/\/www.vivnetworks.com\/it\/chi-siamo\/\" \/>\n<meta property=\"og:site_name\" content=\"VIVnetworks.com\" \/>\n<meta property=\"article:modified_time\" content=\"2026-01-05T12:21:09+00:00\" \/>\n<meta property=\"og:image\" content=\"https:\/\/www.vivnetworks.com\/wp-content\/uploads\/2022\/01\/Logo-VIVnetworks-400x200-1.png\" \/>\n\t<meta property=\"og:image:width\" content=\"400\" \/>\n\t<meta property=\"og:image:height\" content=\"200\" \/>\n\t<meta property=\"og:image:type\" content=\"image\/png\" \/>\n<meta name=\"twitter:card\" content=\"summary_large_image\" \/>\n<meta name=\"twitter:label1\" content=\"Tempo di lettura stimato\" \/>\n\t<meta name=\"twitter:data1\" content=\"2 minuti\" \/>\n<script type=\"application\/ld+json\" class=\"yoast-schema-graph\">{\"@context\":\"https:\/\/schema.org\",\"@graph\":[{\"@type\":\"WebPage\",\"@id\":\"https:\/\/www.vivnetworks.com\/it\/chi-siamo\/\",\"url\":\"https:\/\/www.vivnetworks.com\/it\/chi-siamo\/\",\"name\":\"VIVnetworks.com s.r.o. | VIVnetworks.com\",\"isPartOf\":{\"@id\":\"https:\/\/www.vivnetworks.com\/it\/#website\"},\"datePublished\":\"2021-02-15T19:16:14+00:00\",\"dateModified\":\"2026-01-05T12:21:09+00:00\",\"description\":\"Aiutiamo gli e-shop ad aumentare il numero di ordini e ad acquisire nuovi clienti. Per questo utilizziamo il marketing di affiliazione\",\"breadcrumb\":{\"@id\":\"https:\/\/www.vivnetworks.com\/it\/chi-siamo\/#breadcrumb\"},\"inLanguage\":\"it-IT\",\"potentialAction\":[{\"@type\":\"ReadAction\",\"target\":[\"https:\/\/www.vivnetworks.com\/it\/chi-siamo\/\"]}]},{\"@type\":\"BreadcrumbList\",\"@id\":\"https:\/\/www.vivnetworks.com\/it\/chi-siamo\/#breadcrumb\",\"itemListElement\":[{\"@type\":\"ListItem\",\"position\":1,\"name\":\"Dom\u016f\",\"item\":\"https:\/\/www.vivnetworks.com\/it\/\"},{\"@type\":\"ListItem\",\"position\":2,\"name\":\"VIVnetworks.com s.r.o.\"}]},{\"@type\":\"WebSite\",\"@id\":\"https:\/\/www.vivnetworks.com\/it\/#website\",\"url\":\"https:\/\/www.vivnetworks.com\/it\/\",\"name\":\"VIVnetworks.com\",\"description\":\"Nejv\u00fdkonn\u011bj\u0161\u00ed affiliate s\u00ed\u0165 v CEE\",\"publisher\":{\"@id\":\"https:\/\/www.vivnetworks.com\/it\/#organization\"},\"potentialAction\":[{\"@type\":\"SearchAction\",\"target\":{\"@type\":\"EntryPoint\",\"urlTemplate\":\"https:\/\/www.vivnetworks.com\/it\/?s={search_term_string}\"},\"query-input\":\"required name=search_term_string\"}],\"inLanguage\":\"it-IT\"},{\"@type\":\"Organization\",\"@id\":\"https:\/\/www.vivnetworks.com\/it\/#organization\",\"name\":\"VIVnetworks.com s.r.o.\",\"url\":\"https:\/\/www.vivnetworks.com\/it\/\",\"logo\":{\"@type\":\"ImageObject\",\"inLanguage\":\"it-IT\",\"@id\":\"https:\/\/www.vivnetworks.com\/it\/#\/schema\/logo\/image\/\",\"url\":\"https:\/\/www.vivnetworks.com\/wp-content\/uploads\/2022\/01\/Logo-VIVnetworks-400x200-1.png\",\"contentUrl\":\"https:\/\/www.vivnetworks.com\/wp-content\/uploads\/2022\/01\/Logo-VIVnetworks-400x200-1.png\",\"width\":400,\"height\":200,\"caption\":\"VIVnetworks.com s.r.o.\"},\"image\":{\"@id\":\"https:\/\/www.vivnetworks.com\/it\/#\/schema\/logo\/image\/\"}}]}<\/script>\n<!-- \/ Yoast SEO Premium plugin. -->","yoast_head_json":{"title":"VIVnetworks.com s.r.o. | VIVnetworks.com","description":"Aiutiamo gli e-shop ad aumentare il numero di ordini e ad acquisire nuovi clienti. Per questo utilizziamo il marketing di affiliazione","robots":{"index":"index","follow":"follow","max-snippet":"max-snippet:-1","max-image-preview":"max-image-preview:large","max-video-preview":"max-video-preview:-1"},"canonical":"https:\/\/www.vivnetworks.com\/it\/chi-siamo\/","og_locale":"it_IT","og_type":"article","og_title":"VIVnetworks.com s.r.o.","og_description":"Chi siamo Aiutiamo gli e-shop ad aumentare il numero di ordini e ad acquisire nuovi clienti.Per questo utilizziamo il marketing di affiliazione, che","og_url":"https:\/\/www.vivnetworks.com\/it\/chi-siamo\/","og_site_name":"VIVnetworks.com","article_modified_time":"2026-01-05T12:21:09+00:00","og_image":[{"width":400,"height":200,"url":"https:\/\/www.vivnetworks.com\/wp-content\/uploads\/2022\/01\/Logo-VIVnetworks-400x200-1.png","type":"image\/png"}],"twitter_card":"summary_large_image","twitter_misc":{"Tempo di lettura stimato":"2 minuti"},"schema":{"@context":"https:\/\/schema.org","@graph":[{"@type":"WebPage","@id":"https:\/\/www.vivnetworks.com\/it\/chi-siamo\/","url":"https:\/\/www.vivnetworks.com\/it\/chi-siamo\/","name":"VIVnetworks.com s.r.o. | VIVnetworks.com","isPartOf":{"@id":"https:\/\/www.vivnetworks.com\/it\/#website"},"datePublished":"2021-02-15T19:16:14+00:00","dateModified":"2026-01-05T12:21:09+00:00","description":"Aiutiamo gli e-shop ad aumentare il numero di ordini e ad acquisire nuovi clienti. Per questo utilizziamo il marketing di affiliazione","breadcrumb":{"@id":"https:\/\/www.vivnetworks.com\/it\/chi-siamo\/#breadcrumb"},"inLanguage":"it-IT","potentialAction":[{"@type":"ReadAction","target":["https:\/\/www.vivnetworks.com\/it\/chi-siamo\/"]}]},{"@type":"BreadcrumbList","@id":"https:\/\/www.vivnetworks.com\/it\/chi-siamo\/#breadcrumb","itemListElement":[{"@type":"ListItem","position":1,"name":"Dom\u016f","item":"https:\/\/www.vivnetworks.com\/it\/"},{"@type":"ListItem","position":2,"name":"VIVnetworks.com s.r.o."}]},{"@type":"WebSite","@id":"https:\/\/www.vivnetworks.com\/it\/#website","url":"https:\/\/www.vivnetworks.com\/it\/","name":"VIVnetworks.com","description":"Nejv\u00fdkonn\u011bj\u0161\u00ed affiliate s\u00ed\u0165 v CEE","publisher":{"@id":"https:\/\/www.vivnetworks.com\/it\/#organization"},"potentialAction":[{"@type":"SearchAction","target":{"@type":"EntryPoint","urlTemplate":"https:\/\/www.vivnetworks.com\/it\/?s={search_term_string}"},"query-input":"required name=search_term_string"}],"inLanguage":"it-IT"},{"@type":"Organization","@id":"https:\/\/www.vivnetworks.com\/it\/#organization","name":"VIVnetworks.com s.r.o.","url":"https:\/\/www.vivnetworks.com\/it\/","logo":{"@type":"ImageObject","inLanguage":"it-IT","@id":"https:\/\/www.vivnetworks.com\/it\/#\/schema\/logo\/image\/","url":"https:\/\/www.vivnetworks.com\/wp-content\/uploads\/2022\/01\/Logo-VIVnetworks-400x200-1.png","contentUrl":"https:\/\/www.vivnetworks.com\/wp-content\/uploads\/2022\/01\/Logo-VIVnetworks-400x200-1.png","width":400,"height":200,"caption":"VIVnetworks.com s.r.o."},"image":{"@id":"https:\/\/www.vivnetworks.com\/it\/#\/schema\/logo\/image\/"}}]}},"uagb_featured_image_src":{"full":false,"thumbnail":false,"medium":false,"medium_large":false,"large":false,"1536x1536":false,"2048x2048":false},"uagb_author_info":{"display_name":"VIVnetworks.com","author_link":"https:\/\/www.vivnetworks.com\/it\/author\/admin\/"},"uagb_comment_info":0,"uagb_excerpt":"Chi siamo Aiutiamo gli e-shop ad aumentare il numero di ordini e ad acquisire nuovi clienti. Per questo utilizziamo il [&hellip;]","_links":{"self":[{"href":"https:\/\/www.vivnetworks.com\/it\/wp-json\/wp\/v2\/pages\/6081"}],"collection":[{"href":"https:\/\/www.vivnetworks.com\/it\/wp-json\/wp\/v2\/pages"}],"about":[{"href":"https:\/\/www.vivnetworks.com\/it\/wp-json\/wp\/v2\/types\/page"}],"author":[{"embeddable":true,"href":"https:\/\/www.vivnetworks.com\/it\/wp-json\/wp\/v2\/users\/3"}],"replies":[{"embeddable":true,"href":"https:\/\/www.vivnetworks.com\/it\/wp-json\/wp\/v2\/comments?post=6081"}],"version-history":[{"count":12,"href":"https:\/\/www.vivnetworks.com\/it\/wp-json\/wp\/v2\/pages\/6081\/revisions"}],"predecessor-version":[{"id":64624,"href":"https:\/\/www.vivnetworks.com\/it\/wp-json\/wp\/v2\/pages\/6081\/revisions\/64624"}],"wp:attachment":[{"href":"https:\/\/www.vivnetworks.com\/it\/wp-json\/wp\/v2\/media?parent=6081"}],"curies":[{"name":"wp","href":"https:\/\/api.w.org\/{rel}","templated":true}]}}