{"id":6079,"date":"2021-02-15T20:14:22","date_gmt":"2021-02-15T19:14:22","guid":{"rendered":"http:\/\/268709.w9.wedos.ws\/stante-se-affiliate-inzerentem\/"},"modified":"2023-10-29T22:56:32","modified_gmt":"2023-10-29T21:56:32","slug":"diventate-inserzionista-affiliate","status":"publish","type":"page","link":"https:\/\/www.vivnetworks.com\/it\/diventate-inserzionista-affiliate\/","title":{"rendered":"Diventate un affiliate advertiser"},"content":{"rendered":"\n<p>Un affiliate advertiser nel nostro network pu\u00f2 diventare chiunque utilizzi un sito web per vendere, realizzare gli ordini o persino per compilare un modulo di contatto.<\/p>\n\n\n\n<div class=\"wpcf7 no-js\" id=\"wpcf7-f39133-o1\" lang=\"it-IT\" dir=\"ltr\">\n<div class=\"screen-reader-response\"><p role=\"status\" aria-live=\"polite\" aria-atomic=\"true\"><\/p> <ul><\/ul><\/div>\n<form action=\"\/it\/wp-json\/wp\/v2\/pages\/6079#wpcf7-f39133-o1\" method=\"post\" class=\"wpcf7-form init\" aria-label=\"Modulo di contatto\" novalidate=\"novalidate\" data-status=\"init\">\n<div style=\"display: none;\">\n<input type=\"hidden\" name=\"_wpcf7\" value=\"39133\" \/>\n<input type=\"hidden\" name=\"_wpcf7_version\" value=\"5.9.3\" \/>\n<input type=\"hidden\" name=\"_wpcf7_locale\" value=\"it_IT\" \/>\n<input type=\"hidden\" name=\"_wpcf7_unit_tag\" value=\"wpcf7-f39133-o1\" \/>\n<input type=\"hidden\" name=\"_wpcf7_container_post\" value=\"0\" \/>\n<input type=\"hidden\" name=\"_wpcf7_posted_data_hash\" value=\"\" \/>\n<\/div>\n<p><label> Suo nome<br \/>\n<span class=\"wpcf7-form-control-wrap\" data-name=\"your-name\"><input size=\"40\" class=\"wpcf7-form-control wpcf7-text wpcf7-validates-as-required\" aria-required=\"true\" aria-invalid=\"false\" placeholder=\"Nome Cognome\" value=\"\" type=\"text\" name=\"your-name\" \/><\/span> <\/label>\n<\/p>\n<p><label> Suo email<br \/>\n<span class=\"wpcf7-form-control-wrap\" data-name=\"your-email\"><input size=\"40\" class=\"wpcf7-form-control wpcf7-email wpcf7-validates-as-required wpcf7-text wpcf7-validates-as-email\" aria-required=\"true\" aria-invalid=\"false\" placeholder=\"Esempio@email.it\" value=\"\" type=\"email\" name=\"your-email\" \/><\/span> <\/label>\n<\/p>\n<p><label> Suo telefono<br \/>\n<span class=\"wpcf7-form-control-wrap\" data-name=\"your-tel\"><input size=\"40\" class=\"wpcf7-form-control wpcf7-tel wpcf7-text wpcf7-validates-as-tel\" aria-invalid=\"false\" placeholder=\"Telefono\" value=\"\" type=\"tel\" name=\"your-tel\" \/><\/span> <\/label>\n<\/p>\n<p><label> Indirizzo di e-shop<br \/>\n<span class=\"wpcf7-form-control-wrap\" data-name=\"your-url\"><input size=\"40\" class=\"wpcf7-form-control wpcf7-text\" aria-invalid=\"false\" placeholder=\"Eshop.it\" value=\"\" type=\"text\" name=\"your-url\" \/><\/span> <\/label>\n<\/p>\n<p><label> Suo messagio (opzionale)<br \/>\n<span class=\"wpcf7-form-control-wrap\" data-name=\"your-message\"><textarea cols=\"40\" rows=\"10\" class=\"wpcf7-form-control wpcf7-textarea\" aria-invalid=\"false\" placeholder=\"Accelera l&#039;elaborazione della Sua richiesta, indicando ad esempio il traffico medio del tuo e-shop, l&#039;importo del fatturato o il numero di ordini al mese...\" name=\"your-message\"><\/textarea><\/span> <\/label>\n<\/p>\n<center><div id=\"cf7sr-69e3608dea6b3\" class=\"cf7sr-g-recaptcha\" data-theme=\"light\" data-type=\"image\" data-size=\"normal\" data-sitekey=\"6Lej3H0lAAAAAPu_7rE_2JGaneUoxYtnD6WTg2P6\"><\/div><span class=\"wpcf7-form-control-wrap cf7sr-recaptcha\" data-name=\"cf7sr-recaptcha\"><input type=\"hidden\" name=\"cf7sr-recaptcha\" value=\"\" class=\"wpcf7-form-control\"><\/span>\n<\/center>\n<p><input class=\"wpcf7-form-control wpcf7-submit has-spinner\" type=\"submit\" value=\"Inviare richiesta\" \/>\n<\/p><div class=\"wpcf7-response-output\" aria-hidden=\"true\"><\/div>\n<\/form>\n<\/div>\n\n\n\n\n<p><\/p>\n","protected":false},"excerpt":{"rendered":"<p>Un affiliate advertiser nel nostro network pu\u00f2 diventare chiunque utilizzi un sito web per vendere, realizzare gli ordini o persino [&hellip;]<\/p>\n","protected":false},"author":3,"featured_media":0,"parent":0,"menu_order":0,"comment_status":"closed","ping_status":"closed","template":"","meta":{"_eb_attr":"","_uag_custom_page_level_css":"","footnotes":""},"yoast_head":"<!-- This site is optimized with the Yoast SEO Premium plugin v22.5 (Yoast SEO v22.5) - https:\/\/yoast.com\/wordpress\/plugins\/seo\/ -->\n<title>Diventate un inserzionista affiliate | VIVnetworks.com<\/title>\n<meta name=\"description\" content=\"Come ottenere i clienti. Gestiamo oltre 1 250 delle campagne ed auitiamo i nostri advertiser a raggiungere una crescita scalabile e\" \/>\n<meta name=\"robots\" content=\"index, follow, max-snippet:-1, max-image-preview:large, max-video-preview:-1\" \/>\n<link rel=\"canonical\" href=\"https:\/\/www.vivnetworks.com\/it\/diventate-inserzionista-affiliate\/\" \/>\n<meta property=\"og:locale\" content=\"it_IT\" \/>\n<meta property=\"og:type\" content=\"article\" \/>\n<meta property=\"og:title\" content=\"Diventate un affiliate advertiser\" \/>\n<meta property=\"og:description\" content=\"Un affiliate advertiser nel nostro network pu\u00f2 diventare chiunque utilizzi un sito web per vendere, realizzare gli ordini o persino per compilare un\" \/>\n<meta property=\"og:url\" content=\"https:\/\/www.vivnetworks.com\/it\/diventate-inserzionista-affiliate\/\" \/>\n<meta property=\"og:site_name\" content=\"VIVnetworks.com\" \/>\n<meta property=\"article:modified_time\" content=\"2023-10-29T21:56:32+00:00\" \/>\n<meta property=\"og:image\" content=\"https:\/\/www.vivnetworks.com\/wp-content\/uploads\/2022\/01\/Logo-VIVnetworks-400x200-1.png\" \/>\n\t<meta property=\"og:image:width\" content=\"400\" \/>\n\t<meta property=\"og:image:height\" content=\"200\" \/>\n\t<meta property=\"og:image:type\" content=\"image\/png\" \/>\n<meta name=\"twitter:card\" content=\"summary_large_image\" \/>\n<meta name=\"twitter:label1\" content=\"Tempo di lettura stimato\" \/>\n\t<meta name=\"twitter:data1\" content=\"1 minuto\" \/>\n<script type=\"application\/ld+json\" class=\"yoast-schema-graph\">{\"@context\":\"https:\/\/schema.org\",\"@graph\":[{\"@type\":\"WebPage\",\"@id\":\"https:\/\/www.vivnetworks.com\/it\/diventate-inserzionista-affiliate\/\",\"url\":\"https:\/\/www.vivnetworks.com\/it\/diventate-inserzionista-affiliate\/\",\"name\":\"Diventate un inserzionista affiliate | VIVnetworks.com\",\"isPartOf\":{\"@id\":\"https:\/\/www.vivnetworks.com\/it\/#website\"},\"datePublished\":\"2021-02-15T19:14:22+00:00\",\"dateModified\":\"2023-10-29T21:56:32+00:00\",\"description\":\"Come ottenere i clienti. Gestiamo oltre 1 250 delle campagne ed auitiamo i nostri advertiser a raggiungere una crescita scalabile e\",\"breadcrumb\":{\"@id\":\"https:\/\/www.vivnetworks.com\/it\/diventate-inserzionista-affiliate\/#breadcrumb\"},\"inLanguage\":\"it-IT\",\"potentialAction\":[{\"@type\":\"ReadAction\",\"target\":[\"https:\/\/www.vivnetworks.com\/it\/diventate-inserzionista-affiliate\/\"]}]},{\"@type\":\"BreadcrumbList\",\"@id\":\"https:\/\/www.vivnetworks.com\/it\/diventate-inserzionista-affiliate\/#breadcrumb\",\"itemListElement\":[{\"@type\":\"ListItem\",\"position\":1,\"name\":\"Dom\u016f\",\"item\":\"https:\/\/www.vivnetworks.com\/it\/\"},{\"@type\":\"ListItem\",\"position\":2,\"name\":\"Diventate un affiliate advertiser\"}]},{\"@type\":\"WebSite\",\"@id\":\"https:\/\/www.vivnetworks.com\/it\/#website\",\"url\":\"https:\/\/www.vivnetworks.com\/it\/\",\"name\":\"VIVnetworks.com\",\"description\":\"Nejv\u00fdkonn\u011bj\u0161\u00ed affiliate s\u00ed\u0165 v CEE\",\"publisher\":{\"@id\":\"https:\/\/www.vivnetworks.com\/it\/#organization\"},\"potentialAction\":[{\"@type\":\"SearchAction\",\"target\":{\"@type\":\"EntryPoint\",\"urlTemplate\":\"https:\/\/www.vivnetworks.com\/it\/?s={search_term_string}\"},\"query-input\":\"required name=search_term_string\"}],\"inLanguage\":\"it-IT\"},{\"@type\":\"Organization\",\"@id\":\"https:\/\/www.vivnetworks.com\/it\/#organization\",\"name\":\"VIVnetworks.com s.r.o.\",\"url\":\"https:\/\/www.vivnetworks.com\/it\/\",\"logo\":{\"@type\":\"ImageObject\",\"inLanguage\":\"it-IT\",\"@id\":\"https:\/\/www.vivnetworks.com\/it\/#\/schema\/logo\/image\/\",\"url\":\"https:\/\/www.vivnetworks.com\/wp-content\/uploads\/2022\/01\/Logo-VIVnetworks-400x200-1.png\",\"contentUrl\":\"https:\/\/www.vivnetworks.com\/wp-content\/uploads\/2022\/01\/Logo-VIVnetworks-400x200-1.png\",\"width\":400,\"height\":200,\"caption\":\"VIVnetworks.com s.r.o.\"},\"image\":{\"@id\":\"https:\/\/www.vivnetworks.com\/it\/#\/schema\/logo\/image\/\"}}]}<\/script>\n<!-- \/ Yoast SEO Premium plugin. -->","yoast_head_json":{"title":"Diventate un inserzionista affiliate | VIVnetworks.com","description":"Come ottenere i clienti. Gestiamo oltre 1 250 delle campagne ed auitiamo i nostri advertiser a raggiungere una crescita scalabile e","robots":{"index":"index","follow":"follow","max-snippet":"max-snippet:-1","max-image-preview":"max-image-preview:large","max-video-preview":"max-video-preview:-1"},"canonical":"https:\/\/www.vivnetworks.com\/it\/diventate-inserzionista-affiliate\/","og_locale":"it_IT","og_type":"article","og_title":"Diventate un affiliate advertiser","og_description":"Un affiliate advertiser nel nostro network pu\u00f2 diventare chiunque utilizzi un sito web per vendere, realizzare gli ordini o persino per compilare un","og_url":"https:\/\/www.vivnetworks.com\/it\/diventate-inserzionista-affiliate\/","og_site_name":"VIVnetworks.com","article_modified_time":"2023-10-29T21:56:32+00:00","og_image":[{"width":400,"height":200,"url":"https:\/\/www.vivnetworks.com\/wp-content\/uploads\/2022\/01\/Logo-VIVnetworks-400x200-1.png","type":"image\/png"}],"twitter_card":"summary_large_image","twitter_misc":{"Tempo di lettura stimato":"1 minuto"},"schema":{"@context":"https:\/\/schema.org","@graph":[{"@type":"WebPage","@id":"https:\/\/www.vivnetworks.com\/it\/diventate-inserzionista-affiliate\/","url":"https:\/\/www.vivnetworks.com\/it\/diventate-inserzionista-affiliate\/","name":"Diventate un inserzionista affiliate | VIVnetworks.com","isPartOf":{"@id":"https:\/\/www.vivnetworks.com\/it\/#website"},"datePublished":"2021-02-15T19:14:22+00:00","dateModified":"2023-10-29T21:56:32+00:00","description":"Come ottenere i clienti. Gestiamo oltre 1 250 delle campagne ed auitiamo i nostri advertiser a raggiungere una crescita scalabile e","breadcrumb":{"@id":"https:\/\/www.vivnetworks.com\/it\/diventate-inserzionista-affiliate\/#breadcrumb"},"inLanguage":"it-IT","potentialAction":[{"@type":"ReadAction","target":["https:\/\/www.vivnetworks.com\/it\/diventate-inserzionista-affiliate\/"]}]},{"@type":"BreadcrumbList","@id":"https:\/\/www.vivnetworks.com\/it\/diventate-inserzionista-affiliate\/#breadcrumb","itemListElement":[{"@type":"ListItem","position":1,"name":"Dom\u016f","item":"https:\/\/www.vivnetworks.com\/it\/"},{"@type":"ListItem","position":2,"name":"Diventate un affiliate advertiser"}]},{"@type":"WebSite","@id":"https:\/\/www.vivnetworks.com\/it\/#website","url":"https:\/\/www.vivnetworks.com\/it\/","name":"VIVnetworks.com","description":"Nejv\u00fdkonn\u011bj\u0161\u00ed affiliate s\u00ed\u0165 v CEE","publisher":{"@id":"https:\/\/www.vivnetworks.com\/it\/#organization"},"potentialAction":[{"@type":"SearchAction","target":{"@type":"EntryPoint","urlTemplate":"https:\/\/www.vivnetworks.com\/it\/?s={search_term_string}"},"query-input":"required name=search_term_string"}],"inLanguage":"it-IT"},{"@type":"Organization","@id":"https:\/\/www.vivnetworks.com\/it\/#organization","name":"VIVnetworks.com s.r.o.","url":"https:\/\/www.vivnetworks.com\/it\/","logo":{"@type":"ImageObject","inLanguage":"it-IT","@id":"https:\/\/www.vivnetworks.com\/it\/#\/schema\/logo\/image\/","url":"https:\/\/www.vivnetworks.com\/wp-content\/uploads\/2022\/01\/Logo-VIVnetworks-400x200-1.png","contentUrl":"https:\/\/www.vivnetworks.com\/wp-content\/uploads\/2022\/01\/Logo-VIVnetworks-400x200-1.png","width":400,"height":200,"caption":"VIVnetworks.com s.r.o."},"image":{"@id":"https:\/\/www.vivnetworks.com\/it\/#\/schema\/logo\/image\/"}}]}},"uagb_featured_image_src":{"full":false,"thumbnail":false,"medium":false,"medium_large":false,"large":false,"1536x1536":false,"2048x2048":false},"uagb_author_info":{"display_name":"VIVnetworks.com","author_link":"https:\/\/www.vivnetworks.com\/it\/author\/admin\/"},"uagb_comment_info":0,"uagb_excerpt":"Un affiliate advertiser nel nostro network pu\u00f2 diventare chiunque utilizzi un sito web per vendere, realizzare gli ordini o persino [&hellip;]","_links":{"self":[{"href":"https:\/\/www.vivnetworks.com\/it\/wp-json\/wp\/v2\/pages\/6079"}],"collection":[{"href":"https:\/\/www.vivnetworks.com\/it\/wp-json\/wp\/v2\/pages"}],"about":[{"href":"https:\/\/www.vivnetworks.com\/it\/wp-json\/wp\/v2\/types\/page"}],"author":[{"embeddable":true,"href":"https:\/\/www.vivnetworks.com\/it\/wp-json\/wp\/v2\/users\/3"}],"replies":[{"embeddable":true,"href":"https:\/\/www.vivnetworks.com\/it\/wp-json\/wp\/v2\/comments?post=6079"}],"version-history":[{"count":6,"href":"https:\/\/www.vivnetworks.com\/it\/wp-json\/wp\/v2\/pages\/6079\/revisions"}],"predecessor-version":[{"id":39134,"href":"https:\/\/www.vivnetworks.com\/it\/wp-json\/wp\/v2\/pages\/6079\/revisions\/39134"}],"wp:attachment":[{"href":"https:\/\/www.vivnetworks.com\/it\/wp-json\/wp\/v2\/media?parent=6079"}],"curies":[{"name":"wp","href":"https:\/\/api.w.org\/{rel}","templated":true}]}}