{"id":11439,"date":"2021-06-10T16:07:00","date_gmt":"2021-06-10T14:07:00","guid":{"rendered":"https:\/\/www.vivnetworks.com\/mail-out\/"},"modified":"2021-07-20T10:31:11","modified_gmt":"2021-07-20T08:31:11","slug":"mail-out","status":"publish","type":"page","link":"https:\/\/www.vivnetworks.com\/it\/mail-out\/","title":{"rendered":"Siete stati cancellati dalla newsletter"},"content":{"rendered":"\n<p class=\"has-text-align-center\">Grazie per essere in contatto con voi e speriamo di rivedervi.<\/p>\n\n\n\n<p><\/p>\n\n\n\n<p class=\"has-text-align-center\">Vostro <a href=\"https:\/\/www.vivnetworks.com\/it\/\">VIVnetworks.com<\/a><\/p>\n","protected":false},"excerpt":{"rendered":"<p>Grazie per essere in contatto con voi e speriamo di rivedervi. Vostro VIVnetworks.com<\/p>\n","protected":false},"author":3,"featured_media":0,"parent":0,"menu_order":0,"comment_status":"closed","ping_status":"closed","template":"","meta":{"_eb_attr":"","_uag_custom_page_level_css":"","footnotes":""},"yoast_head":"<!-- This site is optimized with the Yoast SEO Premium plugin v22.5 (Yoast SEO v22.5) - https:\/\/yoast.com\/wordpress\/plugins\/seo\/ -->\n<title>Siete stati cancellati dalla newsletter | VIVnetworks.com<\/title>\n<meta name=\"robots\" content=\"index, follow, max-snippet:-1, max-image-preview:large, max-video-preview:-1\" \/>\n<link rel=\"canonical\" href=\"https:\/\/www.vivnetworks.com\/it\/mail-out\/\" \/>\n<meta property=\"og:locale\" content=\"it_IT\" \/>\n<meta property=\"og:type\" content=\"article\" \/>\n<meta property=\"og:title\" content=\"Siete stati cancellati dalla newsletter\" \/>\n<meta property=\"og:description\" content=\"Grazie per essere in contatto con voi e speriamo di rivedervi.    Vostro VIVnetworks.com\" \/>\n<meta property=\"og:url\" content=\"https:\/\/www.vivnetworks.com\/it\/mail-out\/\" \/>\n<meta property=\"og:site_name\" content=\"VIVnetworks.com\" \/>\n<meta property=\"article:modified_time\" content=\"2021-07-20T08:31:11+00:00\" \/>\n<meta property=\"og:image\" content=\"https:\/\/www.vivnetworks.com\/wp-content\/uploads\/2022\/01\/Logo-VIVnetworks-400x200-1.png\" \/>\n\t<meta property=\"og:image:width\" content=\"400\" \/>\n\t<meta property=\"og:image:height\" content=\"200\" \/>\n\t<meta property=\"og:image:type\" content=\"image\/png\" \/>\n<meta name=\"twitter:card\" content=\"summary_large_image\" \/>\n<meta name=\"twitter:label1\" content=\"Tempo di lettura stimato\" \/>\n\t<meta name=\"twitter:data1\" content=\"1 minuto\" \/>\n<script type=\"application\/ld+json\" class=\"yoast-schema-graph\">{\"@context\":\"https:\/\/schema.org\",\"@graph\":[{\"@type\":\"WebPage\",\"@id\":\"https:\/\/www.vivnetworks.com\/it\/mail-out\/\",\"url\":\"https:\/\/www.vivnetworks.com\/it\/mail-out\/\",\"name\":\"Siete stati cancellati dalla newsletter | VIVnetworks.com\",\"isPartOf\":{\"@id\":\"https:\/\/www.vivnetworks.com\/it\/#website\"},\"datePublished\":\"2021-06-10T14:07:00+00:00\",\"dateModified\":\"2021-07-20T08:31:11+00:00\",\"breadcrumb\":{\"@id\":\"https:\/\/www.vivnetworks.com\/it\/mail-out\/#breadcrumb\"},\"inLanguage\":\"it-IT\",\"potentialAction\":[{\"@type\":\"ReadAction\",\"target\":[\"https:\/\/www.vivnetworks.com\/it\/mail-out\/\"]}]},{\"@type\":\"BreadcrumbList\",\"@id\":\"https:\/\/www.vivnetworks.com\/it\/mail-out\/#breadcrumb\",\"itemListElement\":[{\"@type\":\"ListItem\",\"position\":1,\"name\":\"Dom\u016f\",\"item\":\"https:\/\/www.vivnetworks.com\/it\/\"},{\"@type\":\"ListItem\",\"position\":2,\"name\":\"Siete stati cancellati dalla newsletter\"}]},{\"@type\":\"WebSite\",\"@id\":\"https:\/\/www.vivnetworks.com\/it\/#website\",\"url\":\"https:\/\/www.vivnetworks.com\/it\/\",\"name\":\"VIVnetworks.com\",\"description\":\"Nejv\u00fdkonn\u011bj\u0161\u00ed affiliate s\u00ed\u0165 v CEE\",\"publisher\":{\"@id\":\"https:\/\/www.vivnetworks.com\/it\/#organization\"},\"potentialAction\":[{\"@type\":\"SearchAction\",\"target\":{\"@type\":\"EntryPoint\",\"urlTemplate\":\"https:\/\/www.vivnetworks.com\/it\/?s={search_term_string}\"},\"query-input\":\"required name=search_term_string\"}],\"inLanguage\":\"it-IT\"},{\"@type\":\"Organization\",\"@id\":\"https:\/\/www.vivnetworks.com\/it\/#organization\",\"name\":\"VIVnetworks.com s.r.o.\",\"url\":\"https:\/\/www.vivnetworks.com\/it\/\",\"logo\":{\"@type\":\"ImageObject\",\"inLanguage\":\"it-IT\",\"@id\":\"https:\/\/www.vivnetworks.com\/it\/#\/schema\/logo\/image\/\",\"url\":\"https:\/\/www.vivnetworks.com\/wp-content\/uploads\/2022\/01\/Logo-VIVnetworks-400x200-1.png\",\"contentUrl\":\"https:\/\/www.vivnetworks.com\/wp-content\/uploads\/2022\/01\/Logo-VIVnetworks-400x200-1.png\",\"width\":400,\"height\":200,\"caption\":\"VIVnetworks.com s.r.o.\"},\"image\":{\"@id\":\"https:\/\/www.vivnetworks.com\/it\/#\/schema\/logo\/image\/\"}}]}<\/script>\n<!-- \/ Yoast SEO Premium plugin. -->","yoast_head_json":{"title":"Siete stati cancellati dalla newsletter | VIVnetworks.com","robots":{"index":"index","follow":"follow","max-snippet":"max-snippet:-1","max-image-preview":"max-image-preview:large","max-video-preview":"max-video-preview:-1"},"canonical":"https:\/\/www.vivnetworks.com\/it\/mail-out\/","og_locale":"it_IT","og_type":"article","og_title":"Siete stati cancellati dalla newsletter","og_description":"Grazie per essere in contatto con voi e speriamo di rivedervi.    Vostro VIVnetworks.com","og_url":"https:\/\/www.vivnetworks.com\/it\/mail-out\/","og_site_name":"VIVnetworks.com","article_modified_time":"2021-07-20T08:31:11+00:00","og_image":[{"width":400,"height":200,"url":"https:\/\/www.vivnetworks.com\/wp-content\/uploads\/2022\/01\/Logo-VIVnetworks-400x200-1.png","type":"image\/png"}],"twitter_card":"summary_large_image","twitter_misc":{"Tempo di lettura stimato":"1 minuto"},"schema":{"@context":"https:\/\/schema.org","@graph":[{"@type":"WebPage","@id":"https:\/\/www.vivnetworks.com\/it\/mail-out\/","url":"https:\/\/www.vivnetworks.com\/it\/mail-out\/","name":"Siete stati cancellati dalla newsletter | VIVnetworks.com","isPartOf":{"@id":"https:\/\/www.vivnetworks.com\/it\/#website"},"datePublished":"2021-06-10T14:07:00+00:00","dateModified":"2021-07-20T08:31:11+00:00","breadcrumb":{"@id":"https:\/\/www.vivnetworks.com\/it\/mail-out\/#breadcrumb"},"inLanguage":"it-IT","potentialAction":[{"@type":"ReadAction","target":["https:\/\/www.vivnetworks.com\/it\/mail-out\/"]}]},{"@type":"BreadcrumbList","@id":"https:\/\/www.vivnetworks.com\/it\/mail-out\/#breadcrumb","itemListElement":[{"@type":"ListItem","position":1,"name":"Dom\u016f","item":"https:\/\/www.vivnetworks.com\/it\/"},{"@type":"ListItem","position":2,"name":"Siete stati cancellati dalla newsletter"}]},{"@type":"WebSite","@id":"https:\/\/www.vivnetworks.com\/it\/#website","url":"https:\/\/www.vivnetworks.com\/it\/","name":"VIVnetworks.com","description":"Nejv\u00fdkonn\u011bj\u0161\u00ed affiliate s\u00ed\u0165 v CEE","publisher":{"@id":"https:\/\/www.vivnetworks.com\/it\/#organization"},"potentialAction":[{"@type":"SearchAction","target":{"@type":"EntryPoint","urlTemplate":"https:\/\/www.vivnetworks.com\/it\/?s={search_term_string}"},"query-input":"required name=search_term_string"}],"inLanguage":"it-IT"},{"@type":"Organization","@id":"https:\/\/www.vivnetworks.com\/it\/#organization","name":"VIVnetworks.com s.r.o.","url":"https:\/\/www.vivnetworks.com\/it\/","logo":{"@type":"ImageObject","inLanguage":"it-IT","@id":"https:\/\/www.vivnetworks.com\/it\/#\/schema\/logo\/image\/","url":"https:\/\/www.vivnetworks.com\/wp-content\/uploads\/2022\/01\/Logo-VIVnetworks-400x200-1.png","contentUrl":"https:\/\/www.vivnetworks.com\/wp-content\/uploads\/2022\/01\/Logo-VIVnetworks-400x200-1.png","width":400,"height":200,"caption":"VIVnetworks.com s.r.o."},"image":{"@id":"https:\/\/www.vivnetworks.com\/it\/#\/schema\/logo\/image\/"}}]}},"uagb_featured_image_src":{"full":false,"thumbnail":false,"medium":false,"medium_large":false,"large":false,"1536x1536":false,"2048x2048":false},"uagb_author_info":{"display_name":"VIVnetworks.com","author_link":"https:\/\/www.vivnetworks.com\/it\/author\/admin\/"},"uagb_comment_info":0,"uagb_excerpt":"Grazie per essere in contatto con voi e speriamo di rivedervi. Vostro VIVnetworks.com","_links":{"self":[{"href":"https:\/\/www.vivnetworks.com\/it\/wp-json\/wp\/v2\/pages\/11439"}],"collection":[{"href":"https:\/\/www.vivnetworks.com\/it\/wp-json\/wp\/v2\/pages"}],"about":[{"href":"https:\/\/www.vivnetworks.com\/it\/wp-json\/wp\/v2\/types\/page"}],"author":[{"embeddable":true,"href":"https:\/\/www.vivnetworks.com\/it\/wp-json\/wp\/v2\/users\/3"}],"replies":[{"embeddable":true,"href":"https:\/\/www.vivnetworks.com\/it\/wp-json\/wp\/v2\/comments?post=11439"}],"version-history":[{"count":1,"href":"https:\/\/www.vivnetworks.com\/it\/wp-json\/wp\/v2\/pages\/11439\/revisions"}],"predecessor-version":[{"id":11732,"href":"https:\/\/www.vivnetworks.com\/it\/wp-json\/wp\/v2\/pages\/11439\/revisions\/11732"}],"wp:attachment":[{"href":"https:\/\/www.vivnetworks.com\/it\/wp-json\/wp\/v2\/media?parent=11439"}],"curies":[{"name":"wp","href":"https:\/\/api.w.org\/{rel}","templated":true}]}}