{"id":6222,"date":"2021-03-04T11:39:56","date_gmt":"2021-03-04T10:39:56","guid":{"rendered":"http:\/\/268709.w9.wedos.ws\/affiliate-katalog\/"},"modified":"2023-07-27T11:27:15","modified_gmt":"2023-07-27T09:27:15","slug":"affiliate-hirdetok-katalogusa","status":"publish","type":"page","link":"https:\/\/www.vivnetworks.com\/hu\/affiliate-hirdetok-katalogusa\/","title":{"rendered":"Hirdet\u0151k katal\u00f3gusa"},"content":{"rendered":"\n<p>Csatlakozzon <a href=\"https:\/\/www.vivnetworks.com\/hu\/affiliate-marketing-publishereknek\/\" target=\"_blank\" rel=\"noreferrer noopener\">a legmegb\u00edzhat\u00f3bb affiliate h\u00e1l\u00f3zatba<\/a>! Weboldala van, vagy k\u00f6vet\u0151i t\u00e1bora a k\u00f6z\u00f6ss\u00e9gi m\u00e9di\u00e1ban? Jusson bev\u00e9telhez a jutal\u00e9kos rendszer seg\u00edts\u00e9g\u00e9vel \u00e9s keressen p\u00e9nzt az affiliate marketinggel.<\/p>\n\n\n\n<div class=\"wp-block-columns is-layout-flex wp-container-core-columns-is-layout-1 wp-block-columns-is-layout-flex\">\n<div class=\"wp-block-column is-layout-flow wp-block-column-is-layout-flow\">\n<figure class=\"wp-block-image size-full\"><a href=\"https:\/\/www.zoot.hu\" target=\"_blank\" rel=\"noopener\"><img decoding=\"async\" width=\"526\" height=\"142\" src=\"https:\/\/www.vivnetworks.com\/wp-content\/uploads\/2017\/06\/zoot.png\" alt=\"Zoot\" class=\"wp-image-32461\" srcset=\"https:\/\/www.vivnetworks.com\/wp-content\/uploads\/2017\/06\/zoot.png 526w, https:\/\/www.vivnetworks.com\/wp-content\/uploads\/2017\/06\/zoot-300x81.png 300w\" sizes=\"(max-width: 526px) 100vw, 526px\" \/><\/a><\/figure>\n<\/div>\n<\/div>\n\n\n\n<p><\/p>\n","protected":false},"excerpt":{"rendered":"<p>Csatlakozzon a legmegb\u00edzhat\u00f3bb affiliate h\u00e1l\u00f3zatba! Weboldala van, vagy k\u00f6vet\u0151i t\u00e1bora a k\u00f6z\u00f6ss\u00e9gi m\u00e9di\u00e1ban? Jusson bev\u00e9telhez a jutal\u00e9kos rendszer seg\u00edts\u00e9g\u00e9vel \u00e9s [&hellip;]<\/p>\n","protected":false},"author":3,"featured_media":0,"parent":0,"menu_order":0,"comment_status":"closed","ping_status":"closed","template":"archive-advertiser.php","meta":{"_eb_attr":"","_uag_custom_page_level_css":"","footnotes":""},"yoast_head":"<!-- This site is optimized with the Yoast SEO Premium plugin v22.5 (Yoast SEO v22.5) - https:\/\/yoast.com\/wordpress\/plugins\/seo\/ -->\n<title>Affiliate hirdet\u0151k katal\u00f3gusa | VIVnetworks.com<\/title>\n<meta name=\"description\" content=\"Affiliate program: Csatlakozzon a legmegb\u00edzhat\u00f3bb affiliate h\u00e1l\u00f3zatba! Weboldala van, vagy k\u00f6vet\u0151i t\u00e1bora a k\u00f6z\u00f6ss\u00e9gi m\u00e9di\u00e1ban?\" \/>\n<meta name=\"robots\" content=\"index, follow, max-snippet:-1, max-image-preview:large, max-video-preview:-1\" \/>\n<link rel=\"canonical\" href=\"https:\/\/www.vivnetworks.com\/hu\/affiliate-hirdetok-katalogusa\/\" \/>\n<meta property=\"og:locale\" content=\"hu_HU\" \/>\n<meta property=\"og:type\" content=\"article\" \/>\n<meta property=\"og:title\" content=\"Hirdet\u0151k katal\u00f3gusa\" \/>\n<meta property=\"og:description\" content=\"Csatlakozzon a legmegb\u00edzhat\u00f3bb affiliate h\u00e1l\u00f3zatba! Weboldala van, vagy k\u00f6vet\u0151i t\u00e1bora a k\u00f6z\u00f6ss\u00e9gi m\u00e9di\u00e1ban? Jusson bev\u00e9telhez a jutal\u00e9kos rendszer\" \/>\n<meta property=\"og:url\" content=\"https:\/\/www.vivnetworks.com\/hu\/affiliate-hirdetok-katalogusa\/\" \/>\n<meta property=\"og:site_name\" content=\"VIVnetworks.com\" \/>\n<meta property=\"article:modified_time\" content=\"2023-07-27T09:27:15+00:00\" \/>\n<meta property=\"og:image\" content=\"https:\/\/www.vivnetworks.com\/wp-content\/uploads\/2017\/06\/zoot.png\" \/>\n<meta name=\"twitter:card\" content=\"summary_large_image\" \/>\n<meta name=\"twitter:label1\" content=\"Becs\u00fclt olvas\u00e1si id\u0151\" \/>\n\t<meta name=\"twitter:data1\" content=\"1 perc\" \/>\n<script type=\"application\/ld+json\" class=\"yoast-schema-graph\">{\"@context\":\"https:\/\/schema.org\",\"@graph\":[{\"@type\":\"WebPage\",\"@id\":\"https:\/\/www.vivnetworks.com\/hu\/affiliate-hirdetok-katalogusa\/\",\"url\":\"https:\/\/www.vivnetworks.com\/hu\/affiliate-hirdetok-katalogusa\/\",\"name\":\"Affiliate hirdet\u0151k katal\u00f3gusa | VIVnetworks.com\",\"isPartOf\":{\"@id\":\"https:\/\/www.vivnetworks.com\/hu\/#website\"},\"primaryImageOfPage\":{\"@id\":\"https:\/\/www.vivnetworks.com\/hu\/affiliate-hirdetok-katalogusa\/#primaryimage\"},\"image\":{\"@id\":\"https:\/\/www.vivnetworks.com\/hu\/affiliate-hirdetok-katalogusa\/#primaryimage\"},\"thumbnailUrl\":\"https:\/\/www.vivnetworks.com\/wp-content\/uploads\/2017\/06\/zoot.png\",\"datePublished\":\"2021-03-04T10:39:56+00:00\",\"dateModified\":\"2023-07-27T09:27:15+00:00\",\"description\":\"Affiliate program: Csatlakozzon a legmegb\u00edzhat\u00f3bb affiliate h\u00e1l\u00f3zatba! Weboldala van, vagy k\u00f6vet\u0151i t\u00e1bora a k\u00f6z\u00f6ss\u00e9gi m\u00e9di\u00e1ban?\",\"breadcrumb\":{\"@id\":\"https:\/\/www.vivnetworks.com\/hu\/affiliate-hirdetok-katalogusa\/#breadcrumb\"},\"inLanguage\":\"hu\",\"potentialAction\":[{\"@type\":\"ReadAction\",\"target\":[\"https:\/\/www.vivnetworks.com\/hu\/affiliate-hirdetok-katalogusa\/\"]}]},{\"@type\":\"ImageObject\",\"inLanguage\":\"hu\",\"@id\":\"https:\/\/www.vivnetworks.com\/hu\/affiliate-hirdetok-katalogusa\/#primaryimage\",\"url\":\"https:\/\/www.vivnetworks.com\/wp-content\/uploads\/2017\/06\/zoot.png\",\"contentUrl\":\"https:\/\/www.vivnetworks.com\/wp-content\/uploads\/2017\/06\/zoot.png\"},{\"@type\":\"BreadcrumbList\",\"@id\":\"https:\/\/www.vivnetworks.com\/hu\/affiliate-hirdetok-katalogusa\/#breadcrumb\",\"itemListElement\":[{\"@type\":\"ListItem\",\"position\":1,\"name\":\"Dom\u016f\",\"item\":\"https:\/\/www.vivnetworks.com\/hu\/\"},{\"@type\":\"ListItem\",\"position\":2,\"name\":\"Hirdet\u0151k katal\u00f3gusa\"}]},{\"@type\":\"WebSite\",\"@id\":\"https:\/\/www.vivnetworks.com\/hu\/#website\",\"url\":\"https:\/\/www.vivnetworks.com\/hu\/\",\"name\":\"VIVnetworks.com\",\"description\":\"Nejv\u00fdkonn\u011bj\u0161\u00ed affiliate s\u00ed\u0165 v CEE\",\"publisher\":{\"@id\":\"https:\/\/www.vivnetworks.com\/hu\/#organization\"},\"potentialAction\":[{\"@type\":\"SearchAction\",\"target\":{\"@type\":\"EntryPoint\",\"urlTemplate\":\"https:\/\/www.vivnetworks.com\/hu\/?s={search_term_string}\"},\"query-input\":\"required name=search_term_string\"}],\"inLanguage\":\"hu\"},{\"@type\":\"Organization\",\"@id\":\"https:\/\/www.vivnetworks.com\/hu\/#organization\",\"name\":\"VIVnetworks.com s.r.o.\",\"url\":\"https:\/\/www.vivnetworks.com\/hu\/\",\"logo\":{\"@type\":\"ImageObject\",\"inLanguage\":\"hu\",\"@id\":\"https:\/\/www.vivnetworks.com\/hu\/#\/schema\/logo\/image\/\",\"url\":\"https:\/\/www.vivnetworks.com\/wp-content\/uploads\/2022\/01\/Logo-VIVnetworks-400x200-1.png\",\"contentUrl\":\"https:\/\/www.vivnetworks.com\/wp-content\/uploads\/2022\/01\/Logo-VIVnetworks-400x200-1.png\",\"width\":400,\"height\":200,\"caption\":\"VIVnetworks.com s.r.o.\"},\"image\":{\"@id\":\"https:\/\/www.vivnetworks.com\/hu\/#\/schema\/logo\/image\/\"}}]}<\/script>\n<!-- \/ Yoast SEO Premium plugin. -->","yoast_head_json":{"title":"Affiliate hirdet\u0151k katal\u00f3gusa | VIVnetworks.com","description":"Affiliate program: Csatlakozzon a legmegb\u00edzhat\u00f3bb affiliate h\u00e1l\u00f3zatba! Weboldala van, vagy k\u00f6vet\u0151i t\u00e1bora a k\u00f6z\u00f6ss\u00e9gi m\u00e9di\u00e1ban?","robots":{"index":"index","follow":"follow","max-snippet":"max-snippet:-1","max-image-preview":"max-image-preview:large","max-video-preview":"max-video-preview:-1"},"canonical":"https:\/\/www.vivnetworks.com\/hu\/affiliate-hirdetok-katalogusa\/","og_locale":"hu_HU","og_type":"article","og_title":"Hirdet\u0151k katal\u00f3gusa","og_description":"Csatlakozzon a legmegb\u00edzhat\u00f3bb affiliate h\u00e1l\u00f3zatba! Weboldala van, vagy k\u00f6vet\u0151i t\u00e1bora a k\u00f6z\u00f6ss\u00e9gi m\u00e9di\u00e1ban? Jusson bev\u00e9telhez a jutal\u00e9kos rendszer","og_url":"https:\/\/www.vivnetworks.com\/hu\/affiliate-hirdetok-katalogusa\/","og_site_name":"VIVnetworks.com","article_modified_time":"2023-07-27T09:27:15+00:00","og_image":[{"url":"https:\/\/www.vivnetworks.com\/wp-content\/uploads\/2017\/06\/zoot.png"}],"twitter_card":"summary_large_image","twitter_misc":{"Becs\u00fclt olvas\u00e1si id\u0151":"1 perc"},"schema":{"@context":"https:\/\/schema.org","@graph":[{"@type":"WebPage","@id":"https:\/\/www.vivnetworks.com\/hu\/affiliate-hirdetok-katalogusa\/","url":"https:\/\/www.vivnetworks.com\/hu\/affiliate-hirdetok-katalogusa\/","name":"Affiliate hirdet\u0151k katal\u00f3gusa | VIVnetworks.com","isPartOf":{"@id":"https:\/\/www.vivnetworks.com\/hu\/#website"},"primaryImageOfPage":{"@id":"https:\/\/www.vivnetworks.com\/hu\/affiliate-hirdetok-katalogusa\/#primaryimage"},"image":{"@id":"https:\/\/www.vivnetworks.com\/hu\/affiliate-hirdetok-katalogusa\/#primaryimage"},"thumbnailUrl":"https:\/\/www.vivnetworks.com\/wp-content\/uploads\/2017\/06\/zoot.png","datePublished":"2021-03-04T10:39:56+00:00","dateModified":"2023-07-27T09:27:15+00:00","description":"Affiliate program: Csatlakozzon a legmegb\u00edzhat\u00f3bb affiliate h\u00e1l\u00f3zatba! Weboldala van, vagy k\u00f6vet\u0151i t\u00e1bora a k\u00f6z\u00f6ss\u00e9gi m\u00e9di\u00e1ban?","breadcrumb":{"@id":"https:\/\/www.vivnetworks.com\/hu\/affiliate-hirdetok-katalogusa\/#breadcrumb"},"inLanguage":"hu","potentialAction":[{"@type":"ReadAction","target":["https:\/\/www.vivnetworks.com\/hu\/affiliate-hirdetok-katalogusa\/"]}]},{"@type":"ImageObject","inLanguage":"hu","@id":"https:\/\/www.vivnetworks.com\/hu\/affiliate-hirdetok-katalogusa\/#primaryimage","url":"https:\/\/www.vivnetworks.com\/wp-content\/uploads\/2017\/06\/zoot.png","contentUrl":"https:\/\/www.vivnetworks.com\/wp-content\/uploads\/2017\/06\/zoot.png"},{"@type":"BreadcrumbList","@id":"https:\/\/www.vivnetworks.com\/hu\/affiliate-hirdetok-katalogusa\/#breadcrumb","itemListElement":[{"@type":"ListItem","position":1,"name":"Dom\u016f","item":"https:\/\/www.vivnetworks.com\/hu\/"},{"@type":"ListItem","position":2,"name":"Hirdet\u0151k katal\u00f3gusa"}]},{"@type":"WebSite","@id":"https:\/\/www.vivnetworks.com\/hu\/#website","url":"https:\/\/www.vivnetworks.com\/hu\/","name":"VIVnetworks.com","description":"Nejv\u00fdkonn\u011bj\u0161\u00ed affiliate s\u00ed\u0165 v CEE","publisher":{"@id":"https:\/\/www.vivnetworks.com\/hu\/#organization"},"potentialAction":[{"@type":"SearchAction","target":{"@type":"EntryPoint","urlTemplate":"https:\/\/www.vivnetworks.com\/hu\/?s={search_term_string}"},"query-input":"required name=search_term_string"}],"inLanguage":"hu"},{"@type":"Organization","@id":"https:\/\/www.vivnetworks.com\/hu\/#organization","name":"VIVnetworks.com s.r.o.","url":"https:\/\/www.vivnetworks.com\/hu\/","logo":{"@type":"ImageObject","inLanguage":"hu","@id":"https:\/\/www.vivnetworks.com\/hu\/#\/schema\/logo\/image\/","url":"https:\/\/www.vivnetworks.com\/wp-content\/uploads\/2022\/01\/Logo-VIVnetworks-400x200-1.png","contentUrl":"https:\/\/www.vivnetworks.com\/wp-content\/uploads\/2022\/01\/Logo-VIVnetworks-400x200-1.png","width":400,"height":200,"caption":"VIVnetworks.com s.r.o."},"image":{"@id":"https:\/\/www.vivnetworks.com\/hu\/#\/schema\/logo\/image\/"}}]}},"uagb_featured_image_src":{"full":false,"thumbnail":false,"medium":false,"medium_large":false,"large":false,"1536x1536":false,"2048x2048":false},"uagb_author_info":{"display_name":"VIVnetworks.com","author_link":"https:\/\/www.vivnetworks.com\/hu\/author\/admin\/"},"uagb_comment_info":0,"uagb_excerpt":"Csatlakozzon a legmegb\u00edzhat\u00f3bb affiliate h\u00e1l\u00f3zatba! Weboldala van, vagy k\u00f6vet\u0151i t\u00e1bora a k\u00f6z\u00f6ss\u00e9gi m\u00e9di\u00e1ban? Jusson bev\u00e9telhez a jutal\u00e9kos rendszer seg\u00edts\u00e9g\u00e9vel \u00e9s [&hellip;]","_links":{"self":[{"href":"https:\/\/www.vivnetworks.com\/hu\/wp-json\/wp\/v2\/pages\/6222"}],"collection":[{"href":"https:\/\/www.vivnetworks.com\/hu\/wp-json\/wp\/v2\/pages"}],"about":[{"href":"https:\/\/www.vivnetworks.com\/hu\/wp-json\/wp\/v2\/types\/page"}],"author":[{"embeddable":true,"href":"https:\/\/www.vivnetworks.com\/hu\/wp-json\/wp\/v2\/users\/3"}],"replies":[{"embeddable":true,"href":"https:\/\/www.vivnetworks.com\/hu\/wp-json\/wp\/v2\/comments?post=6222"}],"version-history":[{"count":9,"href":"https:\/\/www.vivnetworks.com\/hu\/wp-json\/wp\/v2\/pages\/6222\/revisions"}],"predecessor-version":[{"id":34342,"href":"https:\/\/www.vivnetworks.com\/hu\/wp-json\/wp\/v2\/pages\/6222\/revisions\/34342"}],"wp:attachment":[{"href":"https:\/\/www.vivnetworks.com\/hu\/wp-json\/wp\/v2\/media?parent=6222"}],"curies":[{"name":"wp","href":"https:\/\/api.w.org\/{rel}","templated":true}]}}