{"id":11438,"date":"2021-06-10T16:07:00","date_gmt":"2021-06-10T14:07:00","guid":{"rendered":"https:\/\/www.vivnetworks.com\/mail-out\/"},"modified":"2021-07-13T16:30:52","modified_gmt":"2021-07-13T14:30:52","slug":"mail-out","status":"publish","type":"page","link":"https:\/\/www.vivnetworks.com\/hu\/mail-out\/","title":{"rendered":"Leiratkoz\u00e1s meger\u0151s\u00edt\u00e9se"},"content":{"rendered":"\n<p class=\"has-text-align-center\">K\u00f6sz\u00f6nj\u00fck, hogy kapcsolatban lehett\u00fcnk! Rem\u00e9lj\u00fck, hogy m\u00e9g tal\u00e1lkozunk.<\/p>\n\n\n\n<p><\/p>\n\n\n\n<p class=\"has-text-align-center\"><a href=\"https:\/\/www.vivnetworks.com\/hu\/\">VIVnetworks.com<\/a><\/p>\n","protected":false},"excerpt":{"rendered":"<p>K\u00f6sz\u00f6nj\u00fck, hogy kapcsolatban lehett\u00fcnk! Rem\u00e9lj\u00fck, hogy m\u00e9g tal\u00e1lkozunk. VIVnetworks.com<\/p>\n","protected":false},"author":3,"featured_media":0,"parent":0,"menu_order":0,"comment_status":"closed","ping_status":"closed","template":"","meta":{"_eb_attr":"","_uag_custom_page_level_css":"","footnotes":""},"yoast_head":"<!-- This site is optimized with the Yoast SEO Premium plugin v22.5 (Yoast SEO v22.5) - https:\/\/yoast.com\/wordpress\/plugins\/seo\/ -->\n<title>Leiratkoz\u00e1s meger\u0151s\u00edt\u00e9se | VIVnetworks.com<\/title>\n<meta name=\"robots\" content=\"index, follow, max-snippet:-1, max-image-preview:large, max-video-preview:-1\" \/>\n<link rel=\"canonical\" href=\"https:\/\/www.vivnetworks.com\/hu\/mail-out\/\" \/>\n<meta property=\"og:locale\" content=\"hu_HU\" \/>\n<meta property=\"og:type\" content=\"article\" \/>\n<meta property=\"og:title\" content=\"Leiratkoz\u00e1s meger\u0151s\u00edt\u00e9se\" \/>\n<meta property=\"og:description\" content=\"K\u00f6sz\u00f6nj\u00fck, hogy kapcsolatban lehett\u00fcnk! Rem\u00e9lj\u00fck, hogy m\u00e9g tal\u00e1lkozunk.    VIVnetworks.com\" \/>\n<meta property=\"og:url\" content=\"https:\/\/www.vivnetworks.com\/hu\/mail-out\/\" \/>\n<meta property=\"og:site_name\" content=\"VIVnetworks.com\" \/>\n<meta property=\"article:modified_time\" content=\"2021-07-13T14:30:52+00:00\" \/>\n<meta property=\"og:image\" content=\"https:\/\/www.vivnetworks.com\/wp-content\/uploads\/2022\/01\/Logo-VIVnetworks-400x200-1.png\" \/>\n\t<meta property=\"og:image:width\" content=\"400\" \/>\n\t<meta property=\"og:image:height\" content=\"200\" \/>\n\t<meta property=\"og:image:type\" content=\"image\/png\" \/>\n<meta name=\"twitter:card\" content=\"summary_large_image\" \/>\n<meta name=\"twitter:label1\" content=\"Becs\u00fclt olvas\u00e1si id\u0151\" \/>\n\t<meta name=\"twitter:data1\" content=\"1 perc\" \/>\n<script type=\"application\/ld+json\" class=\"yoast-schema-graph\">{\"@context\":\"https:\/\/schema.org\",\"@graph\":[{\"@type\":\"WebPage\",\"@id\":\"https:\/\/www.vivnetworks.com\/hu\/mail-out\/\",\"url\":\"https:\/\/www.vivnetworks.com\/hu\/mail-out\/\",\"name\":\"Leiratkoz\u00e1s meger\u0151s\u00edt\u00e9se | VIVnetworks.com\",\"isPartOf\":{\"@id\":\"https:\/\/www.vivnetworks.com\/hu\/#website\"},\"datePublished\":\"2021-06-10T14:07:00+00:00\",\"dateModified\":\"2021-07-13T14:30:52+00:00\",\"breadcrumb\":{\"@id\":\"https:\/\/www.vivnetworks.com\/hu\/mail-out\/#breadcrumb\"},\"inLanguage\":\"hu\",\"potentialAction\":[{\"@type\":\"ReadAction\",\"target\":[\"https:\/\/www.vivnetworks.com\/hu\/mail-out\/\"]}]},{\"@type\":\"BreadcrumbList\",\"@id\":\"https:\/\/www.vivnetworks.com\/hu\/mail-out\/#breadcrumb\",\"itemListElement\":[{\"@type\":\"ListItem\",\"position\":1,\"name\":\"Dom\u016f\",\"item\":\"https:\/\/www.vivnetworks.com\/hu\/\"},{\"@type\":\"ListItem\",\"position\":2,\"name\":\"Leiratkoz\u00e1s meger\u0151s\u00edt\u00e9se\"}]},{\"@type\":\"WebSite\",\"@id\":\"https:\/\/www.vivnetworks.com\/hu\/#website\",\"url\":\"https:\/\/www.vivnetworks.com\/hu\/\",\"name\":\"VIVnetworks.com\",\"description\":\"Nejv\u00fdkonn\u011bj\u0161\u00ed affiliate s\u00ed\u0165 v CEE\",\"publisher\":{\"@id\":\"https:\/\/www.vivnetworks.com\/hu\/#organization\"},\"potentialAction\":[{\"@type\":\"SearchAction\",\"target\":{\"@type\":\"EntryPoint\",\"urlTemplate\":\"https:\/\/www.vivnetworks.com\/hu\/?s={search_term_string}\"},\"query-input\":\"required name=search_term_string\"}],\"inLanguage\":\"hu\"},{\"@type\":\"Organization\",\"@id\":\"https:\/\/www.vivnetworks.com\/hu\/#organization\",\"name\":\"VIVnetworks.com s.r.o.\",\"url\":\"https:\/\/www.vivnetworks.com\/hu\/\",\"logo\":{\"@type\":\"ImageObject\",\"inLanguage\":\"hu\",\"@id\":\"https:\/\/www.vivnetworks.com\/hu\/#\/schema\/logo\/image\/\",\"url\":\"https:\/\/www.vivnetworks.com\/wp-content\/uploads\/2022\/01\/Logo-VIVnetworks-400x200-1.png\",\"contentUrl\":\"https:\/\/www.vivnetworks.com\/wp-content\/uploads\/2022\/01\/Logo-VIVnetworks-400x200-1.png\",\"width\":400,\"height\":200,\"caption\":\"VIVnetworks.com s.r.o.\"},\"image\":{\"@id\":\"https:\/\/www.vivnetworks.com\/hu\/#\/schema\/logo\/image\/\"}}]}<\/script>\n<!-- \/ Yoast SEO Premium plugin. -->","yoast_head_json":{"title":"Leiratkoz\u00e1s meger\u0151s\u00edt\u00e9se | VIVnetworks.com","robots":{"index":"index","follow":"follow","max-snippet":"max-snippet:-1","max-image-preview":"max-image-preview:large","max-video-preview":"max-video-preview:-1"},"canonical":"https:\/\/www.vivnetworks.com\/hu\/mail-out\/","og_locale":"hu_HU","og_type":"article","og_title":"Leiratkoz\u00e1s meger\u0151s\u00edt\u00e9se","og_description":"K\u00f6sz\u00f6nj\u00fck, hogy kapcsolatban lehett\u00fcnk! Rem\u00e9lj\u00fck, hogy m\u00e9g tal\u00e1lkozunk.    VIVnetworks.com","og_url":"https:\/\/www.vivnetworks.com\/hu\/mail-out\/","og_site_name":"VIVnetworks.com","article_modified_time":"2021-07-13T14:30:52+00:00","og_image":[{"width":400,"height":200,"url":"https:\/\/www.vivnetworks.com\/wp-content\/uploads\/2022\/01\/Logo-VIVnetworks-400x200-1.png","type":"image\/png"}],"twitter_card":"summary_large_image","twitter_misc":{"Becs\u00fclt olvas\u00e1si id\u0151":"1 perc"},"schema":{"@context":"https:\/\/schema.org","@graph":[{"@type":"WebPage","@id":"https:\/\/www.vivnetworks.com\/hu\/mail-out\/","url":"https:\/\/www.vivnetworks.com\/hu\/mail-out\/","name":"Leiratkoz\u00e1s meger\u0151s\u00edt\u00e9se | VIVnetworks.com","isPartOf":{"@id":"https:\/\/www.vivnetworks.com\/hu\/#website"},"datePublished":"2021-06-10T14:07:00+00:00","dateModified":"2021-07-13T14:30:52+00:00","breadcrumb":{"@id":"https:\/\/www.vivnetworks.com\/hu\/mail-out\/#breadcrumb"},"inLanguage":"hu","potentialAction":[{"@type":"ReadAction","target":["https:\/\/www.vivnetworks.com\/hu\/mail-out\/"]}]},{"@type":"BreadcrumbList","@id":"https:\/\/www.vivnetworks.com\/hu\/mail-out\/#breadcrumb","itemListElement":[{"@type":"ListItem","position":1,"name":"Dom\u016f","item":"https:\/\/www.vivnetworks.com\/hu\/"},{"@type":"ListItem","position":2,"name":"Leiratkoz\u00e1s meger\u0151s\u00edt\u00e9se"}]},{"@type":"WebSite","@id":"https:\/\/www.vivnetworks.com\/hu\/#website","url":"https:\/\/www.vivnetworks.com\/hu\/","name":"VIVnetworks.com","description":"Nejv\u00fdkonn\u011bj\u0161\u00ed affiliate s\u00ed\u0165 v CEE","publisher":{"@id":"https:\/\/www.vivnetworks.com\/hu\/#organization"},"potentialAction":[{"@type":"SearchAction","target":{"@type":"EntryPoint","urlTemplate":"https:\/\/www.vivnetworks.com\/hu\/?s={search_term_string}"},"query-input":"required name=search_term_string"}],"inLanguage":"hu"},{"@type":"Organization","@id":"https:\/\/www.vivnetworks.com\/hu\/#organization","name":"VIVnetworks.com s.r.o.","url":"https:\/\/www.vivnetworks.com\/hu\/","logo":{"@type":"ImageObject","inLanguage":"hu","@id":"https:\/\/www.vivnetworks.com\/hu\/#\/schema\/logo\/image\/","url":"https:\/\/www.vivnetworks.com\/wp-content\/uploads\/2022\/01\/Logo-VIVnetworks-400x200-1.png","contentUrl":"https:\/\/www.vivnetworks.com\/wp-content\/uploads\/2022\/01\/Logo-VIVnetworks-400x200-1.png","width":400,"height":200,"caption":"VIVnetworks.com s.r.o."},"image":{"@id":"https:\/\/www.vivnetworks.com\/hu\/#\/schema\/logo\/image\/"}}]}},"uagb_featured_image_src":{"full":false,"thumbnail":false,"medium":false,"medium_large":false,"large":false,"1536x1536":false,"2048x2048":false},"uagb_author_info":{"display_name":"VIVnetworks.com","author_link":"https:\/\/www.vivnetworks.com\/hu\/author\/admin\/"},"uagb_comment_info":0,"uagb_excerpt":"K\u00f6sz\u00f6nj\u00fck, hogy kapcsolatban lehett\u00fcnk! Rem\u00e9lj\u00fck, hogy m\u00e9g tal\u00e1lkozunk. VIVnetworks.com","_links":{"self":[{"href":"https:\/\/www.vivnetworks.com\/hu\/wp-json\/wp\/v2\/pages\/11438"}],"collection":[{"href":"https:\/\/www.vivnetworks.com\/hu\/wp-json\/wp\/v2\/pages"}],"about":[{"href":"https:\/\/www.vivnetworks.com\/hu\/wp-json\/wp\/v2\/types\/page"}],"author":[{"embeddable":true,"href":"https:\/\/www.vivnetworks.com\/hu\/wp-json\/wp\/v2\/users\/3"}],"replies":[{"embeddable":true,"href":"https:\/\/www.vivnetworks.com\/hu\/wp-json\/wp\/v2\/comments?post=11438"}],"version-history":[{"count":1,"href":"https:\/\/www.vivnetworks.com\/hu\/wp-json\/wp\/v2\/pages\/11438\/revisions"}],"predecessor-version":[{"id":11465,"href":"https:\/\/www.vivnetworks.com\/hu\/wp-json\/wp\/v2\/pages\/11438\/revisions\/11465"}],"wp:attachment":[{"href":"https:\/\/www.vivnetworks.com\/hu\/wp-json\/wp\/v2\/media?parent=11438"}],"curies":[{"name":"wp","href":"https:\/\/api.w.org\/{rel}","templated":true}]}}