{"id":5950,"date":"2021-02-15T20:16:14","date_gmt":"2021-02-15T19:16:14","guid":{"rendered":"http:\/\/268709.w9.wedos.ws\/o-nas\/"},"modified":"2026-01-05T13:29:40","modified_gmt":"2026-01-05T12:29:40","slug":"o-nama","status":"publish","type":"page","link":"https:\/\/www.vivnetworks.com\/hr\/o-nama\/","title":{"rendered":"VIVnetworks.com s.r.o."},"content":{"rendered":"\n<div class=\"wp-block-group\"><div class=\"wp-block-group__inner-container is-layout-flow wp-block-group-is-layout-flow\">\n<div class=\"wp-block-columns is-layout-flex wp-container-core-columns-is-layout-1 wp-block-columns-is-layout-flex\">\n<div class=\"wp-block-column is-layout-flow wp-block-column-is-layout-flow\">\n<h2 class=\"wp-block-heading\" id=\"h-o-nama\">O nama<\/h2>\n\n\n\n<p>Poma\u017eemo web trgovinama u pove\u0107avanju broja narud\u017ebi i dobivanju novih kupaca.&nbsp;&nbsp;<\/p>\n\n\n\n<p><br>Kako bi smo to postigli koristimo affiliate marketing, koji stvaramo vi\u0161e od 16 godina i educiramo affiliate scenu. Koristimo najve\u0107u i najsigurniju tehnologiju\u00a0<a href=\"http:\/\/cj.com\/\" target=\"_blank\" rel=\"noreferrer noopener\">CJ.com<\/a>, te garantiramo 100% transparentnost i sigurnost.\u00a0<br><br><strong><a href=\"https:\/\/www.vivnetworks.com\/hr\/\" target=\"_blank\" rel=\"noreferrer noopener\">VIVnetworks.com<\/a> je dio Publicis Groupe i\u00a0<a href=\"http:\/\/cj.com\/\" target=\"_blank\" rel=\"noreferrer noopener\">CJ.com<\/a>, te je leader u regiji srednje i isto\u010dne Europe.\u00a0<\/strong><\/p>\n\n\n\n<p><\/p>\n\n\n\n<p><\/p>\n<\/div>\n\n\n\n<div class=\"wp-block-column is-layout-flow wp-block-column-is-layout-flow\" style=\"flex-basis:15%\"><\/div>\n\n\n\n<div class=\"wp-block-column is-layout-flow wp-block-column-is-layout-flow\">\n<h2 class=\"wp-block-heading\" id=\"h-kontakt\">Kontakt<\/h2>\n\n\n\n<p class=\"has-dark-color has-text-color\"><strong><a href=\"tel:+385919541561\">+385 91 9541 561<\/a><\/strong> (pon &#8211; pet: 8:30\u201317:30)<\/p>\n\n\n\n<p>Tehni\u010dka podr\u0161ka: <strong><a href=\"mailto:support@vivnetworks.com\">support@vivnetworks.com<\/a><\/strong><br>Odjel prodaje: <strong><a href=\"mailto:sales@vivnetworks.com\">sales@vivnetworks.com<\/a><\/strong><\/p>\n\n\n\n<div class=\"wp-block-contact-form-7-contact-form-selector\">\n<div class=\"wpcf7 no-js\" id=\"wpcf7-f13240-o1\" lang=\"hr\" dir=\"ltr\">\n<div class=\"screen-reader-response\"><p role=\"status\" aria-live=\"polite\" aria-atomic=\"true\"><\/p> <ul><\/ul><\/div>\n<form action=\"\/hr\/wp-json\/wp\/v2\/pages\/5950#wpcf7-f13240-o1\" method=\"post\" class=\"wpcf7-form init\" aria-label=\"Kontakt obrazac\" novalidate=\"novalidate\" data-status=\"init\">\n<div style=\"display: none;\">\n<input type=\"hidden\" name=\"_wpcf7\" value=\"13240\" \/>\n<input type=\"hidden\" name=\"_wpcf7_version\" value=\"5.9.3\" \/>\n<input type=\"hidden\" name=\"_wpcf7_locale\" value=\"hr\" \/>\n<input type=\"hidden\" name=\"_wpcf7_unit_tag\" value=\"wpcf7-f13240-o1\" \/>\n<input type=\"hidden\" name=\"_wpcf7_container_post\" value=\"0\" \/>\n<input type=\"hidden\" name=\"_wpcf7_posted_data_hash\" value=\"\" \/>\n<\/div>\n<p><label> Tvoje ime<br \/>\n<span class=\"wpcf7-form-control-wrap\" data-name=\"your-name\"><input size=\"40\" class=\"wpcf7-form-control wpcf7-text wpcf7-validates-as-required\" aria-required=\"true\" aria-invalid=\"false\" value=\"\" type=\"text\" name=\"your-name\" \/><\/span> <\/label>\n<\/p>\n<p><label> tvoj email<br \/>\n<span class=\"wpcf7-form-control-wrap\" data-name=\"your-email\"><input size=\"40\" class=\"wpcf7-form-control wpcf7-email wpcf7-validates-as-required wpcf7-text wpcf7-validates-as-email\" aria-required=\"true\" aria-invalid=\"false\" value=\"\" type=\"email\" name=\"your-email\" \/><\/span> <\/label>\n<\/p>\n<p><label> Va\u0161a poruka (nije obavezno)<br \/>\n<span class=\"wpcf7-form-control-wrap\" data-name=\"your-message\"><textarea cols=\"40\" rows=\"10\" class=\"wpcf7-form-control wpcf7-textarea\" aria-invalid=\"false\" name=\"your-message\"><\/textarea><\/span> <\/label><br \/>\n\t<center><div id=\"cf7sr-69e34ad5e934b\" class=\"cf7sr-g-recaptcha\" data-theme=\"light\" data-type=\"image\" data-size=\"normal\" data-sitekey=\"6Lej3H0lAAAAAPu_7rE_2JGaneUoxYtnD6WTg2P6\"><\/div><span class=\"wpcf7-form-control-wrap cf7sr-recaptcha\" data-name=\"cf7sr-recaptcha\"><input type=\"hidden\" name=\"cf7sr-recaptcha\" value=\"\" class=\"wpcf7-form-control\"><\/span>\n\t<\/center><br \/>\n<input class=\"wpcf7-form-control wpcf7-submit has-spinner\" type=\"submit\" value=\"Poslati\" \/>\n<\/p><div class=\"wpcf7-response-output\" aria-hidden=\"true\"><\/div>\n<\/form>\n<\/div>\n<\/div>\n<\/div>\n<\/div>\n<\/div><\/div>\n\n\n\n<div class=\"wp-block-group has-light-grey-background-color has-background\"><div class=\"wp-block-group__inner-container is-layout-flow wp-block-group-is-layout-flow\">\n<div class=\"wp-block-columns is-layout-flex wp-container-core-columns-is-layout-2 wp-block-columns-is-layout-flex\">\n<div class=\"wp-block-column is-layout-flow wp-block-column-is-layout-flow\">\n<h2 class=\"wp-block-heading has-text-align-left\" id=\"h-sjediste-tvrtke-a-uredima\">Sjedi\u0161te tvrtke<br>a uredima<\/h2>\n\n\n\n<p class=\"has-text-align-left\">VIVnetworks.com s.r.o.<br>Jungmannovo n\u00e1m\u011bst\u00ed 753\/18<br>110 00 Praha 1<br>\u010cesk\u00e1 republika<\/p>\n\n\n\n<p class=\"has-text-align-left\">I\u010c: <meta charset=\"utf-8\">28957733<br>VAT: CZ28957733<\/p>\n<\/div>\n\n\n\n<div class=\"wp-block-column is-layout-flow wp-block-column-is-layout-flow\">\n<iframe src=\"https:\/\/www.google.com\/maps\/embed?pb=!1m14!1m8!1m3!1d10240.742688892498!2d14.4220328!3d50.0828105!3m2!1i1024!2i768!4f13.1!3m3!1m2!1s0x0%3A0x1050aff7a059e349!2sVIV%20NETworks%20s.r.o.!5e0!3m2!1scs!2scz!4v1612469498418!5m2!1scs!2scz\" width=\"100%\" height=\"100%\" min-height=\"300px\" frameborder=\"0\" style=\"border:0;\" allowfullscreen=\"\" aria-hidden=\"false\" tabindex=\"0\"><\/iframe>\n<\/div>\n<\/div>\n<\/div><\/div>\n\n\n\n<div class=\"wp-block-getwid-section alignfull alignfull getwid-section-content-custom-width\" style=\"margin-bottom:0px\"><div class=\"wp-block-getwid-section__wrapper getwid-padding-left-medium getwid-padding-right-medium\" style=\"padding-top:0px;padding-bottom:0px\"><div class=\"wp-block-getwid-section__inner-wrapper\" style=\"max-width:1140px\"><div class=\"wp-block-getwid-section__background-holder\"><div class=\"wp-block-getwid-section__background\"><\/div><div class=\"wp-block-getwid-section__foreground\"><\/div><\/div><div class=\"wp-block-getwid-section__content\"><div class=\"wp-block-getwid-section__inner-content\">\n<div class=\"wp-block-columns has-4-columns is-layout-flex wp-container-core-columns-is-layout-3 wp-block-columns-is-layout-flex\">\n<div class=\"wp-block-column is-layout-flow wp-block-column-is-layout-flow\">\n<div class=\"wp-block-getwid-person is-image-cropped\"><div class=\"wp-block-getwid-person__image\"><img decoding=\"async\" width=\"4000\" height=\"4000\" src=\"https:\/\/www.vivnetworks.com\/wp-content\/uploads\/2022\/07\/Marina-tym.png\" alt=\"Marina Kostkova VIVnetworks\" class=\"wp-image-22988\" srcset=\"https:\/\/www.vivnetworks.com\/wp-content\/uploads\/2022\/07\/Marina-tym.png 4000w, https:\/\/www.vivnetworks.com\/wp-content\/uploads\/2022\/07\/Marina-tym-300x300.png 300w, https:\/\/www.vivnetworks.com\/wp-content\/uploads\/2022\/07\/Marina-tym-1024x1024.png 1024w, https:\/\/www.vivnetworks.com\/wp-content\/uploads\/2022\/07\/Marina-tym-150x150.png 150w, https:\/\/www.vivnetworks.com\/wp-content\/uploads\/2022\/07\/Marina-tym-768x768.png 768w, https:\/\/www.vivnetworks.com\/wp-content\/uploads\/2022\/07\/Marina-tym-1536x1536.png 1536w, https:\/\/www.vivnetworks.com\/wp-content\/uploads\/2022\/07\/Marina-tym-2048x2048.png 2048w, https:\/\/www.vivnetworks.com\/wp-content\/uploads\/2022\/07\/Marina-tym-75x75.png 75w\" sizes=\"(max-width: 4000px) 100vw, 4000px\" \/><\/div><div class=\"wp-block-getwid-person__content-wrapper\"><span class=\"wp-block-getwid-person__title\">Marina Kostkov\u00e1<\/span><span class=\"wp-block-getwid-person__subtitle\">Business Development Manager Balkans<\/span><p class=\"wp-block-getwid-person__content\"><a href=\"mailto:martin.chadima@vivnetworks.com\">marina.kostkova@<\/a><a href=\"mailto:marina.kostkova@vivnetworks.com\">vivnetworks<\/a><a href=\"mailto:martin.chadima@vivnetworks.com\">.com<\/a><br><a href=\"tel:+385919541561\">+385 91 9541 561<\/a><\/p>\n<div class=\"wp-block-getwid-social-links has-large-spacing\"><ul class=\"wp-block-getwid-social-links__list getwid-justify-content-center\"><li class=\"wp-block-getwid-social-links__item\"><a class=\"wp-block-getwid-social-links__link\" href=\"https:\/\/www.linkedin.com\/in\/marina-kostkova-b1964b213\/\" target=\"_blank\" rel=\"noreferrer noopener\"><span class=\"wp-block-getwid-social-links__wrapper has-text-color\" style=\"color:#000000\"><i class=\"fab fa-linkedin\"><\/i><\/span><\/a><\/li><li class=\"wp-block-getwid-social-links__item\"><a class=\"wp-block-getwid-social-links__link\" href=\"https:\/\/www.youtube.com\/user\/VIVnetworks2013\" target=\"_blank\" rel=\"noreferrer noopener\"><span class=\"wp-block-getwid-social-links__wrapper has-text-color\" style=\"color:#000000\"><i class=\"fab fa-youtube\"><\/i><\/span><\/a><\/li><\/ul><\/div>\n<\/div><\/div>\n<\/div>\n\n\n\n<div class=\"wp-block-column is-layout-flow wp-block-column-is-layout-flow\"><\/div>\n\n\n\n<div class=\"wp-block-column is-layout-flow wp-block-column-is-layout-flow\"><\/div>\n<\/div>\n<\/div><\/div><\/div><\/div><\/div>\n\n\n\n<div class=\"wp-block-getwid-section alignfull alignfull getwid-section-content-custom-width\"><div class=\"wp-block-getwid-section__wrapper getwid-padding-left-medium getwid-padding-right-medium\" style=\"padding-top:0px;padding-bottom:0px\"><div class=\"wp-block-getwid-section__inner-wrapper\" style=\"max-width:1140px\"><div class=\"wp-block-getwid-section__background-holder\"><div class=\"wp-block-getwid-section__background\"><\/div><div class=\"wp-block-getwid-section__foreground\"><\/div><\/div><div class=\"wp-block-getwid-section__content\"><div class=\"wp-block-getwid-section__inner-content\"><\/div><\/div><\/div><\/div><\/div>\n\n\n\n<div class=\"wp-block-getwid-section alignfull alignfull getwid-section-content-custom-width\"><div class=\"wp-block-getwid-section__wrapper getwid-padding-left-medium getwid-padding-right-medium\" style=\"padding-top:0px;padding-bottom:0px\"><div class=\"wp-block-getwid-section__inner-wrapper\" style=\"max-width:1140px\"><div class=\"wp-block-getwid-section__background-holder\"><div class=\"wp-block-getwid-section__background\"><\/div><div class=\"wp-block-getwid-section__foreground\"><\/div><\/div><div class=\"wp-block-getwid-section__content\"><div class=\"wp-block-getwid-section__inner-content\"><\/div><\/div><\/div><\/div><\/div>\n","protected":false},"excerpt":{"rendered":"<p>O nama Poma\u017eemo web trgovinama u pove\u0107avanju broja narud\u017ebi i dobivanju novih kupaca.&nbsp;&nbsp; Kako bi smo to postigli koristimo affiliate [&hellip;]<\/p>\n","protected":false},"author":3,"featured_media":0,"parent":0,"menu_order":0,"comment_status":"closed","ping_status":"closed","template":"","meta":{"_eb_attr":"","_uag_custom_page_level_css":"","footnotes":""},"yoast_head":"<!-- This site is optimized with the Yoast SEO Premium plugin v22.5 (Yoast SEO v22.5) - https:\/\/yoast.com\/wordpress\/plugins\/seo\/ -->\n<title>VIVnetworks.com s.r.o. | VIVnetworks.com<\/title>\n<meta name=\"description\" content=\"Poma\u017eemo e-trgovinama pove\u0107ati broj narud\u017ebi i ste\u0107i nove kupce. Za to koristimo affiliate marketing koji gradimo vi\u0161e od 15 godina.\" \/>\n<meta name=\"robots\" content=\"index, follow, max-snippet:-1, max-image-preview:large, max-video-preview:-1\" \/>\n<link rel=\"canonical\" href=\"https:\/\/www.vivnetworks.com\/hr\/o-nama\/\" \/>\n<meta property=\"og:locale\" content=\"hr_HR\" \/>\n<meta property=\"og:type\" content=\"article\" \/>\n<meta property=\"og:title\" content=\"VIVnetworks.com s.r.o.\" \/>\n<meta property=\"og:description\" content=\"O nama Poma\u017eemo web trgovinama u pove\u0107avanju broja narud\u017ebi i dobivanju novih kupaca.&nbsp;&nbsp; Kako bi smo to postigli koristimo affiliate marketing,\" \/>\n<meta property=\"og:url\" content=\"https:\/\/www.vivnetworks.com\/hr\/o-nama\/\" \/>\n<meta property=\"og:site_name\" content=\"VIVnetworks.com\" \/>\n<meta property=\"article:modified_time\" content=\"2026-01-05T12:29:40+00:00\" \/>\n<meta property=\"og:image\" content=\"https:\/\/www.vivnetworks.com\/wp-content\/uploads\/2022\/07\/Marina-tym.png\" \/>\n<meta name=\"twitter:card\" content=\"summary_large_image\" \/>\n<meta name=\"twitter:label1\" content=\"Procijenjeno vrijeme \u010ditanja\" \/>\n\t<meta name=\"twitter:data1\" content=\"1 minuta\" \/>\n<script type=\"application\/ld+json\" class=\"yoast-schema-graph\">{\"@context\":\"https:\/\/schema.org\",\"@graph\":[{\"@type\":\"WebPage\",\"@id\":\"https:\/\/www.vivnetworks.com\/hr\/o-nama\/\",\"url\":\"https:\/\/www.vivnetworks.com\/hr\/o-nama\/\",\"name\":\"VIVnetworks.com s.r.o. | VIVnetworks.com\",\"isPartOf\":{\"@id\":\"https:\/\/www.vivnetworks.com\/hr\/#website\"},\"primaryImageOfPage\":{\"@id\":\"https:\/\/www.vivnetworks.com\/hr\/o-nama\/#primaryimage\"},\"image\":{\"@id\":\"https:\/\/www.vivnetworks.com\/hr\/o-nama\/#primaryimage\"},\"thumbnailUrl\":\"https:\/\/www.vivnetworks.com\/wp-content\/uploads\/2022\/07\/Marina-tym.png\",\"datePublished\":\"2021-02-15T19:16:14+00:00\",\"dateModified\":\"2026-01-05T12:29:40+00:00\",\"description\":\"Poma\u017eemo e-trgovinama pove\u0107ati broj narud\u017ebi i ste\u0107i nove kupce. Za to koristimo affiliate marketing koji gradimo vi\u0161e od 15 godina.\",\"breadcrumb\":{\"@id\":\"https:\/\/www.vivnetworks.com\/hr\/o-nama\/#breadcrumb\"},\"inLanguage\":\"hr\",\"potentialAction\":[{\"@type\":\"ReadAction\",\"target\":[\"https:\/\/www.vivnetworks.com\/hr\/o-nama\/\"]}]},{\"@type\":\"ImageObject\",\"inLanguage\":\"hr\",\"@id\":\"https:\/\/www.vivnetworks.com\/hr\/o-nama\/#primaryimage\",\"url\":\"https:\/\/www.vivnetworks.com\/wp-content\/uploads\/2022\/07\/Marina-tym.png\",\"contentUrl\":\"https:\/\/www.vivnetworks.com\/wp-content\/uploads\/2022\/07\/Marina-tym.png\"},{\"@type\":\"BreadcrumbList\",\"@id\":\"https:\/\/www.vivnetworks.com\/hr\/o-nama\/#breadcrumb\",\"itemListElement\":[{\"@type\":\"ListItem\",\"position\":1,\"name\":\"Dom\u016f\",\"item\":\"https:\/\/www.vivnetworks.com\/hr\/\"},{\"@type\":\"ListItem\",\"position\":2,\"name\":\"VIVnetworks.com s.r.o.\"}]},{\"@type\":\"WebSite\",\"@id\":\"https:\/\/www.vivnetworks.com\/hr\/#website\",\"url\":\"https:\/\/www.vivnetworks.com\/hr\/\",\"name\":\"VIVnetworks.com\",\"description\":\"Nejv\u00fdkonn\u011bj\u0161\u00ed affiliate s\u00ed\u0165 v CEE\",\"publisher\":{\"@id\":\"https:\/\/www.vivnetworks.com\/hr\/#organization\"},\"potentialAction\":[{\"@type\":\"SearchAction\",\"target\":{\"@type\":\"EntryPoint\",\"urlTemplate\":\"https:\/\/www.vivnetworks.com\/hr\/?s={search_term_string}\"},\"query-input\":\"required name=search_term_string\"}],\"inLanguage\":\"hr\"},{\"@type\":\"Organization\",\"@id\":\"https:\/\/www.vivnetworks.com\/hr\/#organization\",\"name\":\"VIVnetworks.com s.r.o.\",\"url\":\"https:\/\/www.vivnetworks.com\/hr\/\",\"logo\":{\"@type\":\"ImageObject\",\"inLanguage\":\"hr\",\"@id\":\"https:\/\/www.vivnetworks.com\/hr\/#\/schema\/logo\/image\/\",\"url\":\"https:\/\/www.vivnetworks.com\/wp-content\/uploads\/2022\/01\/Logo-VIVnetworks-400x200-1.png\",\"contentUrl\":\"https:\/\/www.vivnetworks.com\/wp-content\/uploads\/2022\/01\/Logo-VIVnetworks-400x200-1.png\",\"width\":400,\"height\":200,\"caption\":\"VIVnetworks.com s.r.o.\"},\"image\":{\"@id\":\"https:\/\/www.vivnetworks.com\/hr\/#\/schema\/logo\/image\/\"}}]}<\/script>\n<!-- \/ Yoast SEO Premium plugin. -->","yoast_head_json":{"title":"VIVnetworks.com s.r.o. | VIVnetworks.com","description":"Poma\u017eemo e-trgovinama pove\u0107ati broj narud\u017ebi i ste\u0107i nove kupce. Za to koristimo affiliate marketing koji gradimo vi\u0161e od 15 godina.","robots":{"index":"index","follow":"follow","max-snippet":"max-snippet:-1","max-image-preview":"max-image-preview:large","max-video-preview":"max-video-preview:-1"},"canonical":"https:\/\/www.vivnetworks.com\/hr\/o-nama\/","og_locale":"hr_HR","og_type":"article","og_title":"VIVnetworks.com s.r.o.","og_description":"O nama Poma\u017eemo web trgovinama u pove\u0107avanju broja narud\u017ebi i dobivanju novih kupaca.&nbsp;&nbsp; Kako bi smo to postigli koristimo affiliate marketing,","og_url":"https:\/\/www.vivnetworks.com\/hr\/o-nama\/","og_site_name":"VIVnetworks.com","article_modified_time":"2026-01-05T12:29:40+00:00","og_image":[{"url":"https:\/\/www.vivnetworks.com\/wp-content\/uploads\/2022\/07\/Marina-tym.png"}],"twitter_card":"summary_large_image","twitter_misc":{"Procijenjeno vrijeme \u010ditanja":"1 minuta"},"schema":{"@context":"https:\/\/schema.org","@graph":[{"@type":"WebPage","@id":"https:\/\/www.vivnetworks.com\/hr\/o-nama\/","url":"https:\/\/www.vivnetworks.com\/hr\/o-nama\/","name":"VIVnetworks.com s.r.o. | VIVnetworks.com","isPartOf":{"@id":"https:\/\/www.vivnetworks.com\/hr\/#website"},"primaryImageOfPage":{"@id":"https:\/\/www.vivnetworks.com\/hr\/o-nama\/#primaryimage"},"image":{"@id":"https:\/\/www.vivnetworks.com\/hr\/o-nama\/#primaryimage"},"thumbnailUrl":"https:\/\/www.vivnetworks.com\/wp-content\/uploads\/2022\/07\/Marina-tym.png","datePublished":"2021-02-15T19:16:14+00:00","dateModified":"2026-01-05T12:29:40+00:00","description":"Poma\u017eemo e-trgovinama pove\u0107ati broj narud\u017ebi i ste\u0107i nove kupce. Za to koristimo affiliate marketing koji gradimo vi\u0161e od 15 godina.","breadcrumb":{"@id":"https:\/\/www.vivnetworks.com\/hr\/o-nama\/#breadcrumb"},"inLanguage":"hr","potentialAction":[{"@type":"ReadAction","target":["https:\/\/www.vivnetworks.com\/hr\/o-nama\/"]}]},{"@type":"ImageObject","inLanguage":"hr","@id":"https:\/\/www.vivnetworks.com\/hr\/o-nama\/#primaryimage","url":"https:\/\/www.vivnetworks.com\/wp-content\/uploads\/2022\/07\/Marina-tym.png","contentUrl":"https:\/\/www.vivnetworks.com\/wp-content\/uploads\/2022\/07\/Marina-tym.png"},{"@type":"BreadcrumbList","@id":"https:\/\/www.vivnetworks.com\/hr\/o-nama\/#breadcrumb","itemListElement":[{"@type":"ListItem","position":1,"name":"Dom\u016f","item":"https:\/\/www.vivnetworks.com\/hr\/"},{"@type":"ListItem","position":2,"name":"VIVnetworks.com s.r.o."}]},{"@type":"WebSite","@id":"https:\/\/www.vivnetworks.com\/hr\/#website","url":"https:\/\/www.vivnetworks.com\/hr\/","name":"VIVnetworks.com","description":"Nejv\u00fdkonn\u011bj\u0161\u00ed affiliate s\u00ed\u0165 v CEE","publisher":{"@id":"https:\/\/www.vivnetworks.com\/hr\/#organization"},"potentialAction":[{"@type":"SearchAction","target":{"@type":"EntryPoint","urlTemplate":"https:\/\/www.vivnetworks.com\/hr\/?s={search_term_string}"},"query-input":"required name=search_term_string"}],"inLanguage":"hr"},{"@type":"Organization","@id":"https:\/\/www.vivnetworks.com\/hr\/#organization","name":"VIVnetworks.com s.r.o.","url":"https:\/\/www.vivnetworks.com\/hr\/","logo":{"@type":"ImageObject","inLanguage":"hr","@id":"https:\/\/www.vivnetworks.com\/hr\/#\/schema\/logo\/image\/","url":"https:\/\/www.vivnetworks.com\/wp-content\/uploads\/2022\/01\/Logo-VIVnetworks-400x200-1.png","contentUrl":"https:\/\/www.vivnetworks.com\/wp-content\/uploads\/2022\/01\/Logo-VIVnetworks-400x200-1.png","width":400,"height":200,"caption":"VIVnetworks.com s.r.o."},"image":{"@id":"https:\/\/www.vivnetworks.com\/hr\/#\/schema\/logo\/image\/"}}]}},"uagb_featured_image_src":{"full":false,"thumbnail":false,"medium":false,"medium_large":false,"large":false,"1536x1536":false,"2048x2048":false},"uagb_author_info":{"display_name":"VIVnetworks.com","author_link":"https:\/\/www.vivnetworks.com\/hr\/author\/admin\/"},"uagb_comment_info":0,"uagb_excerpt":"O nama Poma\u017eemo web trgovinama u pove\u0107avanju broja narud\u017ebi i dobivanju novih kupaca.&nbsp;&nbsp; Kako bi smo to postigli koristimo affiliate [&hellip;]","_links":{"self":[{"href":"https:\/\/www.vivnetworks.com\/hr\/wp-json\/wp\/v2\/pages\/5950"}],"collection":[{"href":"https:\/\/www.vivnetworks.com\/hr\/wp-json\/wp\/v2\/pages"}],"about":[{"href":"https:\/\/www.vivnetworks.com\/hr\/wp-json\/wp\/v2\/types\/page"}],"author":[{"embeddable":true,"href":"https:\/\/www.vivnetworks.com\/hr\/wp-json\/wp\/v2\/users\/3"}],"replies":[{"embeddable":true,"href":"https:\/\/www.vivnetworks.com\/hr\/wp-json\/wp\/v2\/comments?post=5950"}],"version-history":[{"count":44,"href":"https:\/\/www.vivnetworks.com\/hr\/wp-json\/wp\/v2\/pages\/5950\/revisions"}],"predecessor-version":[{"id":64636,"href":"https:\/\/www.vivnetworks.com\/hr\/wp-json\/wp\/v2\/pages\/5950\/revisions\/64636"}],"wp:attachment":[{"href":"https:\/\/www.vivnetworks.com\/hr\/wp-json\/wp\/v2\/media?parent=5950"}],"curies":[{"name":"wp","href":"https:\/\/api.w.org\/{rel}","templated":true}]}}