{"id":5830,"date":"2021-02-15T20:14:22","date_gmt":"2021-02-15T19:14:22","guid":{"rendered":"http:\/\/268709.w9.wedos.ws\/stante-se-affiliate-inzerentem\/"},"modified":"2023-10-29T22:43:52","modified_gmt":"2023-10-29T21:43:52","slug":"postanite-affiliate-oglasivac","status":"publish","type":"page","link":"https:\/\/www.vivnetworks.com\/hr\/postanite-affiliate-oglasivac\/","title":{"rendered":"Postanite affiliate ogla\u0161iva\u010d"},"content":{"rendered":"\n<p>Ogla\u0161iva\u010d u na\u0161oj mre\u017ei mo\u017ee biti svatko tko koristi web stranicu za prodaju, naru\u010divanje ili \u010dak ispunjavanje kontakt obrasca<\/p>\n\n\n\n<div class=\"wpcf7 no-js\" id=\"wpcf7-f39124-o1\" lang=\"hr\" dir=\"ltr\">\n<div class=\"screen-reader-response\"><p role=\"status\" aria-live=\"polite\" aria-atomic=\"true\"><\/p> <ul><\/ul><\/div>\n<form action=\"\/hr\/wp-json\/wp\/v2\/pages\/5830#wpcf7-f39124-o1\" method=\"post\" class=\"wpcf7-form init\" aria-label=\"Kontakt obrazac\" novalidate=\"novalidate\" data-status=\"init\">\n<div style=\"display: none;\">\n<input type=\"hidden\" name=\"_wpcf7\" value=\"39124\" \/>\n<input type=\"hidden\" name=\"_wpcf7_version\" value=\"5.9.3\" \/>\n<input type=\"hidden\" name=\"_wpcf7_locale\" value=\"hr\" \/>\n<input type=\"hidden\" name=\"_wpcf7_unit_tag\" value=\"wpcf7-f39124-o1\" \/>\n<input type=\"hidden\" name=\"_wpcf7_container_post\" value=\"0\" \/>\n<input type=\"hidden\" name=\"_wpcf7_posted_data_hash\" value=\"\" \/>\n<\/div>\n<p><label> Ime i prezime<br \/>\n<span class=\"wpcf7-form-control-wrap\" data-name=\"your-name\"><input size=\"40\" class=\"wpcf7-form-control wpcf7-text wpcf7-validates-as-required\" aria-required=\"true\" aria-invalid=\"false\" value=\"\" type=\"text\" name=\"your-name\" \/><\/span> <\/label>\n<\/p>\n<p><label> Poslovni e-mail<br \/>\n<span class=\"wpcf7-form-control-wrap\" data-name=\"your-email\"><input size=\"40\" class=\"wpcf7-form-control wpcf7-email wpcf7-validates-as-required wpcf7-text wpcf7-validates-as-email\" aria-required=\"true\" aria-invalid=\"false\" value=\"\" type=\"email\" name=\"your-email\" \/><\/span> <\/label>\n<\/p>\n<p><label> Telefon<br \/>\n<span class=\"wpcf7-form-control-wrap\" data-name=\"your-tel\"><input size=\"40\" class=\"wpcf7-form-control wpcf7-tel wpcf7-text wpcf7-validates-as-tel\" aria-invalid=\"false\" value=\"\" type=\"tel\" name=\"your-tel\" \/><\/span> <\/label>\n<\/p>\n<p><label> Stranica e-trgovine<br \/>\n<span class=\"wpcf7-form-control-wrap\" data-name=\"your-url\"><input size=\"40\" class=\"wpcf7-form-control wpcf7-text\" aria-invalid=\"false\" value=\"\" type=\"text\" name=\"your-url\" \/><\/span> <\/label>\n<\/p>\n<p><label> Va\u0161a poruka (nije obavezno)<br \/>\n<span class=\"wpcf7-form-control-wrap\" data-name=\"your-message\"><textarea cols=\"40\" rows=\"10\" class=\"wpcf7-form-control wpcf7-textarea\" aria-invalid=\"false\" placeholder=\"Ubrzajte obradu va\u0161eg zahtjeva, npr. navo\u0111enjem prosje\u010dnog mjese\u010dnog prometa e-trgovine, iznosa prometa ili broja narud\u017ebi mjese\u010dno...\" name=\"your-message\"><\/textarea><\/span> <\/label>\n<\/p>\n<center><div id=\"cf7sr-69f362f07e455\" class=\"cf7sr-g-recaptcha\" data-theme=\"light\" data-type=\"image\" data-size=\"normal\" data-sitekey=\"6Lej3H0lAAAAAPu_7rE_2JGaneUoxYtnD6WTg2P6\"><\/div><span class=\"wpcf7-form-control-wrap cf7sr-recaptcha\" data-name=\"cf7sr-recaptcha\"><input type=\"hidden\" name=\"cf7sr-recaptcha\" value=\"\" class=\"wpcf7-form-control\"><\/span>\n<\/center>\n<p><input class=\"wpcf7-form-control wpcf7-submit has-spinner\" type=\"submit\" value=\"Po\u0161aljite upit\" \/>\n<\/p><div class=\"wpcf7-response-output\" aria-hidden=\"true\"><\/div>\n<\/form>\n<\/div>\n\n\n\n\n<p><\/p>\n","protected":false},"excerpt":{"rendered":"<p>Ogla\u0161iva\u010d u na\u0161oj mre\u017ei mo\u017ee biti svatko tko koristi web stranicu za prodaju, naru\u010divanje ili \u010dak ispunjavanje kontakt obrasca<\/p>\n","protected":false},"author":3,"featured_media":0,"parent":0,"menu_order":0,"comment_status":"closed","ping_status":"closed","template":"","meta":{"_eb_attr":"","_uag_custom_page_level_css":"","footnotes":""},"yoast_head":"<!-- This site is optimized with the Yoast SEO Premium plugin v22.5 (Yoast SEO v22.5) - https:\/\/yoast.com\/wordpress\/plugins\/seo\/ -->\n<title>Postanite affiliate ogla\u0161iva\u010d| VIVnetworks.com<\/title>\n<meta name=\"description\" content=\"Kako pridobiti kupce? Aktivno upravljamo s vi\u0161e od 1250 kampanja i poma\u017eemo na\u0161im ogla\u0161iva\u010dima da ostvare postepen i dugoro\u010dan rast.\" \/>\n<meta name=\"robots\" content=\"index, follow, max-snippet:-1, max-image-preview:large, max-video-preview:-1\" \/>\n<link rel=\"canonical\" href=\"https:\/\/www.vivnetworks.com\/hr\/postanite-affiliate-oglasivac\/\" \/>\n<meta property=\"og:locale\" content=\"hr_HR\" \/>\n<meta property=\"og:type\" content=\"article\" \/>\n<meta property=\"og:title\" content=\"Postanite affiliate ogla\u0161iva\u010d\" \/>\n<meta property=\"og:description\" content=\"Ogla\u0161iva\u010d u na\u0161oj mre\u017ei mo\u017ee biti svatko tko koristi web stranicu za prodaju, naru\u010divanje ili \u010dak ispunjavanje kontakt obrasca\" \/>\n<meta property=\"og:url\" content=\"https:\/\/www.vivnetworks.com\/hr\/postanite-affiliate-oglasivac\/\" \/>\n<meta property=\"og:site_name\" content=\"VIVnetworks.com\" \/>\n<meta property=\"article:modified_time\" content=\"2023-10-29T21:43:52+00:00\" \/>\n<meta property=\"og:image\" content=\"https:\/\/www.vivnetworks.com\/wp-content\/uploads\/2022\/01\/Logo-VIVnetworks-400x200-1.png\" \/>\n\t<meta property=\"og:image:width\" content=\"400\" \/>\n\t<meta property=\"og:image:height\" content=\"200\" \/>\n\t<meta property=\"og:image:type\" content=\"image\/png\" \/>\n<meta name=\"twitter:card\" content=\"summary_large_image\" \/>\n<meta name=\"twitter:label1\" content=\"Procijenjeno vrijeme \u010ditanja\" \/>\n\t<meta name=\"twitter:data1\" content=\"1 minuta\" \/>\n<script type=\"application\/ld+json\" class=\"yoast-schema-graph\">{\"@context\":\"https:\/\/schema.org\",\"@graph\":[{\"@type\":\"WebPage\",\"@id\":\"https:\/\/www.vivnetworks.com\/hr\/postanite-affiliate-oglasivac\/\",\"url\":\"https:\/\/www.vivnetworks.com\/hr\/postanite-affiliate-oglasivac\/\",\"name\":\"Postanite affiliate ogla\u0161iva\u010d| VIVnetworks.com\",\"isPartOf\":{\"@id\":\"https:\/\/www.vivnetworks.com\/hr\/#website\"},\"datePublished\":\"2021-02-15T19:14:22+00:00\",\"dateModified\":\"2023-10-29T21:43:52+00:00\",\"description\":\"Kako pridobiti kupce? Aktivno upravljamo s vi\u0161e od 1250 kampanja i poma\u017eemo na\u0161im ogla\u0161iva\u010dima da ostvare postepen i dugoro\u010dan rast.\",\"breadcrumb\":{\"@id\":\"https:\/\/www.vivnetworks.com\/hr\/postanite-affiliate-oglasivac\/#breadcrumb\"},\"inLanguage\":\"hr\",\"potentialAction\":[{\"@type\":\"ReadAction\",\"target\":[\"https:\/\/www.vivnetworks.com\/hr\/postanite-affiliate-oglasivac\/\"]}]},{\"@type\":\"BreadcrumbList\",\"@id\":\"https:\/\/www.vivnetworks.com\/hr\/postanite-affiliate-oglasivac\/#breadcrumb\",\"itemListElement\":[{\"@type\":\"ListItem\",\"position\":1,\"name\":\"Dom\u016f\",\"item\":\"https:\/\/www.vivnetworks.com\/hr\/\"},{\"@type\":\"ListItem\",\"position\":2,\"name\":\"Postanite affiliate ogla\u0161iva\u010d\"}]},{\"@type\":\"WebSite\",\"@id\":\"https:\/\/www.vivnetworks.com\/hr\/#website\",\"url\":\"https:\/\/www.vivnetworks.com\/hr\/\",\"name\":\"VIVnetworks.com\",\"description\":\"Nejv\u00fdkonn\u011bj\u0161\u00ed affiliate s\u00ed\u0165 v CEE\",\"publisher\":{\"@id\":\"https:\/\/www.vivnetworks.com\/hr\/#organization\"},\"potentialAction\":[{\"@type\":\"SearchAction\",\"target\":{\"@type\":\"EntryPoint\",\"urlTemplate\":\"https:\/\/www.vivnetworks.com\/hr\/?s={search_term_string}\"},\"query-input\":\"required name=search_term_string\"}],\"inLanguage\":\"hr\"},{\"@type\":\"Organization\",\"@id\":\"https:\/\/www.vivnetworks.com\/hr\/#organization\",\"name\":\"VIVnetworks.com s.r.o.\",\"url\":\"https:\/\/www.vivnetworks.com\/hr\/\",\"logo\":{\"@type\":\"ImageObject\",\"inLanguage\":\"hr\",\"@id\":\"https:\/\/www.vivnetworks.com\/hr\/#\/schema\/logo\/image\/\",\"url\":\"https:\/\/www.vivnetworks.com\/wp-content\/uploads\/2022\/01\/Logo-VIVnetworks-400x200-1.png\",\"contentUrl\":\"https:\/\/www.vivnetworks.com\/wp-content\/uploads\/2022\/01\/Logo-VIVnetworks-400x200-1.png\",\"width\":400,\"height\":200,\"caption\":\"VIVnetworks.com s.r.o.\"},\"image\":{\"@id\":\"https:\/\/www.vivnetworks.com\/hr\/#\/schema\/logo\/image\/\"}}]}<\/script>\n<!-- \/ Yoast SEO Premium plugin. -->","yoast_head_json":{"title":"Postanite affiliate ogla\u0161iva\u010d| VIVnetworks.com","description":"Kako pridobiti kupce? Aktivno upravljamo s vi\u0161e od 1250 kampanja i poma\u017eemo na\u0161im ogla\u0161iva\u010dima da ostvare postepen i dugoro\u010dan rast.","robots":{"index":"index","follow":"follow","max-snippet":"max-snippet:-1","max-image-preview":"max-image-preview:large","max-video-preview":"max-video-preview:-1"},"canonical":"https:\/\/www.vivnetworks.com\/hr\/postanite-affiliate-oglasivac\/","og_locale":"hr_HR","og_type":"article","og_title":"Postanite affiliate ogla\u0161iva\u010d","og_description":"Ogla\u0161iva\u010d u na\u0161oj mre\u017ei mo\u017ee biti svatko tko koristi web stranicu za prodaju, naru\u010divanje ili \u010dak ispunjavanje kontakt obrasca","og_url":"https:\/\/www.vivnetworks.com\/hr\/postanite-affiliate-oglasivac\/","og_site_name":"VIVnetworks.com","article_modified_time":"2023-10-29T21:43:52+00:00","og_image":[{"width":400,"height":200,"url":"https:\/\/www.vivnetworks.com\/wp-content\/uploads\/2022\/01\/Logo-VIVnetworks-400x200-1.png","type":"image\/png"}],"twitter_card":"summary_large_image","twitter_misc":{"Procijenjeno vrijeme \u010ditanja":"1 minuta"},"schema":{"@context":"https:\/\/schema.org","@graph":[{"@type":"WebPage","@id":"https:\/\/www.vivnetworks.com\/hr\/postanite-affiliate-oglasivac\/","url":"https:\/\/www.vivnetworks.com\/hr\/postanite-affiliate-oglasivac\/","name":"Postanite affiliate ogla\u0161iva\u010d| VIVnetworks.com","isPartOf":{"@id":"https:\/\/www.vivnetworks.com\/hr\/#website"},"datePublished":"2021-02-15T19:14:22+00:00","dateModified":"2023-10-29T21:43:52+00:00","description":"Kako pridobiti kupce? Aktivno upravljamo s vi\u0161e od 1250 kampanja i poma\u017eemo na\u0161im ogla\u0161iva\u010dima da ostvare postepen i dugoro\u010dan rast.","breadcrumb":{"@id":"https:\/\/www.vivnetworks.com\/hr\/postanite-affiliate-oglasivac\/#breadcrumb"},"inLanguage":"hr","potentialAction":[{"@type":"ReadAction","target":["https:\/\/www.vivnetworks.com\/hr\/postanite-affiliate-oglasivac\/"]}]},{"@type":"BreadcrumbList","@id":"https:\/\/www.vivnetworks.com\/hr\/postanite-affiliate-oglasivac\/#breadcrumb","itemListElement":[{"@type":"ListItem","position":1,"name":"Dom\u016f","item":"https:\/\/www.vivnetworks.com\/hr\/"},{"@type":"ListItem","position":2,"name":"Postanite affiliate ogla\u0161iva\u010d"}]},{"@type":"WebSite","@id":"https:\/\/www.vivnetworks.com\/hr\/#website","url":"https:\/\/www.vivnetworks.com\/hr\/","name":"VIVnetworks.com","description":"Nejv\u00fdkonn\u011bj\u0161\u00ed affiliate s\u00ed\u0165 v CEE","publisher":{"@id":"https:\/\/www.vivnetworks.com\/hr\/#organization"},"potentialAction":[{"@type":"SearchAction","target":{"@type":"EntryPoint","urlTemplate":"https:\/\/www.vivnetworks.com\/hr\/?s={search_term_string}"},"query-input":"required name=search_term_string"}],"inLanguage":"hr"},{"@type":"Organization","@id":"https:\/\/www.vivnetworks.com\/hr\/#organization","name":"VIVnetworks.com s.r.o.","url":"https:\/\/www.vivnetworks.com\/hr\/","logo":{"@type":"ImageObject","inLanguage":"hr","@id":"https:\/\/www.vivnetworks.com\/hr\/#\/schema\/logo\/image\/","url":"https:\/\/www.vivnetworks.com\/wp-content\/uploads\/2022\/01\/Logo-VIVnetworks-400x200-1.png","contentUrl":"https:\/\/www.vivnetworks.com\/wp-content\/uploads\/2022\/01\/Logo-VIVnetworks-400x200-1.png","width":400,"height":200,"caption":"VIVnetworks.com s.r.o."},"image":{"@id":"https:\/\/www.vivnetworks.com\/hr\/#\/schema\/logo\/image\/"}}]}},"uagb_featured_image_src":{"full":false,"thumbnail":false,"medium":false,"medium_large":false,"large":false,"1536x1536":false,"2048x2048":false},"uagb_author_info":{"display_name":"VIVnetworks.com","author_link":"https:\/\/www.vivnetworks.com\/hr\/author\/admin\/"},"uagb_comment_info":0,"uagb_excerpt":"Ogla\u0161iva\u010d u na\u0161oj mre\u017ei mo\u017ee biti svatko tko koristi web stranicu za prodaju, naru\u010divanje ili \u010dak ispunjavanje kontakt obrasca","_links":{"self":[{"href":"https:\/\/www.vivnetworks.com\/hr\/wp-json\/wp\/v2\/pages\/5830"}],"collection":[{"href":"https:\/\/www.vivnetworks.com\/hr\/wp-json\/wp\/v2\/pages"}],"about":[{"href":"https:\/\/www.vivnetworks.com\/hr\/wp-json\/wp\/v2\/types\/page"}],"author":[{"embeddable":true,"href":"https:\/\/www.vivnetworks.com\/hr\/wp-json\/wp\/v2\/users\/3"}],"replies":[{"embeddable":true,"href":"https:\/\/www.vivnetworks.com\/hr\/wp-json\/wp\/v2\/comments?post=5830"}],"version-history":[{"count":18,"href":"https:\/\/www.vivnetworks.com\/hr\/wp-json\/wp\/v2\/pages\/5830\/revisions"}],"predecessor-version":[{"id":39125,"href":"https:\/\/www.vivnetworks.com\/hr\/wp-json\/wp\/v2\/pages\/5830\/revisions\/39125"}],"wp:attachment":[{"href":"https:\/\/www.vivnetworks.com\/hr\/wp-json\/wp\/v2\/media?parent=5830"}],"curies":[{"name":"wp","href":"https:\/\/api.w.org\/{rel}","templated":true}]}}