{"id":12568,"date":"2021-09-01T10:43:14","date_gmt":"2021-09-01T08:43:14","guid":{"rendered":"https:\/\/www.vivnetworks.com\/?page_id=12568"},"modified":"2022-09-16T13:53:36","modified_gmt":"2022-09-16T11:53:36","slug":"affiliate-strategija-za-vasu-e-trgovinu","status":"publish","type":"page","link":"https:\/\/www.vivnetworks.com\/hr\/affiliate-strategija-za-vasu-e-trgovinu\/","title":{"rendered":"AFFILIATE STRATEGIJA ZA VA\u0160U E-TRGOVINU"},"content":{"rendered":"\n<p>Veoma nas veseli da smo se sreli na konferenciji CRO Commerce 2022. Ovdje nam mo\u017eete ostaviti Va\u0161e podatke, a mi \u0107emo Vas povratno kontaktirati sa predlogom affiliate strategije za Va\u0161u e-trgovinu.<\/p>\n\n\n\n<div class=\"wp-block-contact-form-7-contact-form-selector\">\n<div class=\"wpcf7 no-js\" id=\"wpcf7-f12585-o1\" lang=\"hr\" dir=\"ltr\">\n<div class=\"screen-reader-response\"><p role=\"status\" aria-live=\"polite\" aria-atomic=\"true\"><\/p> <ul><\/ul><\/div>\n<form action=\"\/hr\/wp-json\/wp\/v2\/pages\/12568#wpcf7-f12585-o1\" method=\"post\" class=\"wpcf7-form init\" aria-label=\"Kontakt obrazac\" novalidate=\"novalidate\" data-status=\"init\">\n<div style=\"display: none;\">\n<input type=\"hidden\" name=\"_wpcf7\" value=\"12585\" \/>\n<input type=\"hidden\" name=\"_wpcf7_version\" value=\"5.9.3\" \/>\n<input type=\"hidden\" name=\"_wpcf7_locale\" value=\"hr\" \/>\n<input type=\"hidden\" name=\"_wpcf7_unit_tag\" value=\"wpcf7-f12585-o1\" \/>\n<input type=\"hidden\" name=\"_wpcf7_container_post\" value=\"0\" \/>\n<input type=\"hidden\" name=\"_wpcf7_posted_data_hash\" value=\"\" \/>\n<\/div>\n<p><label> Ime i prezime<br \/>\n<span class=\"wpcf7-form-control-wrap\" data-name=\"your-name\"><input size=\"40\" class=\"wpcf7-form-control wpcf7-text wpcf7-validates-as-required\" aria-required=\"true\" aria-invalid=\"false\" value=\"\" type=\"text\" name=\"your-name\" \/><\/span> <\/label>\n<\/p>\n<p><label> Poslovni e-mail<br \/>\n<span class=\"wpcf7-form-control-wrap\" data-name=\"your-email\"><input size=\"40\" class=\"wpcf7-form-control wpcf7-email wpcf7-validates-as-required wpcf7-text wpcf7-validates-as-email\" aria-required=\"true\" aria-invalid=\"false\" value=\"\" type=\"email\" name=\"your-email\" \/><\/span> <\/label>\n<\/p>\n<p><label> Tvrtka<br \/>\n<span class=\"wpcf7-form-control-wrap\" data-name=\"your-company\"><input size=\"40\" class=\"wpcf7-form-control wpcf7-text wpcf7-validates-as-required\" aria-required=\"true\" aria-invalid=\"false\" value=\"\" type=\"text\" name=\"your-company\" \/><\/span> <\/label>\n<\/p>\n<p><label> Telefon<br \/>\n<span class=\"wpcf7-form-control-wrap\" data-name=\"your-tel\"><input size=\"40\" class=\"wpcf7-form-control wpcf7-text wpcf7-validates-as-required\" aria-required=\"true\" aria-invalid=\"false\" value=\"\" type=\"text\" name=\"your-tel\" \/><\/span> <\/label>\n<\/p>\n<p><label> URL weba<br \/>\n<span class=\"wpcf7-form-control-wrap\" data-name=\"your-url\"><input size=\"40\" class=\"wpcf7-form-control wpcf7-text wpcf7-validates-as-required\" aria-required=\"true\" aria-invalid=\"false\" value=\"\" type=\"text\" name=\"your-url\" \/><\/span> <\/label>\n<\/p>\n<p><label> Posje\u0107enost<br \/>\n<span class=\"wpcf7-form-control-wrap\" data-name=\"your-visits\"><input size=\"40\" class=\"wpcf7-form-control wpcf7-text wpcf7-validates-as-required\" aria-required=\"true\" aria-invalid=\"false\" value=\"\" type=\"text\" name=\"your-visits\" \/><\/span> <\/label>\n<\/p>\n<p><label> Opis va\u0161eg affiliate programa, ako ga imate (opcionalno)<br \/>\n<span class=\"wpcf7-form-control-wrap\" data-name=\"your-affiliate\"><textarea cols=\"40\" rows=\"10\" class=\"wpcf7-form-control wpcf7-textarea\" aria-invalid=\"false\" name=\"your-affiliate\"><\/textarea><\/span> <\/label>\n<\/p>\n<p><label> Kako bismo vam na pravi na\u010din postavili affiliate strategiju, opi\u0161ite nam va\u0161u konkurenciju, provizije, data audience (opcionalno)<br \/>\n<span class=\"wpcf7-form-control-wrap\" data-name=\"your-message\"><textarea cols=\"40\" rows=\"10\" class=\"wpcf7-form-control wpcf7-textarea\" aria-invalid=\"false\" name=\"your-message\"><\/textarea><\/span> <\/label><br \/>\n\t<center><div id=\"cf7sr-69f333b7210d2\" class=\"cf7sr-g-recaptcha\" data-theme=\"light\" data-type=\"image\" data-size=\"normal\" data-sitekey=\"6Lej3H0lAAAAAPu_7rE_2JGaneUoxYtnD6WTg2P6\"><\/div><span class=\"wpcf7-form-control-wrap cf7sr-recaptcha\" data-name=\"cf7sr-recaptcha\"><input type=\"hidden\" name=\"cf7sr-recaptcha\" value=\"\" class=\"wpcf7-form-control\"><\/span>\n\t<\/center><br \/>\n<input class=\"wpcf7-form-control wpcf7-submit has-spinner\" type=\"submit\" value=\"Poslati\" \/>\n<\/p><div class=\"wpcf7-response-output\" aria-hidden=\"true\"><\/div>\n<\/form>\n<\/div>\n<\/div>\n\n\n\n<p>Hvala Vam na ukazanom povjerenju.<\/p>\n\n\n\n<p>Potruditi \u0107emo se da u \u0161to najkra\u0107em roku zaprimite na\u0161 odgovor, te se veselimo na\u0161oj potencijalnoj suradnji i zajedni\u010dkim affiliate uspjesima.<\/p>\n\n\n\n<div class=\"wp-block-columns is-layout-flex wp-container-core-columns-is-layout-1 wp-block-columns-is-layout-flex\">\n<div class=\"wp-block-column is-layout-flow wp-block-column-is-layout-flow\" style=\"flex-basis:50%\">\n<p>Tim VIVnetworks<\/p>\n<\/div>\n\n\n\n<div class=\"wp-block-column is-layout-flow wp-block-column-is-layout-flow\" style=\"flex-basis:50%\">\n<figure class=\"wp-block-image size-full\"><a href=\"https:\/\/ecommerce.hr\/usluge\/vivnetworks-affiliate-mreza\/\"><img decoding=\"async\" width=\"253\" height=\"248\" src=\"https:\/\/www.vivnetworks.com\/wp-content\/uploads\/2021\/09\/eCommerce-Hrvatska-premium-member-badge.png\" alt=\"\" class=\"wp-image-12570\" srcset=\"https:\/\/www.vivnetworks.com\/wp-content\/uploads\/2021\/09\/eCommerce-Hrvatska-premium-member-badge.png 253w, https:\/\/www.vivnetworks.com\/wp-content\/uploads\/2021\/09\/eCommerce-Hrvatska-premium-member-badge-75x75.png 75w\" sizes=\"(max-width: 253px) 100vw, 253px\" \/><\/a><\/figure>\n<\/div>\n<\/div>\n\n\n\n<p><\/p>\n","protected":false},"excerpt":{"rendered":"<p>Veoma nas veseli da smo se sreli na konferenciji CRO Commerce 2022. Ovdje nam mo\u017eete ostaviti Va\u0161e podatke, a mi [&hellip;]<\/p>\n","protected":false},"author":3,"featured_media":0,"parent":0,"menu_order":0,"comment_status":"closed","ping_status":"closed","template":"page-register.php","meta":{"_eb_attr":"","_uag_custom_page_level_css":"","footnotes":""},"yoast_head":"<!-- This site is optimized with the Yoast SEO Premium plugin v22.5 (Yoast SEO v22.5) - https:\/\/yoast.com\/wordpress\/plugins\/seo\/ -->\n<title>AFFILIATE STRATEGIJA ZA VA\u0160U E-TRGOVINU | VIVnetworks.com<\/title>\n<meta name=\"robots\" content=\"index, follow, max-snippet:-1, max-image-preview:large, max-video-preview:-1\" \/>\n<link rel=\"canonical\" href=\"https:\/\/www.vivnetworks.com\/hr\/affiliate-strategija-za-vasu-e-trgovinu\/\" \/>\n<meta property=\"og:locale\" content=\"hr_HR\" \/>\n<meta property=\"og:type\" content=\"article\" \/>\n<meta property=\"og:title\" content=\"AFFILIATE STRATEGIJA ZA VA\u0160U E-TRGOVINU\" \/>\n<meta property=\"og:description\" content=\"Veoma nas veseli da smo se sreli na konferenciji CRO Commerce 2022. Ovdje nam mo\u017eete ostaviti Va\u0161e podatke, a mi \u0107emo Vas povratno kontaktirati sa\" \/>\n<meta property=\"og:url\" content=\"https:\/\/www.vivnetworks.com\/hr\/affiliate-strategija-za-vasu-e-trgovinu\/\" \/>\n<meta property=\"og:site_name\" content=\"VIVnetworks.com\" \/>\n<meta property=\"article:modified_time\" content=\"2022-09-16T11:53:36+00:00\" \/>\n<meta property=\"og:image\" content=\"https:\/\/www.vivnetworks.com\/wp-content\/uploads\/2021\/09\/eCommerce-Hrvatska-premium-member-badge.png\" \/>\n<meta name=\"twitter:card\" content=\"summary_large_image\" \/>\n<meta name=\"twitter:label1\" content=\"Procijenjeno vrijeme \u010ditanja\" \/>\n\t<meta name=\"twitter:data1\" content=\"1 minuta\" \/>\n<script type=\"application\/ld+json\" class=\"yoast-schema-graph\">{\"@context\":\"https:\/\/schema.org\",\"@graph\":[{\"@type\":\"WebPage\",\"@id\":\"https:\/\/www.vivnetworks.com\/hr\/affiliate-strategija-za-vasu-e-trgovinu\/\",\"url\":\"https:\/\/www.vivnetworks.com\/hr\/affiliate-strategija-za-vasu-e-trgovinu\/\",\"name\":\"AFFILIATE STRATEGIJA ZA VA\u0160U E-TRGOVINU | VIVnetworks.com\",\"isPartOf\":{\"@id\":\"https:\/\/www.vivnetworks.com\/hr\/#website\"},\"primaryImageOfPage\":{\"@id\":\"https:\/\/www.vivnetworks.com\/hr\/affiliate-strategija-za-vasu-e-trgovinu\/#primaryimage\"},\"image\":{\"@id\":\"https:\/\/www.vivnetworks.com\/hr\/affiliate-strategija-za-vasu-e-trgovinu\/#primaryimage\"},\"thumbnailUrl\":\"https:\/\/www.vivnetworks.com\/wp-content\/uploads\/2021\/09\/eCommerce-Hrvatska-premium-member-badge.png\",\"datePublished\":\"2021-09-01T08:43:14+00:00\",\"dateModified\":\"2022-09-16T11:53:36+00:00\",\"breadcrumb\":{\"@id\":\"https:\/\/www.vivnetworks.com\/hr\/affiliate-strategija-za-vasu-e-trgovinu\/#breadcrumb\"},\"inLanguage\":\"hr\",\"potentialAction\":[{\"@type\":\"ReadAction\",\"target\":[\"https:\/\/www.vivnetworks.com\/hr\/affiliate-strategija-za-vasu-e-trgovinu\/\"]}]},{\"@type\":\"ImageObject\",\"inLanguage\":\"hr\",\"@id\":\"https:\/\/www.vivnetworks.com\/hr\/affiliate-strategija-za-vasu-e-trgovinu\/#primaryimage\",\"url\":\"https:\/\/www.vivnetworks.com\/wp-content\/uploads\/2021\/09\/eCommerce-Hrvatska-premium-member-badge.png\",\"contentUrl\":\"https:\/\/www.vivnetworks.com\/wp-content\/uploads\/2021\/09\/eCommerce-Hrvatska-premium-member-badge.png\"},{\"@type\":\"BreadcrumbList\",\"@id\":\"https:\/\/www.vivnetworks.com\/hr\/affiliate-strategija-za-vasu-e-trgovinu\/#breadcrumb\",\"itemListElement\":[{\"@type\":\"ListItem\",\"position\":1,\"name\":\"Dom\u016f\",\"item\":\"https:\/\/www.vivnetworks.com\/hr\/\"},{\"@type\":\"ListItem\",\"position\":2,\"name\":\"AFFILIATE STRATEGIJA ZA VA\u0160U E-TRGOVINU\"}]},{\"@type\":\"WebSite\",\"@id\":\"https:\/\/www.vivnetworks.com\/hr\/#website\",\"url\":\"https:\/\/www.vivnetworks.com\/hr\/\",\"name\":\"VIVnetworks.com\",\"description\":\"Nejv\u00fdkonn\u011bj\u0161\u00ed affiliate s\u00ed\u0165 v CEE\",\"publisher\":{\"@id\":\"https:\/\/www.vivnetworks.com\/hr\/#organization\"},\"potentialAction\":[{\"@type\":\"SearchAction\",\"target\":{\"@type\":\"EntryPoint\",\"urlTemplate\":\"https:\/\/www.vivnetworks.com\/hr\/?s={search_term_string}\"},\"query-input\":\"required name=search_term_string\"}],\"inLanguage\":\"hr\"},{\"@type\":\"Organization\",\"@id\":\"https:\/\/www.vivnetworks.com\/hr\/#organization\",\"name\":\"VIVnetworks.com s.r.o.\",\"url\":\"https:\/\/www.vivnetworks.com\/hr\/\",\"logo\":{\"@type\":\"ImageObject\",\"inLanguage\":\"hr\",\"@id\":\"https:\/\/www.vivnetworks.com\/hr\/#\/schema\/logo\/image\/\",\"url\":\"https:\/\/www.vivnetworks.com\/wp-content\/uploads\/2022\/01\/Logo-VIVnetworks-400x200-1.png\",\"contentUrl\":\"https:\/\/www.vivnetworks.com\/wp-content\/uploads\/2022\/01\/Logo-VIVnetworks-400x200-1.png\",\"width\":400,\"height\":200,\"caption\":\"VIVnetworks.com s.r.o.\"},\"image\":{\"@id\":\"https:\/\/www.vivnetworks.com\/hr\/#\/schema\/logo\/image\/\"}}]}<\/script>\n<!-- \/ Yoast SEO Premium plugin. -->","yoast_head_json":{"title":"AFFILIATE STRATEGIJA ZA VA\u0160U E-TRGOVINU | VIVnetworks.com","robots":{"index":"index","follow":"follow","max-snippet":"max-snippet:-1","max-image-preview":"max-image-preview:large","max-video-preview":"max-video-preview:-1"},"canonical":"https:\/\/www.vivnetworks.com\/hr\/affiliate-strategija-za-vasu-e-trgovinu\/","og_locale":"hr_HR","og_type":"article","og_title":"AFFILIATE STRATEGIJA ZA VA\u0160U E-TRGOVINU","og_description":"Veoma nas veseli da smo se sreli na konferenciji CRO Commerce 2022. Ovdje nam mo\u017eete ostaviti Va\u0161e podatke, a mi \u0107emo Vas povratno kontaktirati sa","og_url":"https:\/\/www.vivnetworks.com\/hr\/affiliate-strategija-za-vasu-e-trgovinu\/","og_site_name":"VIVnetworks.com","article_modified_time":"2022-09-16T11:53:36+00:00","og_image":[{"url":"https:\/\/www.vivnetworks.com\/wp-content\/uploads\/2021\/09\/eCommerce-Hrvatska-premium-member-badge.png"}],"twitter_card":"summary_large_image","twitter_misc":{"Procijenjeno vrijeme \u010ditanja":"1 minuta"},"schema":{"@context":"https:\/\/schema.org","@graph":[{"@type":"WebPage","@id":"https:\/\/www.vivnetworks.com\/hr\/affiliate-strategija-za-vasu-e-trgovinu\/","url":"https:\/\/www.vivnetworks.com\/hr\/affiliate-strategija-za-vasu-e-trgovinu\/","name":"AFFILIATE STRATEGIJA ZA VA\u0160U E-TRGOVINU | VIVnetworks.com","isPartOf":{"@id":"https:\/\/www.vivnetworks.com\/hr\/#website"},"primaryImageOfPage":{"@id":"https:\/\/www.vivnetworks.com\/hr\/affiliate-strategija-za-vasu-e-trgovinu\/#primaryimage"},"image":{"@id":"https:\/\/www.vivnetworks.com\/hr\/affiliate-strategija-za-vasu-e-trgovinu\/#primaryimage"},"thumbnailUrl":"https:\/\/www.vivnetworks.com\/wp-content\/uploads\/2021\/09\/eCommerce-Hrvatska-premium-member-badge.png","datePublished":"2021-09-01T08:43:14+00:00","dateModified":"2022-09-16T11:53:36+00:00","breadcrumb":{"@id":"https:\/\/www.vivnetworks.com\/hr\/affiliate-strategija-za-vasu-e-trgovinu\/#breadcrumb"},"inLanguage":"hr","potentialAction":[{"@type":"ReadAction","target":["https:\/\/www.vivnetworks.com\/hr\/affiliate-strategija-za-vasu-e-trgovinu\/"]}]},{"@type":"ImageObject","inLanguage":"hr","@id":"https:\/\/www.vivnetworks.com\/hr\/affiliate-strategija-za-vasu-e-trgovinu\/#primaryimage","url":"https:\/\/www.vivnetworks.com\/wp-content\/uploads\/2021\/09\/eCommerce-Hrvatska-premium-member-badge.png","contentUrl":"https:\/\/www.vivnetworks.com\/wp-content\/uploads\/2021\/09\/eCommerce-Hrvatska-premium-member-badge.png"},{"@type":"BreadcrumbList","@id":"https:\/\/www.vivnetworks.com\/hr\/affiliate-strategija-za-vasu-e-trgovinu\/#breadcrumb","itemListElement":[{"@type":"ListItem","position":1,"name":"Dom\u016f","item":"https:\/\/www.vivnetworks.com\/hr\/"},{"@type":"ListItem","position":2,"name":"AFFILIATE STRATEGIJA ZA VA\u0160U E-TRGOVINU"}]},{"@type":"WebSite","@id":"https:\/\/www.vivnetworks.com\/hr\/#website","url":"https:\/\/www.vivnetworks.com\/hr\/","name":"VIVnetworks.com","description":"Nejv\u00fdkonn\u011bj\u0161\u00ed affiliate s\u00ed\u0165 v CEE","publisher":{"@id":"https:\/\/www.vivnetworks.com\/hr\/#organization"},"potentialAction":[{"@type":"SearchAction","target":{"@type":"EntryPoint","urlTemplate":"https:\/\/www.vivnetworks.com\/hr\/?s={search_term_string}"},"query-input":"required name=search_term_string"}],"inLanguage":"hr"},{"@type":"Organization","@id":"https:\/\/www.vivnetworks.com\/hr\/#organization","name":"VIVnetworks.com s.r.o.","url":"https:\/\/www.vivnetworks.com\/hr\/","logo":{"@type":"ImageObject","inLanguage":"hr","@id":"https:\/\/www.vivnetworks.com\/hr\/#\/schema\/logo\/image\/","url":"https:\/\/www.vivnetworks.com\/wp-content\/uploads\/2022\/01\/Logo-VIVnetworks-400x200-1.png","contentUrl":"https:\/\/www.vivnetworks.com\/wp-content\/uploads\/2022\/01\/Logo-VIVnetworks-400x200-1.png","width":400,"height":200,"caption":"VIVnetworks.com s.r.o."},"image":{"@id":"https:\/\/www.vivnetworks.com\/hr\/#\/schema\/logo\/image\/"}}]}},"uagb_featured_image_src":{"full":false,"thumbnail":false,"medium":false,"medium_large":false,"large":false,"1536x1536":false,"2048x2048":false},"uagb_author_info":{"display_name":"VIVnetworks.com","author_link":"https:\/\/www.vivnetworks.com\/hr\/author\/admin\/"},"uagb_comment_info":0,"uagb_excerpt":"Veoma nas veseli da smo se sreli na konferenciji CRO Commerce 2022. Ovdje nam mo\u017eete ostaviti Va\u0161e podatke, a mi [&hellip;]","_links":{"self":[{"href":"https:\/\/www.vivnetworks.com\/hr\/wp-json\/wp\/v2\/pages\/12568"}],"collection":[{"href":"https:\/\/www.vivnetworks.com\/hr\/wp-json\/wp\/v2\/pages"}],"about":[{"href":"https:\/\/www.vivnetworks.com\/hr\/wp-json\/wp\/v2\/types\/page"}],"author":[{"embeddable":true,"href":"https:\/\/www.vivnetworks.com\/hr\/wp-json\/wp\/v2\/users\/3"}],"replies":[{"embeddable":true,"href":"https:\/\/www.vivnetworks.com\/hr\/wp-json\/wp\/v2\/comments?post=12568"}],"version-history":[{"count":5,"href":"https:\/\/www.vivnetworks.com\/hr\/wp-json\/wp\/v2\/pages\/12568\/revisions"}],"predecessor-version":[{"id":24719,"href":"https:\/\/www.vivnetworks.com\/hr\/wp-json\/wp\/v2\/pages\/12568\/revisions\/24719"}],"wp:attachment":[{"href":"https:\/\/www.vivnetworks.com\/hr\/wp-json\/wp\/v2\/media?parent=12568"}],"curies":[{"name":"wp","href":"https:\/\/api.w.org\/{rel}","templated":true}]}}