{"id":5833,"date":"2021-02-15T20:14:22","date_gmt":"2021-02-15T19:14:22","guid":{"rendered":"http:\/\/268709.w9.wedos.ws\/stante-se-affiliate-inzerentem\/"},"modified":"2023-10-29T22:53:16","modified_gmt":"2023-10-29T21:53:16","slug":"%ce%b3%ce%af%ce%bd%ce%b5%cf%84%ce%b5-affiliate-%ce%b4%ce%b9%ce%b1%cf%86%ce%b7%ce%bc%ce%b9%cf%83%cf%84%ce%ae%cf%82","status":"publish","type":"page","link":"https:\/\/www.vivnetworks.com\/el\/%ce%b3%ce%af%ce%bd%ce%b5%cf%84%ce%b5-affiliate-%ce%b4%ce%b9%ce%b1%cf%86%ce%b7%ce%bc%ce%b9%cf%83%cf%84%ce%ae%cf%82\/","title":{"rendered":"\u0393\u03af\u03bd\u03b5\u03c4\u03b5 \u03c3\u03c5\u03bd\u03b5\u03c1\u03b3\u03ac\u03c4\u03b7\u03c2 \u03b4\u03b9\u03b1\u03c6\u03b7\u03bc\u03b9\u03c3\u03c4\u03ae\u03c2"},"content":{"rendered":"\n<p>\u0394\u03b9\u03b1\u03c6\u03b7\u03bc\u03b9\u03c3\u03c4\u03ae\u03c2 \u03c3\u03c4\u03bf \u03b4\u03af\u03ba\u03c4\u03c5\u03cc \u03bc\u03b1\u03c2 \u03bc\u03c0\u03bf\u03c1\u03b5\u03af \u03bd\u03b1 \u03b5\u03af\u03bd\u03b1\u03b9 \u03bf\u03c0\u03bf\u03b9\u03bf\u03c3\u03b4\u03ae\u03c0\u03bf\u03c4\u03b5 \u03c7\u03c1\u03b7\u03c3\u03b9\u03bc\u03bf\u03c0\u03bf\u03b9\u03b5\u03af \u03ad\u03bd\u03b1\u03bd \u03b9\u03c3\u03c4\u03cc\u03c4\u03bf\u03c0\u03bf \u03b3\u03b9\u03b1 \u03bd\u03b1 \u03c0\u03bf\u03c5\u03bb\u03ae\u03c3\u03b5\u03b9, \u03bd\u03b1 \u03c0\u03b1\u03c1\u03b1\u03b3\u03b3\u03b5\u03af\u03bb\u03b5\u03b9 \u03ae \u03b1\u03ba\u03cc\u03bc\u03b1 \u03ba\u03b1\u03b9 \u03bd\u03b1 \u03c3\u03c5\u03bc\u03c0\u03bb\u03b7\u03c1\u03ce\u03c3\u03b5\u03b9 \u03bc\u03b9\u03b1 \u03c6\u03cc\u03c1\u03bc\u03b1 \u03b5\u03c0\u03b9\u03ba\u03bf\u03b9\u03bd\u03c9\u03bd\u03af\u03b1\u03c2<\/p>\n\n\n\n<div class=\"wpcf7 no-js\" id=\"wpcf7-f39131-o1\" lang=\"el\" dir=\"ltr\">\n<div class=\"screen-reader-response\"><p role=\"status\" aria-live=\"polite\" aria-atomic=\"true\"><\/p> <ul><\/ul><\/div>\n<form action=\"\/el\/wp-json\/wp\/v2\/pages\/5833#wpcf7-f39131-o1\" method=\"post\" class=\"wpcf7-form init\" aria-label=\"\u03a6\u03cc\u03c1\u03bc\u03b1 \u03b5\u03c0\u03b9\u03ba\u03bf\u03b9\u03bd\u03c9\u03bd\u03af\u03b1\u03c2\" novalidate=\"novalidate\" data-status=\"init\">\n<div style=\"display: none;\">\n<input type=\"hidden\" name=\"_wpcf7\" value=\"39131\" \/>\n<input type=\"hidden\" name=\"_wpcf7_version\" value=\"5.9.3\" \/>\n<input type=\"hidden\" name=\"_wpcf7_locale\" value=\"el\" \/>\n<input type=\"hidden\" name=\"_wpcf7_unit_tag\" value=\"wpcf7-f39131-o1\" \/>\n<input type=\"hidden\" name=\"_wpcf7_container_post\" value=\"0\" \/>\n<input type=\"hidden\" name=\"_wpcf7_posted_data_hash\" value=\"\" \/>\n<\/div>\n<p><label> \u03a4\u03bf \u03cc\u03bd\u03bf\u03bc\u03ac \u03c3\u03b1\u03c2<br \/>\n<span class=\"wpcf7-form-control-wrap\" data-name=\"your-name\"><input size=\"40\" class=\"wpcf7-form-control wpcf7-text wpcf7-validates-as-required\" aria-required=\"true\" aria-invalid=\"false\" placeholder=\"\u038c\u03bd\u03bf\u03bc\u03b1 - \u0395\u03c0\u03af\u03b8\u03b5\u03c4\u03bf\" value=\"\" type=\"text\" name=\"your-name\" \/><\/span> <\/label>\n<\/p>\n<p><label> \u03a4\u03bf email \u03c3\u03b1\u03c2<br \/>\n<span class=\"wpcf7-form-control-wrap\" data-name=\"your-email\"><input size=\"40\" class=\"wpcf7-form-control wpcf7-email wpcf7-validates-as-required wpcf7-text wpcf7-validates-as-email\" aria-required=\"true\" aria-invalid=\"false\" placeholder=\"\u03c0\u03b1\u03c1\u03ac\u03b4\u03b5\u03b9\u03b3\u03bc\u03b1@email.cz\" value=\"\" type=\"email\" name=\"your-email\" \/><\/span> <\/label>\n<\/p>\n<p><label> \u03a4\u03bf \u03c4\u03b7\u03bb\u03ad\u03c6\u03c9\u03bd\u03cc \u03c3\u03b1\u03c2<br \/>\n<span class=\"wpcf7-form-control-wrap\" data-name=\"your-tel\"><input size=\"40\" class=\"wpcf7-form-control wpcf7-tel wpcf7-text wpcf7-validates-as-tel\" aria-invalid=\"false\" placeholder=\"\u03c4\u03b7\u03bb\u03ad\u03c6\u03c9\u03bd\u03bf\" value=\"\" type=\"tel\" name=\"your-tel\" \/><\/span> <\/label>\n<\/p>\n<p><label> \u0399\u03c3\u03c4\u03bf\u03c3\u03b5\u03bb\u03af\u03b4\u03b1 \u03c4\u03bf\u03c5 \u03b7\u03bb\u03b5\u03ba\u03c4\u03c1\u03bf\u03bd\u03b9\u03ba\u03bf\u03cd \u03c3\u03b1\u03c2 \u03ba\u03b1\u03c4\u03b1\u03c3\u03c4\u03ae\u03bc\u03b1\u03c4\u03bf\u03c2<br \/>\n<span class=\"wpcf7-form-control-wrap\" data-name=\"your-url\"><input size=\"40\" class=\"wpcf7-form-control wpcf7-text\" aria-invalid=\"false\" placeholder=\"www.eshop.cz\" value=\"\" type=\"text\" name=\"your-url\" \/><\/span> <\/label>\n<\/p>\n<p><label> \u03a4\u03bf \u03bc\u03ae\u03bd\u03c5\u03bc\u03ac \u03c3\u03b1\u03c2 (\u03c0\u03c1\u03bf\u03b1\u03b9\u03c1\u03b5\u03c4\u03b9\u03ba\u03cc)<br \/>\n<span class=\"wpcf7-form-control-wrap\" data-name=\"your-message\"><textarea cols=\"40\" rows=\"10\" class=\"wpcf7-form-control wpcf7-textarea\" aria-invalid=\"false\" placeholder=\"\u0395\u03c0\u03b9\u03c4\u03b1\u03c7\u03cd\u03bd\u03b5\u03c4\u03b5 \u03c4\u03b7\u03bd \u03b5\u03c0\u03b5\u03be\u03b5\u03c1\u03b3\u03b1\u03c3\u03af\u03b1 \u03c4\u03bf\u03c5 \u03b5\u03c1\u03c9\u03c4\u03ae\u03bc\u03b1\u03c4\u03cc\u03c2 \u03c3\u03b1\u03c2, \u03b3\u03b9\u03b1 \u03c0\u03b1\u03c1\u03ac\u03b4\u03b5\u03b9\u03b3\u03bc\u03b1 \u03b1\u03bd\u03b1\u03c6\u03ad\u03c1\u03bf\u03bd\u03c4\u03b1\u03c2 \u03ba\u03b1\u03c4\u03ac \u03bc\u03ad\u03c3\u03bf \u03cc\u03c1\u03bf \u03c4\u03bf traffic \u03c4\u03bf\u03c5 \u03ba\u03b1\u03c4\u03b1\u03c3\u03c4\u03ae\u03bc\u03b1\u03c4\u03cc\u03c2 \u03c3\u03b1\u03c2, \u03c4\u03b7\u03bd \u03ac\u03bd\u03bf\u03b4\u03bf \u03c4\u03bf\u03c5 \u03c4\u03b6\u03af\u03c1\u03bf\u03c5 \u03ae \u03c4\u03bf\u03bd \u03b1\u03c1\u03b9\u03b8\u03bc\u03cc \u03c0\u03b1\u03c1\u03b1\u03b3\u03b3\u03b5\u03bb\u03b9\u03ce\u03bd \u03b1\u03bd\u03ac \u03bc\u03ae\u03bd\u03b1....\" name=\"your-message\"><\/textarea><\/span> <\/label>\n<\/p>\n<center><div id=\"cf7sr-69e360adef96f\" class=\"cf7sr-g-recaptcha\" data-theme=\"light\" data-type=\"image\" data-size=\"normal\" data-sitekey=\"6Lej3H0lAAAAAPu_7rE_2JGaneUoxYtnD6WTg2P6\"><\/div><span class=\"wpcf7-form-control-wrap cf7sr-recaptcha\" data-name=\"cf7sr-recaptcha\"><input type=\"hidden\" name=\"cf7sr-recaptcha\" value=\"\" class=\"wpcf7-form-control\"><\/span>\n<\/center>\n<p><input class=\"wpcf7-form-control wpcf7-submit has-spinner\" type=\"submit\" value=\"\u03b1\u03c0\u03bf\u03c3\u03c4\u03bf\u03bb\u03ae \u03b5\u03c1\u03c9\u03c4\u03ae\u03bc\u03b1\u03c4\u03bf\u03c2\" \/>\n<\/p><div class=\"wpcf7-response-output\" aria-hidden=\"true\"><\/div>\n<\/form>\n<\/div>\n\n\n\n\n<p><\/p>\n","protected":false},"excerpt":{"rendered":"<p>\u0394\u03b9\u03b1\u03c6\u03b7\u03bc\u03b9\u03c3\u03c4\u03ae\u03c2 \u03c3\u03c4\u03bf \u03b4\u03af\u03ba\u03c4\u03c5\u03cc \u03bc\u03b1\u03c2 \u03bc\u03c0\u03bf\u03c1\u03b5\u03af \u03bd\u03b1 \u03b5\u03af\u03bd\u03b1\u03b9 \u03bf\u03c0\u03bf\u03b9\u03bf\u03c3\u03b4\u03ae\u03c0\u03bf\u03c4\u03b5 \u03c7\u03c1\u03b7\u03c3\u03b9\u03bc\u03bf\u03c0\u03bf\u03b9\u03b5\u03af \u03ad\u03bd\u03b1\u03bd \u03b9\u03c3\u03c4\u03cc\u03c4\u03bf\u03c0\u03bf \u03b3\u03b9\u03b1 \u03bd\u03b1 \u03c0\u03bf\u03c5\u03bb\u03ae\u03c3\u03b5\u03b9, \u03bd\u03b1 \u03c0\u03b1\u03c1\u03b1\u03b3\u03b3\u03b5\u03af\u03bb\u03b5\u03b9 \u03ae \u03b1\u03ba\u03cc\u03bc\u03b1 \u03ba\u03b1\u03b9 \u03bd\u03b1 [&hellip;]<\/p>\n","protected":false},"author":3,"featured_media":0,"parent":0,"menu_order":0,"comment_status":"closed","ping_status":"closed","template":"","meta":{"_eb_attr":"","_uag_custom_page_level_css":"","footnotes":""},"yoast_head":"<!-- This site is optimized with the Yoast SEO Premium plugin v22.5 (Yoast SEO v22.5) - https:\/\/yoast.com\/wordpress\/plugins\/seo\/ -->\n<title>\u0393\u03af\u03bd\u03b5\u03c4\u03b5 \u03c3\u03c5\u03bd\u03b5\u03c1\u03b3\u03ac\u03c4\u03b7\u03c2 \u03b4\u03b9\u03b1\u03c6\u03b7\u03bc\u03b9\u03c3\u03c4\u03ae\u03c2 | VIVnetworks.com<\/title>\n<meta name=\"description\" content=\"\u03c0\u03ce\u03c2 \u03bd\u03b1 \u03b1\u03c0\u03bf\u03ba\u03c4\u03ae\u03c3\u03b5\u03c4\u03b5 \u03c0\u03b5\u03bb\u03ac\u03c4\u03b5\u03c2; \u0394\u03b9\u03b1\u03c7\u03b5\u03b9\u03c1\u03b9\u03b6\u03cc\u03bc\u03b1\u03c3\u03c4\u03b5 \u03b5\u03bd\u03b5\u03c1\u03b3\u03ac \u03c0\u03ac\u03bd\u03c9 \u03b1\u03c0\u03cc 1.250 \u03ba\u03b1\u03bc\u03c0\u03ac\u03bd\u03b9\u03b5\u03c2 \u03ba\u03b1\u03b9 \u03b2\u03bf\u03b7\u03b8\u03ac\u03bc\u03b5 \u03c4\u03bf\u03c5\u03c2 \u03b4\u03b9\u03b1\u03c6\u03b7\u03bc\u03b9\u03b6\u03cc\u03bc\u03b5\u03bd\u03bf\u03cd\u03c2 \u03bc\u03b1\u03c2, \u03bd\u03b1 \u03b5\u03c0\u03b9\u03c4\u03cd\u03c7\u03bf\u03c5\u03bd \u03bc\u03b9\u03b1\" \/>\n<meta name=\"robots\" content=\"index, follow, max-snippet:-1, max-image-preview:large, max-video-preview:-1\" \/>\n<link rel=\"canonical\" href=\"https:\/\/www.vivnetworks.com\/el\/%ce%b3%ce%af%ce%bd%ce%b5%cf%84%ce%b5-affiliate-%ce%b4%ce%b9%ce%b1%cf%86%ce%b7%ce%bc%ce%b9%cf%83%cf%84%ce%ae%cf%82\/\" \/>\n<meta property=\"og:locale\" content=\"el_GR\" \/>\n<meta property=\"og:type\" content=\"article\" \/>\n<meta property=\"og:title\" content=\"\u0393\u03af\u03bd\u03b5\u03c4\u03b5 \u03c3\u03c5\u03bd\u03b5\u03c1\u03b3\u03ac\u03c4\u03b7\u03c2 \u03b4\u03b9\u03b1\u03c6\u03b7\u03bc\u03b9\u03c3\u03c4\u03ae\u03c2\" \/>\n<meta property=\"og:description\" content=\"\u0394\u03b9\u03b1\u03c6\u03b7\u03bc\u03b9\u03c3\u03c4\u03ae\u03c2 \u03c3\u03c4\u03bf \u03b4\u03af\u03ba\u03c4\u03c5\u03cc \u03bc\u03b1\u03c2 \u03bc\u03c0\u03bf\u03c1\u03b5\u03af \u03bd\u03b1 \u03b5\u03af\u03bd\u03b1\u03b9 \u03bf\u03c0\u03bf\u03b9\u03bf\u03c3\u03b4\u03ae\u03c0\u03bf\u03c4\u03b5 \u03c7\u03c1\u03b7\u03c3\u03b9\u03bc\u03bf\u03c0\u03bf\u03b9\u03b5\u03af \u03ad\u03bd\u03b1\u03bd \u03b9\u03c3\u03c4\u03cc\u03c4\u03bf\u03c0\u03bf \u03b3\u03b9\u03b1 \u03bd\u03b1 \u03c0\u03bf\u03c5\u03bb\u03ae\u03c3\u03b5\u03b9, \u03bd\u03b1 \u03c0\u03b1\u03c1\u03b1\u03b3\u03b3\u03b5\u03af\u03bb\u03b5\u03b9 \u03ae \u03b1\u03ba\u03cc\u03bc\u03b1 \u03ba\u03b1\u03b9 \u03bd\u03b1 \u03c3\u03c5\u03bc\u03c0\u03bb\u03b7\u03c1\u03ce\u03c3\u03b5\u03b9 \u03bc\u03b9\u03b1 \u03c6\u03cc\u03c1\u03bc\u03b1\" \/>\n<meta property=\"og:url\" content=\"https:\/\/www.vivnetworks.com\/el\/%ce%b3%ce%af%ce%bd%ce%b5%cf%84%ce%b5-affiliate-%ce%b4%ce%b9%ce%b1%cf%86%ce%b7%ce%bc%ce%b9%cf%83%cf%84%ce%ae%cf%82\/\" \/>\n<meta property=\"og:site_name\" content=\"VIVnetworks.com\" \/>\n<meta property=\"article:modified_time\" content=\"2023-10-29T21:53:16+00:00\" \/>\n<meta property=\"og:image\" content=\"https:\/\/www.vivnetworks.com\/wp-content\/uploads\/2022\/01\/Logo-VIVnetworks-400x200-1.png\" \/>\n\t<meta property=\"og:image:width\" content=\"400\" \/>\n\t<meta property=\"og:image:height\" content=\"200\" \/>\n\t<meta property=\"og:image:type\" content=\"image\/png\" \/>\n<meta name=\"twitter:card\" content=\"summary_large_image\" \/>\n<meta name=\"twitter:label1\" content=\"\u0395\u03ba\u03c4\u03b9\u03bc\u03ce\u03bc\u03b5\u03bd\u03bf\u03c2 \u03c7\u03c1\u03cc\u03bd\u03bf\u03c2 \u03b1\u03bd\u03ac\u03b3\u03bd\u03c9\u03c3\u03b7\u03c2\" \/>\n\t<meta name=\"twitter:data1\" content=\"1 \u03bb\u03b5\u03c0\u03c4\u03cc\" \/>\n<script type=\"application\/ld+json\" class=\"yoast-schema-graph\">{\"@context\":\"https:\/\/schema.org\",\"@graph\":[{\"@type\":\"WebPage\",\"@id\":\"https:\/\/www.vivnetworks.com\/el\/%ce%b3%ce%af%ce%bd%ce%b5%cf%84%ce%b5-affiliate-%ce%b4%ce%b9%ce%b1%cf%86%ce%b7%ce%bc%ce%b9%cf%83%cf%84%ce%ae%cf%82\/\",\"url\":\"https:\/\/www.vivnetworks.com\/el\/%ce%b3%ce%af%ce%bd%ce%b5%cf%84%ce%b5-affiliate-%ce%b4%ce%b9%ce%b1%cf%86%ce%b7%ce%bc%ce%b9%cf%83%cf%84%ce%ae%cf%82\/\",\"name\":\"\u0393\u03af\u03bd\u03b5\u03c4\u03b5 \u03c3\u03c5\u03bd\u03b5\u03c1\u03b3\u03ac\u03c4\u03b7\u03c2 \u03b4\u03b9\u03b1\u03c6\u03b7\u03bc\u03b9\u03c3\u03c4\u03ae\u03c2 | VIVnetworks.com\",\"isPartOf\":{\"@id\":\"https:\/\/www.vivnetworks.com\/el\/#website\"},\"datePublished\":\"2021-02-15T19:14:22+00:00\",\"dateModified\":\"2023-10-29T21:53:16+00:00\",\"description\":\"\u03c0\u03ce\u03c2 \u03bd\u03b1 \u03b1\u03c0\u03bf\u03ba\u03c4\u03ae\u03c3\u03b5\u03c4\u03b5 \u03c0\u03b5\u03bb\u03ac\u03c4\u03b5\u03c2; \u0394\u03b9\u03b1\u03c7\u03b5\u03b9\u03c1\u03b9\u03b6\u03cc\u03bc\u03b1\u03c3\u03c4\u03b5 \u03b5\u03bd\u03b5\u03c1\u03b3\u03ac \u03c0\u03ac\u03bd\u03c9 \u03b1\u03c0\u03cc 1.250 \u03ba\u03b1\u03bc\u03c0\u03ac\u03bd\u03b9\u03b5\u03c2 \u03ba\u03b1\u03b9 \u03b2\u03bf\u03b7\u03b8\u03ac\u03bc\u03b5 \u03c4\u03bf\u03c5\u03c2 \u03b4\u03b9\u03b1\u03c6\u03b7\u03bc\u03b9\u03b6\u03cc\u03bc\u03b5\u03bd\u03bf\u03cd\u03c2 \u03bc\u03b1\u03c2, \u03bd\u03b1 \u03b5\u03c0\u03b9\u03c4\u03cd\u03c7\u03bf\u03c5\u03bd \u03bc\u03b9\u03b1\",\"breadcrumb\":{\"@id\":\"https:\/\/www.vivnetworks.com\/el\/%ce%b3%ce%af%ce%bd%ce%b5%cf%84%ce%b5-affiliate-%ce%b4%ce%b9%ce%b1%cf%86%ce%b7%ce%bc%ce%b9%cf%83%cf%84%ce%ae%cf%82\/#breadcrumb\"},\"inLanguage\":\"el\",\"potentialAction\":[{\"@type\":\"ReadAction\",\"target\":[\"https:\/\/www.vivnetworks.com\/el\/%ce%b3%ce%af%ce%bd%ce%b5%cf%84%ce%b5-affiliate-%ce%b4%ce%b9%ce%b1%cf%86%ce%b7%ce%bc%ce%b9%cf%83%cf%84%ce%ae%cf%82\/\"]}]},{\"@type\":\"BreadcrumbList\",\"@id\":\"https:\/\/www.vivnetworks.com\/el\/%ce%b3%ce%af%ce%bd%ce%b5%cf%84%ce%b5-affiliate-%ce%b4%ce%b9%ce%b1%cf%86%ce%b7%ce%bc%ce%b9%cf%83%cf%84%ce%ae%cf%82\/#breadcrumb\",\"itemListElement\":[{\"@type\":\"ListItem\",\"position\":1,\"name\":\"Dom\u016f\",\"item\":\"https:\/\/www.vivnetworks.com\/el\/\"},{\"@type\":\"ListItem\",\"position\":2,\"name\":\"\u0393\u03af\u03bd\u03b5\u03c4\u03b5 \u03c3\u03c5\u03bd\u03b5\u03c1\u03b3\u03ac\u03c4\u03b7\u03c2 \u03b4\u03b9\u03b1\u03c6\u03b7\u03bc\u03b9\u03c3\u03c4\u03ae\u03c2\"}]},{\"@type\":\"WebSite\",\"@id\":\"https:\/\/www.vivnetworks.com\/el\/#website\",\"url\":\"https:\/\/www.vivnetworks.com\/el\/\",\"name\":\"VIVnetworks.com\",\"description\":\"Nejv\u00fdkonn\u011bj\u0161\u00ed affiliate s\u00ed\u0165 v CEE\",\"publisher\":{\"@id\":\"https:\/\/www.vivnetworks.com\/el\/#organization\"},\"potentialAction\":[{\"@type\":\"SearchAction\",\"target\":{\"@type\":\"EntryPoint\",\"urlTemplate\":\"https:\/\/www.vivnetworks.com\/el\/?s={search_term_string}\"},\"query-input\":\"required name=search_term_string\"}],\"inLanguage\":\"el\"},{\"@type\":\"Organization\",\"@id\":\"https:\/\/www.vivnetworks.com\/el\/#organization\",\"name\":\"VIVnetworks.com s.r.o.\",\"url\":\"https:\/\/www.vivnetworks.com\/el\/\",\"logo\":{\"@type\":\"ImageObject\",\"inLanguage\":\"el\",\"@id\":\"https:\/\/www.vivnetworks.com\/el\/#\/schema\/logo\/image\/\",\"url\":\"https:\/\/www.vivnetworks.com\/wp-content\/uploads\/2022\/01\/Logo-VIVnetworks-400x200-1.png\",\"contentUrl\":\"https:\/\/www.vivnetworks.com\/wp-content\/uploads\/2022\/01\/Logo-VIVnetworks-400x200-1.png\",\"width\":400,\"height\":200,\"caption\":\"VIVnetworks.com s.r.o.\"},\"image\":{\"@id\":\"https:\/\/www.vivnetworks.com\/el\/#\/schema\/logo\/image\/\"}}]}<\/script>\n<!-- \/ Yoast SEO Premium plugin. -->","yoast_head_json":{"title":"\u0393\u03af\u03bd\u03b5\u03c4\u03b5 \u03c3\u03c5\u03bd\u03b5\u03c1\u03b3\u03ac\u03c4\u03b7\u03c2 \u03b4\u03b9\u03b1\u03c6\u03b7\u03bc\u03b9\u03c3\u03c4\u03ae\u03c2 | VIVnetworks.com","description":"\u03c0\u03ce\u03c2 \u03bd\u03b1 \u03b1\u03c0\u03bf\u03ba\u03c4\u03ae\u03c3\u03b5\u03c4\u03b5 \u03c0\u03b5\u03bb\u03ac\u03c4\u03b5\u03c2; \u0394\u03b9\u03b1\u03c7\u03b5\u03b9\u03c1\u03b9\u03b6\u03cc\u03bc\u03b1\u03c3\u03c4\u03b5 \u03b5\u03bd\u03b5\u03c1\u03b3\u03ac \u03c0\u03ac\u03bd\u03c9 \u03b1\u03c0\u03cc 1.250 \u03ba\u03b1\u03bc\u03c0\u03ac\u03bd\u03b9\u03b5\u03c2 \u03ba\u03b1\u03b9 \u03b2\u03bf\u03b7\u03b8\u03ac\u03bc\u03b5 \u03c4\u03bf\u03c5\u03c2 \u03b4\u03b9\u03b1\u03c6\u03b7\u03bc\u03b9\u03b6\u03cc\u03bc\u03b5\u03bd\u03bf\u03cd\u03c2 \u03bc\u03b1\u03c2, \u03bd\u03b1 \u03b5\u03c0\u03b9\u03c4\u03cd\u03c7\u03bf\u03c5\u03bd \u03bc\u03b9\u03b1","robots":{"index":"index","follow":"follow","max-snippet":"max-snippet:-1","max-image-preview":"max-image-preview:large","max-video-preview":"max-video-preview:-1"},"canonical":"https:\/\/www.vivnetworks.com\/el\/%ce%b3%ce%af%ce%bd%ce%b5%cf%84%ce%b5-affiliate-%ce%b4%ce%b9%ce%b1%cf%86%ce%b7%ce%bc%ce%b9%cf%83%cf%84%ce%ae%cf%82\/","og_locale":"el_GR","og_type":"article","og_title":"\u0393\u03af\u03bd\u03b5\u03c4\u03b5 \u03c3\u03c5\u03bd\u03b5\u03c1\u03b3\u03ac\u03c4\u03b7\u03c2 \u03b4\u03b9\u03b1\u03c6\u03b7\u03bc\u03b9\u03c3\u03c4\u03ae\u03c2","og_description":"\u0394\u03b9\u03b1\u03c6\u03b7\u03bc\u03b9\u03c3\u03c4\u03ae\u03c2 \u03c3\u03c4\u03bf \u03b4\u03af\u03ba\u03c4\u03c5\u03cc \u03bc\u03b1\u03c2 \u03bc\u03c0\u03bf\u03c1\u03b5\u03af \u03bd\u03b1 \u03b5\u03af\u03bd\u03b1\u03b9 \u03bf\u03c0\u03bf\u03b9\u03bf\u03c3\u03b4\u03ae\u03c0\u03bf\u03c4\u03b5 \u03c7\u03c1\u03b7\u03c3\u03b9\u03bc\u03bf\u03c0\u03bf\u03b9\u03b5\u03af \u03ad\u03bd\u03b1\u03bd \u03b9\u03c3\u03c4\u03cc\u03c4\u03bf\u03c0\u03bf \u03b3\u03b9\u03b1 \u03bd\u03b1 \u03c0\u03bf\u03c5\u03bb\u03ae\u03c3\u03b5\u03b9, \u03bd\u03b1 \u03c0\u03b1\u03c1\u03b1\u03b3\u03b3\u03b5\u03af\u03bb\u03b5\u03b9 \u03ae \u03b1\u03ba\u03cc\u03bc\u03b1 \u03ba\u03b1\u03b9 \u03bd\u03b1 \u03c3\u03c5\u03bc\u03c0\u03bb\u03b7\u03c1\u03ce\u03c3\u03b5\u03b9 \u03bc\u03b9\u03b1 \u03c6\u03cc\u03c1\u03bc\u03b1","og_url":"https:\/\/www.vivnetworks.com\/el\/%ce%b3%ce%af%ce%bd%ce%b5%cf%84%ce%b5-affiliate-%ce%b4%ce%b9%ce%b1%cf%86%ce%b7%ce%bc%ce%b9%cf%83%cf%84%ce%ae%cf%82\/","og_site_name":"VIVnetworks.com","article_modified_time":"2023-10-29T21:53:16+00:00","og_image":[{"width":400,"height":200,"url":"https:\/\/www.vivnetworks.com\/wp-content\/uploads\/2022\/01\/Logo-VIVnetworks-400x200-1.png","type":"image\/png"}],"twitter_card":"summary_large_image","twitter_misc":{"\u0395\u03ba\u03c4\u03b9\u03bc\u03ce\u03bc\u03b5\u03bd\u03bf\u03c2 \u03c7\u03c1\u03cc\u03bd\u03bf\u03c2 \u03b1\u03bd\u03ac\u03b3\u03bd\u03c9\u03c3\u03b7\u03c2":"1 \u03bb\u03b5\u03c0\u03c4\u03cc"},"schema":{"@context":"https:\/\/schema.org","@graph":[{"@type":"WebPage","@id":"https:\/\/www.vivnetworks.com\/el\/%ce%b3%ce%af%ce%bd%ce%b5%cf%84%ce%b5-affiliate-%ce%b4%ce%b9%ce%b1%cf%86%ce%b7%ce%bc%ce%b9%cf%83%cf%84%ce%ae%cf%82\/","url":"https:\/\/www.vivnetworks.com\/el\/%ce%b3%ce%af%ce%bd%ce%b5%cf%84%ce%b5-affiliate-%ce%b4%ce%b9%ce%b1%cf%86%ce%b7%ce%bc%ce%b9%cf%83%cf%84%ce%ae%cf%82\/","name":"\u0393\u03af\u03bd\u03b5\u03c4\u03b5 \u03c3\u03c5\u03bd\u03b5\u03c1\u03b3\u03ac\u03c4\u03b7\u03c2 \u03b4\u03b9\u03b1\u03c6\u03b7\u03bc\u03b9\u03c3\u03c4\u03ae\u03c2 | VIVnetworks.com","isPartOf":{"@id":"https:\/\/www.vivnetworks.com\/el\/#website"},"datePublished":"2021-02-15T19:14:22+00:00","dateModified":"2023-10-29T21:53:16+00:00","description":"\u03c0\u03ce\u03c2 \u03bd\u03b1 \u03b1\u03c0\u03bf\u03ba\u03c4\u03ae\u03c3\u03b5\u03c4\u03b5 \u03c0\u03b5\u03bb\u03ac\u03c4\u03b5\u03c2; \u0394\u03b9\u03b1\u03c7\u03b5\u03b9\u03c1\u03b9\u03b6\u03cc\u03bc\u03b1\u03c3\u03c4\u03b5 \u03b5\u03bd\u03b5\u03c1\u03b3\u03ac \u03c0\u03ac\u03bd\u03c9 \u03b1\u03c0\u03cc 1.250 \u03ba\u03b1\u03bc\u03c0\u03ac\u03bd\u03b9\u03b5\u03c2 \u03ba\u03b1\u03b9 \u03b2\u03bf\u03b7\u03b8\u03ac\u03bc\u03b5 \u03c4\u03bf\u03c5\u03c2 \u03b4\u03b9\u03b1\u03c6\u03b7\u03bc\u03b9\u03b6\u03cc\u03bc\u03b5\u03bd\u03bf\u03cd\u03c2 \u03bc\u03b1\u03c2, \u03bd\u03b1 \u03b5\u03c0\u03b9\u03c4\u03cd\u03c7\u03bf\u03c5\u03bd \u03bc\u03b9\u03b1","breadcrumb":{"@id":"https:\/\/www.vivnetworks.com\/el\/%ce%b3%ce%af%ce%bd%ce%b5%cf%84%ce%b5-affiliate-%ce%b4%ce%b9%ce%b1%cf%86%ce%b7%ce%bc%ce%b9%cf%83%cf%84%ce%ae%cf%82\/#breadcrumb"},"inLanguage":"el","potentialAction":[{"@type":"ReadAction","target":["https:\/\/www.vivnetworks.com\/el\/%ce%b3%ce%af%ce%bd%ce%b5%cf%84%ce%b5-affiliate-%ce%b4%ce%b9%ce%b1%cf%86%ce%b7%ce%bc%ce%b9%cf%83%cf%84%ce%ae%cf%82\/"]}]},{"@type":"BreadcrumbList","@id":"https:\/\/www.vivnetworks.com\/el\/%ce%b3%ce%af%ce%bd%ce%b5%cf%84%ce%b5-affiliate-%ce%b4%ce%b9%ce%b1%cf%86%ce%b7%ce%bc%ce%b9%cf%83%cf%84%ce%ae%cf%82\/#breadcrumb","itemListElement":[{"@type":"ListItem","position":1,"name":"Dom\u016f","item":"https:\/\/www.vivnetworks.com\/el\/"},{"@type":"ListItem","position":2,"name":"\u0393\u03af\u03bd\u03b5\u03c4\u03b5 \u03c3\u03c5\u03bd\u03b5\u03c1\u03b3\u03ac\u03c4\u03b7\u03c2 \u03b4\u03b9\u03b1\u03c6\u03b7\u03bc\u03b9\u03c3\u03c4\u03ae\u03c2"}]},{"@type":"WebSite","@id":"https:\/\/www.vivnetworks.com\/el\/#website","url":"https:\/\/www.vivnetworks.com\/el\/","name":"VIVnetworks.com","description":"Nejv\u00fdkonn\u011bj\u0161\u00ed affiliate s\u00ed\u0165 v CEE","publisher":{"@id":"https:\/\/www.vivnetworks.com\/el\/#organization"},"potentialAction":[{"@type":"SearchAction","target":{"@type":"EntryPoint","urlTemplate":"https:\/\/www.vivnetworks.com\/el\/?s={search_term_string}"},"query-input":"required name=search_term_string"}],"inLanguage":"el"},{"@type":"Organization","@id":"https:\/\/www.vivnetworks.com\/el\/#organization","name":"VIVnetworks.com s.r.o.","url":"https:\/\/www.vivnetworks.com\/el\/","logo":{"@type":"ImageObject","inLanguage":"el","@id":"https:\/\/www.vivnetworks.com\/el\/#\/schema\/logo\/image\/","url":"https:\/\/www.vivnetworks.com\/wp-content\/uploads\/2022\/01\/Logo-VIVnetworks-400x200-1.png","contentUrl":"https:\/\/www.vivnetworks.com\/wp-content\/uploads\/2022\/01\/Logo-VIVnetworks-400x200-1.png","width":400,"height":200,"caption":"VIVnetworks.com s.r.o."},"image":{"@id":"https:\/\/www.vivnetworks.com\/el\/#\/schema\/logo\/image\/"}}]}},"uagb_featured_image_src":{"full":false,"thumbnail":false,"medium":false,"medium_large":false,"large":false,"1536x1536":false,"2048x2048":false},"uagb_author_info":{"display_name":"VIVnetworks.com","author_link":"https:\/\/www.vivnetworks.com\/el\/author\/admin\/"},"uagb_comment_info":0,"uagb_excerpt":"\u0394\u03b9\u03b1\u03c6\u03b7\u03bc\u03b9\u03c3\u03c4\u03ae\u03c2 \u03c3\u03c4\u03bf \u03b4\u03af\u03ba\u03c4\u03c5\u03cc \u03bc\u03b1\u03c2 \u03bc\u03c0\u03bf\u03c1\u03b5\u03af \u03bd\u03b1 \u03b5\u03af\u03bd\u03b1\u03b9 \u03bf\u03c0\u03bf\u03b9\u03bf\u03c3\u03b4\u03ae\u03c0\u03bf\u03c4\u03b5 \u03c7\u03c1\u03b7\u03c3\u03b9\u03bc\u03bf\u03c0\u03bf\u03b9\u03b5\u03af \u03ad\u03bd\u03b1\u03bd \u03b9\u03c3\u03c4\u03cc\u03c4\u03bf\u03c0\u03bf \u03b3\u03b9\u03b1 \u03bd\u03b1 \u03c0\u03bf\u03c5\u03bb\u03ae\u03c3\u03b5\u03b9, \u03bd\u03b1 \u03c0\u03b1\u03c1\u03b1\u03b3\u03b3\u03b5\u03af\u03bb\u03b5\u03b9 \u03ae \u03b1\u03ba\u03cc\u03bc\u03b1 \u03ba\u03b1\u03b9 \u03bd\u03b1 [&hellip;]","_links":{"self":[{"href":"https:\/\/www.vivnetworks.com\/el\/wp-json\/wp\/v2\/pages\/5833"}],"collection":[{"href":"https:\/\/www.vivnetworks.com\/el\/wp-json\/wp\/v2\/pages"}],"about":[{"href":"https:\/\/www.vivnetworks.com\/el\/wp-json\/wp\/v2\/types\/page"}],"author":[{"embeddable":true,"href":"https:\/\/www.vivnetworks.com\/el\/wp-json\/wp\/v2\/users\/3"}],"replies":[{"embeddable":true,"href":"https:\/\/www.vivnetworks.com\/el\/wp-json\/wp\/v2\/comments?post=5833"}],"version-history":[{"count":9,"href":"https:\/\/www.vivnetworks.com\/el\/wp-json\/wp\/v2\/pages\/5833\/revisions"}],"predecessor-version":[{"id":39132,"href":"https:\/\/www.vivnetworks.com\/el\/wp-json\/wp\/v2\/pages\/5833\/revisions\/39132"}],"wp:attachment":[{"href":"https:\/\/www.vivnetworks.com\/el\/wp-json\/wp\/v2\/media?parent=5833"}],"curies":[{"name":"wp","href":"https:\/\/api.w.org\/{rel}","templated":true}]}}