{"id":11437,"date":"2021-06-10T16:07:00","date_gmt":"2021-06-10T14:07:00","guid":{"rendered":"https:\/\/www.vivnetworks.com\/mail-out\/"},"modified":"2023-02-20T09:38:19","modified_gmt":"2023-02-20T08:38:19","slug":"mail-out","status":"publish","type":"page","link":"https:\/\/www.vivnetworks.com\/el\/mail-out\/","title":{"rendered":"Byli jste odhl\u00e1\u0161eni z newsletteru"},"content":{"rendered":"\n<p class=\"has-text-align-center\">D\u011bkujeme, \u017ee jsme s v\u00e1mi mohli b\u00fdt v kontaktu a v\u011b\u0159\u00edme, \u017ee se je\u0161t\u011b potk\u00e1me.<\/p>\n\n\n\n<p><\/p>\n\n\n\n<p class=\"has-text-align-center\">Va\u0161e <a href=\"https:\/\/www.vivnetworks.com\/el\/\">VIVnetworks.com<\/a><\/p>\n","protected":false},"excerpt":{"rendered":"<p>D\u011bkujeme, \u017ee jsme s v\u00e1mi mohli b\u00fdt v kontaktu a v\u011b\u0159\u00edme, \u017ee se je\u0161t\u011b potk\u00e1me. Va\u0161e VIVnetworks.com<\/p>\n","protected":false},"author":3,"featured_media":0,"parent":0,"menu_order":0,"comment_status":"closed","ping_status":"closed","template":"","meta":{"_eb_attr":"","_uag_custom_page_level_css":"","footnotes":""},"yoast_head":"<!-- This site is optimized with the Yoast SEO Premium plugin v22.5 (Yoast SEO v22.5) - https:\/\/yoast.com\/wordpress\/plugins\/seo\/ -->\n<title>Byli jste odhl\u00e1\u0161eni z newsletteru | VIVnetworks.com<\/title>\n<meta name=\"robots\" content=\"index, follow, max-snippet:-1, max-image-preview:large, max-video-preview:-1\" \/>\n<link rel=\"canonical\" href=\"https:\/\/www.vivnetworks.com\/el\/mail-out\/\" \/>\n<meta property=\"og:locale\" content=\"el_GR\" \/>\n<meta property=\"og:type\" content=\"article\" \/>\n<meta property=\"og:title\" content=\"Byli jste odhl\u00e1\u0161eni z newsletteru\" \/>\n<meta property=\"og:description\" content=\"D\u011bkujeme, \u017ee jsme s v\u00e1mi mohli b\u00fdt v kontaktu a v\u011b\u0159\u00edme, \u017ee se je\u0161t\u011b potk\u00e1me.    Va\u0161e VIVnetworks.com\" \/>\n<meta property=\"og:url\" content=\"https:\/\/www.vivnetworks.com\/el\/mail-out\/\" \/>\n<meta property=\"og:site_name\" content=\"VIVnetworks.com\" \/>\n<meta property=\"article:modified_time\" content=\"2023-02-20T08:38:19+00:00\" \/>\n<meta property=\"og:image\" content=\"https:\/\/www.vivnetworks.com\/wp-content\/uploads\/2022\/01\/Logo-VIVnetworks-400x200-1.png\" \/>\n\t<meta property=\"og:image:width\" content=\"400\" \/>\n\t<meta property=\"og:image:height\" content=\"200\" \/>\n\t<meta property=\"og:image:type\" content=\"image\/png\" \/>\n<meta name=\"twitter:card\" content=\"summary_large_image\" \/>\n<meta name=\"twitter:label1\" content=\"\u0395\u03ba\u03c4\u03b9\u03bc\u03ce\u03bc\u03b5\u03bd\u03bf\u03c2 \u03c7\u03c1\u03cc\u03bd\u03bf\u03c2 \u03b1\u03bd\u03ac\u03b3\u03bd\u03c9\u03c3\u03b7\u03c2\" \/>\n\t<meta name=\"twitter:data1\" content=\"1 \u03bb\u03b5\u03c0\u03c4\u03cc\" \/>\n<script type=\"application\/ld+json\" class=\"yoast-schema-graph\">{\"@context\":\"https:\/\/schema.org\",\"@graph\":[{\"@type\":\"WebPage\",\"@id\":\"https:\/\/www.vivnetworks.com\/el\/mail-out\/\",\"url\":\"https:\/\/www.vivnetworks.com\/el\/mail-out\/\",\"name\":\"Byli jste odhl\u00e1\u0161eni z newsletteru | VIVnetworks.com\",\"isPartOf\":{\"@id\":\"https:\/\/www.vivnetworks.com\/el\/#website\"},\"datePublished\":\"2021-06-10T14:07:00+00:00\",\"dateModified\":\"2023-02-20T08:38:19+00:00\",\"breadcrumb\":{\"@id\":\"https:\/\/www.vivnetworks.com\/el\/mail-out\/#breadcrumb\"},\"inLanguage\":\"el\",\"potentialAction\":[{\"@type\":\"ReadAction\",\"target\":[\"https:\/\/www.vivnetworks.com\/el\/mail-out\/\"]}]},{\"@type\":\"BreadcrumbList\",\"@id\":\"https:\/\/www.vivnetworks.com\/el\/mail-out\/#breadcrumb\",\"itemListElement\":[{\"@type\":\"ListItem\",\"position\":1,\"name\":\"Dom\u016f\",\"item\":\"https:\/\/www.vivnetworks.com\/el\/\"},{\"@type\":\"ListItem\",\"position\":2,\"name\":\"Byli jste odhl\u00e1\u0161eni z newsletteru\"}]},{\"@type\":\"WebSite\",\"@id\":\"https:\/\/www.vivnetworks.com\/el\/#website\",\"url\":\"https:\/\/www.vivnetworks.com\/el\/\",\"name\":\"VIVnetworks.com\",\"description\":\"Nejv\u00fdkonn\u011bj\u0161\u00ed affiliate s\u00ed\u0165 v CEE\",\"publisher\":{\"@id\":\"https:\/\/www.vivnetworks.com\/el\/#organization\"},\"potentialAction\":[{\"@type\":\"SearchAction\",\"target\":{\"@type\":\"EntryPoint\",\"urlTemplate\":\"https:\/\/www.vivnetworks.com\/el\/?s={search_term_string}\"},\"query-input\":\"required name=search_term_string\"}],\"inLanguage\":\"el\"},{\"@type\":\"Organization\",\"@id\":\"https:\/\/www.vivnetworks.com\/el\/#organization\",\"name\":\"VIVnetworks.com s.r.o.\",\"url\":\"https:\/\/www.vivnetworks.com\/el\/\",\"logo\":{\"@type\":\"ImageObject\",\"inLanguage\":\"el\",\"@id\":\"https:\/\/www.vivnetworks.com\/el\/#\/schema\/logo\/image\/\",\"url\":\"https:\/\/www.vivnetworks.com\/wp-content\/uploads\/2022\/01\/Logo-VIVnetworks-400x200-1.png\",\"contentUrl\":\"https:\/\/www.vivnetworks.com\/wp-content\/uploads\/2022\/01\/Logo-VIVnetworks-400x200-1.png\",\"width\":400,\"height\":200,\"caption\":\"VIVnetworks.com s.r.o.\"},\"image\":{\"@id\":\"https:\/\/www.vivnetworks.com\/el\/#\/schema\/logo\/image\/\"}}]}<\/script>\n<!-- \/ Yoast SEO Premium plugin. -->","yoast_head_json":{"title":"Byli jste odhl\u00e1\u0161eni z newsletteru | VIVnetworks.com","robots":{"index":"index","follow":"follow","max-snippet":"max-snippet:-1","max-image-preview":"max-image-preview:large","max-video-preview":"max-video-preview:-1"},"canonical":"https:\/\/www.vivnetworks.com\/el\/mail-out\/","og_locale":"el_GR","og_type":"article","og_title":"Byli jste odhl\u00e1\u0161eni z newsletteru","og_description":"D\u011bkujeme, \u017ee jsme s v\u00e1mi mohli b\u00fdt v kontaktu a v\u011b\u0159\u00edme, \u017ee se je\u0161t\u011b potk\u00e1me.    Va\u0161e VIVnetworks.com","og_url":"https:\/\/www.vivnetworks.com\/el\/mail-out\/","og_site_name":"VIVnetworks.com","article_modified_time":"2023-02-20T08:38:19+00:00","og_image":[{"width":400,"height":200,"url":"https:\/\/www.vivnetworks.com\/wp-content\/uploads\/2022\/01\/Logo-VIVnetworks-400x200-1.png","type":"image\/png"}],"twitter_card":"summary_large_image","twitter_misc":{"\u0395\u03ba\u03c4\u03b9\u03bc\u03ce\u03bc\u03b5\u03bd\u03bf\u03c2 \u03c7\u03c1\u03cc\u03bd\u03bf\u03c2 \u03b1\u03bd\u03ac\u03b3\u03bd\u03c9\u03c3\u03b7\u03c2":"1 \u03bb\u03b5\u03c0\u03c4\u03cc"},"schema":{"@context":"https:\/\/schema.org","@graph":[{"@type":"WebPage","@id":"https:\/\/www.vivnetworks.com\/el\/mail-out\/","url":"https:\/\/www.vivnetworks.com\/el\/mail-out\/","name":"Byli jste odhl\u00e1\u0161eni z newsletteru | VIVnetworks.com","isPartOf":{"@id":"https:\/\/www.vivnetworks.com\/el\/#website"},"datePublished":"2021-06-10T14:07:00+00:00","dateModified":"2023-02-20T08:38:19+00:00","breadcrumb":{"@id":"https:\/\/www.vivnetworks.com\/el\/mail-out\/#breadcrumb"},"inLanguage":"el","potentialAction":[{"@type":"ReadAction","target":["https:\/\/www.vivnetworks.com\/el\/mail-out\/"]}]},{"@type":"BreadcrumbList","@id":"https:\/\/www.vivnetworks.com\/el\/mail-out\/#breadcrumb","itemListElement":[{"@type":"ListItem","position":1,"name":"Dom\u016f","item":"https:\/\/www.vivnetworks.com\/el\/"},{"@type":"ListItem","position":2,"name":"Byli jste odhl\u00e1\u0161eni z newsletteru"}]},{"@type":"WebSite","@id":"https:\/\/www.vivnetworks.com\/el\/#website","url":"https:\/\/www.vivnetworks.com\/el\/","name":"VIVnetworks.com","description":"Nejv\u00fdkonn\u011bj\u0161\u00ed affiliate s\u00ed\u0165 v CEE","publisher":{"@id":"https:\/\/www.vivnetworks.com\/el\/#organization"},"potentialAction":[{"@type":"SearchAction","target":{"@type":"EntryPoint","urlTemplate":"https:\/\/www.vivnetworks.com\/el\/?s={search_term_string}"},"query-input":"required name=search_term_string"}],"inLanguage":"el"},{"@type":"Organization","@id":"https:\/\/www.vivnetworks.com\/el\/#organization","name":"VIVnetworks.com s.r.o.","url":"https:\/\/www.vivnetworks.com\/el\/","logo":{"@type":"ImageObject","inLanguage":"el","@id":"https:\/\/www.vivnetworks.com\/el\/#\/schema\/logo\/image\/","url":"https:\/\/www.vivnetworks.com\/wp-content\/uploads\/2022\/01\/Logo-VIVnetworks-400x200-1.png","contentUrl":"https:\/\/www.vivnetworks.com\/wp-content\/uploads\/2022\/01\/Logo-VIVnetworks-400x200-1.png","width":400,"height":200,"caption":"VIVnetworks.com s.r.o."},"image":{"@id":"https:\/\/www.vivnetworks.com\/el\/#\/schema\/logo\/image\/"}}]}},"uagb_featured_image_src":{"full":false,"thumbnail":false,"medium":false,"medium_large":false,"large":false,"1536x1536":false,"2048x2048":false},"uagb_author_info":{"display_name":"VIVnetworks.com","author_link":"https:\/\/www.vivnetworks.com\/el\/author\/admin\/"},"uagb_comment_info":0,"uagb_excerpt":"D\u011bkujeme, \u017ee jsme s v\u00e1mi mohli b\u00fdt v kontaktu a v\u011b\u0159\u00edme, \u017ee se je\u0161t\u011b potk\u00e1me. Va\u0161e VIVnetworks.com","_links":{"self":[{"href":"https:\/\/www.vivnetworks.com\/el\/wp-json\/wp\/v2\/pages\/11437"}],"collection":[{"href":"https:\/\/www.vivnetworks.com\/el\/wp-json\/wp\/v2\/pages"}],"about":[{"href":"https:\/\/www.vivnetworks.com\/el\/wp-json\/wp\/v2\/types\/page"}],"author":[{"embeddable":true,"href":"https:\/\/www.vivnetworks.com\/el\/wp-json\/wp\/v2\/users\/3"}],"replies":[{"embeddable":true,"href":"https:\/\/www.vivnetworks.com\/el\/wp-json\/wp\/v2\/comments?post=11437"}],"version-history":[{"count":1,"href":"https:\/\/www.vivnetworks.com\/el\/wp-json\/wp\/v2\/pages\/11437\/revisions"}],"predecessor-version":[{"id":28804,"href":"https:\/\/www.vivnetworks.com\/el\/wp-json\/wp\/v2\/pages\/11437\/revisions\/28804"}],"wp:attachment":[{"href":"https:\/\/www.vivnetworks.com\/el\/wp-json\/wp\/v2\/media?parent=11437"}],"curies":[{"name":"wp","href":"https:\/\/api.w.org\/{rel}","templated":true}]}}