{"id":5832,"date":"2021-02-15T20:14:22","date_gmt":"2021-02-15T19:14:22","guid":{"rendered":"http:\/\/268709.w9.wedos.ws\/stante-se-affiliate-inzerentem\/"},"modified":"2023-10-29T22:48:46","modified_gmt":"2023-10-29T21:48:46","slug":"werden-sie-affiliate-advertiser","status":"publish","type":"page","link":"https:\/\/www.vivnetworks.com\/de\/werden-sie-affiliate-advertiser\/","title":{"rendered":"Werden Sie ein Affiliate-Werbetreibender"},"content":{"rendered":"\n<p>Ein Werbetreibender in unserem Netzwerk kann jeder sein, der eine Website verwendet, um zu verkaufen, zu bestellen oder sogar ein Kontaktformular auszuf\u00fcllen<\/p>\n\n\n\n<div class=\"wpcf7 no-js\" id=\"wpcf7-f39129-o1\" lang=\"de-DE\" dir=\"ltr\">\n<div class=\"screen-reader-response\"><p role=\"status\" aria-live=\"polite\" aria-atomic=\"true\"><\/p> <ul><\/ul><\/div>\n<form action=\"\/de\/wp-json\/wp\/v2\/pages\/5832#wpcf7-f39129-o1\" method=\"post\" class=\"wpcf7-form init\" aria-label=\"Kontaktformular\" novalidate=\"novalidate\" data-status=\"init\">\n<div style=\"display: none;\">\n<input type=\"hidden\" name=\"_wpcf7\" value=\"39129\" \/>\n<input type=\"hidden\" name=\"_wpcf7_version\" value=\"5.9.3\" \/>\n<input type=\"hidden\" name=\"_wpcf7_locale\" value=\"de_DE\" \/>\n<input type=\"hidden\" name=\"_wpcf7_unit_tag\" value=\"wpcf7-f39129-o1\" \/>\n<input type=\"hidden\" name=\"_wpcf7_container_post\" value=\"0\" \/>\n<input type=\"hidden\" name=\"_wpcf7_posted_data_hash\" value=\"\" \/>\n<\/div>\n<p><label> Ihren Namen<br \/>\n<span class=\"wpcf7-form-control-wrap\" data-name=\"your-name\"><input size=\"40\" class=\"wpcf7-form-control wpcf7-text wpcf7-validates-as-required\" aria-required=\"true\" aria-invalid=\"false\" placeholder=\"Vorname Nachname\" value=\"\" type=\"text\" name=\"your-name\" \/><\/span> <\/label>\n<\/p>\n<p><label> Ihre E-Mail<br \/>\n<span class=\"wpcf7-form-control-wrap\" data-name=\"your-email\"><input size=\"40\" class=\"wpcf7-form-control wpcf7-email wpcf7-validates-as-required wpcf7-text wpcf7-validates-as-email\" aria-required=\"true\" aria-invalid=\"false\" placeholder=\"beispiel@mail.de\" value=\"\" type=\"email\" name=\"your-email\" \/><\/span> <\/label>\n<\/p>\n<p><label> Ihr Telefon<br \/>\n<span class=\"wpcf7-form-control-wrap\" data-name=\"your-tel\"><input size=\"40\" class=\"wpcf7-form-control wpcf7-tel wpcf7-text wpcf7-validates-as-tel\" aria-invalid=\"false\" placeholder=\"Telefon\" value=\"\" type=\"tel\" name=\"your-tel\" \/><\/span> <\/label>\n<\/p>\n<p><label> E-Shop-Website<br \/>\n<span class=\"wpcf7-form-control-wrap\" data-name=\"your-url\"><input size=\"40\" class=\"wpcf7-form-control wpcf7-text\" aria-invalid=\"false\" placeholder=\"eshop.de\" value=\"\" type=\"text\" name=\"your-url\" \/><\/span> <\/label>\n<\/p>\n<p><label> Ihre Nachricht (optional)<br \/>\n<span class=\"wpcf7-form-control-wrap\" data-name=\"your-message\"><textarea cols=\"40\" rows=\"10\" class=\"wpcf7-form-control wpcf7-textarea\" aria-invalid=\"false\" placeholder=\"Beschleunigen Sie die Bearbeitung Ihrer Anfrage, indem Sie z.B. Ihren durchschnittlichen monatlichen E-Shop-Traffic, die H\u00f6he des Umsatzes oder die Anzahl der Bestellungen pro Monat angeben...\" name=\"your-message\"><\/textarea><\/span> <\/label>\n<\/p>\n<center><div id=\"cf7sr-69e494f795f3a\" class=\"cf7sr-g-recaptcha\" data-theme=\"light\" data-type=\"image\" data-size=\"normal\" data-sitekey=\"6Lej3H0lAAAAAPu_7rE_2JGaneUoxYtnD6WTg2P6\"><\/div><span class=\"wpcf7-form-control-wrap cf7sr-recaptcha\" data-name=\"cf7sr-recaptcha\"><input type=\"hidden\" name=\"cf7sr-recaptcha\" value=\"\" class=\"wpcf7-form-control\"><\/span>\n<\/center>\n<p><input class=\"wpcf7-form-control wpcf7-submit has-spinner\" type=\"submit\" value=\"Senden Sie eine Anfrage\" \/>\n<\/p><div class=\"wpcf7-response-output\" aria-hidden=\"true\"><\/div>\n<\/form>\n<\/div>\n\n","protected":false},"excerpt":{"rendered":"<p>Ein Werbetreibender in unserem Netzwerk kann jeder sein, der eine Website verwendet, um zu verkaufen, zu bestellen oder sogar ein [&hellip;]<\/p>\n","protected":false},"author":3,"featured_media":0,"parent":0,"menu_order":0,"comment_status":"closed","ping_status":"closed","template":"","meta":{"_eb_attr":"","_uag_custom_page_level_css":"","footnotes":""},"yoast_head":"<!-- This site is optimized with the Yoast SEO Premium plugin v22.5 (Yoast SEO v22.5) - https:\/\/yoast.com\/wordpress\/plugins\/seo\/ -->\n<title>Werden Sie ein Affiliate-Werbetreibender | VIVnetworks.com<\/title>\n<meta name=\"description\" content=\"Wie man Kunden gewinnt. Steigern Sie die Zahl der Bestellungen \u00fcber einen neuen Vertriebskanal und belohnen Sie Ihre Partner f\u00fcr\" \/>\n<meta name=\"robots\" content=\"index, follow, max-snippet:-1, max-image-preview:large, max-video-preview:-1\" \/>\n<link rel=\"canonical\" href=\"https:\/\/www.vivnetworks.com\/de\/werden-sie-affiliate-advertiser\/\" \/>\n<meta property=\"og:locale\" content=\"de_DE\" \/>\n<meta property=\"og:type\" content=\"article\" \/>\n<meta property=\"og:title\" content=\"Werden Sie ein Affiliate-Werbetreibender\" \/>\n<meta property=\"og:description\" content=\"Ein Werbetreibender in unserem Netzwerk kann jeder sein, der eine Website verwendet, um zu verkaufen, zu bestellen oder sogar ein Kontaktformular\" \/>\n<meta property=\"og:url\" content=\"https:\/\/www.vivnetworks.com\/de\/werden-sie-affiliate-advertiser\/\" \/>\n<meta property=\"og:site_name\" content=\"VIVnetworks.com\" \/>\n<meta property=\"article:modified_time\" content=\"2023-10-29T21:48:46+00:00\" \/>\n<meta property=\"og:image\" content=\"https:\/\/www.vivnetworks.com\/wp-content\/uploads\/2022\/01\/Logo-VIVnetworks-400x200-1.png\" \/>\n\t<meta property=\"og:image:width\" content=\"400\" \/>\n\t<meta property=\"og:image:height\" content=\"200\" \/>\n\t<meta property=\"og:image:type\" content=\"image\/png\" \/>\n<meta name=\"twitter:card\" content=\"summary_large_image\" \/>\n<meta name=\"twitter:label1\" content=\"Gesch\u00e4tzte Lesezeit\" \/>\n\t<meta name=\"twitter:data1\" content=\"1\u00a0Minute\" \/>\n<script type=\"application\/ld+json\" class=\"yoast-schema-graph\">{\"@context\":\"https:\/\/schema.org\",\"@graph\":[{\"@type\":\"WebPage\",\"@id\":\"https:\/\/www.vivnetworks.com\/de\/werden-sie-affiliate-advertiser\/\",\"url\":\"https:\/\/www.vivnetworks.com\/de\/werden-sie-affiliate-advertiser\/\",\"name\":\"Werden Sie ein Affiliate-Werbetreibender | VIVnetworks.com\",\"isPartOf\":{\"@id\":\"https:\/\/www.vivnetworks.com\/de\/#website\"},\"datePublished\":\"2021-02-15T19:14:22+00:00\",\"dateModified\":\"2023-10-29T21:48:46+00:00\",\"description\":\"Wie man Kunden gewinnt. Steigern Sie die Zahl der Bestellungen \u00fcber einen neuen Vertriebskanal und belohnen Sie Ihre Partner f\u00fcr\",\"breadcrumb\":{\"@id\":\"https:\/\/www.vivnetworks.com\/de\/werden-sie-affiliate-advertiser\/#breadcrumb\"},\"inLanguage\":\"de\",\"potentialAction\":[{\"@type\":\"ReadAction\",\"target\":[\"https:\/\/www.vivnetworks.com\/de\/werden-sie-affiliate-advertiser\/\"]}]},{\"@type\":\"BreadcrumbList\",\"@id\":\"https:\/\/www.vivnetworks.com\/de\/werden-sie-affiliate-advertiser\/#breadcrumb\",\"itemListElement\":[{\"@type\":\"ListItem\",\"position\":1,\"name\":\"Dom\u016f\",\"item\":\"https:\/\/www.vivnetworks.com\/de\/\"},{\"@type\":\"ListItem\",\"position\":2,\"name\":\"Werden Sie ein Affiliate-Werbetreibender\"}]},{\"@type\":\"WebSite\",\"@id\":\"https:\/\/www.vivnetworks.com\/de\/#website\",\"url\":\"https:\/\/www.vivnetworks.com\/de\/\",\"name\":\"VIVnetworks.com\",\"description\":\"Nejv\u00fdkonn\u011bj\u0161\u00ed affiliate s\u00ed\u0165 v CEE\",\"publisher\":{\"@id\":\"https:\/\/www.vivnetworks.com\/de\/#organization\"},\"potentialAction\":[{\"@type\":\"SearchAction\",\"target\":{\"@type\":\"EntryPoint\",\"urlTemplate\":\"https:\/\/www.vivnetworks.com\/de\/?s={search_term_string}\"},\"query-input\":\"required name=search_term_string\"}],\"inLanguage\":\"de\"},{\"@type\":\"Organization\",\"@id\":\"https:\/\/www.vivnetworks.com\/de\/#organization\",\"name\":\"VIVnetworks.com s.r.o.\",\"url\":\"https:\/\/www.vivnetworks.com\/de\/\",\"logo\":{\"@type\":\"ImageObject\",\"inLanguage\":\"de\",\"@id\":\"https:\/\/www.vivnetworks.com\/de\/#\/schema\/logo\/image\/\",\"url\":\"https:\/\/www.vivnetworks.com\/wp-content\/uploads\/2022\/01\/Logo-VIVnetworks-400x200-1.png\",\"contentUrl\":\"https:\/\/www.vivnetworks.com\/wp-content\/uploads\/2022\/01\/Logo-VIVnetworks-400x200-1.png\",\"width\":400,\"height\":200,\"caption\":\"VIVnetworks.com s.r.o.\"},\"image\":{\"@id\":\"https:\/\/www.vivnetworks.com\/de\/#\/schema\/logo\/image\/\"}}]}<\/script>\n<!-- \/ Yoast SEO Premium plugin. -->","yoast_head_json":{"title":"Werden Sie ein Affiliate-Werbetreibender | VIVnetworks.com","description":"Wie man Kunden gewinnt. Steigern Sie die Zahl der Bestellungen \u00fcber einen neuen Vertriebskanal und belohnen Sie Ihre Partner f\u00fcr","robots":{"index":"index","follow":"follow","max-snippet":"max-snippet:-1","max-image-preview":"max-image-preview:large","max-video-preview":"max-video-preview:-1"},"canonical":"https:\/\/www.vivnetworks.com\/de\/werden-sie-affiliate-advertiser\/","og_locale":"de_DE","og_type":"article","og_title":"Werden Sie ein Affiliate-Werbetreibender","og_description":"Ein Werbetreibender in unserem Netzwerk kann jeder sein, der eine Website verwendet, um zu verkaufen, zu bestellen oder sogar ein Kontaktformular","og_url":"https:\/\/www.vivnetworks.com\/de\/werden-sie-affiliate-advertiser\/","og_site_name":"VIVnetworks.com","article_modified_time":"2023-10-29T21:48:46+00:00","og_image":[{"width":400,"height":200,"url":"https:\/\/www.vivnetworks.com\/wp-content\/uploads\/2022\/01\/Logo-VIVnetworks-400x200-1.png","type":"image\/png"}],"twitter_card":"summary_large_image","twitter_misc":{"Gesch\u00e4tzte Lesezeit":"1\u00a0Minute"},"schema":{"@context":"https:\/\/schema.org","@graph":[{"@type":"WebPage","@id":"https:\/\/www.vivnetworks.com\/de\/werden-sie-affiliate-advertiser\/","url":"https:\/\/www.vivnetworks.com\/de\/werden-sie-affiliate-advertiser\/","name":"Werden Sie ein Affiliate-Werbetreibender | VIVnetworks.com","isPartOf":{"@id":"https:\/\/www.vivnetworks.com\/de\/#website"},"datePublished":"2021-02-15T19:14:22+00:00","dateModified":"2023-10-29T21:48:46+00:00","description":"Wie man Kunden gewinnt. Steigern Sie die Zahl der Bestellungen \u00fcber einen neuen Vertriebskanal und belohnen Sie Ihre Partner f\u00fcr","breadcrumb":{"@id":"https:\/\/www.vivnetworks.com\/de\/werden-sie-affiliate-advertiser\/#breadcrumb"},"inLanguage":"de","potentialAction":[{"@type":"ReadAction","target":["https:\/\/www.vivnetworks.com\/de\/werden-sie-affiliate-advertiser\/"]}]},{"@type":"BreadcrumbList","@id":"https:\/\/www.vivnetworks.com\/de\/werden-sie-affiliate-advertiser\/#breadcrumb","itemListElement":[{"@type":"ListItem","position":1,"name":"Dom\u016f","item":"https:\/\/www.vivnetworks.com\/de\/"},{"@type":"ListItem","position":2,"name":"Werden Sie ein Affiliate-Werbetreibender"}]},{"@type":"WebSite","@id":"https:\/\/www.vivnetworks.com\/de\/#website","url":"https:\/\/www.vivnetworks.com\/de\/","name":"VIVnetworks.com","description":"Nejv\u00fdkonn\u011bj\u0161\u00ed affiliate s\u00ed\u0165 v CEE","publisher":{"@id":"https:\/\/www.vivnetworks.com\/de\/#organization"},"potentialAction":[{"@type":"SearchAction","target":{"@type":"EntryPoint","urlTemplate":"https:\/\/www.vivnetworks.com\/de\/?s={search_term_string}"},"query-input":"required name=search_term_string"}],"inLanguage":"de"},{"@type":"Organization","@id":"https:\/\/www.vivnetworks.com\/de\/#organization","name":"VIVnetworks.com s.r.o.","url":"https:\/\/www.vivnetworks.com\/de\/","logo":{"@type":"ImageObject","inLanguage":"de","@id":"https:\/\/www.vivnetworks.com\/de\/#\/schema\/logo\/image\/","url":"https:\/\/www.vivnetworks.com\/wp-content\/uploads\/2022\/01\/Logo-VIVnetworks-400x200-1.png","contentUrl":"https:\/\/www.vivnetworks.com\/wp-content\/uploads\/2022\/01\/Logo-VIVnetworks-400x200-1.png","width":400,"height":200,"caption":"VIVnetworks.com s.r.o."},"image":{"@id":"https:\/\/www.vivnetworks.com\/de\/#\/schema\/logo\/image\/"}}]}},"uagb_featured_image_src":{"full":false,"thumbnail":false,"medium":false,"medium_large":false,"large":false,"1536x1536":false,"2048x2048":false},"uagb_author_info":{"display_name":"VIVnetworks.com","author_link":"https:\/\/www.vivnetworks.com\/de\/author\/admin\/"},"uagb_comment_info":0,"uagb_excerpt":"Ein Werbetreibender in unserem Netzwerk kann jeder sein, der eine Website verwendet, um zu verkaufen, zu bestellen oder sogar ein [&hellip;]","_links":{"self":[{"href":"https:\/\/www.vivnetworks.com\/de\/wp-json\/wp\/v2\/pages\/5832"}],"collection":[{"href":"https:\/\/www.vivnetworks.com\/de\/wp-json\/wp\/v2\/pages"}],"about":[{"href":"https:\/\/www.vivnetworks.com\/de\/wp-json\/wp\/v2\/types\/page"}],"author":[{"embeddable":true,"href":"https:\/\/www.vivnetworks.com\/de\/wp-json\/wp\/v2\/users\/3"}],"replies":[{"embeddable":true,"href":"https:\/\/www.vivnetworks.com\/de\/wp-json\/wp\/v2\/comments?post=5832"}],"version-history":[{"count":10,"href":"https:\/\/www.vivnetworks.com\/de\/wp-json\/wp\/v2\/pages\/5832\/revisions"}],"predecessor-version":[{"id":39130,"href":"https:\/\/www.vivnetworks.com\/de\/wp-json\/wp\/v2\/pages\/5832\/revisions\/39130"}],"wp:attachment":[{"href":"https:\/\/www.vivnetworks.com\/de\/wp-json\/wp\/v2\/media?parent=5832"}],"curies":[{"name":"wp","href":"https:\/\/api.w.org\/{rel}","templated":true}]}}