{"id":6217,"date":"2021-03-04T11:39:56","date_gmt":"2021-03-04T10:39:56","guid":{"rendered":"http:\/\/268709.w9.wedos.ws\/affiliate-katalog\/"},"modified":"2023-07-31T11:24:29","modified_gmt":"2023-07-31T09:24:29","slug":"%d0%b0%d1%84%d0%b8%d0%bb%d0%b8%d0%b5%d0%b9%d1%82-%d0%ba%d0%b0%d1%82%d0%b0%d0%bb%d0%be%d0%b3","status":"publish","type":"page","link":"https:\/\/www.vivnetworks.com\/bg\/%d0%b0%d1%84%d0%b8%d0%bb%d0%b8%d0%b5%d0%b9%d1%82-%d0%ba%d0%b0%d1%82%d0%b0%d0%bb%d0%be%d0%b3\/","title":{"rendered":"\u0410\u0444\u0438\u043b\u0438\u0435\u0439\u0442 \u043a\u0430\u0442\u0430\u043b\u043e\u0433"},"content":{"rendered":"\n<p>\u0430\u0444\u0438\u043b\u0438\u0435\u0439\u0442 \u043f\u0440\u043e\u0433\u0440\u0430\u043c\u0430: <a href=\"https:\/\/www.vivnetworks.com\/bg\/\u0430\u0444\u0438\u043b\u0438\u0435\u0439\u0442-\u043c\u0430\u0440\u043a\u0435\u0442\u0438\u043d\u0433-\u0437\u0430-\u043f\u0430\u0440\u0442\u043d\u044c\u043e\u0440\u0438\/\" target=\"_blank\" rel=\"noreferrer noopener\">\u0420\u0435\u0433\u0438\u0441\u0442\u0440\u0438\u0440\u0430\u0439 \u0441\u0435 \u0432 \u043d\u0430\u0439-\u043d\u0430\u0434\u0435\u0436\u0434\u043d\u0430\u0442\u0430<\/a> \u0430\u0444\u0438\u043b\u0438\u0435\u0439\u0442 \u043c\u0440\u0435\u0436\u0430 \u0432 \u0427\u0435\u0445\u0438\u044f! \u0418\u043c\u0430\u0448 \u0441\u0430\u0439\u0442 \u0438\u043b\u0438 \u043f\u043e\u0441\u043b\u0435\u0434\u043e\u0432\u0430\u0442\u0435\u043b\u0438 \u0432 \u0441\u043e\u0446\u0438\u0430\u043b\u043d\u0438\u0442\u0435 \u043c\u0440\u0435\u0436\u0438? \u041f\u0435\u0447\u0435\u043b\u0438 \u0441\u044a\u0441 \u0441\u0438\u0441\u0442\u0435\u043c\u0430\u0442\u0430 \u0437\u0430 \u043a\u043e\u043c\u0438\u0441\u0438\u043e\u043d\u043d\u0438 \u0434\u043e \u0434\u0435\u0441\u0435\u0442\u043a\u0438 \u0445\u0438\u043b\u044f\u0434\u0438 \u0441 \u043f\u043e\u043c\u043e\u0449\u0442\u0430 \u043d\u0430 \u0430\u0444\u0438\u043b\u0438\u0435\u0439\u0442 \u043c\u0430\u0440\u043a\u0435\u0442\u0438\u043d\u0433. <a href=\"https:\/\/www.cj.com\" target=\"_blank\" rel=\"noreferrer noopener\">CJ.com<\/a><\/p>\n","protected":false},"excerpt":{"rendered":"<p>\u0430\u0444\u0438\u043b\u0438\u0435\u0439\u0442 \u043f\u0440\u043e\u0433\u0440\u0430\u043c\u0430: \u0420\u0435\u0433\u0438\u0441\u0442\u0440\u0438\u0440\u0430\u0439 \u0441\u0435 \u0432 \u043d\u0430\u0439-\u043d\u0430\u0434\u0435\u0436\u0434\u043d\u0430\u0442\u0430 \u0430\u0444\u0438\u043b\u0438\u0435\u0439\u0442 \u043c\u0440\u0435\u0436\u0430 \u0432 \u0427\u0435\u0445\u0438\u044f! \u0418\u043c\u0430\u0448 \u0441\u0430\u0439\u0442 \u0438\u043b\u0438 \u043f\u043e\u0441\u043b\u0435\u0434\u043e\u0432\u0430\u0442\u0435\u043b\u0438 \u0432 \u0441\u043e\u0446\u0438\u0430\u043b\u043d\u0438\u0442\u0435 \u043c\u0440\u0435\u0436\u0438? \u041f\u0435\u0447\u0435\u043b\u0438 \u0441\u044a\u0441 \u0441\u0438\u0441\u0442\u0435\u043c\u0430\u0442\u0430 [&hellip;]<\/p>\n","protected":false},"author":3,"featured_media":0,"parent":0,"menu_order":0,"comment_status":"closed","ping_status":"closed","template":"archive-advertiser.php","meta":{"_eb_attr":"","_uag_custom_page_level_css":"","footnotes":""},"yoast_head":"<!-- This site is optimized with the Yoast SEO Premium plugin v22.5 (Yoast SEO v22.5) - https:\/\/yoast.com\/wordpress\/plugins\/seo\/ -->\n<title>\u0410\u0444\u0438\u043b\u0438\u0435\u0439\u0442 \u043a\u0430\u0442\u0430\u043b\u043e\u0433 | VIVnetworks.com<\/title>\n<meta name=\"description\" content=\"\u0430\u0444\u0438\u043b\u0438\u0435\u0439\u0442 \u043f\u0440\u043e\u0433\u0440\u0430\u043c\u0430: \u0420\u0435\u0433\u0438\u0441\u0442\u0440\u0438\u0440\u0430\u0439 \u0441\u0435 \u0432 \u043d\u0430\u0439-\u043d\u0430\u0434\u0435\u0436\u0434\u043d\u0430\u0442\u0430 \u0430\u0444\u0438\u043b\u0438\u0435\u0439\u0442 \u043c\u0440\u0435\u0436\u0430 \u0432 \u0427\u0435\u0445\u0438\u044f! \u0418\u043c\u0430\u0448 \u0441\u0430\u0439\u0442 \u0438\u043b\u0438 \u043f\u043e\u0441\u043b\u0435\u0434\u043e\u0432\u0430\u0442\u0435\u043b\u0438 \u0432 \u0441\u043e\u0446\u0438\u0430\u043b\u043d\u0438\u0442\u0435 \u043c\u0440\u0435\u0436\u0438? \u041f\u0435\u0447\u0435\u043b\u0438 \u0441\u044a\u0441 \u0441\u0438\u0441\" \/>\n<meta name=\"robots\" content=\"index, follow, max-snippet:-1, max-image-preview:large, max-video-preview:-1\" \/>\n<link rel=\"canonical\" href=\"https:\/\/www.vivnetworks.com\/bg\/%d0%b0%d1%84%d0%b8%d0%bb%d0%b8%d0%b5%d0%b9%d1%82-%d0%ba%d0%b0%d1%82%d0%b0%d0%bb%d0%be%d0%b3\/\" \/>\n<meta property=\"og:locale\" content=\"bg_BG\" \/>\n<meta property=\"og:type\" content=\"article\" \/>\n<meta property=\"og:title\" content=\"\u0410\u0444\u0438\u043b\u0438\u0435\u0439\u0442 \u043a\u0430\u0442\u0430\u043b\u043e\u0433\" \/>\n<meta property=\"og:description\" content=\"\u0430\u0444\u0438\u043b\u0438\u0435\u0439\u0442 \u043f\u0440\u043e\u0433\u0440\u0430\u043c\u0430: \u0420\u0435\u0433\u0438\u0441\u0442\u0440\u0438\u0440\u0430\u0439 \u0441\u0435 \u0432 \u043d\u0430\u0439-\u043d\u0430\u0434\u0435\u0436\u0434\u043d\u0430\u0442\u0430 \u0430\u0444\u0438\u043b\u0438\u0435\u0439\u0442 \u043c\u0440\u0435\u0436\u0430 \u0432 \u0427\u0435\u0445\u0438\u044f! \u0418\u043c\u0430\u0448 \u0441\u0430\u0439\u0442 \u0438\u043b\u0438 \u043f\u043e\u0441\u043b\u0435\u0434\u043e\u0432\u0430\u0442\u0435\u043b\u0438 \u0432 \u0441\u043e\u0446\u0438\u0430\u043b\u043d\u0438\u0442\u0435 \u043c\u0440\u0435\u0436\u0438? \u041f\u0435\u0447\u0435\u043b\u0438 \u0441\u044a\u0441 \u0441\u0438\u0441\u0442\u0435\u043c\u0430\u0442\u0430 \u0437\u0430\" \/>\n<meta property=\"og:url\" content=\"https:\/\/www.vivnetworks.com\/bg\/%d0%b0%d1%84%d0%b8%d0%bb%d0%b8%d0%b5%d0%b9%d1%82-%d0%ba%d0%b0%d1%82%d0%b0%d0%bb%d0%be%d0%b3\/\" \/>\n<meta property=\"og:site_name\" content=\"VIVnetworks.com\" \/>\n<meta property=\"article:modified_time\" content=\"2023-07-31T09:24:29+00:00\" \/>\n<meta property=\"og:image\" content=\"https:\/\/www.vivnetworks.com\/wp-content\/uploads\/2022\/01\/Logo-VIVnetworks-400x200-1.png\" \/>\n\t<meta property=\"og:image:width\" content=\"400\" \/>\n\t<meta property=\"og:image:height\" content=\"200\" \/>\n\t<meta property=\"og:image:type\" content=\"image\/png\" \/>\n<meta name=\"twitter:card\" content=\"summary_large_image\" \/>\n<meta name=\"twitter:label1\" content=\"Est. reading time\" \/>\n\t<meta name=\"twitter:data1\" content=\"1 \u043c\u0438\u043d\u0443\u0442\u0430\" \/>\n<script type=\"application\/ld+json\" class=\"yoast-schema-graph\">{\"@context\":\"https:\/\/schema.org\",\"@graph\":[{\"@type\":\"WebPage\",\"@id\":\"https:\/\/www.vivnetworks.com\/bg\/%d0%b0%d1%84%d0%b8%d0%bb%d0%b8%d0%b5%d0%b9%d1%82-%d0%ba%d0%b0%d1%82%d0%b0%d0%bb%d0%be%d0%b3\/\",\"url\":\"https:\/\/www.vivnetworks.com\/bg\/%d0%b0%d1%84%d0%b8%d0%bb%d0%b8%d0%b5%d0%b9%d1%82-%d0%ba%d0%b0%d1%82%d0%b0%d0%bb%d0%be%d0%b3\/\",\"name\":\"\u0410\u0444\u0438\u043b\u0438\u0435\u0439\u0442 \u043a\u0430\u0442\u0430\u043b\u043e\u0433 | VIVnetworks.com\",\"isPartOf\":{\"@id\":\"https:\/\/www.vivnetworks.com\/bg\/#website\"},\"datePublished\":\"2021-03-04T10:39:56+00:00\",\"dateModified\":\"2023-07-31T09:24:29+00:00\",\"description\":\"\u0430\u0444\u0438\u043b\u0438\u0435\u0439\u0442 \u043f\u0440\u043e\u0433\u0440\u0430\u043c\u0430: \u0420\u0435\u0433\u0438\u0441\u0442\u0440\u0438\u0440\u0430\u0439 \u0441\u0435 \u0432 \u043d\u0430\u0439-\u043d\u0430\u0434\u0435\u0436\u0434\u043d\u0430\u0442\u0430 \u0430\u0444\u0438\u043b\u0438\u0435\u0439\u0442 \u043c\u0440\u0435\u0436\u0430 \u0432 \u0427\u0435\u0445\u0438\u044f! \u0418\u043c\u0430\u0448 \u0441\u0430\u0439\u0442 \u0438\u043b\u0438 \u043f\u043e\u0441\u043b\u0435\u0434\u043e\u0432\u0430\u0442\u0435\u043b\u0438 \u0432 \u0441\u043e\u0446\u0438\u0430\u043b\u043d\u0438\u0442\u0435 \u043c\u0440\u0435\u0436\u0438? \u041f\u0435\u0447\u0435\u043b\u0438 \u0441\u044a\u0441 \u0441\u0438\u0441\",\"breadcrumb\":{\"@id\":\"https:\/\/www.vivnetworks.com\/bg\/%d0%b0%d1%84%d0%b8%d0%bb%d0%b8%d0%b5%d0%b9%d1%82-%d0%ba%d0%b0%d1%82%d0%b0%d0%bb%d0%be%d0%b3\/#breadcrumb\"},\"inLanguage\":\"bg-BG\",\"potentialAction\":[{\"@type\":\"ReadAction\",\"target\":[\"https:\/\/www.vivnetworks.com\/bg\/%d0%b0%d1%84%d0%b8%d0%bb%d0%b8%d0%b5%d0%b9%d1%82-%d0%ba%d0%b0%d1%82%d0%b0%d0%bb%d0%be%d0%b3\/\"]}]},{\"@type\":\"BreadcrumbList\",\"@id\":\"https:\/\/www.vivnetworks.com\/bg\/%d0%b0%d1%84%d0%b8%d0%bb%d0%b8%d0%b5%d0%b9%d1%82-%d0%ba%d0%b0%d1%82%d0%b0%d0%bb%d0%be%d0%b3\/#breadcrumb\",\"itemListElement\":[{\"@type\":\"ListItem\",\"position\":1,\"name\":\"Dom\u016f\",\"item\":\"https:\/\/www.vivnetworks.com\/bg\/\"},{\"@type\":\"ListItem\",\"position\":2,\"name\":\"\u0410\u0444\u0438\u043b\u0438\u0435\u0439\u0442 \u043a\u0430\u0442\u0430\u043b\u043e\u0433\"}]},{\"@type\":\"WebSite\",\"@id\":\"https:\/\/www.vivnetworks.com\/bg\/#website\",\"url\":\"https:\/\/www.vivnetworks.com\/bg\/\",\"name\":\"VIVnetworks.com\",\"description\":\"Nejv\u00fdkonn\u011bj\u0161\u00ed affiliate s\u00ed\u0165 v CEE\",\"publisher\":{\"@id\":\"https:\/\/www.vivnetworks.com\/bg\/#organization\"},\"potentialAction\":[{\"@type\":\"SearchAction\",\"target\":{\"@type\":\"EntryPoint\",\"urlTemplate\":\"https:\/\/www.vivnetworks.com\/bg\/?s={search_term_string}\"},\"query-input\":\"required name=search_term_string\"}],\"inLanguage\":\"bg-BG\"},{\"@type\":\"Organization\",\"@id\":\"https:\/\/www.vivnetworks.com\/bg\/#organization\",\"name\":\"VIVnetworks.com s.r.o.\",\"url\":\"https:\/\/www.vivnetworks.com\/bg\/\",\"logo\":{\"@type\":\"ImageObject\",\"inLanguage\":\"bg-BG\",\"@id\":\"https:\/\/www.vivnetworks.com\/bg\/#\/schema\/logo\/image\/\",\"url\":\"https:\/\/www.vivnetworks.com\/wp-content\/uploads\/2022\/01\/Logo-VIVnetworks-400x200-1.png\",\"contentUrl\":\"https:\/\/www.vivnetworks.com\/wp-content\/uploads\/2022\/01\/Logo-VIVnetworks-400x200-1.png\",\"width\":400,\"height\":200,\"caption\":\"VIVnetworks.com s.r.o.\"},\"image\":{\"@id\":\"https:\/\/www.vivnetworks.com\/bg\/#\/schema\/logo\/image\/\"}}]}<\/script>\n<!-- \/ Yoast SEO Premium plugin. -->","yoast_head_json":{"title":"\u0410\u0444\u0438\u043b\u0438\u0435\u0439\u0442 \u043a\u0430\u0442\u0430\u043b\u043e\u0433 | VIVnetworks.com","description":"\u0430\u0444\u0438\u043b\u0438\u0435\u0439\u0442 \u043f\u0440\u043e\u0433\u0440\u0430\u043c\u0430: \u0420\u0435\u0433\u0438\u0441\u0442\u0440\u0438\u0440\u0430\u0439 \u0441\u0435 \u0432 \u043d\u0430\u0439-\u043d\u0430\u0434\u0435\u0436\u0434\u043d\u0430\u0442\u0430 \u0430\u0444\u0438\u043b\u0438\u0435\u0439\u0442 \u043c\u0440\u0435\u0436\u0430 \u0432 \u0427\u0435\u0445\u0438\u044f! \u0418\u043c\u0430\u0448 \u0441\u0430\u0439\u0442 \u0438\u043b\u0438 \u043f\u043e\u0441\u043b\u0435\u0434\u043e\u0432\u0430\u0442\u0435\u043b\u0438 \u0432 \u0441\u043e\u0446\u0438\u0430\u043b\u043d\u0438\u0442\u0435 \u043c\u0440\u0435\u0436\u0438? \u041f\u0435\u0447\u0435\u043b\u0438 \u0441\u044a\u0441 \u0441\u0438\u0441","robots":{"index":"index","follow":"follow","max-snippet":"max-snippet:-1","max-image-preview":"max-image-preview:large","max-video-preview":"max-video-preview:-1"},"canonical":"https:\/\/www.vivnetworks.com\/bg\/%d0%b0%d1%84%d0%b8%d0%bb%d0%b8%d0%b5%d0%b9%d1%82-%d0%ba%d0%b0%d1%82%d0%b0%d0%bb%d0%be%d0%b3\/","og_locale":"bg_BG","og_type":"article","og_title":"\u0410\u0444\u0438\u043b\u0438\u0435\u0439\u0442 \u043a\u0430\u0442\u0430\u043b\u043e\u0433","og_description":"\u0430\u0444\u0438\u043b\u0438\u0435\u0439\u0442 \u043f\u0440\u043e\u0433\u0440\u0430\u043c\u0430: \u0420\u0435\u0433\u0438\u0441\u0442\u0440\u0438\u0440\u0430\u0439 \u0441\u0435 \u0432 \u043d\u0430\u0439-\u043d\u0430\u0434\u0435\u0436\u0434\u043d\u0430\u0442\u0430 \u0430\u0444\u0438\u043b\u0438\u0435\u0439\u0442 \u043c\u0440\u0435\u0436\u0430 \u0432 \u0427\u0435\u0445\u0438\u044f! \u0418\u043c\u0430\u0448 \u0441\u0430\u0439\u0442 \u0438\u043b\u0438 \u043f\u043e\u0441\u043b\u0435\u0434\u043e\u0432\u0430\u0442\u0435\u043b\u0438 \u0432 \u0441\u043e\u0446\u0438\u0430\u043b\u043d\u0438\u0442\u0435 \u043c\u0440\u0435\u0436\u0438? \u041f\u0435\u0447\u0435\u043b\u0438 \u0441\u044a\u0441 \u0441\u0438\u0441\u0442\u0435\u043c\u0430\u0442\u0430 \u0437\u0430","og_url":"https:\/\/www.vivnetworks.com\/bg\/%d0%b0%d1%84%d0%b8%d0%bb%d0%b8%d0%b5%d0%b9%d1%82-%d0%ba%d0%b0%d1%82%d0%b0%d0%bb%d0%be%d0%b3\/","og_site_name":"VIVnetworks.com","article_modified_time":"2023-07-31T09:24:29+00:00","og_image":[{"width":400,"height":200,"url":"https:\/\/www.vivnetworks.com\/wp-content\/uploads\/2022\/01\/Logo-VIVnetworks-400x200-1.png","type":"image\/png"}],"twitter_card":"summary_large_image","twitter_misc":{"Est. reading time":"1 \u043c\u0438\u043d\u0443\u0442\u0430"},"schema":{"@context":"https:\/\/schema.org","@graph":[{"@type":"WebPage","@id":"https:\/\/www.vivnetworks.com\/bg\/%d0%b0%d1%84%d0%b8%d0%bb%d0%b8%d0%b5%d0%b9%d1%82-%d0%ba%d0%b0%d1%82%d0%b0%d0%bb%d0%be%d0%b3\/","url":"https:\/\/www.vivnetworks.com\/bg\/%d0%b0%d1%84%d0%b8%d0%bb%d0%b8%d0%b5%d0%b9%d1%82-%d0%ba%d0%b0%d1%82%d0%b0%d0%bb%d0%be%d0%b3\/","name":"\u0410\u0444\u0438\u043b\u0438\u0435\u0439\u0442 \u043a\u0430\u0442\u0430\u043b\u043e\u0433 | VIVnetworks.com","isPartOf":{"@id":"https:\/\/www.vivnetworks.com\/bg\/#website"},"datePublished":"2021-03-04T10:39:56+00:00","dateModified":"2023-07-31T09:24:29+00:00","description":"\u0430\u0444\u0438\u043b\u0438\u0435\u0439\u0442 \u043f\u0440\u043e\u0433\u0440\u0430\u043c\u0430: \u0420\u0435\u0433\u0438\u0441\u0442\u0440\u0438\u0440\u0430\u0439 \u0441\u0435 \u0432 \u043d\u0430\u0439-\u043d\u0430\u0434\u0435\u0436\u0434\u043d\u0430\u0442\u0430 \u0430\u0444\u0438\u043b\u0438\u0435\u0439\u0442 \u043c\u0440\u0435\u0436\u0430 \u0432 \u0427\u0435\u0445\u0438\u044f! \u0418\u043c\u0430\u0448 \u0441\u0430\u0439\u0442 \u0438\u043b\u0438 \u043f\u043e\u0441\u043b\u0435\u0434\u043e\u0432\u0430\u0442\u0435\u043b\u0438 \u0432 \u0441\u043e\u0446\u0438\u0430\u043b\u043d\u0438\u0442\u0435 \u043c\u0440\u0435\u0436\u0438? \u041f\u0435\u0447\u0435\u043b\u0438 \u0441\u044a\u0441 \u0441\u0438\u0441","breadcrumb":{"@id":"https:\/\/www.vivnetworks.com\/bg\/%d0%b0%d1%84%d0%b8%d0%bb%d0%b8%d0%b5%d0%b9%d1%82-%d0%ba%d0%b0%d1%82%d0%b0%d0%bb%d0%be%d0%b3\/#breadcrumb"},"inLanguage":"bg-BG","potentialAction":[{"@type":"ReadAction","target":["https:\/\/www.vivnetworks.com\/bg\/%d0%b0%d1%84%d0%b8%d0%bb%d0%b8%d0%b5%d0%b9%d1%82-%d0%ba%d0%b0%d1%82%d0%b0%d0%bb%d0%be%d0%b3\/"]}]},{"@type":"BreadcrumbList","@id":"https:\/\/www.vivnetworks.com\/bg\/%d0%b0%d1%84%d0%b8%d0%bb%d0%b8%d0%b5%d0%b9%d1%82-%d0%ba%d0%b0%d1%82%d0%b0%d0%bb%d0%be%d0%b3\/#breadcrumb","itemListElement":[{"@type":"ListItem","position":1,"name":"Dom\u016f","item":"https:\/\/www.vivnetworks.com\/bg\/"},{"@type":"ListItem","position":2,"name":"\u0410\u0444\u0438\u043b\u0438\u0435\u0439\u0442 \u043a\u0430\u0442\u0430\u043b\u043e\u0433"}]},{"@type":"WebSite","@id":"https:\/\/www.vivnetworks.com\/bg\/#website","url":"https:\/\/www.vivnetworks.com\/bg\/","name":"VIVnetworks.com","description":"Nejv\u00fdkonn\u011bj\u0161\u00ed affiliate s\u00ed\u0165 v CEE","publisher":{"@id":"https:\/\/www.vivnetworks.com\/bg\/#organization"},"potentialAction":[{"@type":"SearchAction","target":{"@type":"EntryPoint","urlTemplate":"https:\/\/www.vivnetworks.com\/bg\/?s={search_term_string}"},"query-input":"required name=search_term_string"}],"inLanguage":"bg-BG"},{"@type":"Organization","@id":"https:\/\/www.vivnetworks.com\/bg\/#organization","name":"VIVnetworks.com s.r.o.","url":"https:\/\/www.vivnetworks.com\/bg\/","logo":{"@type":"ImageObject","inLanguage":"bg-BG","@id":"https:\/\/www.vivnetworks.com\/bg\/#\/schema\/logo\/image\/","url":"https:\/\/www.vivnetworks.com\/wp-content\/uploads\/2022\/01\/Logo-VIVnetworks-400x200-1.png","contentUrl":"https:\/\/www.vivnetworks.com\/wp-content\/uploads\/2022\/01\/Logo-VIVnetworks-400x200-1.png","width":400,"height":200,"caption":"VIVnetworks.com s.r.o."},"image":{"@id":"https:\/\/www.vivnetworks.com\/bg\/#\/schema\/logo\/image\/"}}]}},"uagb_featured_image_src":{"full":false,"thumbnail":false,"medium":false,"medium_large":false,"large":false,"1536x1536":false,"2048x2048":false},"uagb_author_info":{"display_name":"VIVnetworks.com","author_link":"https:\/\/www.vivnetworks.com\/bg\/author\/admin\/"},"uagb_comment_info":0,"uagb_excerpt":"\u0430\u0444\u0438\u043b\u0438\u0435\u0439\u0442 \u043f\u0440\u043e\u0433\u0440\u0430\u043c\u0430: \u0420\u0435\u0433\u0438\u0441\u0442\u0440\u0438\u0440\u0430\u0439 \u0441\u0435 \u0432 \u043d\u0430\u0439-\u043d\u0430\u0434\u0435\u0436\u0434\u043d\u0430\u0442\u0430 \u0430\u0444\u0438\u043b\u0438\u0435\u0439\u0442 \u043c\u0440\u0435\u0436\u0430 \u0432 \u0427\u0435\u0445\u0438\u044f! \u0418\u043c\u0430\u0448 \u0441\u0430\u0439\u0442 \u0438\u043b\u0438 \u043f\u043e\u0441\u043b\u0435\u0434\u043e\u0432\u0430\u0442\u0435\u043b\u0438 \u0432 \u0441\u043e\u0446\u0438\u0430\u043b\u043d\u0438\u0442\u0435 \u043c\u0440\u0435\u0436\u0438? \u041f\u0435\u0447\u0435\u043b\u0438 \u0441\u044a\u0441 \u0441\u0438\u0441\u0442\u0435\u043c\u0430\u0442\u0430 [&hellip;]","_links":{"self":[{"href":"https:\/\/www.vivnetworks.com\/bg\/wp-json\/wp\/v2\/pages\/6217"}],"collection":[{"href":"https:\/\/www.vivnetworks.com\/bg\/wp-json\/wp\/v2\/pages"}],"about":[{"href":"https:\/\/www.vivnetworks.com\/bg\/wp-json\/wp\/v2\/types\/page"}],"author":[{"embeddable":true,"href":"https:\/\/www.vivnetworks.com\/bg\/wp-json\/wp\/v2\/users\/3"}],"replies":[{"embeddable":true,"href":"https:\/\/www.vivnetworks.com\/bg\/wp-json\/wp\/v2\/comments?post=6217"}],"version-history":[{"count":5,"href":"https:\/\/www.vivnetworks.com\/bg\/wp-json\/wp\/v2\/pages\/6217\/revisions"}],"predecessor-version":[{"id":34400,"href":"https:\/\/www.vivnetworks.com\/bg\/wp-json\/wp\/v2\/pages\/6217\/revisions\/34400"}],"wp:attachment":[{"href":"https:\/\/www.vivnetworks.com\/bg\/wp-json\/wp\/v2\/media?parent=6217"}],"curies":[{"name":"wp","href":"https:\/\/api.w.org\/{rel}","templated":true}]}}